{"id":1113,"date":"2014-06-23T10:47:25","date_gmt":"2014-06-23T10:47:25","guid":{"rendered":"http:\/\/aeea.org\/?page_id=1113"},"modified":"2014-06-23T10:47:25","modified_gmt":"2014-06-23T10:47:25","slug":"melkart-centro-internacional-de-idiomas","status":"publish","type":"page","link":"https:\/\/aeea.org\/de\/schulen\/cadiz\/melkart-centro-internacional-de-idiomas\/","title":{"rendered":"Melkart"},"content":{"rendered":"<h1>Melkart Centro Internacional de Idiomas<\/h1>\n<p>[hr]<\/p>\n<p style=\"text-align: justify;\"><div class='one_half'>\n\t\t\t\t\t<p>Schule 1995 gegr\u00fcndet und im historischen Zentrum von C\u00e1diz gelegen. Wir legen gro\u00dfen Wert auf Qualit\u00e4t:<\/p>\n<p>&#8211; Exzellente Lehrmethode<\/p>\n<p>&#8211; Kleine Gruppen<\/p>\n<p>&#8211; H\u00f6chst qualifizierte Lehrer<\/p>\n<p>&#8211; Famili\u00e4re Atmosph\u00e4re<\/p>\n<p>&#8211; Unterk\u00fcnfte sorgf\u00e4ltig ausgew\u00e4hlt<\/p>\n<p>&#8211; Gro\u00dfe Vielfalt an au\u00dferschulischen Aktivit\u00e4ten<\/p>\n<p style=\"text-align: justify;\">\n\t\t\t\t<\/div><\/p>\n<div class='one_half et_column_last'>\n\t\t\t\t\t[callout font_size=&#8220;13px&#8220; style=&#8220;skyblue&#8220;]<img loading=\"lazy\" decoding=\"async\" class=\"alignleft size-full wp-image-494\" alt=\"pin7\" src=\"http:\/\/aeea.org\/wp-content\/uploads\/2014\/03\/pin71.png\" width=\"24\" height=\"24\" \/><a title=\"Ver en Mapa\" href=\"https:\/\/goo.gl\/maps\/XVmp8\">C\/ General Menacho, 7,\u00a011004, C\u00e1diz.<\/a><\/p>\n<p style=\"text-align: justify;\"><img loading=\"lazy\" decoding=\"async\" class=\"alignleft size-full wp-image-496\" alt=\"telephone14\" src=\"http:\/\/aeea.org\/wp-content\/uploads\/2014\/03\/telephone14.png\" width=\"24\" height=\"24\" \/>(0034) 956 222 213<\/p>\n<p style=\"text-align: justify;\"><a href=\"http:\/\/www.centromelkart.com\"><img loading=\"lazy\" decoding=\"async\" class=\"alignleft size-full wp-image-497\" alt=\"world15\" src=\"http:\/\/aeea.org\/wp-content\/uploads\/2014\/03\/world15.png\" width=\"24\" height=\"24\" \/>www.centromelkart.com<\/a><\/p>\n<p style=\"text-align: justify;\"><img loading=\"lazy\" decoding=\"async\" class=\"alignleft size-full wp-image-499\" alt=\"black218\" src=\"http:\/\/aeea.org\/wp-content\/uploads\/2014\/03\/black218.png\" width=\"24\" height=\"24\" \/><a href=\"mailto:info@centromelkart.com\">info@centromelkart.com<\/a>[\/callout]<\/p>\n\t\t\t\t<\/div><div class='clear'><\/div>\n<p>[hr]<\/p>\n<div class='one_third'>\n\t\t\t\t\t[frame style=&#8220;shadow&#8220; image_path=&#8220;http:\/\/aeea.org\/wp-content\/uploads\/2014\/03\/melkart1.jpg&#8220; link_to_page=&#8220;http:\/\/www.centromelkart.com&#8220; target=&#8220;&#8220; description=&#8220;&#8220; float=&#8220;&#8220; lightbox=&#8220;&#8220; lightbox_group=&#8220;&#8220; size=&#8220;three_col_large&#8220;]<\/p>\n\t\t\t\t<\/div>\n<div class='one_third'>\n\t\t\t\t\t[frame style=&#8220;shadow&#8220; image_path=&#8220;http:\/\/aeea.org\/wp-content\/uploads\/2014\/03\/Centro_Melkart_2.jpg&#8220; link_to_page=&#8220;&#8220; target=&#8220;&#8220; description=&#8220;&#8220; float=&#8220;&#8220; lightbox=&#8220;http:\/\/aeea.org\/wp-content\/uploads\/2014\/03\/Centro_Melkart_2.jpg&#8220; lightbox_group=&#8220;&#8220; size=&#8220;three_col_large&#8220;]<\/p>\n\t\t\t\t<\/div>\n<div class='one_third et_column_last'>\n\t\t\t\t\t[frame style=&#8220;shadow&#8220; image_path=&#8220;http:\/\/aeea.org\/wp-content\/uploads\/2014\/03\/Centro_Melkart_1.jpg&#8220; link_to_page=&#8220;&#8220; target=&#8220;&#8220; description=&#8220;&#8220; float=&#8220;&#8220; lightbox=&#8220;http:\/\/aeea.org\/wp-content\/uploads\/2014\/03\/Centro_Melkart_1.jpg&#8220; lightbox_group=&#8220;&#8220; size=&#8220;three_col_large&#8220;]<\/p>\n\t\t\t\t<\/div><div class='clear'><\/div>\n","protected":false},"excerpt":{"rendered":"<p>Melkart Centro Internacional de Idiomas [hr] [hr]<\/p>\n","protected":false},"author":6,"featured_media":0,"parent":2959,"menu_order":0,"comment_status":"open","ping_status":"open","template":"template-blank-canvas.php","meta":{"_et_pb_use_builder":"","_et_pb_old_content":"","_et_gb_content_width":"","_monsterinsights_skip_tracking":false,"_monsterinsights_sitenote_active":false,"_monsterinsights_sitenote_note":"","_monsterinsights_sitenote_category":0,"_joinchat":[],"footnotes":""},"class_list":["post-1113","page","type-page","status-publish","hentry"],"yoast_head":"<!-- This site is optimized with the Yoast SEO plugin v27.4 - https:\/\/yoast.com\/product\/yoast-seo-wordpress\/ -->\n<title>Melkart - Asociaci\u00f3n Espa\u00f1ol en Andalucia<\/title>\n<meta name=\"robots\" content=\"index, follow, max-snippet:-1, max-image-preview:large, max-video-preview:-1\" \/>\n<link rel=\"canonical\" href=\"https:\/\/aeea.org\/de\/schulen\/cadiz\/melkart-centro-internacional-de-idiomas\/\" \/>\n<meta property=\"og:locale\" content=\"de_DE\" \/>\n<meta property=\"og:type\" content=\"article\" \/>\n<meta property=\"og:title\" content=\"Melkart - Asociaci\u00f3n Espa\u00f1ol en Andalucia\" \/>\n<meta property=\"og:description\" content=\"Melkart Centro Internacional de Idiomas [hr] [hr]\" \/>\n<meta property=\"og:url\" content=\"https:\/\/aeea.org\/de\/schulen\/cadiz\/melkart-centro-internacional-de-idiomas\/\" \/>\n<meta property=\"og:site_name\" content=\"Asociaci\u00f3n Espa\u00f1ol en Andalucia\" \/>\n<meta property=\"og:image\" content=\"http:\/\/aeea.org\/wp-content\/uploads\/2014\/03\/pin71.png\" \/>\n<meta name=\"twitter:card\" content=\"summary_large_image\" \/>\n<meta name=\"twitter:label1\" content=\"Gesch\u00e4tzte Lesezeit\" \/>\n\t<meta name=\"twitter:data1\" content=\"1\u00a0Minute\" \/>\n<script type=\"application\/ld+json\" class=\"yoast-schema-graph\">{\"@context\":\"https:\\\/\\\/schema.org\",\"@graph\":[{\"@type\":\"WebPage\",\"@id\":\"https:\\\/\\\/aeea.org\\\/de\\\/schulen\\\/cadiz\\\/melkart-centro-internacional-de-idiomas\\\/\",\"url\":\"https:\\\/\\\/aeea.org\\\/de\\\/schulen\\\/cadiz\\\/melkart-centro-internacional-de-idiomas\\\/\",\"name\":\"Melkart - Asociaci\u00f3n Espa\u00f1ol en Andalucia\",\"isPartOf\":{\"@id\":\"https:\\\/\\\/aeea.org\\\/#website\"},\"primaryImageOfPage\":{\"@id\":\"https:\\\/\\\/aeea.org\\\/de\\\/schulen\\\/cadiz\\\/melkart-centro-internacional-de-idiomas\\\/#primaryimage\"},\"image\":{\"@id\":\"https:\\\/\\\/aeea.org\\\/de\\\/schulen\\\/cadiz\\\/melkart-centro-internacional-de-idiomas\\\/#primaryimage\"},\"thumbnailUrl\":\"http:\\\/\\\/aeea.org\\\/wp-content\\\/uploads\\\/2014\\\/03\\\/pin71.png\",\"datePublished\":\"2014-06-23T10:47:25+00:00\",\"breadcrumb\":{\"@id\":\"https:\\\/\\\/aeea.org\\\/de\\\/schulen\\\/cadiz\\\/melkart-centro-internacional-de-idiomas\\\/#breadcrumb\"},\"inLanguage\":\"de\",\"potentialAction\":[{\"@type\":\"ReadAction\",\"target\":[\"https:\\\/\\\/aeea.org\\\/de\\\/schulen\\\/cadiz\\\/melkart-centro-internacional-de-idiomas\\\/\"]}]},{\"@type\":\"ImageObject\",\"inLanguage\":\"de\",\"@id\":\"https:\\\/\\\/aeea.org\\\/de\\\/schulen\\\/cadiz\\\/melkart-centro-internacional-de-idiomas\\\/#primaryimage\",\"url\":\"http:\\\/\\\/aeea.org\\\/wp-content\\\/uploads\\\/2014\\\/03\\\/pin71.png\",\"contentUrl\":\"http:\\\/\\\/aeea.org\\\/wp-content\\\/uploads\\\/2014\\\/03\\\/pin71.png\"},{\"@type\":\"BreadcrumbList\",\"@id\":\"https:\\\/\\\/aeea.org\\\/de\\\/schulen\\\/cadiz\\\/melkart-centro-internacional-de-idiomas\\\/#breadcrumb\",\"itemListElement\":[{\"@type\":\"ListItem\",\"position\":1,\"name\":\"Home\",\"item\":\"https:\\\/\\\/aeea.org\\\/de\\\/\"},{\"@type\":\"ListItem\",\"position\":2,\"name\":\"Schulen\",\"item\":\"https:\\\/\\\/aeea.org\\\/de\\\/schulen\\\/\"},{\"@type\":\"ListItem\",\"position\":3,\"name\":\"C\u00e1diz\",\"item\":\"https:\\\/\\\/aeea.org\\\/de\\\/schulen\\\/cadiz\\\/\"},{\"@type\":\"ListItem\",\"position\":4,\"name\":\"Melkart\"}]},{\"@type\":\"WebSite\",\"@id\":\"https:\\\/\\\/aeea.org\\\/#website\",\"url\":\"https:\\\/\\\/aeea.org\\\/\",\"name\":\"Asociaci\u00f3n Espa\u00f1ol en Andalucia\",\"description\":\"\",\"potentialAction\":[{\"@type\":\"SearchAction\",\"target\":{\"@type\":\"EntryPoint\",\"urlTemplate\":\"https:\\\/\\\/aeea.org\\\/?s={search_term_string}\"},\"query-input\":{\"@type\":\"PropertyValueSpecification\",\"valueRequired\":true,\"valueName\":\"search_term_string\"}}],\"inLanguage\":\"de\"}]}<\/script>\n<!-- \/ Yoast SEO plugin. -->","yoast_head_json":{"title":"Melkart - Asociaci\u00f3n Espa\u00f1ol en Andalucia","robots":{"index":"index","follow":"follow","max-snippet":"max-snippet:-1","max-image-preview":"max-image-preview:large","max-video-preview":"max-video-preview:-1"},"canonical":"https:\/\/aeea.org\/de\/schulen\/cadiz\/melkart-centro-internacional-de-idiomas\/","og_locale":"de_DE","og_type":"article","og_title":"Melkart - Asociaci\u00f3n Espa\u00f1ol en Andalucia","og_description":"Melkart Centro Internacional de Idiomas [hr] [hr]","og_url":"https:\/\/aeea.org\/de\/schulen\/cadiz\/melkart-centro-internacional-de-idiomas\/","og_site_name":"Asociaci\u00f3n Espa\u00f1ol en Andalucia","og_image":[{"url":"http:\/\/aeea.org\/wp-content\/uploads\/2014\/03\/pin71.png","type":"","width":"","height":""}],"twitter_card":"summary_large_image","twitter_misc":{"Gesch\u00e4tzte Lesezeit":"1\u00a0Minute"},"schema":{"@context":"https:\/\/schema.org","@graph":[{"@type":"WebPage","@id":"https:\/\/aeea.org\/de\/schulen\/cadiz\/melkart-centro-internacional-de-idiomas\/","url":"https:\/\/aeea.org\/de\/schulen\/cadiz\/melkart-centro-internacional-de-idiomas\/","name":"Melkart - Asociaci\u00f3n Espa\u00f1ol en Andalucia","isPartOf":{"@id":"https:\/\/aeea.org\/#website"},"primaryImageOfPage":{"@id":"https:\/\/aeea.org\/de\/schulen\/cadiz\/melkart-centro-internacional-de-idiomas\/#primaryimage"},"image":{"@id":"https:\/\/aeea.org\/de\/schulen\/cadiz\/melkart-centro-internacional-de-idiomas\/#primaryimage"},"thumbnailUrl":"http:\/\/aeea.org\/wp-content\/uploads\/2014\/03\/pin71.png","datePublished":"2014-06-23T10:47:25+00:00","breadcrumb":{"@id":"https:\/\/aeea.org\/de\/schulen\/cadiz\/melkart-centro-internacional-de-idiomas\/#breadcrumb"},"inLanguage":"de","potentialAction":[{"@type":"ReadAction","target":["https:\/\/aeea.org\/de\/schulen\/cadiz\/melkart-centro-internacional-de-idiomas\/"]}]},{"@type":"ImageObject","inLanguage":"de","@id":"https:\/\/aeea.org\/de\/schulen\/cadiz\/melkart-centro-internacional-de-idiomas\/#primaryimage","url":"http:\/\/aeea.org\/wp-content\/uploads\/2014\/03\/pin71.png","contentUrl":"http:\/\/aeea.org\/wp-content\/uploads\/2014\/03\/pin71.png"},{"@type":"BreadcrumbList","@id":"https:\/\/aeea.org\/de\/schulen\/cadiz\/melkart-centro-internacional-de-idiomas\/#breadcrumb","itemListElement":[{"@type":"ListItem","position":1,"name":"Home","item":"https:\/\/aeea.org\/de\/"},{"@type":"ListItem","position":2,"name":"Schulen","item":"https:\/\/aeea.org\/de\/schulen\/"},{"@type":"ListItem","position":3,"name":"C\u00e1diz","item":"https:\/\/aeea.org\/de\/schulen\/cadiz\/"},{"@type":"ListItem","position":4,"name":"Melkart"}]},{"@type":"WebSite","@id":"https:\/\/aeea.org\/#website","url":"https:\/\/aeea.org\/","name":"Asociaci\u00f3n Espa\u00f1ol en Andalucia","description":"","potentialAction":[{"@type":"SearchAction","target":{"@type":"EntryPoint","urlTemplate":"https:\/\/aeea.org\/?s={search_term_string}"},"query-input":{"@type":"PropertyValueSpecification","valueRequired":true,"valueName":"search_term_string"}}],"inLanguage":"de"}]}},"_links":{"self":[{"href":"https:\/\/aeea.org\/de\/wp-json\/wp\/v2\/pages\/1113","targetHints":{"allow":["GET"]}}],"collection":[{"href":"https:\/\/aeea.org\/de\/wp-json\/wp\/v2\/pages"}],"about":[{"href":"https:\/\/aeea.org\/de\/wp-json\/wp\/v2\/types\/page"}],"author":[{"embeddable":true,"href":"https:\/\/aeea.org\/de\/wp-json\/wp\/v2\/users\/6"}],"replies":[{"embeddable":true,"href":"https:\/\/aeea.org\/de\/wp-json\/wp\/v2\/comments?post=1113"}],"version-history":[{"count":0,"href":"https:\/\/aeea.org\/de\/wp-json\/wp\/v2\/pages\/1113\/revisions"}],"up":[{"embeddable":true,"href":"https:\/\/aeea.org\/de\/wp-json\/wp\/v2\/pages\/2959"}],"wp:attachment":[{"href":"https:\/\/aeea.org\/de\/wp-json\/wp\/v2\/media?parent=1113"}],"curies":[{"name":"wp","href":"https:\/\/api.w.org\/{rel}","templated":true}]}}