{"id":1116,"date":"2014-06-23T10:59:07","date_gmt":"2014-06-23T10:59:07","guid":{"rendered":"http:\/\/aeea.org\/?page_id=1116"},"modified":"2018-05-17T12:00:13","modified_gmt":"2018-05-17T12:00:13","slug":"sevilla","status":"publish","type":"page","link":"https:\/\/aeea.org\/de\/interessante-reiseziele\/sevilla\/","title":{"rendered":"Sevilla (dest.)"},"content":{"rendered":"<p><iframe loading=\"lazy\" src=\"\/\/www.youtube.com\/embed\/GEW7XEtmVV0?rel=0\" width=\"960\" height=\"540\" frameborder=\"0\" allowfullscreen=\"allowfullscreen\"><\/iframe><\/p>\n<h1 style=\"text-align: justify;\">SEVILLA<\/h1>\n<p style=\"text-align: justify;\">Sevilla ist der Inbegriff der andalusischen Kultur \u2013 eine Stadt mit ganz besonderem Flair und herzlichen, gastfreundlichen Menschen.<\/p>\n<p style=\"text-align: justify;\">Die unterschiedlichsten Kulturen haben hier ihre Spuren hinterlasse. Sp\u00fcrbar ist auch das Wesen der ehemaligen Hafenstadt, war Sevilla doch im 16 Jahrhundert das Tor zur Neuen Welt und der Binnenhafen einer der wichtigsten H\u00e4fen \u00fcberhaupt.<\/p>\n<p style=\"text-align: justify;\">Der einzigartike Charakter der Stadt hat sich im Laufe der Jahrhunderte gepr\u00e4gt. Das Kernst\u00fcck Sevillas bildet eine der besterhaltenen historischen Altst\u00e4dte Europas,\u00a0 und \u00faberall trifft mana uf kunsthistorische Sch\u00e4tze. Die Kathedrale, das gr\u00f6sste christliche Gotteshaus im gothischen Stil geh\u00f6rt zum Weltkulturerbe, ebenso wie die Palastanlagen Reales Alc\u00e1zares im Mudejarstil und das Archivo General de Indias, dem Archiv \u00fcber die Entdeckung und Eroberung der Neuen Welt.<\/p>\n<p style=\"text-align: justify;\">Sevilla ist zum einen eine ruhige Stadt, deren enge Gassen zum Schlendern einladen \u2013 herrliche Garten- und Parkanlagen zum Verweilen. Geniessen Sie den Anblick der vielen beeindruckenden Bauwerke, oder die erfrischende K\u00fchle am Ufer des jahrtausende alten Flusses Guadalquivir.<\/p>\n<p style=\"text-align: justify;\">Zum anderen steht Sevilla aber f\u00fcr Feste und Feiern \u2013 die spr\u00fchende Lebensfreude der Sevillaner kommt beim Volksfest Feria de Abril und den feierlichen Prozessionen zur Karwoche Semana Santa zum Ausdruck. Alle zwei Jahre wird in Sevilla das renommierte Flamencofestival Bienal de Flamenco ausgerichtet.<\/p>\n<p style=\"text-align: justify;\">Geniessen Sie die exquisite, heimische K\u00fcche, probieren Sie eine k\u00f6stliche Tapa in einem der vielen Lokale, Tapasbars oder Restaurants\u00a0 &#8211; dank des angenehmen Klimas kann man meist gem\u00fctlich im Freien sitzen.<\/p>\n<p style=\"text-align: justify;\">Sevilla bietet auch ein vielseitiges Unterhaltungs \u2013 und Kulturangebot.<\/p>\n<p style=\"text-align: justify;\">Die drei hiesigen Universit\u00e4ten sind Universidad de Sevilla, Universidad Pablo de Olavide and Universidad Internacional de Andaluc\u00eda.<\/p>\n<p style=\"text-align: justify;\">Die Stadt Sevilla pflegt die Sch\u00e4tze der Vergangenheit, lebt in der Gegenwart und ist der Zukunft gegen\u00fcber offen. Sie ist eine St\u00e4tte der Begegnung, Toleranz und friedlichen Zusammenlebens und somit der ideale Ort f\u00fcr Ihren Sprachaufenthalt.<\/p>\n<h2>Schulen in Sevilla<\/h2>\n<p><div class='one_half'>\n\t\t\t\t\t\n\t\t\t\t<\/div><br \/>\n<a href=\"https:\/\/aeea.org\/de\/schulen\/sevilla\/clic-international-house-4\/\">Clic International House<\/a><\/p>\n<p><a href=\"https:\/\/aeea.org\/de\/schulen\/sevilla\/enforex-sevilla-2\/\">Enforex Sevilla<\/a><\/p>\n<p><a href=\"http:\/\/aeea.org\/escuelas\/sevilla\/eusa\/\">Escuela de Espa\u00f1ol Activo<\/a><\/p>\n<p><a href=\"https:\/\/aeea.org\/de\/schulen\/sevilla\/giralda-center-2\/\">Giralda Center<\/a><\/p>\n","protected":false},"excerpt":{"rendered":"<p>SEVILLA Sevilla ist der Inbegriff der andalusischen Kultur \u2013 eine Stadt mit ganz besonderem Flair und herzlichen, gastfreundlichen Menschen. Die unterschiedlichsten Kulturen haben hier ihre Spuren hinterlasse. Sp\u00fcrbar ist auch das Wesen der ehemaligen Hafenstadt, war Sevilla doch im 16 Jahrhundert das Tor zur Neuen Welt und der Binnenhafen einer der wichtigsten H\u00e4fen \u00fcberhaupt. Der [&hellip;]<\/p>\n","protected":false},"author":6,"featured_media":0,"parent":1130,"menu_order":0,"comment_status":"closed","ping_status":"closed","template":"","meta":{"_et_pb_use_builder":"","_et_pb_old_content":"","_et_gb_content_width":"","_monsterinsights_skip_tracking":false,"_monsterinsights_sitenote_active":false,"_monsterinsights_sitenote_note":"","_monsterinsights_sitenote_category":0,"_joinchat":[],"footnotes":""},"class_list":["post-1116","page","type-page","status-publish","hentry"],"yoast_head":"<!-- This site is optimized with the Yoast SEO plugin v27.4 - https:\/\/yoast.com\/product\/yoast-seo-wordpress\/ -->\n<title>Sevilla (dest.) - Asociaci\u00f3n Espa\u00f1ol en Andalucia<\/title>\n<meta name=\"robots\" content=\"index, follow, max-snippet:-1, max-image-preview:large, max-video-preview:-1\" \/>\n<link rel=\"canonical\" href=\"https:\/\/aeea.org\/de\/interessante-reiseziele\/sevilla\/\" \/>\n<meta property=\"og:locale\" content=\"de_DE\" \/>\n<meta property=\"og:type\" content=\"article\" \/>\n<meta property=\"og:title\" content=\"Sevilla (dest.) - Asociaci\u00f3n Espa\u00f1ol en Andalucia\" \/>\n<meta property=\"og:description\" content=\"SEVILLA Sevilla ist der Inbegriff der andalusischen Kultur \u2013 eine Stadt mit ganz besonderem Flair und herzlichen, gastfreundlichen Menschen. Die unterschiedlichsten Kulturen haben hier ihre Spuren hinterlasse. Sp\u00fcrbar ist auch das Wesen der ehemaligen Hafenstadt, war Sevilla doch im 16 Jahrhundert das Tor zur Neuen Welt und der Binnenhafen einer der wichtigsten H\u00e4fen \u00fcberhaupt. Der [&hellip;]\" \/>\n<meta property=\"og:url\" content=\"https:\/\/aeea.org\/de\/interessante-reiseziele\/sevilla\/\" \/>\n<meta property=\"og:site_name\" content=\"Asociaci\u00f3n Espa\u00f1ol en Andalucia\" \/>\n<meta property=\"article:modified_time\" content=\"2018-05-17T12:00:13+00:00\" \/>\n<meta name=\"twitter:card\" content=\"summary_large_image\" \/>\n<meta name=\"twitter:label1\" content=\"Gesch\u00e4tzte Lesezeit\" \/>\n\t<meta name=\"twitter:data1\" content=\"2\u00a0Minuten\" \/>\n<script type=\"application\/ld+json\" class=\"yoast-schema-graph\">{\"@context\":\"https:\\\/\\\/schema.org\",\"@graph\":[{\"@type\":\"WebPage\",\"@id\":\"https:\\\/\\\/aeea.org\\\/de\\\/interessante-reiseziele\\\/sevilla\\\/\",\"url\":\"https:\\\/\\\/aeea.org\\\/de\\\/interessante-reiseziele\\\/sevilla\\\/\",\"name\":\"Sevilla (dest.) - Asociaci\u00f3n Espa\u00f1ol en Andalucia\",\"isPartOf\":{\"@id\":\"https:\\\/\\\/aeea.org\\\/#website\"},\"datePublished\":\"2014-06-23T10:59:07+00:00\",\"dateModified\":\"2018-05-17T12:00:13+00:00\",\"breadcrumb\":{\"@id\":\"https:\\\/\\\/aeea.org\\\/de\\\/interessante-reiseziele\\\/sevilla\\\/#breadcrumb\"},\"inLanguage\":\"de\",\"potentialAction\":[{\"@type\":\"ReadAction\",\"target\":[\"https:\\\/\\\/aeea.org\\\/de\\\/interessante-reiseziele\\\/sevilla\\\/\"]}]},{\"@type\":\"BreadcrumbList\",\"@id\":\"https:\\\/\\\/aeea.org\\\/de\\\/interessante-reiseziele\\\/sevilla\\\/#breadcrumb\",\"itemListElement\":[{\"@type\":\"ListItem\",\"position\":1,\"name\":\"Home\",\"item\":\"https:\\\/\\\/aeea.org\\\/de\\\/\"},{\"@type\":\"ListItem\",\"position\":2,\"name\":\"Interessante Reiseziele\",\"item\":\"https:\\\/\\\/aeea.org\\\/de\\\/interessante-reiseziele\\\/\"},{\"@type\":\"ListItem\",\"position\":3,\"name\":\"Sevilla (dest.)\"}]},{\"@type\":\"WebSite\",\"@id\":\"https:\\\/\\\/aeea.org\\\/#website\",\"url\":\"https:\\\/\\\/aeea.org\\\/\",\"name\":\"Asociaci\u00f3n Espa\u00f1ol en Andalucia\",\"description\":\"\",\"potentialAction\":[{\"@type\":\"SearchAction\",\"target\":{\"@type\":\"EntryPoint\",\"urlTemplate\":\"https:\\\/\\\/aeea.org\\\/?s={search_term_string}\"},\"query-input\":{\"@type\":\"PropertyValueSpecification\",\"valueRequired\":true,\"valueName\":\"search_term_string\"}}],\"inLanguage\":\"de\"}]}<\/script>\n<!-- \/ Yoast SEO plugin. -->","yoast_head_json":{"title":"Sevilla (dest.) - Asociaci\u00f3n Espa\u00f1ol en Andalucia","robots":{"index":"index","follow":"follow","max-snippet":"max-snippet:-1","max-image-preview":"max-image-preview:large","max-video-preview":"max-video-preview:-1"},"canonical":"https:\/\/aeea.org\/de\/interessante-reiseziele\/sevilla\/","og_locale":"de_DE","og_type":"article","og_title":"Sevilla (dest.) - Asociaci\u00f3n Espa\u00f1ol en Andalucia","og_description":"SEVILLA Sevilla ist der Inbegriff der andalusischen Kultur \u2013 eine Stadt mit ganz besonderem Flair und herzlichen, gastfreundlichen Menschen. Die unterschiedlichsten Kulturen haben hier ihre Spuren hinterlasse. Sp\u00fcrbar ist auch das Wesen der ehemaligen Hafenstadt, war Sevilla doch im 16 Jahrhundert das Tor zur Neuen Welt und der Binnenhafen einer der wichtigsten H\u00e4fen \u00fcberhaupt. Der [&hellip;]","og_url":"https:\/\/aeea.org\/de\/interessante-reiseziele\/sevilla\/","og_site_name":"Asociaci\u00f3n Espa\u00f1ol en Andalucia","article_modified_time":"2018-05-17T12:00:13+00:00","twitter_card":"summary_large_image","twitter_misc":{"Gesch\u00e4tzte Lesezeit":"2\u00a0Minuten"},"schema":{"@context":"https:\/\/schema.org","@graph":[{"@type":"WebPage","@id":"https:\/\/aeea.org\/de\/interessante-reiseziele\/sevilla\/","url":"https:\/\/aeea.org\/de\/interessante-reiseziele\/sevilla\/","name":"Sevilla (dest.) - Asociaci\u00f3n Espa\u00f1ol en Andalucia","isPartOf":{"@id":"https:\/\/aeea.org\/#website"},"datePublished":"2014-06-23T10:59:07+00:00","dateModified":"2018-05-17T12:00:13+00:00","breadcrumb":{"@id":"https:\/\/aeea.org\/de\/interessante-reiseziele\/sevilla\/#breadcrumb"},"inLanguage":"de","potentialAction":[{"@type":"ReadAction","target":["https:\/\/aeea.org\/de\/interessante-reiseziele\/sevilla\/"]}]},{"@type":"BreadcrumbList","@id":"https:\/\/aeea.org\/de\/interessante-reiseziele\/sevilla\/#breadcrumb","itemListElement":[{"@type":"ListItem","position":1,"name":"Home","item":"https:\/\/aeea.org\/de\/"},{"@type":"ListItem","position":2,"name":"Interessante Reiseziele","item":"https:\/\/aeea.org\/de\/interessante-reiseziele\/"},{"@type":"ListItem","position":3,"name":"Sevilla (dest.)"}]},{"@type":"WebSite","@id":"https:\/\/aeea.org\/#website","url":"https:\/\/aeea.org\/","name":"Asociaci\u00f3n Espa\u00f1ol en Andalucia","description":"","potentialAction":[{"@type":"SearchAction","target":{"@type":"EntryPoint","urlTemplate":"https:\/\/aeea.org\/?s={search_term_string}"},"query-input":{"@type":"PropertyValueSpecification","valueRequired":true,"valueName":"search_term_string"}}],"inLanguage":"de"}]}},"_links":{"self":[{"href":"https:\/\/aeea.org\/de\/wp-json\/wp\/v2\/pages\/1116","targetHints":{"allow":["GET"]}}],"collection":[{"href":"https:\/\/aeea.org\/de\/wp-json\/wp\/v2\/pages"}],"about":[{"href":"https:\/\/aeea.org\/de\/wp-json\/wp\/v2\/types\/page"}],"author":[{"embeddable":true,"href":"https:\/\/aeea.org\/de\/wp-json\/wp\/v2\/users\/6"}],"replies":[{"embeddable":true,"href":"https:\/\/aeea.org\/de\/wp-json\/wp\/v2\/comments?post=1116"}],"version-history":[{"count":2,"href":"https:\/\/aeea.org\/de\/wp-json\/wp\/v2\/pages\/1116\/revisions"}],"predecessor-version":[{"id":4262,"href":"https:\/\/aeea.org\/de\/wp-json\/wp\/v2\/pages\/1116\/revisions\/4262"}],"up":[{"embeddable":true,"href":"https:\/\/aeea.org\/de\/wp-json\/wp\/v2\/pages\/1130"}],"wp:attachment":[{"href":"https:\/\/aeea.org\/de\/wp-json\/wp\/v2\/media?parent=1116"}],"curies":[{"name":"wp","href":"https:\/\/api.w.org\/{rel}","templated":true}]}}