{"id":1130,"date":"2014-06-23T11:12:51","date_gmt":"2014-06-23T11:12:51","guid":{"rendered":"http:\/\/aeea.org\/?page_id=1130"},"modified":"2014-06-23T11:12:51","modified_gmt":"2014-06-23T11:12:51","slug":"interessante-reiseziele","status":"publish","type":"page","link":"https:\/\/aeea.org\/de\/interessante-reiseziele\/","title":{"rendered":"Interessante Reiseziele"},"content":{"rendered":"<div class='one_half'>\n\t\t\t\t\t[frame style=&#8220;shadow&#8220; image_path=&#8220;http:\/\/aeea.org\/wp-content\/uploads\/2014\/03\/cadiz-ok.jpg&#8220; link_to_page=&#8220;\u00a0https:\/\/aeea.org\/de\/interessante-reiseziele\/cadiz&#8220; target=&#8220;self&#8220; description=&#8220;cadiz&#8220; float=&#8220;&#8220; lightbox=&#8220;&#8220; lightbox_group=&#8220;&#8220; size=&#8220;two_col_large&#8220;]<\/p>\n\t\t\t\t<\/div>\n<div class='one_half et_column_last'>\n\t\t\t\t\t[frame style=&#8220;shadow&#8220; image_path=&#8220;http:\/\/aeea.org\/wp-content\/uploads\/2014\/03\/granada-ok.jpg&#8220; link_to_page=&#8220;https:\/\/aeea.org\/de\/interessante-reiseziele\/granada&#8220; target=&#8220;&#8220; description=&#8220;&#8220; float=&#8220;&#8220; lightbox=&#8220;&#8220; lightbox_group=&#8220;&#8220; size=&#8220;two_col_large&#8220;]<\/p>\n\t\t\t\t<\/div><div class='clear'><\/div>\n<div class='one_half'>\n\t\t\t\t\t[frame style=&#8220;shadow&#8220; image_path=&#8220;http:\/\/aeea.org\/wp-content\/uploads\/2014\/03\/malaga-ok.jpg&#8220; link_to_page=&#8220;https:\/\/aeea.org\/de\/interessante-reiseziele\/malaga&#8220; target=&#8220;&#8220; description=&#8220;&#8220; float=&#8220;&#8220; lightbox=&#8220;&#8220; lightbox_group=&#8220;&#8220; size=&#8220;two_col_large&#8220;]<\/p>\n\t\t\t\t<\/div>\n<div class='one_half et_column_last'>\n\t\t\t\t\t[frame style=&#8220;shadow&#8220; image_path=&#8220;http:\/\/aeea.org\/wp-content\/uploads\/2014\/03\/sevilla-ok.jpg&#8220; link_to_page=&#8220;https:\/\/aeea.org\/de\/interessante-reiseziele\/sevilla&#8220; target=&#8220;&#8220; description=&#8220;&#8220; float=&#8220;&#8220; lightbox=&#8220;&#8220; lightbox_group=&#8220;&#8220; size=&#8220;two_col_large&#8220;]<\/p>\n\t\t\t\t<\/div><div class='clear'><\/div>\n","protected":false},"excerpt":{"rendered":"","protected":false},"author":6,"featured_media":0,"parent":0,"menu_order":0,"comment_status":"closed","ping_status":"closed","template":"","meta":{"_et_pb_use_builder":"","_et_pb_old_content":"","_et_gb_content_width":"","_monsterinsights_skip_tracking":false,"_monsterinsights_sitenote_active":false,"_monsterinsights_sitenote_note":"","_monsterinsights_sitenote_category":0,"_joinchat":[],"footnotes":""},"class_list":["post-1130","page","type-page","status-publish","hentry"],"yoast_head":"<!-- This site is optimized with the Yoast SEO plugin v27.4 - https:\/\/yoast.com\/product\/yoast-seo-wordpress\/ -->\n<title>Interessante Reiseziele - Asociaci\u00f3n Espa\u00f1ol en Andalucia<\/title>\n<meta name=\"robots\" content=\"index, follow, max-snippet:-1, max-image-preview:large, max-video-preview:-1\" \/>\n<link rel=\"canonical\" href=\"https:\/\/aeea.org\/de\/interessante-reiseziele\/\" \/>\n<meta property=\"og:locale\" content=\"de_DE\" \/>\n<meta property=\"og:type\" content=\"article\" \/>\n<meta property=\"og:title\" content=\"Interessante Reiseziele - Asociaci\u00f3n Espa\u00f1ol en Andalucia\" \/>\n<meta property=\"og:url\" content=\"https:\/\/aeea.org\/de\/interessante-reiseziele\/\" \/>\n<meta property=\"og:site_name\" content=\"Asociaci\u00f3n Espa\u00f1ol en Andalucia\" \/>\n<meta name=\"twitter:card\" content=\"summary_large_image\" \/>\n<meta name=\"twitter:label1\" content=\"Gesch\u00e4tzte Lesezeit\" \/>\n\t<meta name=\"twitter:data1\" content=\"1\u00a0Minute\" \/>\n<script type=\"application\/ld+json\" class=\"yoast-schema-graph\">{\"@context\":\"https:\\\/\\\/schema.org\",\"@graph\":[{\"@type\":\"WebPage\",\"@id\":\"https:\\\/\\\/aeea.org\\\/de\\\/interessante-reiseziele\\\/\",\"url\":\"https:\\\/\\\/aeea.org\\\/de\\\/interessante-reiseziele\\\/\",\"name\":\"Interessante Reiseziele - Asociaci\u00f3n Espa\u00f1ol en Andalucia\",\"isPartOf\":{\"@id\":\"https:\\\/\\\/aeea.org\\\/#website\"},\"datePublished\":\"2014-06-23T11:12:51+00:00\",\"breadcrumb\":{\"@id\":\"https:\\\/\\\/aeea.org\\\/de\\\/interessante-reiseziele\\\/#breadcrumb\"},\"inLanguage\":\"de\",\"potentialAction\":[{\"@type\":\"ReadAction\",\"target\":[\"https:\\\/\\\/aeea.org\\\/de\\\/interessante-reiseziele\\\/\"]}]},{\"@type\":\"BreadcrumbList\",\"@id\":\"https:\\\/\\\/aeea.org\\\/de\\\/interessante-reiseziele\\\/#breadcrumb\",\"itemListElement\":[{\"@type\":\"ListItem\",\"position\":1,\"name\":\"Home\",\"item\":\"https:\\\/\\\/aeea.org\\\/de\\\/\"},{\"@type\":\"ListItem\",\"position\":2,\"name\":\"Interessante Reiseziele\"}]},{\"@type\":\"WebSite\",\"@id\":\"https:\\\/\\\/aeea.org\\\/#website\",\"url\":\"https:\\\/\\\/aeea.org\\\/\",\"name\":\"Asociaci\u00f3n Espa\u00f1ol en Andalucia\",\"description\":\"\",\"potentialAction\":[{\"@type\":\"SearchAction\",\"target\":{\"@type\":\"EntryPoint\",\"urlTemplate\":\"https:\\\/\\\/aeea.org\\\/?s={search_term_string}\"},\"query-input\":{\"@type\":\"PropertyValueSpecification\",\"valueRequired\":true,\"valueName\":\"search_term_string\"}}],\"inLanguage\":\"de\"}]}<\/script>\n<!-- \/ Yoast SEO plugin. -->","yoast_head_json":{"title":"Interessante Reiseziele - Asociaci\u00f3n Espa\u00f1ol en Andalucia","robots":{"index":"index","follow":"follow","max-snippet":"max-snippet:-1","max-image-preview":"max-image-preview:large","max-video-preview":"max-video-preview:-1"},"canonical":"https:\/\/aeea.org\/de\/interessante-reiseziele\/","og_locale":"de_DE","og_type":"article","og_title":"Interessante Reiseziele - Asociaci\u00f3n Espa\u00f1ol en Andalucia","og_url":"https:\/\/aeea.org\/de\/interessante-reiseziele\/","og_site_name":"Asociaci\u00f3n Espa\u00f1ol en Andalucia","twitter_card":"summary_large_image","twitter_misc":{"Gesch\u00e4tzte Lesezeit":"1\u00a0Minute"},"schema":{"@context":"https:\/\/schema.org","@graph":[{"@type":"WebPage","@id":"https:\/\/aeea.org\/de\/interessante-reiseziele\/","url":"https:\/\/aeea.org\/de\/interessante-reiseziele\/","name":"Interessante Reiseziele - Asociaci\u00f3n Espa\u00f1ol en Andalucia","isPartOf":{"@id":"https:\/\/aeea.org\/#website"},"datePublished":"2014-06-23T11:12:51+00:00","breadcrumb":{"@id":"https:\/\/aeea.org\/de\/interessante-reiseziele\/#breadcrumb"},"inLanguage":"de","potentialAction":[{"@type":"ReadAction","target":["https:\/\/aeea.org\/de\/interessante-reiseziele\/"]}]},{"@type":"BreadcrumbList","@id":"https:\/\/aeea.org\/de\/interessante-reiseziele\/#breadcrumb","itemListElement":[{"@type":"ListItem","position":1,"name":"Home","item":"https:\/\/aeea.org\/de\/"},{"@type":"ListItem","position":2,"name":"Interessante Reiseziele"}]},{"@type":"WebSite","@id":"https:\/\/aeea.org\/#website","url":"https:\/\/aeea.org\/","name":"Asociaci\u00f3n Espa\u00f1ol en Andalucia","description":"","potentialAction":[{"@type":"SearchAction","target":{"@type":"EntryPoint","urlTemplate":"https:\/\/aeea.org\/?s={search_term_string}"},"query-input":{"@type":"PropertyValueSpecification","valueRequired":true,"valueName":"search_term_string"}}],"inLanguage":"de"}]}},"_links":{"self":[{"href":"https:\/\/aeea.org\/de\/wp-json\/wp\/v2\/pages\/1130","targetHints":{"allow":["GET"]}}],"collection":[{"href":"https:\/\/aeea.org\/de\/wp-json\/wp\/v2\/pages"}],"about":[{"href":"https:\/\/aeea.org\/de\/wp-json\/wp\/v2\/types\/page"}],"author":[{"embeddable":true,"href":"https:\/\/aeea.org\/de\/wp-json\/wp\/v2\/users\/6"}],"replies":[{"embeddable":true,"href":"https:\/\/aeea.org\/de\/wp-json\/wp\/v2\/comments?post=1130"}],"version-history":[{"count":0,"href":"https:\/\/aeea.org\/de\/wp-json\/wp\/v2\/pages\/1130\/revisions"}],"wp:attachment":[{"href":"https:\/\/aeea.org\/de\/wp-json\/wp\/v2\/media?parent=1130"}],"curies":[{"name":"wp","href":"https:\/\/api.w.org\/{rel}","templated":true}]}}