{"id":1225,"date":"2014-06-24T15:43:57","date_gmt":"2014-06-24T15:43:57","guid":{"rendered":"http:\/\/aeea.org\/?page_id=1225"},"modified":"2015-06-14T16:47:28","modified_gmt":"2015-06-14T16:47:28","slug":"malaga","status":"publish","type":"page","link":"https:\/\/aeea.org\/de\/schulen\/malaga\/","title":{"rendered":"Malaga (dest.)"},"content":{"rendered":"<p><iframe loading=\"lazy\" src=\"\/\/www.youtube-nocookie.com\/embed\/TwSXXe_9Qok\" width=\"960\" height=\"540\" frameborder=\"0\" allowfullscreen=\"allowfullscreen\"><\/iframe><\/p>\n<h1 style=\"text-align: justify;\">M\u00c1LAGA<\/h1>\n<p style=\"text-align: justify;\">Die Stadt Malaga befindet sich in einem einmalig sch\u00f6nen Naturgebiet. Das Mittelmeer umsp\u00fclt die K\u00fcste, die Bergkette Montes de Malaga schirmt die Stadt wie ein Schutzwall vom k\u00fchleren Klima des Landesinneren ab. Zur w\u00e4rmsten Jahreszeit, in den Monaten Juli und August herrscht hier eine Durchschnittstemperatur von 26 Grad und zur k\u00e4ltesten Jahreszeit, im Dezember und Januar sinkt das Termometer nicht unter 15\u00ba Durchschnittstemperatur. \u00dcber das ganze Jahr verteilt z\u00e4hlt Malaga etwa 2830 Sonnenstunden. Die Str\u00e4nde grenzen unmittelbar an die Stadt, die Vorteile f\u00fcr Service und Attraktivit\u00e4t liegen auf der Hand. Malaga ist sehr gut zu erreichen, der internationale Flughafen liegt nur 14 km ausserhalb des Zentrums. Ein modernes, gut ausgebautes Strassennetz verbindet Malaga mit anderen andalusischen St\u00e4dten wie Granada, Sevilla, Cordoba und Cadiz.<\/p>\n<p style=\"text-align: justify;\">Malaga ist eine moderne Stadt mit einem interessanten Kulturangebot. Unter den Museen seinen besonders das Picasso-Museum und das Carmen-Thyssen-Museum genannt. In Malaga gibt es f\u00fcnf Theater, mehrere Konzerthallen und Ausstellungszentren und nicht zu vergessen die Einkaufsm\u00f6glichkeiten. Das Zentrum der Stadt bietet reichlich M\u00f6glichkeiten f\u00fcr ausgedehnte Einkaufsbummel. F\u00fcr den Gaumen bietet die hiesige K\u00fcche K\u00f6stlichkeiten mit fangfrischem Fisch und Gem\u00fcse aus der Region, die in den vielen Tapasbars, Strandlokalen und Restaurants angeboten werden.<\/p>\n<p style=\"text-align: justify;\">Die Provinz Malaga ist f\u00fcr viele St\u00e4dte und D\u00f6rfer an der Mittelmeerk\u00fcste bekannt, wie etwa Marbella, Nerja, Torremolinos und Benalmadena. Auch die weissen D\u00f6rfer im Landesinneren geh\u00f6ren dazu, wie zum Beispiel Ronda, wegen seiner historischen Altstadt einer der meistbesuchen Orte Spaniens.<\/p>\n<p style=\"text-align: justify;\">F\u00fcr Spanischlernen und Spass, Sonne, Strand und ein grossartiges Kulturangebot ist Malaga die ideale Wahl.<\/p>\n","protected":false},"excerpt":{"rendered":"<p>M\u00c1LAGA Die Stadt Malaga befindet sich in einem einmalig sch\u00f6nen Naturgebiet. Das Mittelmeer umsp\u00fclt die K\u00fcste, die Bergkette Montes de Malaga schirmt die Stadt wie ein Schutzwall vom k\u00fchleren Klima des Landesinneren ab. Zur w\u00e4rmsten Jahreszeit, in den Monaten Juli und August herrscht hier eine Durchschnittstemperatur von 26 Grad und zur k\u00e4ltesten Jahreszeit, im Dezember [&hellip;]<\/p>\n","protected":false},"author":6,"featured_media":0,"parent":1132,"menu_order":0,"comment_status":"closed","ping_status":"closed","template":"","meta":{"_et_pb_use_builder":"","_et_pb_old_content":"","_et_gb_content_width":"","_monsterinsights_skip_tracking":false,"_monsterinsights_sitenote_active":false,"_monsterinsights_sitenote_note":"","_monsterinsights_sitenote_category":0,"_joinchat":[],"footnotes":""},"class_list":["post-1225","page","type-page","status-publish","hentry"],"yoast_head":"<!-- This site is optimized with the Yoast SEO plugin v27.4 - https:\/\/yoast.com\/product\/yoast-seo-wordpress\/ -->\n<title>Malaga (dest.) - Asociaci\u00f3n Espa\u00f1ol en Andalucia<\/title>\n<meta name=\"robots\" content=\"index, follow, max-snippet:-1, max-image-preview:large, max-video-preview:-1\" \/>\n<link rel=\"canonical\" href=\"https:\/\/aeea.org\/de\/schulen\/malaga\/\" \/>\n<meta property=\"og:locale\" content=\"de_DE\" \/>\n<meta property=\"og:type\" content=\"article\" \/>\n<meta property=\"og:title\" content=\"Malaga (dest.) - Asociaci\u00f3n Espa\u00f1ol en Andalucia\" \/>\n<meta property=\"og:description\" content=\"M\u00c1LAGA Die Stadt Malaga befindet sich in einem einmalig sch\u00f6nen Naturgebiet. Das Mittelmeer umsp\u00fclt die K\u00fcste, die Bergkette Montes de Malaga schirmt die Stadt wie ein Schutzwall vom k\u00fchleren Klima des Landesinneren ab. Zur w\u00e4rmsten Jahreszeit, in den Monaten Juli und August herrscht hier eine Durchschnittstemperatur von 26 Grad und zur k\u00e4ltesten Jahreszeit, im Dezember [&hellip;]\" \/>\n<meta property=\"og:url\" content=\"https:\/\/aeea.org\/de\/schulen\/malaga\/\" \/>\n<meta property=\"og:site_name\" content=\"Asociaci\u00f3n Espa\u00f1ol en Andalucia\" \/>\n<meta property=\"article:modified_time\" content=\"2015-06-14T16:47:28+00:00\" \/>\n<meta name=\"twitter:card\" content=\"summary_large_image\" \/>\n<meta name=\"twitter:label1\" content=\"Gesch\u00e4tzte Lesezeit\" \/>\n\t<meta name=\"twitter:data1\" content=\"1\u00a0Minute\" \/>\n<script type=\"application\/ld+json\" class=\"yoast-schema-graph\">{\"@context\":\"https:\\\/\\\/schema.org\",\"@graph\":[{\"@type\":\"WebPage\",\"@id\":\"https:\\\/\\\/aeea.org\\\/de\\\/schulen\\\/malaga\\\/\",\"url\":\"https:\\\/\\\/aeea.org\\\/de\\\/schulen\\\/malaga\\\/\",\"name\":\"Malaga (dest.) - Asociaci\u00f3n Espa\u00f1ol en Andalucia\",\"isPartOf\":{\"@id\":\"https:\\\/\\\/aeea.org\\\/#website\"},\"datePublished\":\"2014-06-24T15:43:57+00:00\",\"dateModified\":\"2015-06-14T16:47:28+00:00\",\"breadcrumb\":{\"@id\":\"https:\\\/\\\/aeea.org\\\/de\\\/schulen\\\/malaga\\\/#breadcrumb\"},\"inLanguage\":\"de\",\"potentialAction\":[{\"@type\":\"ReadAction\",\"target\":[\"https:\\\/\\\/aeea.org\\\/de\\\/schulen\\\/malaga\\\/\"]}]},{\"@type\":\"BreadcrumbList\",\"@id\":\"https:\\\/\\\/aeea.org\\\/de\\\/schulen\\\/malaga\\\/#breadcrumb\",\"itemListElement\":[{\"@type\":\"ListItem\",\"position\":1,\"name\":\"Home\",\"item\":\"https:\\\/\\\/aeea.org\\\/de\\\/\"},{\"@type\":\"ListItem\",\"position\":2,\"name\":\"Schulen\",\"item\":\"https:\\\/\\\/aeea.org\\\/de\\\/schulen\\\/\"},{\"@type\":\"ListItem\",\"position\":3,\"name\":\"Malaga (dest.)\"}]},{\"@type\":\"WebSite\",\"@id\":\"https:\\\/\\\/aeea.org\\\/#website\",\"url\":\"https:\\\/\\\/aeea.org\\\/\",\"name\":\"Asociaci\u00f3n Espa\u00f1ol en Andalucia\",\"description\":\"\",\"potentialAction\":[{\"@type\":\"SearchAction\",\"target\":{\"@type\":\"EntryPoint\",\"urlTemplate\":\"https:\\\/\\\/aeea.org\\\/?s={search_term_string}\"},\"query-input\":{\"@type\":\"PropertyValueSpecification\",\"valueRequired\":true,\"valueName\":\"search_term_string\"}}],\"inLanguage\":\"de\"}]}<\/script>\n<!-- \/ Yoast SEO plugin. -->","yoast_head_json":{"title":"Malaga (dest.) - Asociaci\u00f3n Espa\u00f1ol en Andalucia","robots":{"index":"index","follow":"follow","max-snippet":"max-snippet:-1","max-image-preview":"max-image-preview:large","max-video-preview":"max-video-preview:-1"},"canonical":"https:\/\/aeea.org\/de\/schulen\/malaga\/","og_locale":"de_DE","og_type":"article","og_title":"Malaga (dest.) - Asociaci\u00f3n Espa\u00f1ol en Andalucia","og_description":"M\u00c1LAGA Die Stadt Malaga befindet sich in einem einmalig sch\u00f6nen Naturgebiet. Das Mittelmeer umsp\u00fclt die K\u00fcste, die Bergkette Montes de Malaga schirmt die Stadt wie ein Schutzwall vom k\u00fchleren Klima des Landesinneren ab. Zur w\u00e4rmsten Jahreszeit, in den Monaten Juli und August herrscht hier eine Durchschnittstemperatur von 26 Grad und zur k\u00e4ltesten Jahreszeit, im Dezember [&hellip;]","og_url":"https:\/\/aeea.org\/de\/schulen\/malaga\/","og_site_name":"Asociaci\u00f3n Espa\u00f1ol en Andalucia","article_modified_time":"2015-06-14T16:47:28+00:00","twitter_card":"summary_large_image","twitter_misc":{"Gesch\u00e4tzte Lesezeit":"1\u00a0Minute"},"schema":{"@context":"https:\/\/schema.org","@graph":[{"@type":"WebPage","@id":"https:\/\/aeea.org\/de\/schulen\/malaga\/","url":"https:\/\/aeea.org\/de\/schulen\/malaga\/","name":"Malaga (dest.) - Asociaci\u00f3n Espa\u00f1ol en Andalucia","isPartOf":{"@id":"https:\/\/aeea.org\/#website"},"datePublished":"2014-06-24T15:43:57+00:00","dateModified":"2015-06-14T16:47:28+00:00","breadcrumb":{"@id":"https:\/\/aeea.org\/de\/schulen\/malaga\/#breadcrumb"},"inLanguage":"de","potentialAction":[{"@type":"ReadAction","target":["https:\/\/aeea.org\/de\/schulen\/malaga\/"]}]},{"@type":"BreadcrumbList","@id":"https:\/\/aeea.org\/de\/schulen\/malaga\/#breadcrumb","itemListElement":[{"@type":"ListItem","position":1,"name":"Home","item":"https:\/\/aeea.org\/de\/"},{"@type":"ListItem","position":2,"name":"Schulen","item":"https:\/\/aeea.org\/de\/schulen\/"},{"@type":"ListItem","position":3,"name":"Malaga (dest.)"}]},{"@type":"WebSite","@id":"https:\/\/aeea.org\/#website","url":"https:\/\/aeea.org\/","name":"Asociaci\u00f3n Espa\u00f1ol en Andalucia","description":"","potentialAction":[{"@type":"SearchAction","target":{"@type":"EntryPoint","urlTemplate":"https:\/\/aeea.org\/?s={search_term_string}"},"query-input":{"@type":"PropertyValueSpecification","valueRequired":true,"valueName":"search_term_string"}}],"inLanguage":"de"}]}},"_links":{"self":[{"href":"https:\/\/aeea.org\/de\/wp-json\/wp\/v2\/pages\/1225","targetHints":{"allow":["GET"]}}],"collection":[{"href":"https:\/\/aeea.org\/de\/wp-json\/wp\/v2\/pages"}],"about":[{"href":"https:\/\/aeea.org\/de\/wp-json\/wp\/v2\/types\/page"}],"author":[{"embeddable":true,"href":"https:\/\/aeea.org\/de\/wp-json\/wp\/v2\/users\/6"}],"replies":[{"embeddable":true,"href":"https:\/\/aeea.org\/de\/wp-json\/wp\/v2\/comments?post=1225"}],"version-history":[{"count":1,"href":"https:\/\/aeea.org\/de\/wp-json\/wp\/v2\/pages\/1225\/revisions"}],"predecessor-version":[{"id":2940,"href":"https:\/\/aeea.org\/de\/wp-json\/wp\/v2\/pages\/1225\/revisions\/2940"}],"up":[{"embeddable":true,"href":"https:\/\/aeea.org\/de\/wp-json\/wp\/v2\/pages\/1132"}],"wp:attachment":[{"href":"https:\/\/aeea.org\/de\/wp-json\/wp\/v2\/media?parent=1225"}],"curies":[{"name":"wp","href":"https:\/\/api.w.org\/{rel}","templated":true}]}}