{"id":1308,"date":"2014-06-26T13:37:30","date_gmt":"2014-06-26T13:37:30","guid":{"rendered":"http:\/\/aeea.org\/?page_id=1308"},"modified":"2014-06-26T13:37:30","modified_gmt":"2014-06-26T13:37:30","slug":"gadir","status":"publish","type":"page","link":"https:\/\/aeea.org\/de\/schulen\/cadiz-2\/gadir\/","title":{"rendered":"Gadir"},"content":{"rendered":"<h1>Gadir &#8211; Escuela Internacional de Espa\u00f1ol<\/h1>\n<p>&nbsp;<\/p>\n<div class='one_half'>\n\t\t\t\t\t<p style=\"text-align: justify;\">Die Sprachschule <b>GADIR, <\/b>im Jahre 1989 gegr\u00fcndet, ist eine Schule mittlerer Gr\u00f6\u00dfe, in der es fast famili\u00e4r zugeht: alle Sch\u00fcler, Lehrer und Organisatoren lernen sich sofort kennen und sprechen sich mit Namen an. Unser Hauptziel ist, dass Sie w\u00e4hrend Ihres Aufenthaltes in unserer Schule lernen, Spanisch zu sprechen, zu denken und zu f\u00fchlen.<\/p>\n<p style=\"text-align: justify;\">\n\t\t\t\t<\/div>\n<div class='one_half et_column_last'>\n\t\t\t\t\t[callout font_size=&#8220;13px&#8220; style=&#8220;skyblue&#8220;]<img loading=\"lazy\" decoding=\"async\" class=\"alignleft size-full wp-image-494\" src=\"http:\/\/aeea.org\/wp-content\/uploads\/2014\/03\/pin71.png\" alt=\"pin7\" width=\"24\" height=\"24\" \/><a title=\"Ver mapa\" href=\"https:\/\/goo.gl\/maps\/7iIyq\">C\/ P\u00e9rgolas 5,\u00a011007, C\u00e1diz.<\/a><\/p>\n<p><img loading=\"lazy\" decoding=\"async\" class=\"alignleft size-full wp-image-496\" src=\"http:\/\/aeea.org\/wp-content\/uploads\/2014\/03\/telephone14.png\" alt=\"telephone14\" width=\"24\" height=\"24\" \/>(0034) 956 260 557<\/p>\n<p><a href=\"http:\/\/www.gadir.net\"><img loading=\"lazy\" decoding=\"async\" class=\"alignleft size-full wp-image-497\" src=\"http:\/\/aeea.org\/wp-content\/uploads\/2014\/03\/world15.png\" alt=\"world15\" width=\"24\" height=\"24\" \/>www.gadir.net<\/a><\/p>\n<p style=\"text-align: justify;\"><img loading=\"lazy\" decoding=\"async\" class=\"alignleft size-full wp-image-499\" src=\"http:\/\/aeea.org\/wp-content\/uploads\/2014\/03\/black218.png\" alt=\"black218\" width=\"24\" height=\"24\" \/><a href=\"mailto:info@gadir.net\">info@gadir.net<\/a>[\/callout]<\/p>\n\t\t\t\t<\/div><div class='clear'><\/div>\n<p>[hr]<\/p>\n<div class='one_third'>\n\t\t\t\t\t[frame style=&#8220;modern&#8220; image_path=&#8220;http:\/\/aeea.org\/wp-content\/uploads\/2014\/03\/logogadir.jpg&#8220; link_to_page=&#8220;http:\/\/www.gadir.net&#8220; target=&#8220;&#8220; description=&#8220;&#8220; float=&#8220;&#8220; lightbox=&#8220;&#8220; lightbox_group=&#8220;&#8220; size=&#8220;three_col_large&#8220;]<\/p>\n\t\t\t\t<\/div>\n<div class='one_third'>\n\t\t\t\t\t[frame style=&#8220;modern&#8220; image_path=&#8220;http:\/\/aeea.org\/wp-content\/uploads\/2014\/03\/Gadir_Escuela_Internacional_de_Espa\u00f1ol_1.jpg&#8220; link_to_page=&#8220;&#8220; target=&#8220;&#8220; description=&#8220;&#8220; float=&#8220;&#8220; lightbox=&#8220;http:\/\/aeea.org\/wp-content\/uploads\/2014\/03\/Gadir_Escuela_Internacional_de_Espa\u00f1ol_1.jpg&#8220; lightbox_group=&#8220;&#8220; size=&#8220;three_col_large&#8220;]<\/p>\n\t\t\t\t<\/div>\n<div class='one_third et_column_last'>\n\t\t\t\t\t[frame style=&#8220;modern&#8220; image_path=&#8220;http:\/\/aeea.org\/wp-content\/uploads\/2014\/03\/Gadir_Escuela_Internacional_de_Espa\u00f1ol_2.jpg&#8220; link_to_page=&#8220;&#8220; target=&#8220;&#8220; description=&#8220;&#8220; float=&#8220;&#8220; lightbox=&#8220;http:\/\/aeea.org\/wp-content\/uploads\/2014\/03\/Gadir_Escuela_Internacional_de_Espa\u00f1ol_2.jpg&#8220; lightbox_group=&#8220;&#8220; size=&#8220;three_col_large&#8220;]<\/p>\n\t\t\t\t<\/div><div class='clear'><\/div>\n","protected":false},"excerpt":{"rendered":"<p>Gadir &#8211; Escuela Internacional de Espa\u00f1ol &nbsp; <div class='one_half'>\n\t\t\t\t\t\n\t\t\t\t<\/div> Die Sprachschule GADIR, im Jahre 1989 gegr\u00fcndet, ist eine Schule mittlerer Gr\u00f6\u00dfe, in der es fast famili\u00e4r zugeht: alle Sch\u00fcler, Lehrer und Organisatoren lernen sich sofort kennen und sprechen sich mit Namen an. Unser Hauptziel ist, dass Sie w\u00e4hrend Ihres Aufenthaltes in unserer Schule lernen, Spanisch zu [&hellip;]<\/p>\n","protected":false},"author":6,"featured_media":0,"parent":1237,"menu_order":0,"comment_status":"open","ping_status":"closed","template":"","meta":{"_et_pb_use_builder":"on","_et_pb_old_content":"","_et_gb_content_width":"","_monsterinsights_skip_tracking":false,"_monsterinsights_sitenote_active":false,"_monsterinsights_sitenote_note":"","_monsterinsights_sitenote_category":0,"_joinchat":[],"footnotes":""},"class_list":["post-1308","page","type-page","status-publish","hentry"],"yoast_head":"<!-- This site is optimized with the Yoast SEO plugin v27.4 - https:\/\/yoast.com\/product\/yoast-seo-wordpress\/ -->\n<title>Gadir - Asociaci\u00f3n Espa\u00f1ol en Andalucia<\/title>\n<meta name=\"robots\" content=\"index, follow, max-snippet:-1, max-image-preview:large, max-video-preview:-1\" \/>\n<link rel=\"canonical\" href=\"https:\/\/aeea.org\/de\/schulen\/cadiz-2\/gadir\/\" \/>\n<meta property=\"og:locale\" content=\"de_DE\" \/>\n<meta property=\"og:type\" content=\"article\" \/>\n<meta property=\"og:title\" content=\"Gadir - Asociaci\u00f3n Espa\u00f1ol en Andalucia\" \/>\n<meta property=\"og:description\" content=\"Gadir - Escuela Internacional de Espa\u00f1ol &nbsp; Die Sprachschule GADIR, im Jahre 1989 gegr\u00fcndet, ist eine Schule mittlerer Gr\u00f6\u00dfe, in der es fast famili\u00e4r zugeht: alle Sch\u00fcler, Lehrer und Organisatoren lernen sich sofort kennen und sprechen sich mit Namen an. Unser Hauptziel ist, dass Sie w\u00e4hrend Ihres Aufenthaltes in unserer Schule lernen, Spanisch zu [&hellip;]\" \/>\n<meta property=\"og:url\" content=\"https:\/\/aeea.org\/de\/schulen\/cadiz-2\/gadir\/\" \/>\n<meta property=\"og:site_name\" content=\"Asociaci\u00f3n Espa\u00f1ol en Andalucia\" \/>\n<meta property=\"og:image\" content=\"http:\/\/aeea.org\/wp-content\/uploads\/2014\/03\/pin71.png\" \/>\n<meta name=\"twitter:card\" content=\"summary_large_image\" \/>\n<meta name=\"twitter:label1\" content=\"Gesch\u00e4tzte Lesezeit\" \/>\n\t<meta name=\"twitter:data1\" content=\"1\u00a0Minute\" \/>\n<script type=\"application\/ld+json\" class=\"yoast-schema-graph\">{\"@context\":\"https:\\\/\\\/schema.org\",\"@graph\":[{\"@type\":\"WebPage\",\"@id\":\"https:\\\/\\\/aeea.org\\\/de\\\/schulen\\\/cadiz-2\\\/gadir\\\/\",\"url\":\"https:\\\/\\\/aeea.org\\\/de\\\/schulen\\\/cadiz-2\\\/gadir\\\/\",\"name\":\"Gadir - Asociaci\u00f3n Espa\u00f1ol en Andalucia\",\"isPartOf\":{\"@id\":\"https:\\\/\\\/aeea.org\\\/#website\"},\"primaryImageOfPage\":{\"@id\":\"https:\\\/\\\/aeea.org\\\/de\\\/schulen\\\/cadiz-2\\\/gadir\\\/#primaryimage\"},\"image\":{\"@id\":\"https:\\\/\\\/aeea.org\\\/de\\\/schulen\\\/cadiz-2\\\/gadir\\\/#primaryimage\"},\"thumbnailUrl\":\"http:\\\/\\\/aeea.org\\\/wp-content\\\/uploads\\\/2014\\\/03\\\/pin71.png\",\"datePublished\":\"2014-06-26T13:37:30+00:00\",\"breadcrumb\":{\"@id\":\"https:\\\/\\\/aeea.org\\\/de\\\/schulen\\\/cadiz-2\\\/gadir\\\/#breadcrumb\"},\"inLanguage\":\"de\",\"potentialAction\":[{\"@type\":\"ReadAction\",\"target\":[\"https:\\\/\\\/aeea.org\\\/de\\\/schulen\\\/cadiz-2\\\/gadir\\\/\"]}]},{\"@type\":\"ImageObject\",\"inLanguage\":\"de\",\"@id\":\"https:\\\/\\\/aeea.org\\\/de\\\/schulen\\\/cadiz-2\\\/gadir\\\/#primaryimage\",\"url\":\"http:\\\/\\\/aeea.org\\\/wp-content\\\/uploads\\\/2014\\\/03\\\/pin71.png\",\"contentUrl\":\"http:\\\/\\\/aeea.org\\\/wp-content\\\/uploads\\\/2014\\\/03\\\/pin71.png\"},{\"@type\":\"BreadcrumbList\",\"@id\":\"https:\\\/\\\/aeea.org\\\/de\\\/schulen\\\/cadiz-2\\\/gadir\\\/#breadcrumb\",\"itemListElement\":[{\"@type\":\"ListItem\",\"position\":1,\"name\":\"Home\",\"item\":\"https:\\\/\\\/aeea.org\\\/de\\\/\"},{\"@type\":\"ListItem\",\"position\":2,\"name\":\"Schulen\",\"item\":\"https:\\\/\\\/aeea.org\\\/de\\\/schulen\\\/\"},{\"@type\":\"ListItem\",\"position\":3,\"name\":\"Cadiz\",\"item\":\"https:\\\/\\\/aeea.org\\\/de\\\/schulen\\\/cadiz-2\\\/\"},{\"@type\":\"ListItem\",\"position\":4,\"name\":\"Gadir\"}]},{\"@type\":\"WebSite\",\"@id\":\"https:\\\/\\\/aeea.org\\\/#website\",\"url\":\"https:\\\/\\\/aeea.org\\\/\",\"name\":\"Asociaci\u00f3n Espa\u00f1ol en Andalucia\",\"description\":\"\",\"potentialAction\":[{\"@type\":\"SearchAction\",\"target\":{\"@type\":\"EntryPoint\",\"urlTemplate\":\"https:\\\/\\\/aeea.org\\\/?s={search_term_string}\"},\"query-input\":{\"@type\":\"PropertyValueSpecification\",\"valueRequired\":true,\"valueName\":\"search_term_string\"}}],\"inLanguage\":\"de\"}]}<\/script>\n<!-- \/ Yoast SEO plugin. -->","yoast_head_json":{"title":"Gadir - Asociaci\u00f3n Espa\u00f1ol en Andalucia","robots":{"index":"index","follow":"follow","max-snippet":"max-snippet:-1","max-image-preview":"max-image-preview:large","max-video-preview":"max-video-preview:-1"},"canonical":"https:\/\/aeea.org\/de\/schulen\/cadiz-2\/gadir\/","og_locale":"de_DE","og_type":"article","og_title":"Gadir - Asociaci\u00f3n Espa\u00f1ol en Andalucia","og_description":"Gadir - Escuela Internacional de Espa\u00f1ol &nbsp; Die Sprachschule GADIR, im Jahre 1989 gegr\u00fcndet, ist eine Schule mittlerer Gr\u00f6\u00dfe, in der es fast famili\u00e4r zugeht: alle Sch\u00fcler, Lehrer und Organisatoren lernen sich sofort kennen und sprechen sich mit Namen an. Unser Hauptziel ist, dass Sie w\u00e4hrend Ihres Aufenthaltes in unserer Schule lernen, Spanisch zu [&hellip;]","og_url":"https:\/\/aeea.org\/de\/schulen\/cadiz-2\/gadir\/","og_site_name":"Asociaci\u00f3n Espa\u00f1ol en Andalucia","og_image":[{"url":"http:\/\/aeea.org\/wp-content\/uploads\/2014\/03\/pin71.png","type":"","width":"","height":""}],"twitter_card":"summary_large_image","twitter_misc":{"Gesch\u00e4tzte Lesezeit":"1\u00a0Minute"},"schema":{"@context":"https:\/\/schema.org","@graph":[{"@type":"WebPage","@id":"https:\/\/aeea.org\/de\/schulen\/cadiz-2\/gadir\/","url":"https:\/\/aeea.org\/de\/schulen\/cadiz-2\/gadir\/","name":"Gadir - Asociaci\u00f3n Espa\u00f1ol en Andalucia","isPartOf":{"@id":"https:\/\/aeea.org\/#website"},"primaryImageOfPage":{"@id":"https:\/\/aeea.org\/de\/schulen\/cadiz-2\/gadir\/#primaryimage"},"image":{"@id":"https:\/\/aeea.org\/de\/schulen\/cadiz-2\/gadir\/#primaryimage"},"thumbnailUrl":"http:\/\/aeea.org\/wp-content\/uploads\/2014\/03\/pin71.png","datePublished":"2014-06-26T13:37:30+00:00","breadcrumb":{"@id":"https:\/\/aeea.org\/de\/schulen\/cadiz-2\/gadir\/#breadcrumb"},"inLanguage":"de","potentialAction":[{"@type":"ReadAction","target":["https:\/\/aeea.org\/de\/schulen\/cadiz-2\/gadir\/"]}]},{"@type":"ImageObject","inLanguage":"de","@id":"https:\/\/aeea.org\/de\/schulen\/cadiz-2\/gadir\/#primaryimage","url":"http:\/\/aeea.org\/wp-content\/uploads\/2014\/03\/pin71.png","contentUrl":"http:\/\/aeea.org\/wp-content\/uploads\/2014\/03\/pin71.png"},{"@type":"BreadcrumbList","@id":"https:\/\/aeea.org\/de\/schulen\/cadiz-2\/gadir\/#breadcrumb","itemListElement":[{"@type":"ListItem","position":1,"name":"Home","item":"https:\/\/aeea.org\/de\/"},{"@type":"ListItem","position":2,"name":"Schulen","item":"https:\/\/aeea.org\/de\/schulen\/"},{"@type":"ListItem","position":3,"name":"Cadiz","item":"https:\/\/aeea.org\/de\/schulen\/cadiz-2\/"},{"@type":"ListItem","position":4,"name":"Gadir"}]},{"@type":"WebSite","@id":"https:\/\/aeea.org\/#website","url":"https:\/\/aeea.org\/","name":"Asociaci\u00f3n Espa\u00f1ol en Andalucia","description":"","potentialAction":[{"@type":"SearchAction","target":{"@type":"EntryPoint","urlTemplate":"https:\/\/aeea.org\/?s={search_term_string}"},"query-input":{"@type":"PropertyValueSpecification","valueRequired":true,"valueName":"search_term_string"}}],"inLanguage":"de"}]}},"_links":{"self":[{"href":"https:\/\/aeea.org\/de\/wp-json\/wp\/v2\/pages\/1308","targetHints":{"allow":["GET"]}}],"collection":[{"href":"https:\/\/aeea.org\/de\/wp-json\/wp\/v2\/pages"}],"about":[{"href":"https:\/\/aeea.org\/de\/wp-json\/wp\/v2\/types\/page"}],"author":[{"embeddable":true,"href":"https:\/\/aeea.org\/de\/wp-json\/wp\/v2\/users\/6"}],"replies":[{"embeddable":true,"href":"https:\/\/aeea.org\/de\/wp-json\/wp\/v2\/comments?post=1308"}],"version-history":[{"count":0,"href":"https:\/\/aeea.org\/de\/wp-json\/wp\/v2\/pages\/1308\/revisions"}],"up":[{"embeddable":true,"href":"https:\/\/aeea.org\/de\/wp-json\/wp\/v2\/pages\/1237"}],"wp:attachment":[{"href":"https:\/\/aeea.org\/de\/wp-json\/wp\/v2\/media?parent=1308"}],"curies":[{"name":"wp","href":"https:\/\/api.w.org\/{rel}","templated":true}]}}