{"id":1312,"date":"2014-06-26T13:40:25","date_gmt":"2014-06-26T13:40:25","guid":{"rendered":"http:\/\/aeea.org\/?page_id=1312"},"modified":"2014-06-26T13:40:25","modified_gmt":"2014-06-26T13:40:25","slug":"spanish-in-cadiz-2","status":"publish","type":"page","link":"https:\/\/aeea.org\/de\/schulen\/cadiz-2\/spanish-in-cadiz-2\/","title":{"rendered":"Spanish in C\u00e1diz"},"content":{"rendered":"<h1>Spanish in C\u00e1diz<\/h1>\n<p>[hr]<\/p>\n<p style=\"text-align: justify;\"><div class='one_half'>\n\t\t\t\t\t<p>S.I.C ist eine vom Cervantes Institut anerkannte Spanischschule f\u00fcr Ausl\u00e4nder in Cadiz. Die Schule bietet ein vielseitiges Programm bestehend aus Sprachkurs, Unterkunft und verschiedene Freizeitaktivit\u00e4ten und Ausfl\u00fcge. In kleinen Gruppen lernen die Schueler mit modernen und interaktiven Unterrichtsmethoden die spanische Sprache und Kultur in perfekter Umgebung: Zentrumsnah und 20 Meter vom Strand entfernt.<\/p>\n<p style=\"text-align: justify;\">\n\t\t\t\t<\/div><\/p>\n<div class='one_half et_column_last'>\n\t\t\t\t\t[callout font_size=&#8220;13px&#8220; style=&#8220;skyblue&#8220;]<img loading=\"lazy\" decoding=\"async\" class=\"alignleft size-full wp-image-494\" alt=\"pin7\" src=\"http:\/\/aeea.org\/wp-content\/uploads\/2014\/03\/pin71.png\" width=\"24\" height=\"24\" \/><a title=\"Ver en Mapa\" href=\"https:\/\/goo.gl\/maps\/bq8Ii\">C\/ Condesa Villafuente Bermeja, 7,\u00a011008, C\u00e1diz.<\/a><\/p>\n<p style=\"text-align: justify;\"><img loading=\"lazy\" decoding=\"async\" class=\"alignleft size-full wp-image-496\" alt=\"telephone14\" src=\"http:\/\/aeea.org\/wp-content\/uploads\/2014\/03\/telephone14.png\" width=\"24\" height=\"24\" \/>(0034) 956 252 724<\/p>\n<p style=\"text-align: justify;\"><a href=\"http:\/\/www.spanishincadiz.com\"><img loading=\"lazy\" decoding=\"async\" class=\"alignleft size-full wp-image-497\" alt=\"world15\" src=\"http:\/\/aeea.org\/wp-content\/uploads\/2014\/03\/world15.png\" width=\"24\" height=\"24\" \/>www.spanishincadiz.com<\/a><\/p>\n<p style=\"text-align: justify;\"><img loading=\"lazy\" decoding=\"async\" class=\"alignleft size-full wp-image-499\" alt=\"black218\" src=\"http:\/\/aeea.org\/wp-content\/uploads\/2014\/03\/black218.png\" width=\"24\" height=\"24\" \/><a href=\"mailto:administracion@spanishincadiz.com\">administracion@spanishincadiz.com<\/a>[\/callout]<\/p>\n\t\t\t\t<\/div><div class='clear'><\/div>\n<p>[hr]<\/p>\n<div class='one_third'>\n\t\t\t\t\t[frame style=&#8220;shadow&#8220; image_path=&#8220;http:\/\/aeea.org\/wp-content\/uploads\/2015\/06\/Spanish-in-C\u00e1diz_logo.png&#8220; link_to_page=&#8220;http:\/\/www.spanishincadiz.com&#8220; target=&#8220;&#8220; description=&#8220;&#8220; float=&#8220;&#8220; lightbox=&#8220;&#8220; lightbox_group=&#8220;&#8220; size=&#8220;three_col_large&#8220;]<\/p>\n\t\t\t\t<\/div>\n<div class='one_third'>\n\t\t\t\t\t[frame style=&#8220;shadow&#8220; image_path=&#8220;http:\/\/aeea.org\/wp-content\/uploads\/2014\/05\/vistaexterior.jpg&#8220; link_to_page=&#8220;&#8220; target=&#8220;&#8220; description=&#8220;&#8220; float=&#8220;&#8220; lightbox=&#8220;http:\/\/aeea.org\/wp-content\/uploads\/2014\/05\/vistaexterior.jpg&#8220; lightbox_group=&#8220;&#8220; size=&#8220;three_col_large&#8220;]<\/p>\n\t\t\t\t<\/div>\n<div class='one_third et_column_last'>\n\t\t\t\t\t[frame style=&#8220;shadow&#8220; image_path=&#8220;http:\/\/aeea.org\/wp-content\/uploads\/2014\/04\/IMG_2861.jpg&#8220; link_to_page=&#8220;&#8220; target=&#8220;&#8220; description=&#8220;&#8220; float=&#8220;&#8220; lightbox=&#8220;http:\/\/aeea.org\/wp-content\/uploads\/2014\/04\/IMG_2861.jpg&#8220; lightbox_group=&#8220;&#8220; size=&#8220;three_col_large&#8220;]<\/p>\n\t\t\t\t<\/div><div class='clear'><\/div>\n","protected":false},"excerpt":{"rendered":"<p>Spanish in C\u00e1diz [hr] <div class='one_half'>\n\t\t\t\t\t\n\t\t\t\t<\/div> S.I.C ist eine vom Cervantes Institut anerkannte Spanischschule f\u00fcr Ausl\u00e4nder in Cadiz. Die Schule bietet ein vielseitiges Programm bestehend aus Sprachkurs, Unterkunft und verschiedene Freizeitaktivit\u00e4ten und Ausfl\u00fcge. In kleinen Gruppen lernen die Schueler mit modernen und interaktiven Unterrichtsmethoden die spanische Sprache und Kultur in perfekter Umgebung: Zentrumsnah und 20 Meter [&hellip;]<\/p>\n","protected":false},"author":6,"featured_media":0,"parent":1237,"menu_order":0,"comment_status":"open","ping_status":"closed","template":"","meta":{"_et_pb_use_builder":"on","_et_pb_old_content":"","_et_gb_content_width":"","_monsterinsights_skip_tracking":false,"_monsterinsights_sitenote_active":false,"_monsterinsights_sitenote_note":"","_monsterinsights_sitenote_category":0,"_joinchat":[],"footnotes":""},"class_list":["post-1312","page","type-page","status-publish","hentry"],"yoast_head":"<!-- This site is optimized with the Yoast SEO plugin v27.4 - https:\/\/yoast.com\/product\/yoast-seo-wordpress\/ -->\n<title>Spanish in C\u00e1diz - Asociaci\u00f3n Espa\u00f1ol en Andalucia<\/title>\n<meta name=\"robots\" content=\"index, follow, max-snippet:-1, max-image-preview:large, max-video-preview:-1\" \/>\n<link rel=\"canonical\" href=\"https:\/\/aeea.org\/de\/schulen\/cadiz-2\/spanish-in-cadiz-2\/\" \/>\n<meta property=\"og:locale\" content=\"de_DE\" \/>\n<meta property=\"og:type\" content=\"article\" \/>\n<meta property=\"og:title\" content=\"Spanish in C\u00e1diz - Asociaci\u00f3n Espa\u00f1ol en Andalucia\" \/>\n<meta property=\"og:description\" content=\"Spanish in C\u00e1diz [hr] S.I.C ist eine vom Cervantes Institut anerkannte Spanischschule f\u00fcr Ausl\u00e4nder in Cadiz. Die Schule bietet ein vielseitiges Programm bestehend aus Sprachkurs, Unterkunft und verschiedene Freizeitaktivit\u00e4ten und Ausfl\u00fcge. In kleinen Gruppen lernen die Schueler mit modernen und interaktiven Unterrichtsmethoden die spanische Sprache und Kultur in perfekter Umgebung: Zentrumsnah und 20 Meter [&hellip;]\" \/>\n<meta property=\"og:url\" content=\"https:\/\/aeea.org\/de\/schulen\/cadiz-2\/spanish-in-cadiz-2\/\" \/>\n<meta property=\"og:site_name\" content=\"Asociaci\u00f3n Espa\u00f1ol en Andalucia\" \/>\n<meta property=\"og:image\" content=\"http:\/\/aeea.org\/wp-content\/uploads\/2014\/03\/pin71.png\" \/>\n<meta name=\"twitter:card\" content=\"summary_large_image\" \/>\n<meta name=\"twitter:label1\" content=\"Gesch\u00e4tzte Lesezeit\" \/>\n\t<meta name=\"twitter:data1\" content=\"1\u00a0Minute\" \/>\n<script type=\"application\/ld+json\" class=\"yoast-schema-graph\">{\"@context\":\"https:\\\/\\\/schema.org\",\"@graph\":[{\"@type\":\"WebPage\",\"@id\":\"https:\\\/\\\/aeea.org\\\/de\\\/schulen\\\/cadiz-2\\\/spanish-in-cadiz-2\\\/\",\"url\":\"https:\\\/\\\/aeea.org\\\/de\\\/schulen\\\/cadiz-2\\\/spanish-in-cadiz-2\\\/\",\"name\":\"Spanish in C\u00e1diz - Asociaci\u00f3n Espa\u00f1ol en Andalucia\",\"isPartOf\":{\"@id\":\"https:\\\/\\\/aeea.org\\\/#website\"},\"primaryImageOfPage\":{\"@id\":\"https:\\\/\\\/aeea.org\\\/de\\\/schulen\\\/cadiz-2\\\/spanish-in-cadiz-2\\\/#primaryimage\"},\"image\":{\"@id\":\"https:\\\/\\\/aeea.org\\\/de\\\/schulen\\\/cadiz-2\\\/spanish-in-cadiz-2\\\/#primaryimage\"},\"thumbnailUrl\":\"http:\\\/\\\/aeea.org\\\/wp-content\\\/uploads\\\/2014\\\/03\\\/pin71.png\",\"datePublished\":\"2014-06-26T13:40:25+00:00\",\"breadcrumb\":{\"@id\":\"https:\\\/\\\/aeea.org\\\/de\\\/schulen\\\/cadiz-2\\\/spanish-in-cadiz-2\\\/#breadcrumb\"},\"inLanguage\":\"de\",\"potentialAction\":[{\"@type\":\"ReadAction\",\"target\":[\"https:\\\/\\\/aeea.org\\\/de\\\/schulen\\\/cadiz-2\\\/spanish-in-cadiz-2\\\/\"]}]},{\"@type\":\"ImageObject\",\"inLanguage\":\"de\",\"@id\":\"https:\\\/\\\/aeea.org\\\/de\\\/schulen\\\/cadiz-2\\\/spanish-in-cadiz-2\\\/#primaryimage\",\"url\":\"http:\\\/\\\/aeea.org\\\/wp-content\\\/uploads\\\/2014\\\/03\\\/pin71.png\",\"contentUrl\":\"http:\\\/\\\/aeea.org\\\/wp-content\\\/uploads\\\/2014\\\/03\\\/pin71.png\"},{\"@type\":\"BreadcrumbList\",\"@id\":\"https:\\\/\\\/aeea.org\\\/de\\\/schulen\\\/cadiz-2\\\/spanish-in-cadiz-2\\\/#breadcrumb\",\"itemListElement\":[{\"@type\":\"ListItem\",\"position\":1,\"name\":\"Home\",\"item\":\"https:\\\/\\\/aeea.org\\\/de\\\/\"},{\"@type\":\"ListItem\",\"position\":2,\"name\":\"Schulen\",\"item\":\"https:\\\/\\\/aeea.org\\\/de\\\/schulen\\\/\"},{\"@type\":\"ListItem\",\"position\":3,\"name\":\"Cadiz\",\"item\":\"https:\\\/\\\/aeea.org\\\/de\\\/schulen\\\/cadiz-2\\\/\"},{\"@type\":\"ListItem\",\"position\":4,\"name\":\"Spanish in C\u00e1diz\"}]},{\"@type\":\"WebSite\",\"@id\":\"https:\\\/\\\/aeea.org\\\/#website\",\"url\":\"https:\\\/\\\/aeea.org\\\/\",\"name\":\"Asociaci\u00f3n Espa\u00f1ol en Andalucia\",\"description\":\"\",\"potentialAction\":[{\"@type\":\"SearchAction\",\"target\":{\"@type\":\"EntryPoint\",\"urlTemplate\":\"https:\\\/\\\/aeea.org\\\/?s={search_term_string}\"},\"query-input\":{\"@type\":\"PropertyValueSpecification\",\"valueRequired\":true,\"valueName\":\"search_term_string\"}}],\"inLanguage\":\"de\"}]}<\/script>\n<!-- \/ Yoast SEO plugin. -->","yoast_head_json":{"title":"Spanish in C\u00e1diz - Asociaci\u00f3n Espa\u00f1ol en Andalucia","robots":{"index":"index","follow":"follow","max-snippet":"max-snippet:-1","max-image-preview":"max-image-preview:large","max-video-preview":"max-video-preview:-1"},"canonical":"https:\/\/aeea.org\/de\/schulen\/cadiz-2\/spanish-in-cadiz-2\/","og_locale":"de_DE","og_type":"article","og_title":"Spanish in C\u00e1diz - Asociaci\u00f3n Espa\u00f1ol en Andalucia","og_description":"Spanish in C\u00e1diz [hr] S.I.C ist eine vom Cervantes Institut anerkannte Spanischschule f\u00fcr Ausl\u00e4nder in Cadiz. Die Schule bietet ein vielseitiges Programm bestehend aus Sprachkurs, Unterkunft und verschiedene Freizeitaktivit\u00e4ten und Ausfl\u00fcge. In kleinen Gruppen lernen die Schueler mit modernen und interaktiven Unterrichtsmethoden die spanische Sprache und Kultur in perfekter Umgebung: Zentrumsnah und 20 Meter [&hellip;]","og_url":"https:\/\/aeea.org\/de\/schulen\/cadiz-2\/spanish-in-cadiz-2\/","og_site_name":"Asociaci\u00f3n Espa\u00f1ol en Andalucia","og_image":[{"url":"http:\/\/aeea.org\/wp-content\/uploads\/2014\/03\/pin71.png","type":"","width":"","height":""}],"twitter_card":"summary_large_image","twitter_misc":{"Gesch\u00e4tzte Lesezeit":"1\u00a0Minute"},"schema":{"@context":"https:\/\/schema.org","@graph":[{"@type":"WebPage","@id":"https:\/\/aeea.org\/de\/schulen\/cadiz-2\/spanish-in-cadiz-2\/","url":"https:\/\/aeea.org\/de\/schulen\/cadiz-2\/spanish-in-cadiz-2\/","name":"Spanish in C\u00e1diz - Asociaci\u00f3n Espa\u00f1ol en Andalucia","isPartOf":{"@id":"https:\/\/aeea.org\/#website"},"primaryImageOfPage":{"@id":"https:\/\/aeea.org\/de\/schulen\/cadiz-2\/spanish-in-cadiz-2\/#primaryimage"},"image":{"@id":"https:\/\/aeea.org\/de\/schulen\/cadiz-2\/spanish-in-cadiz-2\/#primaryimage"},"thumbnailUrl":"http:\/\/aeea.org\/wp-content\/uploads\/2014\/03\/pin71.png","datePublished":"2014-06-26T13:40:25+00:00","breadcrumb":{"@id":"https:\/\/aeea.org\/de\/schulen\/cadiz-2\/spanish-in-cadiz-2\/#breadcrumb"},"inLanguage":"de","potentialAction":[{"@type":"ReadAction","target":["https:\/\/aeea.org\/de\/schulen\/cadiz-2\/spanish-in-cadiz-2\/"]}]},{"@type":"ImageObject","inLanguage":"de","@id":"https:\/\/aeea.org\/de\/schulen\/cadiz-2\/spanish-in-cadiz-2\/#primaryimage","url":"http:\/\/aeea.org\/wp-content\/uploads\/2014\/03\/pin71.png","contentUrl":"http:\/\/aeea.org\/wp-content\/uploads\/2014\/03\/pin71.png"},{"@type":"BreadcrumbList","@id":"https:\/\/aeea.org\/de\/schulen\/cadiz-2\/spanish-in-cadiz-2\/#breadcrumb","itemListElement":[{"@type":"ListItem","position":1,"name":"Home","item":"https:\/\/aeea.org\/de\/"},{"@type":"ListItem","position":2,"name":"Schulen","item":"https:\/\/aeea.org\/de\/schulen\/"},{"@type":"ListItem","position":3,"name":"Cadiz","item":"https:\/\/aeea.org\/de\/schulen\/cadiz-2\/"},{"@type":"ListItem","position":4,"name":"Spanish in C\u00e1diz"}]},{"@type":"WebSite","@id":"https:\/\/aeea.org\/#website","url":"https:\/\/aeea.org\/","name":"Asociaci\u00f3n Espa\u00f1ol en Andalucia","description":"","potentialAction":[{"@type":"SearchAction","target":{"@type":"EntryPoint","urlTemplate":"https:\/\/aeea.org\/?s={search_term_string}"},"query-input":{"@type":"PropertyValueSpecification","valueRequired":true,"valueName":"search_term_string"}}],"inLanguage":"de"}]}},"_links":{"self":[{"href":"https:\/\/aeea.org\/de\/wp-json\/wp\/v2\/pages\/1312","targetHints":{"allow":["GET"]}}],"collection":[{"href":"https:\/\/aeea.org\/de\/wp-json\/wp\/v2\/pages"}],"about":[{"href":"https:\/\/aeea.org\/de\/wp-json\/wp\/v2\/types\/page"}],"author":[{"embeddable":true,"href":"https:\/\/aeea.org\/de\/wp-json\/wp\/v2\/users\/6"}],"replies":[{"embeddable":true,"href":"https:\/\/aeea.org\/de\/wp-json\/wp\/v2\/comments?post=1312"}],"version-history":[{"count":0,"href":"https:\/\/aeea.org\/de\/wp-json\/wp\/v2\/pages\/1312\/revisions"}],"up":[{"embeddable":true,"href":"https:\/\/aeea.org\/de\/wp-json\/wp\/v2\/pages\/1237"}],"wp:attachment":[{"href":"https:\/\/aeea.org\/de\/wp-json\/wp\/v2\/media?parent=1312"}],"curies":[{"name":"wp","href":"https:\/\/api.w.org\/{rel}","templated":true}]}}