{"id":1326,"date":"2014-06-26T13:45:47","date_gmt":"2014-06-26T13:45:47","guid":{"rendered":"http:\/\/aeea.org\/?page_id=1326"},"modified":"2014-06-26T13:45:47","modified_gmt":"2014-06-26T13:45:47","slug":"proyecto-espanol-2","status":"publish","type":"page","link":"https:\/\/aeea.org\/de\/schulen\/granada\/proyecto-espanol-2\/","title":{"rendered":"Proyecto Espa\u00f1ol"},"content":{"rendered":"<h1>Proyecto Espa\u00f1ol<\/h1>\n<p>[hr]<\/p>\n<p style=\"text-align: justify;\"><div class='one_half'>\n\t\t\t\t\t<p>PROYECTO ESPA\u00d1OL ist eine Sprachschule, spezialisiert in Spanisch f\u00fcr Ausl\u00e4nder. Unser Ziel ist es, die Vermittlung der spanischen Kultur und Sprache, sowie die Verwirklichung von Urlaubserwartungen auf preisg\u00fcnstige Weise miteinander in Einklang zu bringen.<\/p>\n<p style=\"text-align: justify;\">\n\t\t\t\t<\/div><\/p>\n<div class='one_half et_column_last'>\n\t\t\t\t\t[callout font_size=&#8220;13px&#8220; style=&#8220;skyblue&#8220;]<img loading=\"lazy\" decoding=\"async\" class=\"alignleft size-full wp-image-494\" alt=\"pin7\" src=\"http:\/\/aeea.org\/wp-content\/uploads\/2014\/03\/pin71.png\" width=\"24\" height=\"24\" \/><a title=\"Ver en Mapa\" href=\"https:\/\/goo.gl\/maps\/Pv33e\">C\/ Recogidas, 18, 18002, Granada.<\/a><\/p>\n<p style=\"text-align: justify;\"><img loading=\"lazy\" decoding=\"async\" class=\"alignleft size-full wp-image-496\" alt=\"telephone14\" src=\"http:\/\/aeea.org\/wp-content\/uploads\/2014\/03\/telephone14.png\" width=\"24\" height=\"24\" \/>(0034) 958 523 542<\/p>\n<p style=\"text-align: justify;\"><a href=\"http:\/\/www.proyecto-es.com\"><img loading=\"lazy\" decoding=\"async\" class=\"alignleft size-full wp-image-497\" alt=\"world15\" src=\"http:\/\/aeea.org\/wp-content\/uploads\/2014\/03\/world15.png\" width=\"24\" height=\"24\" \/>www.proyecto-es.com<\/a><\/p>\n<p style=\"text-align: justify;\"><img loading=\"lazy\" decoding=\"async\" class=\"alignleft size-full wp-image-499\" alt=\"black218\" src=\"http:\/\/aeea.org\/wp-content\/uploads\/2014\/03\/black218.png\" width=\"24\" height=\"24\" \/><a href=\"mailto:granada@proyecto-es.com\">granada@proyecto-es.com<\/a>[\/callout]<\/p>\n\t\t\t\t<\/div><div class='clear'><\/div>\n<p>[hr]<\/p>\n<div class='one_third'>\n\t\t\t\t\t[frame style=&#8220;shadow&#8220; image_path=&#8220;http:\/\/aeea.org\/wp-content\/uploads\/2014\/04\/proyectoespa\u00f1ol.jpg&#8220; link_to_page=&#8220;http:\/\/www.proyecto-es.com\/&#8220; target=&#8220;&#8220; description=&#8220;&#8220; float=&#8220;&#8220; lightbox=&#8220;&#8220; lightbox_group=&#8220;&#8220; size=&#8220;three_col_large&#8220;]<\/p>\n\t\t\t\t<\/div>\n<div class='one_third'>\n\t\t\t\t\t[frame style=&#8220;shadow&#8220; image_path=&#8220;http:\/\/aeea.org\/wp-content\/uploads\/2014\/04\/Proyecto_Espa\u00f1ol_Granada_1.jpg&#8220; link_to_page=&#8220;&#8220; target=&#8220;&#8220; description=&#8220;&#8220; float=&#8220;&#8220; lightbox=&#8220;http:\/\/aeea.org\/wp-content\/uploads\/2014\/04\/Proyecto_Espa\u00f1ol_Granada_1.jpg&#8220; lightbox_group=&#8220;&#8220; size=&#8220;three_col_large&#8220;]<\/p>\n\t\t\t\t<\/div>\n<div class='one_third et_column_last'>\n\t\t\t\t\t[frame style=&#8220;shadow&#8220; image_path=&#8220;http:\/\/aeea.org\/wp-content\/uploads\/2014\/04\/Proyecto_Espa\u00f1ol_Granada_2.jpg&#8220; link_to_page=&#8220;&#8220; target=&#8220;&#8220; description=&#8220;&#8220; float=&#8220;&#8220; lightbox=&#8220;http:\/\/aeea.org\/wp-content\/uploads\/2014\/04\/Proyecto_Espa\u00f1ol_Granada_2.jpg&#8220; lightbox_group=&#8220;&#8220; size=&#8220;three_col_large&#8220;]<\/p>\n\t\t\t\t<\/div><div class='clear'><\/div>\n","protected":false},"excerpt":{"rendered":"<p>Proyecto Espa\u00f1ol [hr] <div class='one_half'>\n\t\t\t\t\tPROYECTO ESPA\u00d1OL ist eine Sprachschule, spezialisiert in Spanisch f\u00fcr Ausl\u00e4nder. Unser Ziel ist es, die Vermittlung der spanischen Kultur und Sprache, sowie die Verwirklichung von Urlaubserwartungen auf preisg\u00fcnstige Weise miteinander in Einklang zu bringen.\n\t\t\t\t<\/div> <div class='one_half et_column_last'>\n\t\t\t\t\t[callout font_size=&#8220;13px&#8220; style=&#8220;skyblue&#8220;]C\/ Recogidas, 18, 18002, Granada. (0034) 958 523 542 www.proyecto-es.com granada@proyecto-es.com[\/callout]\n\t\t\t\t<\/div><div class='clear'><\/div> [hr] [&hellip;]<\/p>\n","protected":false},"author":6,"featured_media":0,"parent":2976,"menu_order":0,"comment_status":"open","ping_status":"open","template":"","meta":{"_et_pb_use_builder":"on","_et_pb_old_content":"","_et_gb_content_width":"","_monsterinsights_skip_tracking":false,"_monsterinsights_sitenote_active":false,"_monsterinsights_sitenote_note":"","_monsterinsights_sitenote_category":0,"_joinchat":[],"footnotes":""},"class_list":["post-1326","page","type-page","status-publish","hentry"],"yoast_head":"<!-- This site is optimized with the Yoast SEO plugin v27.4 - https:\/\/yoast.com\/product\/yoast-seo-wordpress\/ -->\n<title>Proyecto Espa\u00f1ol - Asociaci\u00f3n Espa\u00f1ol en Andalucia<\/title>\n<meta name=\"robots\" content=\"index, follow, max-snippet:-1, max-image-preview:large, max-video-preview:-1\" \/>\n<link rel=\"canonical\" href=\"https:\/\/aeea.org\/de\/schulen\/granada\/proyecto-espanol-2\/\" \/>\n<meta property=\"og:locale\" content=\"de_DE\" \/>\n<meta property=\"og:type\" content=\"article\" \/>\n<meta property=\"og:title\" content=\"Proyecto Espa\u00f1ol - Asociaci\u00f3n Espa\u00f1ol en Andalucia\" \/>\n<meta property=\"og:description\" content=\"Proyecto Espa\u00f1ol [hr]  [hr] [&hellip;]\" \/>\n<meta property=\"og:url\" content=\"https:\/\/aeea.org\/de\/schulen\/granada\/proyecto-espanol-2\/\" \/>\n<meta property=\"og:site_name\" content=\"Asociaci\u00f3n Espa\u00f1ol en Andalucia\" \/>\n<meta property=\"og:image\" content=\"http:\/\/aeea.org\/wp-content\/uploads\/2014\/03\/pin71.png\" \/>\n<meta name=\"twitter:card\" content=\"summary_large_image\" \/>\n<meta name=\"twitter:label1\" content=\"Gesch\u00e4tzte Lesezeit\" \/>\n\t<meta name=\"twitter:data1\" content=\"1\u00a0Minute\" \/>\n<script type=\"application\/ld+json\" class=\"yoast-schema-graph\">{\"@context\":\"https:\\\/\\\/schema.org\",\"@graph\":[{\"@type\":\"WebPage\",\"@id\":\"https:\\\/\\\/aeea.org\\\/de\\\/schulen\\\/granada\\\/proyecto-espanol-2\\\/\",\"url\":\"https:\\\/\\\/aeea.org\\\/de\\\/schulen\\\/granada\\\/proyecto-espanol-2\\\/\",\"name\":\"Proyecto Espa\u00f1ol - Asociaci\u00f3n Espa\u00f1ol en Andalucia\",\"isPartOf\":{\"@id\":\"https:\\\/\\\/aeea.org\\\/#website\"},\"primaryImageOfPage\":{\"@id\":\"https:\\\/\\\/aeea.org\\\/de\\\/schulen\\\/granada\\\/proyecto-espanol-2\\\/#primaryimage\"},\"image\":{\"@id\":\"https:\\\/\\\/aeea.org\\\/de\\\/schulen\\\/granada\\\/proyecto-espanol-2\\\/#primaryimage\"},\"thumbnailUrl\":\"http:\\\/\\\/aeea.org\\\/wp-content\\\/uploads\\\/2014\\\/03\\\/pin71.png\",\"datePublished\":\"2014-06-26T13:45:47+00:00\",\"breadcrumb\":{\"@id\":\"https:\\\/\\\/aeea.org\\\/de\\\/schulen\\\/granada\\\/proyecto-espanol-2\\\/#breadcrumb\"},\"inLanguage\":\"de\",\"potentialAction\":[{\"@type\":\"ReadAction\",\"target\":[\"https:\\\/\\\/aeea.org\\\/de\\\/schulen\\\/granada\\\/proyecto-espanol-2\\\/\"]}]},{\"@type\":\"ImageObject\",\"inLanguage\":\"de\",\"@id\":\"https:\\\/\\\/aeea.org\\\/de\\\/schulen\\\/granada\\\/proyecto-espanol-2\\\/#primaryimage\",\"url\":\"http:\\\/\\\/aeea.org\\\/wp-content\\\/uploads\\\/2014\\\/03\\\/pin71.png\",\"contentUrl\":\"http:\\\/\\\/aeea.org\\\/wp-content\\\/uploads\\\/2014\\\/03\\\/pin71.png\"},{\"@type\":\"BreadcrumbList\",\"@id\":\"https:\\\/\\\/aeea.org\\\/de\\\/schulen\\\/granada\\\/proyecto-espanol-2\\\/#breadcrumb\",\"itemListElement\":[{\"@type\":\"ListItem\",\"position\":1,\"name\":\"Home\",\"item\":\"https:\\\/\\\/aeea.org\\\/de\\\/\"},{\"@type\":\"ListItem\",\"position\":2,\"name\":\"Schulen\",\"item\":\"https:\\\/\\\/aeea.org\\\/de\\\/schulen\\\/\"},{\"@type\":\"ListItem\",\"position\":3,\"name\":\"Granada\",\"item\":\"https:\\\/\\\/aeea.org\\\/de\\\/schulen\\\/granada\\\/\"},{\"@type\":\"ListItem\",\"position\":4,\"name\":\"Proyecto Espa\u00f1ol\"}]},{\"@type\":\"WebSite\",\"@id\":\"https:\\\/\\\/aeea.org\\\/#website\",\"url\":\"https:\\\/\\\/aeea.org\\\/\",\"name\":\"Asociaci\u00f3n Espa\u00f1ol en Andalucia\",\"description\":\"\",\"potentialAction\":[{\"@type\":\"SearchAction\",\"target\":{\"@type\":\"EntryPoint\",\"urlTemplate\":\"https:\\\/\\\/aeea.org\\\/?s={search_term_string}\"},\"query-input\":{\"@type\":\"PropertyValueSpecification\",\"valueRequired\":true,\"valueName\":\"search_term_string\"}}],\"inLanguage\":\"de\"}]}<\/script>\n<!-- \/ Yoast SEO plugin. -->","yoast_head_json":{"title":"Proyecto Espa\u00f1ol - Asociaci\u00f3n Espa\u00f1ol en Andalucia","robots":{"index":"index","follow":"follow","max-snippet":"max-snippet:-1","max-image-preview":"max-image-preview:large","max-video-preview":"max-video-preview:-1"},"canonical":"https:\/\/aeea.org\/de\/schulen\/granada\/proyecto-espanol-2\/","og_locale":"de_DE","og_type":"article","og_title":"Proyecto Espa\u00f1ol - Asociaci\u00f3n Espa\u00f1ol en Andalucia","og_description":"Proyecto Espa\u00f1ol [hr]  [hr] [&hellip;]","og_url":"https:\/\/aeea.org\/de\/schulen\/granada\/proyecto-espanol-2\/","og_site_name":"Asociaci\u00f3n Espa\u00f1ol en Andalucia","og_image":[{"url":"http:\/\/aeea.org\/wp-content\/uploads\/2014\/03\/pin71.png","type":"","width":"","height":""}],"twitter_card":"summary_large_image","twitter_misc":{"Gesch\u00e4tzte Lesezeit":"1\u00a0Minute"},"schema":{"@context":"https:\/\/schema.org","@graph":[{"@type":"WebPage","@id":"https:\/\/aeea.org\/de\/schulen\/granada\/proyecto-espanol-2\/","url":"https:\/\/aeea.org\/de\/schulen\/granada\/proyecto-espanol-2\/","name":"Proyecto Espa\u00f1ol - Asociaci\u00f3n Espa\u00f1ol en Andalucia","isPartOf":{"@id":"https:\/\/aeea.org\/#website"},"primaryImageOfPage":{"@id":"https:\/\/aeea.org\/de\/schulen\/granada\/proyecto-espanol-2\/#primaryimage"},"image":{"@id":"https:\/\/aeea.org\/de\/schulen\/granada\/proyecto-espanol-2\/#primaryimage"},"thumbnailUrl":"http:\/\/aeea.org\/wp-content\/uploads\/2014\/03\/pin71.png","datePublished":"2014-06-26T13:45:47+00:00","breadcrumb":{"@id":"https:\/\/aeea.org\/de\/schulen\/granada\/proyecto-espanol-2\/#breadcrumb"},"inLanguage":"de","potentialAction":[{"@type":"ReadAction","target":["https:\/\/aeea.org\/de\/schulen\/granada\/proyecto-espanol-2\/"]}]},{"@type":"ImageObject","inLanguage":"de","@id":"https:\/\/aeea.org\/de\/schulen\/granada\/proyecto-espanol-2\/#primaryimage","url":"http:\/\/aeea.org\/wp-content\/uploads\/2014\/03\/pin71.png","contentUrl":"http:\/\/aeea.org\/wp-content\/uploads\/2014\/03\/pin71.png"},{"@type":"BreadcrumbList","@id":"https:\/\/aeea.org\/de\/schulen\/granada\/proyecto-espanol-2\/#breadcrumb","itemListElement":[{"@type":"ListItem","position":1,"name":"Home","item":"https:\/\/aeea.org\/de\/"},{"@type":"ListItem","position":2,"name":"Schulen","item":"https:\/\/aeea.org\/de\/schulen\/"},{"@type":"ListItem","position":3,"name":"Granada","item":"https:\/\/aeea.org\/de\/schulen\/granada\/"},{"@type":"ListItem","position":4,"name":"Proyecto Espa\u00f1ol"}]},{"@type":"WebSite","@id":"https:\/\/aeea.org\/#website","url":"https:\/\/aeea.org\/","name":"Asociaci\u00f3n Espa\u00f1ol en Andalucia","description":"","potentialAction":[{"@type":"SearchAction","target":{"@type":"EntryPoint","urlTemplate":"https:\/\/aeea.org\/?s={search_term_string}"},"query-input":{"@type":"PropertyValueSpecification","valueRequired":true,"valueName":"search_term_string"}}],"inLanguage":"de"}]}},"_links":{"self":[{"href":"https:\/\/aeea.org\/de\/wp-json\/wp\/v2\/pages\/1326","targetHints":{"allow":["GET"]}}],"collection":[{"href":"https:\/\/aeea.org\/de\/wp-json\/wp\/v2\/pages"}],"about":[{"href":"https:\/\/aeea.org\/de\/wp-json\/wp\/v2\/types\/page"}],"author":[{"embeddable":true,"href":"https:\/\/aeea.org\/de\/wp-json\/wp\/v2\/users\/6"}],"replies":[{"embeddable":true,"href":"https:\/\/aeea.org\/de\/wp-json\/wp\/v2\/comments?post=1326"}],"version-history":[{"count":0,"href":"https:\/\/aeea.org\/de\/wp-json\/wp\/v2\/pages\/1326\/revisions"}],"up":[{"embeddable":true,"href":"https:\/\/aeea.org\/de\/wp-json\/wp\/v2\/pages\/2976"}],"wp:attachment":[{"href":"https:\/\/aeea.org\/de\/wp-json\/wp\/v2\/media?parent=1326"}],"curies":[{"name":"wp","href":"https:\/\/api.w.org\/{rel}","templated":true}]}}