{"id":1339,"date":"2014-06-26T13:50:54","date_gmt":"2014-06-26T13:50:54","guid":{"rendered":"http:\/\/aeea.org\/?page_id=1339"},"modified":"2014-06-26T13:50:54","modified_gmt":"2014-06-26T13:50:54","slug":"escuela-de-idiomas-nerja-2","status":"publish","type":"page","link":"https:\/\/aeea.org\/de\/schulen\/malaga-2\/escuela-de-idiomas-nerja-2\/","title":{"rendered":"Escuela de Idiomas Nerja"},"content":{"rendered":"<h1>Escuela de Idiomas Nerja<\/h1>\n<p>[hr]<\/p>\n<p style=\"text-align: justify;\"><div class='one_half'>\n\t\t\t\t\t<p style=\"text-align: justify;\"><b>Nerja <\/b>ist<b> <\/b>ein<b> St\u00e4dtchen <\/b>mit 20.000 Einwohnern an der K\u00fcste K\u00fcste Andalusiens.\u00a0Das St\u00e4dtchen liegt in der N\u00e4he von M\u00e1laga, Granada, Sevilla &amp; C\u00f3rdoba.\u00a0Die<b> Sprachenschule Escuela de Idiomas<\/b> <b>Nerja <\/b>befindet sich in der<b> Stadtmitte <\/b>in einem typischen Geb\u00e4ude mit andalusischer Architektur und einem gro\u00dfen tropischen Garten. Von den sch\u00f6nen, nahe gelegenen Str\u00e4nden sind es nur wenige Gehminuten.<\/p>\n<p style=\"text-align: justify;\">\n\t\t\t\t<\/div><\/p>\n<div class='one_half et_column_last'>\n\t\t\t\t\t[callout font_size=&#8220;13px&#8220; style=&#8220;skyblue&#8220;]<img loading=\"lazy\" decoding=\"async\" class=\"alignleft size-full wp-image-494\" alt=\"pin7\" src=\"http:\/\/aeea.org\/wp-content\/uploads\/2014\/03\/pin71.png\" width=\"24\" height=\"24\" \/><a title=\"Ver en Mapa\" href=\"https:\/\/goo.gl\/maps\/ZupSi\">C\/ Almirante Ferr\u00e1ndiz, 73 &#8211; 29780, Nerja, M\u00e1laga.<\/a><\/p>\n<p style=\"text-align: justify;\"><img loading=\"lazy\" decoding=\"async\" class=\"alignleft size-full wp-image-496\" alt=\"telephone14\" src=\"http:\/\/aeea.org\/wp-content\/uploads\/2014\/03\/telephone14.png\" width=\"24\" height=\"24\" \/>(0034) 952 521 687<\/p>\n<p style=\"text-align: justify;\"><a href=\"http:\/\/www.idnerja.com\/\"><img loading=\"lazy\" decoding=\"async\" class=\"alignleft size-full wp-image-497\" alt=\"world15\" src=\"http:\/\/aeea.org\/wp-content\/uploads\/2014\/03\/world15.png\" width=\"24\" height=\"24\" \/>www.idnerja.com<\/a><\/p>\n<p style=\"text-align: justify;\"><img loading=\"lazy\" decoding=\"async\" class=\"alignleft size-full wp-image-499\" alt=\"black218\" src=\"http:\/\/aeea.org\/wp-content\/uploads\/2014\/03\/black218.png\" width=\"24\" height=\"24\" \/><a href=\"mailto:info@idnerja.com\">info@idnerja.com<\/a>[\/callout]<\/p>\n\t\t\t\t<\/div><div class='clear'><\/div>\n<p>[hr]<\/p>\n<div class='one_third'>\n\t\t\t\t\t[frame style=&#8220;shadow&#8220; image_path=&#8220;http:\/\/aeea.org\/wp-content\/uploads\/2014\/04\/nerja.jpg&#8220; link_to_page=&#8220;http:\/\/www.idnerja.com\/&#8220; target=&#8220;&#8220; description=&#8220;&#8220; float=&#8220;&#8220; lightbox=&#8220;&#8220; lightbox_group=&#8220;&#8220; size=&#8220;three_col_large&#8220;]<\/p>\n\t\t\t\t<\/div>\n<div class='one_third'>\n\t\t\t\t\t[frame style=&#8220;shadow&#8220; image_path=&#8220;http:\/\/aeea.org\/wp-content\/uploads\/2014\/04\/Escuela_de_Idiomas_Nerja_2.jpg&#8220; link_to_page=&#8220;&#8220; target=&#8220;&#8220; description=&#8220;&#8220; float=&#8220;&#8220; lightbox=&#8220;http:\/\/aeea.org\/wp-content\/uploads\/2014\/04\/Escuela_de_Idiomas_Nerja_2.jpg&#8220; lightbox_group=&#8220;&#8220; size=&#8220;three_col_large&#8220;]<\/p>\n\t\t\t\t<\/div>\n<div class='one_third et_column_last'>\n\t\t\t\t\t[frame style=&#8220;shadow&#8220; image_path=&#8220;http:\/\/aeea.org\/wp-content\/uploads\/2014\/04\/Escuela_de_Idiomas_Nerja_3.jpg&#8220; link_to_page=&#8220;&#8220; target=&#8220;&#8220; description=&#8220;&#8220; float=&#8220;&#8220; lightbox=&#8220;http:\/\/aeea.org\/wp-content\/uploads\/2014\/04\/Escuela_de_Idiomas_Nerja_3.jpg&#8220; lightbox_group=&#8220;&#8220; size=&#8220;three_col_large&#8220;]<\/p>\n\t\t\t\t<\/div><div class='clear'><\/div>\n","protected":false},"excerpt":{"rendered":"<p>Escuela de Idiomas Nerja [hr] <div class='one_half'>\n\t\t\t\t\t\n\t\t\t\t<\/div> Nerja ist ein St\u00e4dtchen mit 20.000 Einwohnern an der K\u00fcste K\u00fcste Andalusiens.\u00a0Das St\u00e4dtchen liegt in der N\u00e4he von M\u00e1laga, Granada, Sevilla &amp; C\u00f3rdoba.\u00a0Die Sprachenschule Escuela de Idiomas Nerja befindet sich in der Stadtmitte in einem typischen Geb\u00e4ude mit andalusischer Architektur und einem gro\u00dfen tropischen Garten. Von den sch\u00f6nen, nahe [&hellip;]<\/p>\n","protected":false},"author":6,"featured_media":0,"parent":2965,"menu_order":0,"comment_status":"open","ping_status":"closed","template":"","meta":{"_et_pb_use_builder":"on","_et_pb_old_content":"","_et_gb_content_width":"","_monsterinsights_skip_tracking":false,"_monsterinsights_sitenote_active":false,"_monsterinsights_sitenote_note":"","_monsterinsights_sitenote_category":0,"_joinchat":[],"footnotes":""},"class_list":["post-1339","page","type-page","status-publish","hentry"],"yoast_head":"<!-- This site is optimized with the Yoast SEO plugin v27.4 - https:\/\/yoast.com\/product\/yoast-seo-wordpress\/ -->\n<title>Escuela de Idiomas Nerja - Asociaci\u00f3n Espa\u00f1ol en Andalucia<\/title>\n<meta name=\"robots\" content=\"index, follow, max-snippet:-1, max-image-preview:large, max-video-preview:-1\" \/>\n<link rel=\"canonical\" href=\"https:\/\/aeea.org\/de\/schulen\/malaga-2\/escuela-de-idiomas-nerja-2\/\" \/>\n<meta property=\"og:locale\" content=\"de_DE\" \/>\n<meta property=\"og:type\" content=\"article\" \/>\n<meta property=\"og:title\" content=\"Escuela de Idiomas Nerja - Asociaci\u00f3n Espa\u00f1ol en Andalucia\" \/>\n<meta property=\"og:description\" content=\"Escuela de Idiomas Nerja [hr] Nerja ist ein St\u00e4dtchen mit 20.000 Einwohnern an der K\u00fcste K\u00fcste Andalusiens.\u00a0Das St\u00e4dtchen liegt in der N\u00e4he von M\u00e1laga, Granada, Sevilla &amp; C\u00f3rdoba.\u00a0Die Sprachenschule Escuela de Idiomas Nerja befindet sich in der Stadtmitte in einem typischen Geb\u00e4ude mit andalusischer Architektur und einem gro\u00dfen tropischen Garten. Von den sch\u00f6nen, nahe [&hellip;]\" \/>\n<meta property=\"og:url\" content=\"https:\/\/aeea.org\/de\/schulen\/malaga-2\/escuela-de-idiomas-nerja-2\/\" \/>\n<meta property=\"og:site_name\" content=\"Asociaci\u00f3n Espa\u00f1ol en Andalucia\" \/>\n<meta property=\"og:image\" content=\"http:\/\/aeea.org\/wp-content\/uploads\/2014\/03\/pin71.png\" \/>\n<meta name=\"twitter:card\" content=\"summary_large_image\" \/>\n<meta name=\"twitter:label1\" content=\"Gesch\u00e4tzte Lesezeit\" \/>\n\t<meta name=\"twitter:data1\" content=\"1\u00a0Minute\" \/>\n<script type=\"application\/ld+json\" class=\"yoast-schema-graph\">{\"@context\":\"https:\\\/\\\/schema.org\",\"@graph\":[{\"@type\":\"WebPage\",\"@id\":\"https:\\\/\\\/aeea.org\\\/de\\\/schulen\\\/malaga-2\\\/escuela-de-idiomas-nerja-2\\\/\",\"url\":\"https:\\\/\\\/aeea.org\\\/de\\\/schulen\\\/malaga-2\\\/escuela-de-idiomas-nerja-2\\\/\",\"name\":\"Escuela de Idiomas Nerja - Asociaci\u00f3n Espa\u00f1ol en Andalucia\",\"isPartOf\":{\"@id\":\"https:\\\/\\\/aeea.org\\\/#website\"},\"primaryImageOfPage\":{\"@id\":\"https:\\\/\\\/aeea.org\\\/de\\\/schulen\\\/malaga-2\\\/escuela-de-idiomas-nerja-2\\\/#primaryimage\"},\"image\":{\"@id\":\"https:\\\/\\\/aeea.org\\\/de\\\/schulen\\\/malaga-2\\\/escuela-de-idiomas-nerja-2\\\/#primaryimage\"},\"thumbnailUrl\":\"http:\\\/\\\/aeea.org\\\/wp-content\\\/uploads\\\/2014\\\/03\\\/pin71.png\",\"datePublished\":\"2014-06-26T13:50:54+00:00\",\"breadcrumb\":{\"@id\":\"https:\\\/\\\/aeea.org\\\/de\\\/schulen\\\/malaga-2\\\/escuela-de-idiomas-nerja-2\\\/#breadcrumb\"},\"inLanguage\":\"de\",\"potentialAction\":[{\"@type\":\"ReadAction\",\"target\":[\"https:\\\/\\\/aeea.org\\\/de\\\/schulen\\\/malaga-2\\\/escuela-de-idiomas-nerja-2\\\/\"]}]},{\"@type\":\"ImageObject\",\"inLanguage\":\"de\",\"@id\":\"https:\\\/\\\/aeea.org\\\/de\\\/schulen\\\/malaga-2\\\/escuela-de-idiomas-nerja-2\\\/#primaryimage\",\"url\":\"http:\\\/\\\/aeea.org\\\/wp-content\\\/uploads\\\/2014\\\/03\\\/pin71.png\",\"contentUrl\":\"http:\\\/\\\/aeea.org\\\/wp-content\\\/uploads\\\/2014\\\/03\\\/pin71.png\"},{\"@type\":\"BreadcrumbList\",\"@id\":\"https:\\\/\\\/aeea.org\\\/de\\\/schulen\\\/malaga-2\\\/escuela-de-idiomas-nerja-2\\\/#breadcrumb\",\"itemListElement\":[{\"@type\":\"ListItem\",\"position\":1,\"name\":\"Home\",\"item\":\"https:\\\/\\\/aeea.org\\\/de\\\/\"},{\"@type\":\"ListItem\",\"position\":2,\"name\":\"Schulen\",\"item\":\"https:\\\/\\\/aeea.org\\\/de\\\/schulen\\\/\"},{\"@type\":\"ListItem\",\"position\":3,\"name\":\"M\u00e1laga\",\"item\":\"https:\\\/\\\/aeea.org\\\/de\\\/schulen\\\/malaga-2\\\/\"},{\"@type\":\"ListItem\",\"position\":4,\"name\":\"Escuela de Idiomas Nerja\"}]},{\"@type\":\"WebSite\",\"@id\":\"https:\\\/\\\/aeea.org\\\/#website\",\"url\":\"https:\\\/\\\/aeea.org\\\/\",\"name\":\"Asociaci\u00f3n Espa\u00f1ol en Andalucia\",\"description\":\"\",\"potentialAction\":[{\"@type\":\"SearchAction\",\"target\":{\"@type\":\"EntryPoint\",\"urlTemplate\":\"https:\\\/\\\/aeea.org\\\/?s={search_term_string}\"},\"query-input\":{\"@type\":\"PropertyValueSpecification\",\"valueRequired\":true,\"valueName\":\"search_term_string\"}}],\"inLanguage\":\"de\"}]}<\/script>\n<!-- \/ Yoast SEO plugin. -->","yoast_head_json":{"title":"Escuela de Idiomas Nerja - Asociaci\u00f3n Espa\u00f1ol en Andalucia","robots":{"index":"index","follow":"follow","max-snippet":"max-snippet:-1","max-image-preview":"max-image-preview:large","max-video-preview":"max-video-preview:-1"},"canonical":"https:\/\/aeea.org\/de\/schulen\/malaga-2\/escuela-de-idiomas-nerja-2\/","og_locale":"de_DE","og_type":"article","og_title":"Escuela de Idiomas Nerja - Asociaci\u00f3n Espa\u00f1ol en Andalucia","og_description":"Escuela de Idiomas Nerja [hr] Nerja ist ein St\u00e4dtchen mit 20.000 Einwohnern an der K\u00fcste K\u00fcste Andalusiens.\u00a0Das St\u00e4dtchen liegt in der N\u00e4he von M\u00e1laga, Granada, Sevilla &amp; C\u00f3rdoba.\u00a0Die Sprachenschule Escuela de Idiomas Nerja befindet sich in der Stadtmitte in einem typischen Geb\u00e4ude mit andalusischer Architektur und einem gro\u00dfen tropischen Garten. Von den sch\u00f6nen, nahe [&hellip;]","og_url":"https:\/\/aeea.org\/de\/schulen\/malaga-2\/escuela-de-idiomas-nerja-2\/","og_site_name":"Asociaci\u00f3n Espa\u00f1ol en Andalucia","og_image":[{"url":"http:\/\/aeea.org\/wp-content\/uploads\/2014\/03\/pin71.png","type":"","width":"","height":""}],"twitter_card":"summary_large_image","twitter_misc":{"Gesch\u00e4tzte Lesezeit":"1\u00a0Minute"},"schema":{"@context":"https:\/\/schema.org","@graph":[{"@type":"WebPage","@id":"https:\/\/aeea.org\/de\/schulen\/malaga-2\/escuela-de-idiomas-nerja-2\/","url":"https:\/\/aeea.org\/de\/schulen\/malaga-2\/escuela-de-idiomas-nerja-2\/","name":"Escuela de Idiomas Nerja - Asociaci\u00f3n Espa\u00f1ol en Andalucia","isPartOf":{"@id":"https:\/\/aeea.org\/#website"},"primaryImageOfPage":{"@id":"https:\/\/aeea.org\/de\/schulen\/malaga-2\/escuela-de-idiomas-nerja-2\/#primaryimage"},"image":{"@id":"https:\/\/aeea.org\/de\/schulen\/malaga-2\/escuela-de-idiomas-nerja-2\/#primaryimage"},"thumbnailUrl":"http:\/\/aeea.org\/wp-content\/uploads\/2014\/03\/pin71.png","datePublished":"2014-06-26T13:50:54+00:00","breadcrumb":{"@id":"https:\/\/aeea.org\/de\/schulen\/malaga-2\/escuela-de-idiomas-nerja-2\/#breadcrumb"},"inLanguage":"de","potentialAction":[{"@type":"ReadAction","target":["https:\/\/aeea.org\/de\/schulen\/malaga-2\/escuela-de-idiomas-nerja-2\/"]}]},{"@type":"ImageObject","inLanguage":"de","@id":"https:\/\/aeea.org\/de\/schulen\/malaga-2\/escuela-de-idiomas-nerja-2\/#primaryimage","url":"http:\/\/aeea.org\/wp-content\/uploads\/2014\/03\/pin71.png","contentUrl":"http:\/\/aeea.org\/wp-content\/uploads\/2014\/03\/pin71.png"},{"@type":"BreadcrumbList","@id":"https:\/\/aeea.org\/de\/schulen\/malaga-2\/escuela-de-idiomas-nerja-2\/#breadcrumb","itemListElement":[{"@type":"ListItem","position":1,"name":"Home","item":"https:\/\/aeea.org\/de\/"},{"@type":"ListItem","position":2,"name":"Schulen","item":"https:\/\/aeea.org\/de\/schulen\/"},{"@type":"ListItem","position":3,"name":"M\u00e1laga","item":"https:\/\/aeea.org\/de\/schulen\/malaga-2\/"},{"@type":"ListItem","position":4,"name":"Escuela de Idiomas Nerja"}]},{"@type":"WebSite","@id":"https:\/\/aeea.org\/#website","url":"https:\/\/aeea.org\/","name":"Asociaci\u00f3n Espa\u00f1ol en Andalucia","description":"","potentialAction":[{"@type":"SearchAction","target":{"@type":"EntryPoint","urlTemplate":"https:\/\/aeea.org\/?s={search_term_string}"},"query-input":{"@type":"PropertyValueSpecification","valueRequired":true,"valueName":"search_term_string"}}],"inLanguage":"de"}]}},"_links":{"self":[{"href":"https:\/\/aeea.org\/de\/wp-json\/wp\/v2\/pages\/1339","targetHints":{"allow":["GET"]}}],"collection":[{"href":"https:\/\/aeea.org\/de\/wp-json\/wp\/v2\/pages"}],"about":[{"href":"https:\/\/aeea.org\/de\/wp-json\/wp\/v2\/types\/page"}],"author":[{"embeddable":true,"href":"https:\/\/aeea.org\/de\/wp-json\/wp\/v2\/users\/6"}],"replies":[{"embeddable":true,"href":"https:\/\/aeea.org\/de\/wp-json\/wp\/v2\/comments?post=1339"}],"version-history":[{"count":0,"href":"https:\/\/aeea.org\/de\/wp-json\/wp\/v2\/pages\/1339\/revisions"}],"up":[{"embeddable":true,"href":"https:\/\/aeea.org\/de\/wp-json\/wp\/v2\/pages\/2965"}],"wp:attachment":[{"href":"https:\/\/aeea.org\/de\/wp-json\/wp\/v2\/media?parent=1339"}],"curies":[{"name":"wp","href":"https:\/\/api.w.org\/{rel}","templated":true}]}}