{"id":1454,"date":"2014-06-30T13:52:35","date_gmt":"2014-06-30T13:52:35","guid":{"rendered":"http:\/\/aeea.org\/?page_id=1454"},"modified":"2016-03-05T11:04:56","modified_gmt":"2016-03-05T11:04:56","slug":"welche-vorteile-bieten","status":"publish","type":"page","link":"https:\/\/aeea.org\/de\/uber-eea\/welche-vorteile-bieten\/","title":{"rendered":"WELCHE VORTEILE BIETEN"},"content":{"rendered":"<h1 style=\"text-align: left;\">WELCHE VORTEILE BIETEN DIE SCHULEN DES SPRACHSCHULVERBANDES eea?<\/h1>\n<p style=\"text-align: justify;\">1) G\u00fctesiegel der Sprachschulen. Alle Mitgliedsschulen besitzen die Akkreditierung des Instituto Cervantes, also der offiziellen Institution f\u00fcr das Unterrichten von Spanisch als Fremdsprache. Somit haben Sie die Garantie, erstklassigen Sprachunterricht zu bekommen.<\/p>\n<p style=\"text-align: justify;\">2) Kollaboration mit den Beh\u00f6rden des Bildungswesens. Unser Verband arbeitet mit der Unterst\u00fctzung der andalusischen Beh\u00f6rden und diverser Regierungsabteilungen, sowie Institutionen auf lokaler und regionaler Ebene, wie zum Beispiel den Fremdenverkehrseinrichtungen, Stadtverwaltungen, Handelskammern, etc.<\/p>\n<p style=\"text-align: justify;\">3) Bedeutung unserer Spanischkurse f\u00fcr die andalusische Wirtschaft. EEZ ist der st\u00e4rkste Sprachreiseverband unserer Region und als solcher in diversen Kooperationsabkommen mit hiesigen Beh\u00f6rden anerkannt.<\/p>\n<p style=\"text-align: justify;\">4) F\u00f6rderung der Marke Andalusien und der jeweiligen Standorte unserer Mitgliedsschulen. EEA ist das Flaggschiff f\u00fcr politische Massnahmen zur F\u00f6derung des Sprachreisetourismus in Andalusien und ideale Plattform f\u00fcr die Verbreitung der Marke Andalusien und der St\u00e4dte und Orte, in denen sich unsere Mitgliedsschulen befinden.<\/p>\n<p style=\"text-align: justify;\">5) Teilnahme an fachspezifischen Marketingveranstaltungen und \u2013aktionen. Als Mitglied des angesehenen landesweiten Dachverbandes der Spanischschulen FEDELE, nimmt EEA an den wichtigsten internationalen Fachkongressen und Veranstaltungen des Sprachschulsektors teil.<\/p>\n<p style=\"text-align: justify;\">6) Auskunft \u00fcber die Wirtschaftslage der spanischen Industrie. Dank der Mitgliedschaften und Kollaboration mit den Beh\u00f6rden verf\u00fcgt EEA \u00fcber zuverl\u00e4ssige und nachgewiesene Daten der Wirtschaftslage des Sektors.<\/p>\n<p style=\"text-align: justify;\">7) Gesch\u00e4fsm\u00f6glichkeiten mit Agenturen und Vertretungen. Alle vorherstehenden Aspekte erm\u00f6glichen den Mitgliedsschulen einen direkten Zugang, um mit Vermittlerunternehmen und Vertretungen Gesch\u00e4ftsverbindungen anzukn\u00fcpfen und Wege der Zusammenarbeit zu erschliessen.<\/p>\n","protected":false},"excerpt":{"rendered":"<p>WELCHE VORTEILE BIETEN DIE SCHULEN DES SPRACHSCHULVERBANDES eea? 1) G\u00fctesiegel der Sprachschulen. Alle Mitgliedsschulen besitzen die Akkreditierung des Instituto Cervantes, also der offiziellen Institution f\u00fcr das Unterrichten von Spanisch als Fremdsprache. Somit haben Sie die Garantie, erstklassigen Sprachunterricht zu bekommen. 2) Kollaboration mit den Beh\u00f6rden des Bildungswesens. Unser Verband arbeitet mit der Unterst\u00fctzung der andalusischen [&hellip;]<\/p>\n","protected":false},"author":6,"featured_media":0,"parent":1450,"menu_order":0,"comment_status":"closed","ping_status":"closed","template":"template-blank-canvas.php","meta":{"_et_pb_use_builder":"","_et_pb_old_content":"","_et_gb_content_width":"","_monsterinsights_skip_tracking":false,"_monsterinsights_sitenote_active":false,"_monsterinsights_sitenote_note":"","_monsterinsights_sitenote_category":0,"_joinchat":[],"footnotes":""},"class_list":["post-1454","page","type-page","status-publish","hentry"],"yoast_head":"<!-- This site is optimized with the Yoast SEO plugin v27.4 - https:\/\/yoast.com\/product\/yoast-seo-wordpress\/ -->\n<title>WELCHE VORTEILE BIETEN - Asociaci\u00f3n Espa\u00f1ol en Andalucia<\/title>\n<meta name=\"robots\" content=\"index, follow, max-snippet:-1, max-image-preview:large, max-video-preview:-1\" \/>\n<link rel=\"canonical\" href=\"https:\/\/aeea.org\/de\/uber-eea\/welche-vorteile-bieten\/\" \/>\n<meta property=\"og:locale\" content=\"de_DE\" \/>\n<meta property=\"og:type\" content=\"article\" \/>\n<meta property=\"og:title\" content=\"WELCHE VORTEILE BIETEN - Asociaci\u00f3n Espa\u00f1ol en Andalucia\" \/>\n<meta property=\"og:description\" content=\"WELCHE VORTEILE BIETEN DIE SCHULEN DES SPRACHSCHULVERBANDES eea? 1) G\u00fctesiegel der Sprachschulen. Alle Mitgliedsschulen besitzen die Akkreditierung des Instituto Cervantes, also der offiziellen Institution f\u00fcr das Unterrichten von Spanisch als Fremdsprache. Somit haben Sie die Garantie, erstklassigen Sprachunterricht zu bekommen. 2) Kollaboration mit den Beh\u00f6rden des Bildungswesens. Unser Verband arbeitet mit der Unterst\u00fctzung der andalusischen [&hellip;]\" \/>\n<meta property=\"og:url\" content=\"https:\/\/aeea.org\/de\/uber-eea\/welche-vorteile-bieten\/\" \/>\n<meta property=\"og:site_name\" content=\"Asociaci\u00f3n Espa\u00f1ol en Andalucia\" \/>\n<meta property=\"article:modified_time\" content=\"2016-03-05T11:04:56+00:00\" \/>\n<meta name=\"twitter:card\" content=\"summary_large_image\" \/>\n<meta name=\"twitter:label1\" content=\"Gesch\u00e4tzte Lesezeit\" \/>\n\t<meta name=\"twitter:data1\" content=\"1\u00a0Minute\" \/>\n<script type=\"application\/ld+json\" class=\"yoast-schema-graph\">{\"@context\":\"https:\\\/\\\/schema.org\",\"@graph\":[{\"@type\":\"WebPage\",\"@id\":\"https:\\\/\\\/aeea.org\\\/de\\\/uber-eea\\\/welche-vorteile-bieten\\\/\",\"url\":\"https:\\\/\\\/aeea.org\\\/de\\\/uber-eea\\\/welche-vorteile-bieten\\\/\",\"name\":\"WELCHE VORTEILE BIETEN - Asociaci\u00f3n Espa\u00f1ol en Andalucia\",\"isPartOf\":{\"@id\":\"https:\\\/\\\/aeea.org\\\/#website\"},\"datePublished\":\"2014-06-30T13:52:35+00:00\",\"dateModified\":\"2016-03-05T11:04:56+00:00\",\"breadcrumb\":{\"@id\":\"https:\\\/\\\/aeea.org\\\/de\\\/uber-eea\\\/welche-vorteile-bieten\\\/#breadcrumb\"},\"inLanguage\":\"de\",\"potentialAction\":[{\"@type\":\"ReadAction\",\"target\":[\"https:\\\/\\\/aeea.org\\\/de\\\/uber-eea\\\/welche-vorteile-bieten\\\/\"]}]},{\"@type\":\"BreadcrumbList\",\"@id\":\"https:\\\/\\\/aeea.org\\\/de\\\/uber-eea\\\/welche-vorteile-bieten\\\/#breadcrumb\",\"itemListElement\":[{\"@type\":\"ListItem\",\"position\":1,\"name\":\"Home\",\"item\":\"https:\\\/\\\/aeea.org\\\/de\\\/\"},{\"@type\":\"ListItem\",\"position\":2,\"name\":\"\u00dcBER EEA\",\"item\":\"https:\\\/\\\/aeea.org\\\/de\\\/uber-eea\\\/\"},{\"@type\":\"ListItem\",\"position\":3,\"name\":\"WELCHE VORTEILE BIETEN\"}]},{\"@type\":\"WebSite\",\"@id\":\"https:\\\/\\\/aeea.org\\\/#website\",\"url\":\"https:\\\/\\\/aeea.org\\\/\",\"name\":\"Asociaci\u00f3n Espa\u00f1ol en Andalucia\",\"description\":\"\",\"potentialAction\":[{\"@type\":\"SearchAction\",\"target\":{\"@type\":\"EntryPoint\",\"urlTemplate\":\"https:\\\/\\\/aeea.org\\\/?s={search_term_string}\"},\"query-input\":{\"@type\":\"PropertyValueSpecification\",\"valueRequired\":true,\"valueName\":\"search_term_string\"}}],\"inLanguage\":\"de\"}]}<\/script>\n<!-- \/ Yoast SEO plugin. -->","yoast_head_json":{"title":"WELCHE VORTEILE BIETEN - Asociaci\u00f3n Espa\u00f1ol en Andalucia","robots":{"index":"index","follow":"follow","max-snippet":"max-snippet:-1","max-image-preview":"max-image-preview:large","max-video-preview":"max-video-preview:-1"},"canonical":"https:\/\/aeea.org\/de\/uber-eea\/welche-vorteile-bieten\/","og_locale":"de_DE","og_type":"article","og_title":"WELCHE VORTEILE BIETEN - Asociaci\u00f3n Espa\u00f1ol en Andalucia","og_description":"WELCHE VORTEILE BIETEN DIE SCHULEN DES SPRACHSCHULVERBANDES eea? 1) G\u00fctesiegel der Sprachschulen. Alle Mitgliedsschulen besitzen die Akkreditierung des Instituto Cervantes, also der offiziellen Institution f\u00fcr das Unterrichten von Spanisch als Fremdsprache. Somit haben Sie die Garantie, erstklassigen Sprachunterricht zu bekommen. 2) Kollaboration mit den Beh\u00f6rden des Bildungswesens. Unser Verband arbeitet mit der Unterst\u00fctzung der andalusischen [&hellip;]","og_url":"https:\/\/aeea.org\/de\/uber-eea\/welche-vorteile-bieten\/","og_site_name":"Asociaci\u00f3n Espa\u00f1ol en Andalucia","article_modified_time":"2016-03-05T11:04:56+00:00","twitter_card":"summary_large_image","twitter_misc":{"Gesch\u00e4tzte Lesezeit":"1\u00a0Minute"},"schema":{"@context":"https:\/\/schema.org","@graph":[{"@type":"WebPage","@id":"https:\/\/aeea.org\/de\/uber-eea\/welche-vorteile-bieten\/","url":"https:\/\/aeea.org\/de\/uber-eea\/welche-vorteile-bieten\/","name":"WELCHE VORTEILE BIETEN - Asociaci\u00f3n Espa\u00f1ol en Andalucia","isPartOf":{"@id":"https:\/\/aeea.org\/#website"},"datePublished":"2014-06-30T13:52:35+00:00","dateModified":"2016-03-05T11:04:56+00:00","breadcrumb":{"@id":"https:\/\/aeea.org\/de\/uber-eea\/welche-vorteile-bieten\/#breadcrumb"},"inLanguage":"de","potentialAction":[{"@type":"ReadAction","target":["https:\/\/aeea.org\/de\/uber-eea\/welche-vorteile-bieten\/"]}]},{"@type":"BreadcrumbList","@id":"https:\/\/aeea.org\/de\/uber-eea\/welche-vorteile-bieten\/#breadcrumb","itemListElement":[{"@type":"ListItem","position":1,"name":"Home","item":"https:\/\/aeea.org\/de\/"},{"@type":"ListItem","position":2,"name":"\u00dcBER EEA","item":"https:\/\/aeea.org\/de\/uber-eea\/"},{"@type":"ListItem","position":3,"name":"WELCHE VORTEILE BIETEN"}]},{"@type":"WebSite","@id":"https:\/\/aeea.org\/#website","url":"https:\/\/aeea.org\/","name":"Asociaci\u00f3n Espa\u00f1ol en Andalucia","description":"","potentialAction":[{"@type":"SearchAction","target":{"@type":"EntryPoint","urlTemplate":"https:\/\/aeea.org\/?s={search_term_string}"},"query-input":{"@type":"PropertyValueSpecification","valueRequired":true,"valueName":"search_term_string"}}],"inLanguage":"de"}]}},"_links":{"self":[{"href":"https:\/\/aeea.org\/de\/wp-json\/wp\/v2\/pages\/1454","targetHints":{"allow":["GET"]}}],"collection":[{"href":"https:\/\/aeea.org\/de\/wp-json\/wp\/v2\/pages"}],"about":[{"href":"https:\/\/aeea.org\/de\/wp-json\/wp\/v2\/types\/page"}],"author":[{"embeddable":true,"href":"https:\/\/aeea.org\/de\/wp-json\/wp\/v2\/users\/6"}],"replies":[{"embeddable":true,"href":"https:\/\/aeea.org\/de\/wp-json\/wp\/v2\/comments?post=1454"}],"version-history":[{"count":1,"href":"https:\/\/aeea.org\/de\/wp-json\/wp\/v2\/pages\/1454\/revisions"}],"predecessor-version":[{"id":3300,"href":"https:\/\/aeea.org\/de\/wp-json\/wp\/v2\/pages\/1454\/revisions\/3300"}],"up":[{"embeddable":true,"href":"https:\/\/aeea.org\/de\/wp-json\/wp\/v2\/pages\/1450"}],"wp:attachment":[{"href":"https:\/\/aeea.org\/de\/wp-json\/wp\/v2\/media?parent=1454"}],"curies":[{"name":"wp","href":"https:\/\/api.w.org\/{rel}","templated":true}]}}