{"id":1456,"date":"2014-06-30T13:55:11","date_gmt":"2014-06-30T13:55:11","guid":{"rendered":"http:\/\/aeea.org\/?page_id=1456"},"modified":"2021-08-03T12:10:39","modified_gmt":"2021-08-03T12:10:39","slug":"warum-andalusien","status":"publish","type":"page","link":"https:\/\/aeea.org\/de\/uber-eea\/warum-andalusien\/","title":{"rendered":"WARUM ANDALUSIEN?"},"content":{"rendered":"<p>[et_pb_section fb_built=&#8220;1&#8243; disabled_on=&#8220;off|off|off&#8220; admin_label=&#8220;Header Section&#8220; _builder_version=&#8220;4.6.3&#8243; use_background_color_gradient=&#8220;on&#8220; background_color_gradient_start=&#8220;rgba(20,61,88,0.65)&#8220; background_color_gradient_end=&#8220;rgba(20,61,88,0.33)&#8220; background_color_gradient_overlays_image=&#8220;on&#8220; background_image=&#8220;http:\/\/aeea.org\/wp-content\/uploads\/2016\/02\/tango-Granada.jpg&#8220; custom_margin=&#8220;|||&#8220; custom_padding=&#8220;6vw|0px|6vw|0px|true|&#8220; bottom_divider_color=&#8220;rgba(5,41,66,0.3)&#8220; bottom_divider_height=&#8220;20vw&#8220; animation_style=&#8220;slide&#8220; animation_direction=&#8220;top&#8220; animation_intensity_slide=&#8220;3%&#8220; animation_starting_opacity=&#8220;100%&#8220; hover_enabled=&#8220;0&#8243; sticky_enabled=&#8220;0&#8243; title_text=&#8220;tango Granada&#8220;][et_pb_row disabled_on=&#8220;off|off|off&#8220; module_class=&#8220; et_pb_row_fullwidth&#8220; _builder_version=&#8220;3.25&#8243; width=&#8220;89%&#8220; width_tablet=&#8220;80%&#8220; width_phone=&#8220;&#8220; width_last_edited=&#8220;on|desktop&#8220; max_width=&#8220;89%&#8220; max_width_tablet=&#8220;80%&#8220; max_width_phone=&#8220;&#8220; max_width_last_edited=&#8220;on|desktop&#8220; custom_padding=&#8220;|||&#8220; make_fullwidth=&#8220;on&#8220;][et_pb_column type=&#8220;4_4&#8243; _builder_version=&#8220;3.25&#8243; custom_padding=&#8220;|||&#8220; custom_padding__hover=&#8220;|||&#8220;][et_pb_text disabled_on=&#8220;off|off|off&#8220; _builder_version=&#8220;4.6.3&#8243; text_font=&#8220;Montserrat||||||||&#8220; text_font_size=&#8220;22px&#8220; text_line_height=&#8220;1.8em&#8220; header_font=&#8220;Montserrat|600|||||||&#8220; header_text_align=&#8220;center&#8220; header_font_size=&#8220;40px&#8220; header_line_height=&#8220;1.5em&#8220; text_orientation=&#8220;center&#8220; background_layout=&#8220;dark&#8220; custom_margin=&#8220;|||&#8220; hover_enabled=&#8220;0&#8243; header_font_size_tablet=&#8220;50px&#8220; header_font_size_phone=&#8220;&#8220; header_font_size_last_edited=&#8220;on|desktop&#8220; header_line_height_tablet=&#8220;1.1em&#8220; header_line_height_phone=&#8220;1.2em&#8220; header_line_height_last_edited=&#8220;off|desktop&#8220; sticky_enabled=&#8220;0&#8243;]<\/p>\n<h1>WARUM ANDALUSIEN?<\/h1>\n<p>[\/et_pb_text][\/et_pb_column][\/et_pb_row][\/et_pb_section][et_pb_section fb_built=&#8220;1&#8243; specialty=&#8220;on&#8220; padding_top_1=&#8220;80px&#8220; padding_left_1=&#8220;12%&#8220; padding_1_tablet=&#8220;0px|10%||10%&#8220; padding_1_phone=&#8220;&#8220; padding_1_last_edited=&#8220;on|tablet&#8220; admin_label=&#8220;Commitment Section&#8220; _builder_version=&#8220;3.22&#8243; use_background_color_gradient=&#8220;on&#8220; background_color_gradient_start=&#8220;rgba(242,246,249,0)&#8220; background_color_gradient_end=&#8220;#f2f6f9&#8243; background_color_gradient_direction=&#8220;90deg&#8220; background_color_gradient_start_position=&#8220;80%&#8220; background_color_gradient_end_position=&#8220;80%&#8220; inner_width=&#8220;100%&#8220; inner_max_width=&#8220;100%&#8220; custom_margin=&#8220;|||&#8220; custom_padding=&#8220;0px|0px|120px|0px||&#8220; animation_style=&#8220;slide&#8220; animation_direction=&#8220;right&#8220; animation_intensity_slide=&#8220;2%&#8220; use_custom_width=&#8220;on&#8220; width_unit=&#8220;off&#8220; custom_width_percent=&#8220;100%&#8220;][et_pb_column type=&#8220;1_2&#8243; _builder_version=&#8220;3.25&#8243; custom_padding=&#8220;|||&#8220; custom_padding__hover=&#8220;|||&#8220;][et_pb_text admin_label=&#8220;Title&#8220; _builder_version=&#8220;4.6.3&#8243; text_font=&#8220;||||||||&#8220; header_font=&#8220;||||||||&#8220; header_2_font=&#8220;Montserrat||||||||&#8220; header_2_font_size=&#8220;40px&#8220; header_2_line_height=&#8220;1.5em&#8220; max_width=&#8220;800px&#8220; custom_margin=&#8220;||20px|&#8220; custom_padding=&#8220;|||&#8220; custom_padding_tablet=&#8220;0px|10%||70px&#8220; custom_padding_phone=&#8220;0px|10%||50px&#8220; custom_padding_last_edited=&#8220;off|desktop&#8220; hover_enabled=&#8220;0&#8243; header_2_font_size_tablet=&#8220;35px&#8220; header_2_font_size_phone=&#8220;35px&#8220; header_2_font_size_last_edited=&#8220;on|phone&#8220; header_2_line_height_tablet=&#8220;1em&#8220; header_2_line_height_phone=&#8220;1.4em&#8220; header_2_line_height_last_edited=&#8220;off|desktop&#8220; sticky_enabled=&#8220;0&#8243;]<\/p>\n<h2>WARUM ANDALUSIEN?<\/h2>\n<p>[\/et_pb_text][et_pb_blurb image=&#8220;https:\/\/fedelemadrid.com\/wp-content\/uploads\/2020\/07\/Icono.jpg&#8220; icon_placement=&#8220;left&#8220; content_max_width=&#8220;100%&#8220; admin_label=&#8220;Service&#8220; _builder_version=&#8220;4.6.3&#8243; header_font=&#8220;Montserrat|600|||||||&#8220; header_text_color=&#8220;#5c6e7a&#8220; header_font_size=&#8220;15px&#8220; custom_padding=&#8220;|||&#8220; custom_padding_tablet=&#8220;||20px|&#8220; custom_padding_phone=&#8220;|||&#8220; custom_padding_last_edited=&#8220;off|desktop&#8220; hover_enabled=&#8220;0&#8243; body_font=&#8220;Montserrat||||||||&#8220; sticky_enabled=&#8220;0&#8243;]<\/p>\n<p><b>Bezaubernde Landschaft<\/b>, der Kontrast von Meer und Bergen, Sonne und Schnee, Tiefebenen und H\u00fcgelketten\u2026<\/p>\n<p>[\/et_pb_blurb][et_pb_blurb image=&#8220;https:\/\/fedelemadrid.com\/wp-content\/uploads\/2020\/07\/Icono.jpg&#8220; icon_placement=&#8220;left&#8220; content_max_width=&#8220;100%&#8220; admin_label=&#8220;Service&#8220; _builder_version=&#8220;4.6.3&#8243; header_font=&#8220;Montserrat||||||||&#8220; header_text_color=&#8220;#5c6e7a&#8220; header_font_size=&#8220;15px&#8220; custom_padding=&#8220;|||&#8220; custom_padding_tablet=&#8220;||20px|&#8220; custom_padding_phone=&#8220;|||&#8220; custom_padding_last_edited=&#8220;off|desktop&#8220; hover_enabled=&#8220;0&#8243; sticky_enabled=&#8220;0&#8243;]<\/p>\n<p><b>Das andalusische Klima<\/b>, das uns mit \u00fcber 300 Sonnentagen pro Jahr verw\u00f6hnt. \u00a0Die angenehmen Temperaturen erm\u00f6glichen, das Leben im Freien an der frischen Luft zu geniessen.<\/p>\n<p>[\/et_pb_blurb][et_pb_blurb image=&#8220;https:\/\/fedelemadrid.com\/wp-content\/uploads\/2020\/07\/Icono.jpg&#8220; icon_placement=&#8220;left&#8220; content_max_width=&#8220;100%&#8220; admin_label=&#8220;Service&#8220; _builder_version=&#8220;4.6.3&#8243; header_font=&#8220;Montserrat|600|||||||&#8220; header_text_color=&#8220;#5c6e7a&#8220; header_font_size=&#8220;15px&#8220; custom_padding=&#8220;|||&#8220; custom_padding_tablet=&#8220;||20px|&#8220; custom_padding_phone=&#8220;|||&#8220; custom_padding_last_edited=&#8220;off|desktop&#8220; hover_enabled=&#8220;0&#8243; body_font=&#8220;Montserrat||||||||&#8220; sticky_enabled=&#8220;0&#8243;]<\/p>\n<p><b>Die Kultur und Geschichte Andalusiens<\/b>: Die Alhambra von Granada, die Moschee in Cordoba, die Kathedralen von Cadiz und Sevilla, unz\u00e4hlige Festungen, Burgen, Kl\u00f6ster in unserer Region gemahnen uns auf Schritt und Tritt an die drei Kulturen, die hier gelebt und das Land und seine Bewohner gepr\u00e4gt haben: Araber, Juden und Christen.<\/p>\n<p>[\/et_pb_blurb][et_pb_blurb image=&#8220;https:\/\/fedelemadrid.com\/wp-content\/uploads\/2020\/07\/Icono.jpg&#8220; icon_placement=&#8220;left&#8220; content_max_width=&#8220;100%&#8220; admin_label=&#8220;Service&#8220; _builder_version=&#8220;4.6.3&#8243; header_font=&#8220;Montserrat|600|||||||&#8220; header_text_color=&#8220;#5c6e7a&#8220; header_font_size=&#8220;15px&#8220; custom_padding=&#8220;|||&#8220; custom_padding_tablet=&#8220;||20px|&#8220; custom_padding_phone=&#8220;|||&#8220; custom_padding_last_edited=&#8220;off|desktop&#8220; hover_enabled=&#8220;0&#8243; body_font=&#8220;Montserrat||||||||&#8220; sticky_enabled=&#8220;0&#8243;]<\/p>\n<p><b>Kunst und Tradition<\/b>: tauchen Sie in Flamencogesang und \u2013tanz ein, bestaunen Sie die Umz\u00fcge der Semana Santa in der Karwoche, nehmen Sie am Pilgerzug im Mai teil, erleben Sie den Karneval in Cadiz\u2026<\/p>\n<p>[\/et_pb_blurb][et_pb_blurb image=&#8220;https:\/\/fedelemadrid.com\/wp-content\/uploads\/2020\/07\/Icono.jpg&#8220; icon_placement=&#8220;left&#8220; content_max_width=&#8220;100%&#8220; admin_label=&#8220;Service&#8220; _builder_version=&#8220;4.6.3&#8243; header_font=&#8220;Montserrat|600|||||||&#8220; header_text_color=&#8220;#5c6e7a&#8220; header_font_size=&#8220;15px&#8220; custom_padding=&#8220;|||&#8220; custom_padding_tablet=&#8220;||20px|&#8220; custom_padding_phone=&#8220;|||&#8220; custom_padding_last_edited=&#8220;off|desktop&#8220; hover_enabled=&#8220;0&#8243; body_font=&#8220;Montserrat||||||||&#8220; sticky_enabled=&#8220;0&#8243;]<\/p>\n<p><b>Die \u201cAndalusier\u201d<\/b>\u00a0werden in ganz Spanien wegen ihres Frohsinns und Humors gesch\u00e4tzt und sind f\u00fcr ihre Gastfreundschaft und Herzlichkeit ber\u00fchmt, mit der sie Besucher willkommen hei\u00dfen.<\/p>\n<p>[\/et_pb_blurb][et_pb_blurb image=&#8220;https:\/\/fedelemadrid.com\/wp-content\/uploads\/2020\/07\/Icono.jpg&#8220; icon_placement=&#8220;left&#8220; content_max_width=&#8220;100%&#8220; admin_label=&#8220;Service&#8220; _builder_version=&#8220;4.6.3&#8243; header_font=&#8220;Montserrat|600|||||||&#8220; header_text_color=&#8220;#5c6e7a&#8220; header_font_size=&#8220;15px&#8220; custom_padding=&#8220;|||&#8220; custom_padding_tablet=&#8220;||20px|&#8220; custom_padding_phone=&#8220;|||&#8220; custom_padding_last_edited=&#8220;off|desktop&#8220; hover_enabled=&#8220;0&#8243; body_font=&#8220;Montserrat||||||||&#8220; sticky_enabled=&#8220;0&#8243;]<\/p>\n<p><b>Die Gastronomie<\/b>: die andalusische K\u00fcche vereint die authentischen, traditionellen mediterranen Speisen.<\/p>\n<p>[\/et_pb_blurb][et_pb_blurb image=&#8220;https:\/\/fedelemadrid.com\/wp-content\/uploads\/2020\/07\/Icono.jpg&#8220; icon_placement=&#8220;left&#8220; content_max_width=&#8220;100%&#8220; admin_label=&#8220;Service&#8220; _builder_version=&#8220;4.6.3&#8243; header_font=&#8220;Montserrat|600|||||||&#8220; header_text_color=&#8220;#5c6e7a&#8220; header_font_size=&#8220;15px&#8220; custom_padding=&#8220;|||&#8220; custom_padding_tablet=&#8220;||20px|&#8220; custom_padding_phone=&#8220;|||&#8220; custom_padding_last_edited=&#8220;off|desktop&#8220; hover_enabled=&#8220;0&#8243; body_font=&#8220;Montserrat||||||||&#8220; sticky_enabled=&#8220;0&#8243;]<\/p>\n<p><b>Das Sportangebot<\/b>\u00a0 das Freizeitangebot reicht von Wandern, Klettern und Reiten bis zu Wasserski und vielem mehr.<\/p>\n<p>[\/et_pb_blurb][et_pb_blurb image=&#8220;https:\/\/fedelemadrid.com\/wp-content\/uploads\/2020\/07\/Icono.jpg&#8220; icon_placement=&#8220;left&#8220; content_max_width=&#8220;100%&#8220; admin_label=&#8220;Service&#8220; _builder_version=&#8220;4.6.3&#8243; header_font=&#8220;Montserrat|600|||||||&#8220; header_text_color=&#8220;#5c6e7a&#8220; header_font_size=&#8220;15px&#8220; custom_padding=&#8220;|||&#8220; custom_padding_tablet=&#8220;||20px|&#8220; custom_padding_phone=&#8220;|||&#8220; custom_padding_last_edited=&#8220;off|desktop&#8220; hover_enabled=&#8220;0&#8243; body_font=&#8220;Montserrat||||||||&#8220; sticky_enabled=&#8220;0&#8243;]<\/p>\n<ul>\n<li><b>Gute Verkehrsanbindungen<\/b>: mit sechs Flugh\u00e4fen (darunter zwei internationale), gut ausgebauten Autobahnen und Schnellstrassen, dem Hochgeschwindigkeitszug und einem soliden Strassennetz, ist es heutzutage leicht und angenehm, durch Andalusien zu reisen.<\/li>\n<\/ul>\n<p>[\/et_pb_blurb][et_pb_text admin_label=&#8220;Paragraph&#8220; _builder_version=&#8220;4.6.3&#8243; text_font=&#8220;Montserrat||||||||&#8220; text_font_size=&#8220;24px&#8220; text_line_height=&#8220;2.2em&#8220; header_font=&#8220;||||||||&#8220; header_2_font=&#8220;Montserrat||||||||&#8220; header_2_text_color=&#8220;#21323d&#8220; header_2_font_size=&#8220;40px&#8220; header_2_line_height=&#8220;1.5em&#8220; max_width=&#8220;800px&#8220; custom_margin=&#8220;||80px|&#8220; custom_padding=&#8220;|||&#8220; custom_padding_tablet=&#8220;|100px||70px&#8220; custom_padding_phone=&#8220;|||50px&#8220; custom_padding_last_edited=&#8220;off|desktop&#8220; hover_enabled=&#8220;0&#8243; text_line_height_last_edited=&#8220;off|desktop&#8220; header_2_font_size_tablet=&#8220;35px&#8220; header_2_font_size_phone=&#8220;35px&#8220; header_2_font_size_last_edited=&#8220;on|phone&#8220; header_2_line_height_tablet=&#8220;1em&#8220; header_2_line_height_phone=&#8220;1.4em&#8220; header_2_line_height_last_edited=&#8220;off|desktop&#8220; sticky_enabled=&#8220;0&#8243;]<\/p>\n<div id=\"main-content\">\n<article id=\"post-1456\" class=\"post-1456 page type-page status-publish hentry\">\n<div class=\"entry-content\">\n<div id=\"et-boc\" class=\"et-boc\">\n<div class=\"et-l et-l--post\">\n<div class=\"et_builder_inner_content et_pb_gutters3\">\n<p><strong>\u00dcberzeugen Sie sich selbst\u00a0 \u2013 Sie sind herzlich willkommen!<\/strong><\/p>\n<\/div>\n<\/div>\n<\/div>\n<\/div>\n<\/article>\n<\/div>\n<p>[\/et_pb_text][\/et_pb_column][et_pb_column type=&#8220;1_2&#8243; specialty_columns=&#8220;2&#8243; _builder_version=&#8220;3.25&#8243; custom_padding=&#8220;|||&#8220; custom_padding__hover=&#8220;|||&#8220;][et_pb_row_inner _builder_version=&#8220;4.5.1&#8243; _module_preset=&#8220;default&#8220;][et_pb_column_inner saved_specialty_column_type=&#8220;1_2&#8243; _builder_version=&#8220;4.5.1&#8243; _module_preset=&#8220;default&#8220;][et_pb_image src=&#8220;http:\/\/aeea.org\/wp-content\/uploads\/2014\/03\/sevilla-ok.jpg&#8220; _builder_version=&#8220;4.6.3&#8243; _module_preset=&#8220;default&#8220; width=&#8220;75%&#8220; module_alignment=&#8220;center&#8220; hover_enabled=&#8220;0&#8243; title_text=&#8220;sevilla-ok&#8220; sticky_enabled=&#8220;0&#8243;][\/et_pb_image][et_pb_image src=&#8220;http:\/\/aeea.org\/wp-content\/uploads\/2014\/03\/malaga-ok.jpg&#8220; _builder_version=&#8220;4.6.3&#8243; _module_preset=&#8220;default&#8220; width=&#8220;75%&#8220; module_alignment=&#8220;center&#8220; hover_enabled=&#8220;0&#8243; title_text=&#8220;malaga-ok&#8220; sticky_enabled=&#8220;0&#8243;][\/et_pb_image][et_pb_image src=&#8220;http:\/\/aeea.org\/wp-content\/uploads\/2014\/03\/granada-ok.jpg&#8220; _builder_version=&#8220;4.6.3&#8243; _module_preset=&#8220;default&#8220; width=&#8220;75%&#8220; module_alignment=&#8220;center&#8220; hover_enabled=&#8220;0&#8243; title_text=&#8220;granada-ok&#8220; sticky_enabled=&#8220;0&#8243;][\/et_pb_image][et_pb_image src=&#8220;http:\/\/aeea.org\/wp-content\/uploads\/2014\/03\/cadiz-ok.jpg&#8220; _builder_version=&#8220;4.6.3&#8243; _module_preset=&#8220;default&#8220; width=&#8220;75%&#8220; module_alignment=&#8220;center&#8220; hover_enabled=&#8220;0&#8243; title_text=&#8220;cadiz-ok&#8220; sticky_enabled=&#8220;0&#8243;][\/et_pb_image][\/et_pb_column_inner][\/et_pb_row_inner][\/et_pb_column][\/et_pb_section]<\/p>\n","protected":false},"excerpt":{"rendered":"<p>WARUM ANDALUSIEN? WARUM ANDALUSIEN? Bezaubernde Landschaft, der Kontrast von Meer und Bergen, Sonne und Schnee, Tiefebenen und H\u00fcgelketten\u2026 Das andalusische Klima, das uns mit \u00fcber 300 Sonnentagen pro Jahr verw\u00f6hnt. \u00a0Die angenehmen Temperaturen erm\u00f6glichen, das Leben im Freien an der frischen Luft zu geniessen. Die Kultur und Geschichte Andalusiens: Die Alhambra von Granada, die Moschee [&hellip;]<\/p>\n","protected":false},"author":6,"featured_media":0,"parent":1450,"menu_order":0,"comment_status":"open","ping_status":"open","template":"","meta":{"_et_pb_use_builder":"on","_et_pb_old_content":"","_et_gb_content_width":"","_monsterinsights_skip_tracking":false,"_monsterinsights_sitenote_active":false,"_monsterinsights_sitenote_note":"","_monsterinsights_sitenote_category":0,"_joinchat":[],"footnotes":""},"class_list":["post-1456","page","type-page","status-publish","hentry"],"yoast_head":"<!-- This site is optimized with the Yoast SEO plugin v27.4 - https:\/\/yoast.com\/product\/yoast-seo-wordpress\/ -->\n<title>WARUM ANDALUSIEN? - Asociaci\u00f3n Espa\u00f1ol en Andalucia<\/title>\n<meta name=\"robots\" content=\"index, follow, max-snippet:-1, max-image-preview:large, max-video-preview:-1\" \/>\n<link rel=\"canonical\" href=\"https:\/\/aeea.org\/de\/uber-eea\/warum-andalusien\/\" \/>\n<meta property=\"og:locale\" content=\"de_DE\" \/>\n<meta property=\"og:type\" content=\"article\" \/>\n<meta property=\"og:title\" content=\"WARUM ANDALUSIEN? - Asociaci\u00f3n Espa\u00f1ol en Andalucia\" \/>\n<meta property=\"og:description\" content=\"WARUM ANDALUSIEN? WARUM ANDALUSIEN? Bezaubernde Landschaft, der Kontrast von Meer und Bergen, Sonne und Schnee, Tiefebenen und H\u00fcgelketten\u2026 Das andalusische Klima, das uns mit \u00fcber 300 Sonnentagen pro Jahr verw\u00f6hnt. \u00a0Die angenehmen Temperaturen erm\u00f6glichen, das Leben im Freien an der frischen Luft zu geniessen. Die Kultur und Geschichte Andalusiens: Die Alhambra von Granada, die Moschee [&hellip;]\" \/>\n<meta property=\"og:url\" content=\"https:\/\/aeea.org\/de\/uber-eea\/warum-andalusien\/\" \/>\n<meta property=\"og:site_name\" content=\"Asociaci\u00f3n Espa\u00f1ol en Andalucia\" \/>\n<meta property=\"article:modified_time\" content=\"2021-08-03T12:10:39+00:00\" \/>\n<meta name=\"twitter:card\" content=\"summary_large_image\" \/>\n<meta name=\"twitter:label1\" content=\"Gesch\u00e4tzte Lesezeit\" \/>\n\t<meta name=\"twitter:data1\" content=\"7\u00a0Minuten\" \/>\n<script type=\"application\/ld+json\" class=\"yoast-schema-graph\">{\"@context\":\"https:\\\/\\\/schema.org\",\"@graph\":[{\"@type\":\"WebPage\",\"@id\":\"https:\\\/\\\/aeea.org\\\/de\\\/uber-eea\\\/warum-andalusien\\\/\",\"url\":\"https:\\\/\\\/aeea.org\\\/de\\\/uber-eea\\\/warum-andalusien\\\/\",\"name\":\"WARUM ANDALUSIEN? - Asociaci\u00f3n Espa\u00f1ol en Andalucia\",\"isPartOf\":{\"@id\":\"https:\\\/\\\/aeea.org\\\/#website\"},\"datePublished\":\"2014-06-30T13:55:11+00:00\",\"dateModified\":\"2021-08-03T12:10:39+00:00\",\"breadcrumb\":{\"@id\":\"https:\\\/\\\/aeea.org\\\/de\\\/uber-eea\\\/warum-andalusien\\\/#breadcrumb\"},\"inLanguage\":\"de\",\"potentialAction\":[{\"@type\":\"ReadAction\",\"target\":[\"https:\\\/\\\/aeea.org\\\/de\\\/uber-eea\\\/warum-andalusien\\\/\"]}]},{\"@type\":\"BreadcrumbList\",\"@id\":\"https:\\\/\\\/aeea.org\\\/de\\\/uber-eea\\\/warum-andalusien\\\/#breadcrumb\",\"itemListElement\":[{\"@type\":\"ListItem\",\"position\":1,\"name\":\"Home\",\"item\":\"https:\\\/\\\/aeea.org\\\/de\\\/\"},{\"@type\":\"ListItem\",\"position\":2,\"name\":\"\u00dcBER EEA\",\"item\":\"https:\\\/\\\/aeea.org\\\/de\\\/uber-eea\\\/\"},{\"@type\":\"ListItem\",\"position\":3,\"name\":\"WARUM ANDALUSIEN?\"}]},{\"@type\":\"WebSite\",\"@id\":\"https:\\\/\\\/aeea.org\\\/#website\",\"url\":\"https:\\\/\\\/aeea.org\\\/\",\"name\":\"Asociaci\u00f3n Espa\u00f1ol en Andalucia\",\"description\":\"\",\"potentialAction\":[{\"@type\":\"SearchAction\",\"target\":{\"@type\":\"EntryPoint\",\"urlTemplate\":\"https:\\\/\\\/aeea.org\\\/?s={search_term_string}\"},\"query-input\":{\"@type\":\"PropertyValueSpecification\",\"valueRequired\":true,\"valueName\":\"search_term_string\"}}],\"inLanguage\":\"de\"}]}<\/script>\n<!-- \/ Yoast SEO plugin. -->","yoast_head_json":{"title":"WARUM ANDALUSIEN? - Asociaci\u00f3n Espa\u00f1ol en Andalucia","robots":{"index":"index","follow":"follow","max-snippet":"max-snippet:-1","max-image-preview":"max-image-preview:large","max-video-preview":"max-video-preview:-1"},"canonical":"https:\/\/aeea.org\/de\/uber-eea\/warum-andalusien\/","og_locale":"de_DE","og_type":"article","og_title":"WARUM ANDALUSIEN? - Asociaci\u00f3n Espa\u00f1ol en Andalucia","og_description":"WARUM ANDALUSIEN? WARUM ANDALUSIEN? Bezaubernde Landschaft, der Kontrast von Meer und Bergen, Sonne und Schnee, Tiefebenen und H\u00fcgelketten\u2026 Das andalusische Klima, das uns mit \u00fcber 300 Sonnentagen pro Jahr verw\u00f6hnt. \u00a0Die angenehmen Temperaturen erm\u00f6glichen, das Leben im Freien an der frischen Luft zu geniessen. Die Kultur und Geschichte Andalusiens: Die Alhambra von Granada, die Moschee [&hellip;]","og_url":"https:\/\/aeea.org\/de\/uber-eea\/warum-andalusien\/","og_site_name":"Asociaci\u00f3n Espa\u00f1ol en Andalucia","article_modified_time":"2021-08-03T12:10:39+00:00","twitter_card":"summary_large_image","twitter_misc":{"Gesch\u00e4tzte Lesezeit":"7\u00a0Minuten"},"schema":{"@context":"https:\/\/schema.org","@graph":[{"@type":"WebPage","@id":"https:\/\/aeea.org\/de\/uber-eea\/warum-andalusien\/","url":"https:\/\/aeea.org\/de\/uber-eea\/warum-andalusien\/","name":"WARUM ANDALUSIEN? - Asociaci\u00f3n Espa\u00f1ol en Andalucia","isPartOf":{"@id":"https:\/\/aeea.org\/#website"},"datePublished":"2014-06-30T13:55:11+00:00","dateModified":"2021-08-03T12:10:39+00:00","breadcrumb":{"@id":"https:\/\/aeea.org\/de\/uber-eea\/warum-andalusien\/#breadcrumb"},"inLanguage":"de","potentialAction":[{"@type":"ReadAction","target":["https:\/\/aeea.org\/de\/uber-eea\/warum-andalusien\/"]}]},{"@type":"BreadcrumbList","@id":"https:\/\/aeea.org\/de\/uber-eea\/warum-andalusien\/#breadcrumb","itemListElement":[{"@type":"ListItem","position":1,"name":"Home","item":"https:\/\/aeea.org\/de\/"},{"@type":"ListItem","position":2,"name":"\u00dcBER EEA","item":"https:\/\/aeea.org\/de\/uber-eea\/"},{"@type":"ListItem","position":3,"name":"WARUM ANDALUSIEN?"}]},{"@type":"WebSite","@id":"https:\/\/aeea.org\/#website","url":"https:\/\/aeea.org\/","name":"Asociaci\u00f3n Espa\u00f1ol en Andalucia","description":"","potentialAction":[{"@type":"SearchAction","target":{"@type":"EntryPoint","urlTemplate":"https:\/\/aeea.org\/?s={search_term_string}"},"query-input":{"@type":"PropertyValueSpecification","valueRequired":true,"valueName":"search_term_string"}}],"inLanguage":"de"}]}},"_links":{"self":[{"href":"https:\/\/aeea.org\/de\/wp-json\/wp\/v2\/pages\/1456","targetHints":{"allow":["GET"]}}],"collection":[{"href":"https:\/\/aeea.org\/de\/wp-json\/wp\/v2\/pages"}],"about":[{"href":"https:\/\/aeea.org\/de\/wp-json\/wp\/v2\/types\/page"}],"author":[{"embeddable":true,"href":"https:\/\/aeea.org\/de\/wp-json\/wp\/v2\/users\/6"}],"replies":[{"embeddable":true,"href":"https:\/\/aeea.org\/de\/wp-json\/wp\/v2\/comments?post=1456"}],"version-history":[{"count":6,"href":"https:\/\/aeea.org\/de\/wp-json\/wp\/v2\/pages\/1456\/revisions"}],"predecessor-version":[{"id":7500,"href":"https:\/\/aeea.org\/de\/wp-json\/wp\/v2\/pages\/1456\/revisions\/7500"}],"up":[{"embeddable":true,"href":"https:\/\/aeea.org\/de\/wp-json\/wp\/v2\/pages\/1450"}],"wp:attachment":[{"href":"https:\/\/aeea.org\/de\/wp-json\/wp\/v2\/media?parent=1456"}],"curies":[{"name":"wp","href":"https:\/\/api.w.org\/{rel}","templated":true}]}}