{"id":1458,"date":"2014-06-30T13:56:04","date_gmt":"2014-06-30T13:56:04","guid":{"rendered":"http:\/\/aeea.org\/?page_id=1458"},"modified":"2021-08-04T13:12:54","modified_gmt":"2021-08-04T13:12:54","slug":"erasmus","status":"publish","type":"page","link":"https:\/\/aeea.org\/de\/uber-eea\/erasmus\/","title":{"rendered":"ERASMUS +"},"content":{"rendered":"<p>[et_pb_section fb_built=&#8220;1&#8243; disabled_on=&#8220;off|off|off&#8220; admin_label=&#8220;Header Section&#8220; _builder_version=&#8220;4.6.3&#8243; use_background_color_gradient=&#8220;on&#8220; background_color_gradient_start=&#8220;rgba(20,61,88,0.92)&#8220; background_color_gradient_end=&#8220;rgba(20,61,88,0.58)&#8220; background_color_gradient_overlays_image=&#8220;on&#8220; background_image=&#8220;http:\/\/aeea.org\/wp-content\/uploads\/2020\/09\/students.jpeg&#8220; custom_margin=&#8220;|||&#8220; custom_padding=&#8220;3vw|0px|3vw|0px|true|&#8220; bottom_divider_color=&#8220;rgba(5,41,66,0.3)&#8220; bottom_divider_height=&#8220;20vw&#8220; animation_style=&#8220;slide&#8220; animation_direction=&#8220;top&#8220; animation_intensity_slide=&#8220;3%&#8220; animation_starting_opacity=&#8220;100%&#8220;][et_pb_row disabled_on=&#8220;off|off|off&#8220; module_class=&#8220; et_pb_row_fullwidth&#8220; _builder_version=&#8220;3.25&#8243; width=&#8220;89%&#8220; width_tablet=&#8220;80%&#8220; width_phone=&#8220;&#8220; width_last_edited=&#8220;on|desktop&#8220; max_width=&#8220;89%&#8220; max_width_tablet=&#8220;80%&#8220; max_width_phone=&#8220;&#8220; max_width_last_edited=&#8220;on|desktop&#8220; custom_padding=&#8220;|||&#8220; make_fullwidth=&#8220;on&#8220;][et_pb_column type=&#8220;4_4&#8243; _builder_version=&#8220;3.25&#8243; custom_padding=&#8220;|||&#8220; custom_padding__hover=&#8220;|||&#8220;][et_pb_text disabled_on=&#8220;off|off|off&#8220; _builder_version=&#8220;4.6.3&#8243; text_font=&#8220;Montserrat||||||||&#8220; text_font_size=&#8220;22px&#8220; text_line_height=&#8220;1.8em&#8220; header_font=&#8220;Montserrat|600|||||||&#8220; header_text_align=&#8220;center&#8220; header_font_size=&#8220;40px&#8220; header_line_height=&#8220;1.5em&#8220; text_orientation=&#8220;center&#8220; background_layout=&#8220;dark&#8220; custom_margin=&#8220;|||&#8220; header_font_size_tablet=&#8220;50px&#8220; header_font_size_phone=&#8220;&#8220; header_font_size_last_edited=&#8220;on|desktop&#8220; header_line_height_tablet=&#8220;1.1em&#8220; header_line_height_phone=&#8220;1.2em&#8220; header_line_height_last_edited=&#8220;off|desktop&#8220;]<\/p>\n<h1>Erasmus +<\/h1>\n<p>[\/et_pb_text][\/et_pb_column][\/et_pb_row][\/et_pb_section][et_pb_section fb_built=&#8220;1&#8243; use_custom_gutter=&#8220;on&#8220; specialty=&#8220;on&#8220; padding_top_1=&#8220;0px&#8220; padding_top_2=&#8220;80px&#8220; padding_right_2=&#8220;10%&#8220; padding_bottom_2=&#8220;0px&#8220; padding_2_tablet=&#8220;0px|||10%&#8220; padding_2_phone=&#8220;|||&#8220; padding_2_last_edited=&#8220;on|tablet&#8220; admin_label=&#8220;About Section&#8220; _builder_version=&#8220;3.22&#8243; use_background_color_gradient=&#8220;on&#8220; background_color_gradient_start=&#8220;#f2f6f9&#8243; background_color_gradient_end=&#8220;rgba(242,246,249,0)&#8220; background_color_gradient_direction=&#8220;90deg&#8220; background_color_gradient_start_position=&#8220;25%&#8220; background_color_gradient_end_position=&#8220;25%&#8220; inner_width=&#8220;100%&#8220; inner_max_width=&#8220;100%&#8220; custom_margin=&#8220;|||&#8220; custom_margin_tablet=&#8220;80px|80px|80px|80px&#8220; custom_margin_last_edited=&#8220;off|desktop&#8220; custom_padding=&#8220;32px|0px|40px|0px||&#8220; animation_style=&#8220;slide&#8220; animation_direction=&#8220;left&#8220; animation_intensity_slide=&#8220;1%&#8220; use_custom_width=&#8220;on&#8220; width_unit=&#8220;off&#8220; custom_width_percent=&#8220;100%&#8220; locked=&#8220;off&#8220;][et_pb_column type=&#8220;1_3&#8243; _builder_version=&#8220;3.25&#8243; custom_padding=&#8220;|||&#8220; custom_padding__hover=&#8220;|||&#8220;][et_pb_image src=&#8220;http:\/\/aeea.org\/wp-content\/uploads\/2014\/06\/logo-Erasmus-.jpg&#8220; title_text=&#8220;logo Erasmus+&#8220; force_fullwidth=&#8220;on&#8220; align_tablet=&#8220;center&#8220; align_phone=&#8220;&#8220; align_last_edited=&#8220;on|desktop&#8220; _builder_version=&#8220;4.6.3&#8243; custom_margin=&#8220;|||&#8220; custom_margin_tablet=&#8220;|60px||60px&#8220; custom_margin_phone=&#8220;100px|||&#8220; custom_margin_last_edited=&#8220;on|tablet&#8220; custom_padding=&#8220;|||&#8220; box_shadow_style=&#8220;preset3&#8243; box_shadow_horizontal=&#8220;40px&#8220; box_shadow_vertical=&#8220;40px&#8220; box_shadow_blur=&#8220;120px&#8220; box_shadow_spread=&#8220;-24px&#8220; box_shadow_color=&#8220;rgba(67,96,124,0.5)&#8220;][\/et_pb_image][\/et_pb_column][et_pb_column type=&#8220;2_3&#8243; specialty_columns=&#8220;2&#8243; _builder_version=&#8220;3.25&#8243; custom_padding=&#8220;|||&#8220; custom_padding__hover=&#8220;|||&#8220;][et_pb_row_inner custom_padding_last_edited=&#8220;off|desktop&#8220; _builder_version=&#8220;3.25&#8243; max_width=&#8220;800px&#8220; custom_margin=&#8220;|||&#8220; custom_padding=&#8220;|||&#8220; custom_padding_phone=&#8220;|||&#8220; locked=&#8220;off&#8220;][et_pb_column_inner saved_specialty_column_type=&#8220;2_3&#8243; _builder_version=&#8220;3.25&#8243; custom_padding=&#8220;|||&#8220; custom_padding__hover=&#8220;|||&#8220;][et_pb_text admin_label=&#8220;Text&#8220; _builder_version=&#8220;4.6.3&#8243; background_size=&#8220;initial&#8220; background_position=&#8220;top_left&#8220; background_repeat=&#8220;repeat&#8220;]<\/p>\n<p>Seit 2014 wurde das Programm f\u00fcr Lebenslanges Lernen (LLP) mit Comenius-Grundtvig und Leonardo durch das neue europ\u00e4ische\u00a0 Erasmus+ abgel\u00f6st. F\u00f6rdermittel stehen f\u00fcr B\u00fcrger aus den EU-Mitgliedstaaten, Island, Liechtenstein, Norwegen, der T\u00fcrkei und Mazedonien zur Verf\u00fcgung.<\/p>\n<p>Erasmus+ f\u00f6rdert die allgemeine und berufliche Bildung mit dem Ziel, um das Kompetenzniveau und die Besch\u00e4ftigungsf\u00e4higkeit von Jugendlichen, Lehrern und Berufst\u00e4tigen zu verbessern. Die Erasmus KA1 Mobility\u00a0 Stipendien erm\u00f6glicht die Mobilit\u00e4t von Einzelpersonen aus den verschiedensten Bereichen: Schulen, Ausbildungsberufe, Hochschulen und Erwachsenenbildung.<\/p>\n<p>Die Stipendien decken einen Grossteil der f\u00fcr Reise, Unterkunft und Kurs anfallenden Unkosten ab. Einzelbewerbungen von Lehrern sind bei Erasmus+ nicht mehr vorgesehen. Derzeit sind Antr\u00e4ge direkt von der jeweiligen Lehreinrichtung zu stellen. N\u00e4here Auskunft erhalten Interessenten bei der Leitung Ihrer Schule, Bildungseinrichtung oder Arbeitsst\u00e4tte.<\/p>\n<p><b>Bildungsprogramme mit Erasmus+an den EEA-Schulen<\/b><\/p>\n<p>Schulen und Erwachsenenbildungseinrichtungen k\u00f6nnen F\u00f6rderungsmittel f\u00fcr Spanischkurse bei jeder unserer Mitgliedsschulen beantragen. Viele unserer Schulen bieten spezielle Kurse f\u00fcr Lehrer an, die in europ\u00e4ischen L\u00e4ndern Spanisch als Fremdsprache unterrichten. Alle EEA-Schulen sind vom Instituto Cervantes akkredidierte Sprachschulen und garantieren somit beste Unterrichtsqualit\u00e4t.<\/p>\n<p>Setzen Sie sich mit uns in Verbindung wenn Sie f\u00fcr Ihre Mitarbeiter einen Kurs an einer unserer Sprachschulen suchen. Wir beraten Sie gerne zu den Antragsformalit\u00e4ten.<\/p>\n<p>[\/et_pb_text][\/et_pb_column_inner][\/et_pb_row_inner][\/et_pb_column][\/et_pb_section]<\/p>\n","protected":false},"excerpt":{"rendered":"<p>Erasmus +Seit 2014 wurde das Programm f\u00fcr Lebenslanges Lernen (LLP) mit Comenius-Grundtvig und Leonardo durch das neue europ\u00e4ische\u00a0 Erasmus+ abgel\u00f6st. F\u00f6rdermittel stehen f\u00fcr B\u00fcrger aus den EU-Mitgliedstaaten, Island, Liechtenstein, Norwegen, der T\u00fcrkei und Mazedonien zur Verf\u00fcgung. Erasmus+ f\u00f6rdert die allgemeine und berufliche Bildung mit dem Ziel, um das Kompetenzniveau und die Besch\u00e4ftigungsf\u00e4higkeit von Jugendlichen, Lehrern [&hellip;]<\/p>\n","protected":false},"author":6,"featured_media":0,"parent":1450,"menu_order":0,"comment_status":"open","ping_status":"open","template":"","meta":{"_et_pb_use_builder":"on","_et_pb_old_content":"","_et_gb_content_width":"","_monsterinsights_skip_tracking":false,"_monsterinsights_sitenote_active":false,"_monsterinsights_sitenote_note":"","_monsterinsights_sitenote_category":0,"_joinchat":[],"footnotes":""},"class_list":["post-1458","page","type-page","status-publish","hentry"],"yoast_head":"<!-- This site is optimized with the Yoast SEO plugin v27.4 - https:\/\/yoast.com\/product\/yoast-seo-wordpress\/ -->\n<title>ERASMUS + - Asociaci\u00f3n Espa\u00f1ol en Andalucia<\/title>\n<meta name=\"robots\" content=\"index, follow, max-snippet:-1, max-image-preview:large, max-video-preview:-1\" \/>\n<link rel=\"canonical\" href=\"https:\/\/aeea.org\/de\/uber-eea\/erasmus\/\" \/>\n<meta property=\"og:locale\" content=\"de_DE\" \/>\n<meta property=\"og:type\" content=\"article\" \/>\n<meta property=\"og:title\" content=\"ERASMUS + - Asociaci\u00f3n Espa\u00f1ol en Andalucia\" \/>\n<meta property=\"og:description\" content=\"Erasmus +Seit 2014 wurde das Programm f\u00fcr Lebenslanges Lernen (LLP) mit Comenius-Grundtvig und Leonardo durch das neue europ\u00e4ische\u00a0 Erasmus+ abgel\u00f6st. F\u00f6rdermittel stehen f\u00fcr B\u00fcrger aus den EU-Mitgliedstaaten, Island, Liechtenstein, Norwegen, der T\u00fcrkei und Mazedonien zur Verf\u00fcgung. Erasmus+ f\u00f6rdert die allgemeine und berufliche Bildung mit dem Ziel, um das Kompetenzniveau und die Besch\u00e4ftigungsf\u00e4higkeit von Jugendlichen, Lehrern [&hellip;]\" \/>\n<meta property=\"og:url\" content=\"https:\/\/aeea.org\/de\/uber-eea\/erasmus\/\" \/>\n<meta property=\"og:site_name\" content=\"Asociaci\u00f3n Espa\u00f1ol en Andalucia\" \/>\n<meta property=\"article:modified_time\" content=\"2021-08-04T13:12:54+00:00\" \/>\n<meta name=\"twitter:card\" content=\"summary_large_image\" \/>\n<meta name=\"twitter:label1\" content=\"Gesch\u00e4tzte Lesezeit\" \/>\n\t<meta name=\"twitter:data1\" content=\"4\u00a0Minuten\" \/>\n<script type=\"application\/ld+json\" class=\"yoast-schema-graph\">{\"@context\":\"https:\\\/\\\/schema.org\",\"@graph\":[{\"@type\":\"WebPage\",\"@id\":\"https:\\\/\\\/aeea.org\\\/de\\\/uber-eea\\\/erasmus\\\/\",\"url\":\"https:\\\/\\\/aeea.org\\\/de\\\/uber-eea\\\/erasmus\\\/\",\"name\":\"ERASMUS + - Asociaci\u00f3n Espa\u00f1ol en Andalucia\",\"isPartOf\":{\"@id\":\"https:\\\/\\\/aeea.org\\\/#website\"},\"datePublished\":\"2014-06-30T13:56:04+00:00\",\"dateModified\":\"2021-08-04T13:12:54+00:00\",\"breadcrumb\":{\"@id\":\"https:\\\/\\\/aeea.org\\\/de\\\/uber-eea\\\/erasmus\\\/#breadcrumb\"},\"inLanguage\":\"de\",\"potentialAction\":[{\"@type\":\"ReadAction\",\"target\":[\"https:\\\/\\\/aeea.org\\\/de\\\/uber-eea\\\/erasmus\\\/\"]}]},{\"@type\":\"BreadcrumbList\",\"@id\":\"https:\\\/\\\/aeea.org\\\/de\\\/uber-eea\\\/erasmus\\\/#breadcrumb\",\"itemListElement\":[{\"@type\":\"ListItem\",\"position\":1,\"name\":\"Home\",\"item\":\"https:\\\/\\\/aeea.org\\\/de\\\/\"},{\"@type\":\"ListItem\",\"position\":2,\"name\":\"\u00dcBER EEA\",\"item\":\"https:\\\/\\\/aeea.org\\\/de\\\/uber-eea\\\/\"},{\"@type\":\"ListItem\",\"position\":3,\"name\":\"ERASMUS +\"}]},{\"@type\":\"WebSite\",\"@id\":\"https:\\\/\\\/aeea.org\\\/#website\",\"url\":\"https:\\\/\\\/aeea.org\\\/\",\"name\":\"Asociaci\u00f3n Espa\u00f1ol en Andalucia\",\"description\":\"\",\"potentialAction\":[{\"@type\":\"SearchAction\",\"target\":{\"@type\":\"EntryPoint\",\"urlTemplate\":\"https:\\\/\\\/aeea.org\\\/?s={search_term_string}\"},\"query-input\":{\"@type\":\"PropertyValueSpecification\",\"valueRequired\":true,\"valueName\":\"search_term_string\"}}],\"inLanguage\":\"de\"}]}<\/script>\n<!-- \/ Yoast SEO plugin. -->","yoast_head_json":{"title":"ERASMUS + - Asociaci\u00f3n Espa\u00f1ol en Andalucia","robots":{"index":"index","follow":"follow","max-snippet":"max-snippet:-1","max-image-preview":"max-image-preview:large","max-video-preview":"max-video-preview:-1"},"canonical":"https:\/\/aeea.org\/de\/uber-eea\/erasmus\/","og_locale":"de_DE","og_type":"article","og_title":"ERASMUS + - Asociaci\u00f3n Espa\u00f1ol en Andalucia","og_description":"Erasmus +Seit 2014 wurde das Programm f\u00fcr Lebenslanges Lernen (LLP) mit Comenius-Grundtvig und Leonardo durch das neue europ\u00e4ische\u00a0 Erasmus+ abgel\u00f6st. F\u00f6rdermittel stehen f\u00fcr B\u00fcrger aus den EU-Mitgliedstaaten, Island, Liechtenstein, Norwegen, der T\u00fcrkei und Mazedonien zur Verf\u00fcgung. Erasmus+ f\u00f6rdert die allgemeine und berufliche Bildung mit dem Ziel, um das Kompetenzniveau und die Besch\u00e4ftigungsf\u00e4higkeit von Jugendlichen, Lehrern [&hellip;]","og_url":"https:\/\/aeea.org\/de\/uber-eea\/erasmus\/","og_site_name":"Asociaci\u00f3n Espa\u00f1ol en Andalucia","article_modified_time":"2021-08-04T13:12:54+00:00","twitter_card":"summary_large_image","twitter_misc":{"Gesch\u00e4tzte Lesezeit":"4\u00a0Minuten"},"schema":{"@context":"https:\/\/schema.org","@graph":[{"@type":"WebPage","@id":"https:\/\/aeea.org\/de\/uber-eea\/erasmus\/","url":"https:\/\/aeea.org\/de\/uber-eea\/erasmus\/","name":"ERASMUS + - Asociaci\u00f3n Espa\u00f1ol en Andalucia","isPartOf":{"@id":"https:\/\/aeea.org\/#website"},"datePublished":"2014-06-30T13:56:04+00:00","dateModified":"2021-08-04T13:12:54+00:00","breadcrumb":{"@id":"https:\/\/aeea.org\/de\/uber-eea\/erasmus\/#breadcrumb"},"inLanguage":"de","potentialAction":[{"@type":"ReadAction","target":["https:\/\/aeea.org\/de\/uber-eea\/erasmus\/"]}]},{"@type":"BreadcrumbList","@id":"https:\/\/aeea.org\/de\/uber-eea\/erasmus\/#breadcrumb","itemListElement":[{"@type":"ListItem","position":1,"name":"Home","item":"https:\/\/aeea.org\/de\/"},{"@type":"ListItem","position":2,"name":"\u00dcBER EEA","item":"https:\/\/aeea.org\/de\/uber-eea\/"},{"@type":"ListItem","position":3,"name":"ERASMUS +"}]},{"@type":"WebSite","@id":"https:\/\/aeea.org\/#website","url":"https:\/\/aeea.org\/","name":"Asociaci\u00f3n Espa\u00f1ol en Andalucia","description":"","potentialAction":[{"@type":"SearchAction","target":{"@type":"EntryPoint","urlTemplate":"https:\/\/aeea.org\/?s={search_term_string}"},"query-input":{"@type":"PropertyValueSpecification","valueRequired":true,"valueName":"search_term_string"}}],"inLanguage":"de"}]}},"_links":{"self":[{"href":"https:\/\/aeea.org\/de\/wp-json\/wp\/v2\/pages\/1458","targetHints":{"allow":["GET"]}}],"collection":[{"href":"https:\/\/aeea.org\/de\/wp-json\/wp\/v2\/pages"}],"about":[{"href":"https:\/\/aeea.org\/de\/wp-json\/wp\/v2\/types\/page"}],"author":[{"embeddable":true,"href":"https:\/\/aeea.org\/de\/wp-json\/wp\/v2\/users\/6"}],"replies":[{"embeddable":true,"href":"https:\/\/aeea.org\/de\/wp-json\/wp\/v2\/comments?post=1458"}],"version-history":[{"count":3,"href":"https:\/\/aeea.org\/de\/wp-json\/wp\/v2\/pages\/1458\/revisions"}],"predecessor-version":[{"id":7628,"href":"https:\/\/aeea.org\/de\/wp-json\/wp\/v2\/pages\/1458\/revisions\/7628"}],"up":[{"embeddable":true,"href":"https:\/\/aeea.org\/de\/wp-json\/wp\/v2\/pages\/1450"}],"wp:attachment":[{"href":"https:\/\/aeea.org\/de\/wp-json\/wp\/v2\/media?parent=1458"}],"curies":[{"name":"wp","href":"https:\/\/api.w.org\/{rel}","templated":true}]}}