{"id":151,"date":"2014-02-19T17:22:16","date_gmt":"2014-02-19T17:22:16","guid":{"rendered":"http:\/\/aeea.org\/?page_id=151"},"modified":"2018-04-02T08:10:58","modified_gmt":"2018-04-02T08:10:58","slug":"home-4","status":"publish","type":"page","link":"https:\/\/aeea.org\/de\/home-4\/","title":{"rendered":"Home"},"content":{"rendered":"<p>[callout1]Herzlich willkommen auf der Webseite des andalusischen Sprachschulverbandes Asociaci\u00f3n de Escuelas de Espa\u00f1ol en Andaluc\u00eda. Hier finden Sie alle Information f\u00fcr Ihren Sprachkurs in Andalusien\u00a0 Bis bald![\/callout1]<\/p>\n<div class='one_third'>\n\t\t\t\t\t<p>[tt_vector_box icon=&#8220;fa-question-circle&#8220; size=&#8220;fa-4x&#8220; color=&#8220;#7D60A9&#8243; link_to_page=&#8220;https:\/\/aeea.org\/de\/uber-eea\/vorteile-fur-spanischlernende&#8220; target=&#8220;&#8220; description=&#8220;&#8220;]<\/p>\n<h3>Was ist Espa\u00f1ol en Andaluc\u00eda?<\/h3>\n<p>[\/tt_vector_box]\n\t\t\t\t<\/div>\n<div class='one_third'>\n\t\t\t\t\t<p>[tt_vector_box icon=&#8220;fa-shield &#8220; size=&#8220;fa-4x&#8220; color=&#8220;#87C442&#8243; link_to_page=&#8220;https:\/\/aeea.org\/de\/uber-eea\/welche-vorteile-bieten&#8220; target=&#8220;&#8220; description=&#8220;&#8220;]<\/p>\n<h3>Warum Spanisch lernen in Andalusien?<\/h3>\n<p>[\/tt_vector_box]<\/p>\n\t\t\t\t<\/div>\n<div class='one_third et_column_last'>\n\t\t\t\t\t<p>[tt_vector_box icon=&#8220;fa-map-marker&#8220; size=&#8220;fa-4x&#8220; color=&#8220;#FF8300&#8243; link_to_page=&#8220;https:\/\/aeea.org\/de\/interessante-reiseziele&#8220; target=&#8220;&#8220; description=&#8220;&#8220;]<\/p>\n<h3>Wo kann man Spanisch in Andalusien studieren?<\/h3>\n<p>[\/tt_vector_box]<\/p>\n\t\t\t\t<\/div><div class='clear'><\/div>\n<p>[hr]<\/p>\n<p>[one_fifth]<br \/>\n<img loading=\"lazy\" decoding=\"async\" class=\"aligncenter size-full wp-image-351\" alt=\"andalucia\" src=\"http:\/\/aeea.org\/wp-content\/uploads\/2014\/03\/andalucia.png\" width=\"135\" height=\"76\" \/><br \/>\n[\/one_fifth]<\/p>\n<p>[one_fifth]<br \/>\n<img loading=\"lazy\" decoding=\"async\" class=\"aligncenter size-full wp-image-353\" alt=\"cervantes\" src=\"http:\/\/aeea.org\/wp-content\/uploads\/2014\/03\/cervantes.png\" width=\"135\" height=\"76\" \/><br \/>\n[\/one_fifth]<\/p>\n<p>[one_fifth]<br \/>\n<img loading=\"lazy\" decoding=\"async\" class=\"aligncenter size-full wp-image-355\" alt=\"gob\" src=\"http:\/\/aeea.org\/wp-content\/uploads\/2014\/03\/gob.png\" width=\"135\" height=\"76\" \/><br \/>\n[\/one_fifth]<\/p>\n<p>[one_fifth]<br \/>\n<img loading=\"lazy\" decoding=\"async\" class=\"aligncenter size-full wp-image-356\" alt=\"extenda\" src=\"http:\/\/aeea.org\/wp-content\/uploads\/2014\/03\/extenda.png\" width=\"135\" height=\"76\" \/><br \/>\n[\/one_fifth]<\/p>\n<p>[one_fifth_last]<br \/>\n<img loading=\"lazy\" decoding=\"async\" class=\"aligncenter size-full wp-image-357\" alt=\"fedele\" src=\"http:\/\/aeea.org\/wp-content\/uploads\/2014\/03\/fedele.png\" width=\"135\" height=\"76\" \/><\/p>\n<p>[\/one_fifth_last]<\/p>\n","protected":false},"excerpt":{"rendered":"<p>[callout1]Herzlich willkommen auf der Webseite des andalusischen Sprachschulverbandes Asociaci\u00f3n de Escuelas de Espa\u00f1ol en Andaluc\u00eda. Hier finden Sie alle Information f\u00fcr Ihren Sprachkurs in Andalusien\u00a0 Bis bald![\/callout1] [hr] [one_fifth] [\/one_fifth] [one_fifth] [\/one_fifth] [one_fifth] [\/one_fifth] [one_fifth] [\/one_fifth] [one_fifth_last] [\/one_fifth_last]<\/p>\n","protected":false},"author":6,"featured_media":0,"parent":0,"menu_order":0,"comment_status":"closed","ping_status":"closed","template":"template-homepage-full-width.php","meta":{"_et_pb_use_builder":"","_et_pb_old_content":"","_et_gb_content_width":"","_monsterinsights_skip_tracking":false,"_monsterinsights_sitenote_active":false,"_monsterinsights_sitenote_note":"","_monsterinsights_sitenote_category":0,"_joinchat":[],"footnotes":""},"class_list":["post-151","page","type-page","status-publish","hentry"],"yoast_head":"<!-- This site is optimized with the Yoast SEO plugin v27.4 - https:\/\/yoast.com\/product\/yoast-seo-wordpress\/ -->\n<title>Home - Asociaci\u00f3n Espa\u00f1ol en Andalucia<\/title>\n<meta name=\"robots\" content=\"index, follow, max-snippet:-1, max-image-preview:large, max-video-preview:-1\" \/>\n<link rel=\"canonical\" href=\"https:\/\/aeea.org\/de\/home-4\/\" \/>\n<meta property=\"og:locale\" content=\"de_DE\" \/>\n<meta property=\"og:type\" content=\"article\" \/>\n<meta property=\"og:title\" content=\"Home - Asociaci\u00f3n Espa\u00f1ol en Andalucia\" \/>\n<meta property=\"og:description\" content=\"[callout1]Herzlich willkommen auf der Webseite des andalusischen Sprachschulverbandes Asociaci\u00f3n de Escuelas de Espa\u00f1ol en Andaluc\u00eda. Hier finden Sie alle Information f\u00fcr Ihren Sprachkurs in Andalusien\u00a0 Bis bald![\/callout1] [hr] [one_fifth] [\/one_fifth] [one_fifth] [\/one_fifth] [one_fifth] [\/one_fifth] [one_fifth] [\/one_fifth] [one_fifth_last] [\/one_fifth_last]\" \/>\n<meta property=\"og:url\" content=\"https:\/\/aeea.org\/de\/home-4\/\" \/>\n<meta property=\"og:site_name\" content=\"Asociaci\u00f3n Espa\u00f1ol en Andalucia\" \/>\n<meta property=\"article:modified_time\" content=\"2018-04-02T08:10:58+00:00\" \/>\n<meta property=\"og:image\" content=\"http:\/\/aeea.org\/wp-content\/uploads\/2014\/03\/andalucia.png\" \/>\n<meta name=\"twitter:card\" content=\"summary_large_image\" \/>\n<meta name=\"twitter:label1\" content=\"Gesch\u00e4tzte Lesezeit\" \/>\n\t<meta name=\"twitter:data1\" content=\"1\u00a0Minute\" \/>\n<script type=\"application\/ld+json\" class=\"yoast-schema-graph\">{\"@context\":\"https:\\\/\\\/schema.org\",\"@graph\":[{\"@type\":\"WebPage\",\"@id\":\"https:\\\/\\\/aeea.org\\\/de\\\/home-4\\\/\",\"url\":\"https:\\\/\\\/aeea.org\\\/de\\\/home-4\\\/\",\"name\":\"Home - Asociaci\u00f3n Espa\u00f1ol en Andalucia\",\"isPartOf\":{\"@id\":\"https:\\\/\\\/aeea.org\\\/#website\"},\"primaryImageOfPage\":{\"@id\":\"https:\\\/\\\/aeea.org\\\/de\\\/home-4\\\/#primaryimage\"},\"image\":{\"@id\":\"https:\\\/\\\/aeea.org\\\/de\\\/home-4\\\/#primaryimage\"},\"thumbnailUrl\":\"http:\\\/\\\/aeea.org\\\/wp-content\\\/uploads\\\/2014\\\/03\\\/andalucia.png\",\"datePublished\":\"2014-02-19T17:22:16+00:00\",\"dateModified\":\"2018-04-02T08:10:58+00:00\",\"breadcrumb\":{\"@id\":\"https:\\\/\\\/aeea.org\\\/de\\\/home-4\\\/#breadcrumb\"},\"inLanguage\":\"de\",\"potentialAction\":[{\"@type\":\"ReadAction\",\"target\":[\"https:\\\/\\\/aeea.org\\\/de\\\/home-4\\\/\"]}]},{\"@type\":\"ImageObject\",\"inLanguage\":\"de\",\"@id\":\"https:\\\/\\\/aeea.org\\\/de\\\/home-4\\\/#primaryimage\",\"url\":\"http:\\\/\\\/aeea.org\\\/wp-content\\\/uploads\\\/2014\\\/03\\\/andalucia.png\",\"contentUrl\":\"http:\\\/\\\/aeea.org\\\/wp-content\\\/uploads\\\/2014\\\/03\\\/andalucia.png\"},{\"@type\":\"BreadcrumbList\",\"@id\":\"https:\\\/\\\/aeea.org\\\/de\\\/home-4\\\/#breadcrumb\",\"itemListElement\":[{\"@type\":\"ListItem\",\"position\":1,\"name\":\"Home\",\"item\":\"https:\\\/\\\/aeea.org\\\/de\\\/\"},{\"@type\":\"ListItem\",\"position\":2,\"name\":\"Home\"}]},{\"@type\":\"WebSite\",\"@id\":\"https:\\\/\\\/aeea.org\\\/#website\",\"url\":\"https:\\\/\\\/aeea.org\\\/\",\"name\":\"Asociaci\u00f3n Espa\u00f1ol en Andalucia\",\"description\":\"\",\"potentialAction\":[{\"@type\":\"SearchAction\",\"target\":{\"@type\":\"EntryPoint\",\"urlTemplate\":\"https:\\\/\\\/aeea.org\\\/?s={search_term_string}\"},\"query-input\":{\"@type\":\"PropertyValueSpecification\",\"valueRequired\":true,\"valueName\":\"search_term_string\"}}],\"inLanguage\":\"de\"}]}<\/script>\n<!-- \/ Yoast SEO plugin. -->","yoast_head_json":{"title":"Home - Asociaci\u00f3n Espa\u00f1ol en Andalucia","robots":{"index":"index","follow":"follow","max-snippet":"max-snippet:-1","max-image-preview":"max-image-preview:large","max-video-preview":"max-video-preview:-1"},"canonical":"https:\/\/aeea.org\/de\/home-4\/","og_locale":"de_DE","og_type":"article","og_title":"Home - Asociaci\u00f3n Espa\u00f1ol en Andalucia","og_description":"[callout1]Herzlich willkommen auf der Webseite des andalusischen Sprachschulverbandes Asociaci\u00f3n de Escuelas de Espa\u00f1ol en Andaluc\u00eda. Hier finden Sie alle Information f\u00fcr Ihren Sprachkurs in Andalusien\u00a0 Bis bald![\/callout1] [hr] [one_fifth] [\/one_fifth] [one_fifth] [\/one_fifth] [one_fifth] [\/one_fifth] [one_fifth] [\/one_fifth] [one_fifth_last] [\/one_fifth_last]","og_url":"https:\/\/aeea.org\/de\/home-4\/","og_site_name":"Asociaci\u00f3n Espa\u00f1ol en Andalucia","article_modified_time":"2018-04-02T08:10:58+00:00","og_image":[{"url":"http:\/\/aeea.org\/wp-content\/uploads\/2014\/03\/andalucia.png","type":"","width":"","height":""}],"twitter_card":"summary_large_image","twitter_misc":{"Gesch\u00e4tzte Lesezeit":"1\u00a0Minute"},"schema":{"@context":"https:\/\/schema.org","@graph":[{"@type":"WebPage","@id":"https:\/\/aeea.org\/de\/home-4\/","url":"https:\/\/aeea.org\/de\/home-4\/","name":"Home - Asociaci\u00f3n Espa\u00f1ol en Andalucia","isPartOf":{"@id":"https:\/\/aeea.org\/#website"},"primaryImageOfPage":{"@id":"https:\/\/aeea.org\/de\/home-4\/#primaryimage"},"image":{"@id":"https:\/\/aeea.org\/de\/home-4\/#primaryimage"},"thumbnailUrl":"http:\/\/aeea.org\/wp-content\/uploads\/2014\/03\/andalucia.png","datePublished":"2014-02-19T17:22:16+00:00","dateModified":"2018-04-02T08:10:58+00:00","breadcrumb":{"@id":"https:\/\/aeea.org\/de\/home-4\/#breadcrumb"},"inLanguage":"de","potentialAction":[{"@type":"ReadAction","target":["https:\/\/aeea.org\/de\/home-4\/"]}]},{"@type":"ImageObject","inLanguage":"de","@id":"https:\/\/aeea.org\/de\/home-4\/#primaryimage","url":"http:\/\/aeea.org\/wp-content\/uploads\/2014\/03\/andalucia.png","contentUrl":"http:\/\/aeea.org\/wp-content\/uploads\/2014\/03\/andalucia.png"},{"@type":"BreadcrumbList","@id":"https:\/\/aeea.org\/de\/home-4\/#breadcrumb","itemListElement":[{"@type":"ListItem","position":1,"name":"Home","item":"https:\/\/aeea.org\/de\/"},{"@type":"ListItem","position":2,"name":"Home"}]},{"@type":"WebSite","@id":"https:\/\/aeea.org\/#website","url":"https:\/\/aeea.org\/","name":"Asociaci\u00f3n Espa\u00f1ol en Andalucia","description":"","potentialAction":[{"@type":"SearchAction","target":{"@type":"EntryPoint","urlTemplate":"https:\/\/aeea.org\/?s={search_term_string}"},"query-input":{"@type":"PropertyValueSpecification","valueRequired":true,"valueName":"search_term_string"}}],"inLanguage":"de"}]}},"_links":{"self":[{"href":"https:\/\/aeea.org\/de\/wp-json\/wp\/v2\/pages\/151","targetHints":{"allow":["GET"]}}],"collection":[{"href":"https:\/\/aeea.org\/de\/wp-json\/wp\/v2\/pages"}],"about":[{"href":"https:\/\/aeea.org\/de\/wp-json\/wp\/v2\/types\/page"}],"author":[{"embeddable":true,"href":"https:\/\/aeea.org\/de\/wp-json\/wp\/v2\/users\/6"}],"replies":[{"embeddable":true,"href":"https:\/\/aeea.org\/de\/wp-json\/wp\/v2\/comments?post=151"}],"version-history":[{"count":2,"href":"https:\/\/aeea.org\/de\/wp-json\/wp\/v2\/pages\/151\/revisions"}],"predecessor-version":[{"id":4180,"href":"https:\/\/aeea.org\/de\/wp-json\/wp\/v2\/pages\/151\/revisions\/4180"}],"wp:attachment":[{"href":"https:\/\/aeea.org\/de\/wp-json\/wp\/v2\/media?parent=151"}],"curies":[{"name":"wp","href":"https:\/\/api.w.org\/{rel}","templated":true}]}}