{"id":1569,"date":"2014-07-11T09:44:13","date_gmt":"2014-07-11T09:44:13","guid":{"rendered":"http:\/\/aeea.org\/?page_id=1569"},"modified":"2018-04-02T08:06:27","modified_gmt":"2018-04-02T08:06:27","slug":"vorteile-fur-spanischlernende","status":"publish","type":"page","link":"https:\/\/aeea.org\/de\/uber-eea\/vorteile-fur-spanischlernende\/","title":{"rendered":"\u00dcBER EEA"},"content":{"rendered":"<h1>Warum sollten Sie bei uns Spanisch lernen?<\/h1>\n<p style=\"text-align: justify\">Dem andalusischen Sprachschulverband \u201cAsociaci\u00f3n de Escuelas de Espa\u00f1ol para Extranjeros de Andaluc\u00eda\u201d (EEA), geh\u00f6ren akkreditierte Privatschulen an, die Spanisch als Fremdsprache unterrichten und eine breite Palette von Spanischkursen in den attraktivsten St\u00e4dten Andalusiens anbieten. Zum Verband geh\u00f6ren Sprachschulen in den Provinzen \u00a0<b>Sevilla, Granada, Malaga und Cadiz<\/b>. Unsere Kursteilnehmer k\u00f6nnen also zwischen Orten an der K\u00fcste, gr\u00f6sseren St\u00e4dten mit bedeutenden Baudenkm\u00e4lern oder malerischen andalusischen D\u00f6rfern w\u00e4hlen \u2013 und sogar verschiedene Ziele miteinander kombinieren.<\/p>\n<p style=\"text-align: justify\">EEA b\u00fcrgt in erster Linie f\u00fcr ausgezeichnete \u00a0<b>Unterrichtsqualit\u00e4t.<\/b> Alle Schulen des Verbandes besitzen die \u00a0<b>Akkreditierung des Instituto Cervantes\u00a0. <\/b>In regelm\u00e4ssigen externen Inspektionen werden Unterrricht und Serviceleistungen gepr\u00fcft. So garantieren unsere Verbandsschulen ihren Kunden beste Unterrichtsqualit\u00e4t.<\/p>\n<p style=\"text-align: justify\">Die EEA-Schulen bieten eine\u00a0<b>breite Kurspalette<\/b> \u00a0von allgemeinen Spanischkursen bis Spezialkursen an &#8211; f\u00fcr die unterschiedlichsten Altersgruppen und Kenntnisstufen. Zus\u00e4tzlich zum Sprachunterricht bieten die EEA-Schulen ein abwechslungsreiches \u00a0<b>Kultur- und Freizeitprogramm<\/b>\u00a0 an, damit Sie Land und Leute kennenlernen. Unsere Sch\u00fcler wohnen in \u00a0<b>sorgf\u00e4ltig ausgew\u00e4hlten Unterk\u00fcnften.<\/b> Ganz gleich, f\u00fcr welche Art Unterkunft Sie sich entscheiden \u2013 beste Qualit\u00e4t ist garantiert.<\/p>\n<p style=\"text-align: justify\">Der Sprachschulverband EEA vetritt seine Mitglieder bei \u00a0<b>\u00f6rtlichen, andalusischen und nationalen Beh\u00f6rden und Institutionen<\/b>. EEA pflegt gute Verbindungen zur Andalusischen Landesregierung, Fremdenverkehrsbeh\u00f6rden, Botschafen, Konsulaten, Universit\u00e4ten und sonstigen Institutionen weltweit. Die Handelskammern verschiedener andalusischer St\u00e4dte bieten f\u00fcr EEA-Sch\u00fcler offizielle Examen an.<\/p>\n<p style=\"text-align: justify\">Wir hoffen, Ihnen hiermit einen Einblick in die Gesinnung unseres Sprachschulverbandes gegeben zu haben und w\u00fcnschen uns, dass sie zusammen mit der aussergew\u00f6hnlichen Sch\u00f6nheit, der jahrhundertealten Kultur und Geschichte Andalusiens unsere Region zum Ziel Ihres n\u00e4chsten Sprachaufenthaltes werden lassen.<\/p>\n<p style=\"text-align: justify\">\n","protected":false},"excerpt":{"rendered":"<p>Warum sollten Sie bei uns Spanisch lernen? Dem andalusischen Sprachschulverband \u201cAsociaci\u00f3n de Escuelas de Espa\u00f1ol para Extranjeros de Andaluc\u00eda\u201d (EEA), geh\u00f6ren akkreditierte Privatschulen an, die Spanisch als Fremdsprache unterrichten und eine breite Palette von Spanischkursen in den attraktivsten St\u00e4dten Andalusiens anbieten. Zum Verband geh\u00f6ren Sprachschulen in den Provinzen \u00a0Sevilla, Granada, Malaga und Cadiz. Unsere Kursteilnehmer [&hellip;]<\/p>\n","protected":false},"author":6,"featured_media":0,"parent":1450,"menu_order":0,"comment_status":"open","ping_status":"closed","template":"","meta":{"_et_pb_use_builder":"","_et_pb_old_content":"","_et_gb_content_width":"","_monsterinsights_skip_tracking":false,"_monsterinsights_sitenote_active":false,"_monsterinsights_sitenote_note":"","_monsterinsights_sitenote_category":0,"_joinchat":[],"footnotes":""},"class_list":["post-1569","page","type-page","status-publish","hentry"],"yoast_head":"<!-- This site is optimized with the Yoast SEO plugin v27.3 - https:\/\/yoast.com\/product\/yoast-seo-wordpress\/ -->\n<title>\u00dcBER EEA - Asociaci\u00f3n Espa\u00f1ol en Andalucia<\/title>\n<meta name=\"robots\" content=\"index, follow, max-snippet:-1, max-image-preview:large, max-video-preview:-1\" \/>\n<link rel=\"canonical\" href=\"https:\/\/aeea.org\/de\/uber-eea\/vorteile-fur-spanischlernende\/\" \/>\n<meta property=\"og:locale\" content=\"de_DE\" \/>\n<meta property=\"og:type\" content=\"article\" \/>\n<meta property=\"og:title\" content=\"\u00dcBER EEA - Asociaci\u00f3n Espa\u00f1ol en Andalucia\" \/>\n<meta property=\"og:description\" content=\"Warum sollten Sie bei uns Spanisch lernen? Dem andalusischen Sprachschulverband \u201cAsociaci\u00f3n de Escuelas de Espa\u00f1ol para Extranjeros de Andaluc\u00eda\u201d (EEA), geh\u00f6ren akkreditierte Privatschulen an, die Spanisch als Fremdsprache unterrichten und eine breite Palette von Spanischkursen in den attraktivsten St\u00e4dten Andalusiens anbieten. Zum Verband geh\u00f6ren Sprachschulen in den Provinzen \u00a0Sevilla, Granada, Malaga und Cadiz. Unsere Kursteilnehmer [&hellip;]\" \/>\n<meta property=\"og:url\" content=\"https:\/\/aeea.org\/de\/uber-eea\/vorteile-fur-spanischlernende\/\" \/>\n<meta property=\"og:site_name\" content=\"Asociaci\u00f3n Espa\u00f1ol en Andalucia\" \/>\n<meta property=\"article:modified_time\" content=\"2018-04-02T08:06:27+00:00\" \/>\n<meta name=\"twitter:card\" content=\"summary_large_image\" \/>\n<meta name=\"twitter:label1\" content=\"Gesch\u00e4tzte Lesezeit\" \/>\n\t<meta name=\"twitter:data1\" content=\"1\u00a0Minute\" \/>\n<script type=\"application\/ld+json\" class=\"yoast-schema-graph\">{\"@context\":\"https:\\\/\\\/schema.org\",\"@graph\":[{\"@type\":\"WebPage\",\"@id\":\"https:\\\/\\\/aeea.org\\\/de\\\/uber-eea\\\/vorteile-fur-spanischlernende\\\/\",\"url\":\"https:\\\/\\\/aeea.org\\\/de\\\/uber-eea\\\/vorteile-fur-spanischlernende\\\/\",\"name\":\"\u00dcBER EEA - Asociaci\u00f3n Espa\u00f1ol en Andalucia\",\"isPartOf\":{\"@id\":\"https:\\\/\\\/aeea.org\\\/#website\"},\"datePublished\":\"2014-07-11T09:44:13+00:00\",\"dateModified\":\"2018-04-02T08:06:27+00:00\",\"breadcrumb\":{\"@id\":\"https:\\\/\\\/aeea.org\\\/de\\\/uber-eea\\\/vorteile-fur-spanischlernende\\\/#breadcrumb\"},\"inLanguage\":\"de\",\"potentialAction\":[{\"@type\":\"ReadAction\",\"target\":[\"https:\\\/\\\/aeea.org\\\/de\\\/uber-eea\\\/vorteile-fur-spanischlernende\\\/\"]}]},{\"@type\":\"BreadcrumbList\",\"@id\":\"https:\\\/\\\/aeea.org\\\/de\\\/uber-eea\\\/vorteile-fur-spanischlernende\\\/#breadcrumb\",\"itemListElement\":[{\"@type\":\"ListItem\",\"position\":1,\"name\":\"Home\",\"item\":\"https:\\\/\\\/aeea.org\\\/de\\\/\"},{\"@type\":\"ListItem\",\"position\":2,\"name\":\"\u00dcBER EEA\",\"item\":\"https:\\\/\\\/aeea.org\\\/de\\\/uber-eea\\\/\"},{\"@type\":\"ListItem\",\"position\":3,\"name\":\"\u00dcBER EEA\"}]},{\"@type\":\"WebSite\",\"@id\":\"https:\\\/\\\/aeea.org\\\/#website\",\"url\":\"https:\\\/\\\/aeea.org\\\/\",\"name\":\"Asociaci\u00f3n Espa\u00f1ol en Andalucia\",\"description\":\"\",\"potentialAction\":[{\"@type\":\"SearchAction\",\"target\":{\"@type\":\"EntryPoint\",\"urlTemplate\":\"https:\\\/\\\/aeea.org\\\/?s={search_term_string}\"},\"query-input\":{\"@type\":\"PropertyValueSpecification\",\"valueRequired\":true,\"valueName\":\"search_term_string\"}}],\"inLanguage\":\"de\"}]}<\/script>\n<!-- \/ Yoast SEO plugin. -->","yoast_head_json":{"title":"\u00dcBER EEA - Asociaci\u00f3n Espa\u00f1ol en Andalucia","robots":{"index":"index","follow":"follow","max-snippet":"max-snippet:-1","max-image-preview":"max-image-preview:large","max-video-preview":"max-video-preview:-1"},"canonical":"https:\/\/aeea.org\/de\/uber-eea\/vorteile-fur-spanischlernende\/","og_locale":"de_DE","og_type":"article","og_title":"\u00dcBER EEA - Asociaci\u00f3n Espa\u00f1ol en Andalucia","og_description":"Warum sollten Sie bei uns Spanisch lernen? Dem andalusischen Sprachschulverband \u201cAsociaci\u00f3n de Escuelas de Espa\u00f1ol para Extranjeros de Andaluc\u00eda\u201d (EEA), geh\u00f6ren akkreditierte Privatschulen an, die Spanisch als Fremdsprache unterrichten und eine breite Palette von Spanischkursen in den attraktivsten St\u00e4dten Andalusiens anbieten. Zum Verband geh\u00f6ren Sprachschulen in den Provinzen \u00a0Sevilla, Granada, Malaga und Cadiz. Unsere Kursteilnehmer [&hellip;]","og_url":"https:\/\/aeea.org\/de\/uber-eea\/vorteile-fur-spanischlernende\/","og_site_name":"Asociaci\u00f3n Espa\u00f1ol en Andalucia","article_modified_time":"2018-04-02T08:06:27+00:00","twitter_card":"summary_large_image","twitter_misc":{"Gesch\u00e4tzte Lesezeit":"1\u00a0Minute"},"schema":{"@context":"https:\/\/schema.org","@graph":[{"@type":"WebPage","@id":"https:\/\/aeea.org\/de\/uber-eea\/vorteile-fur-spanischlernende\/","url":"https:\/\/aeea.org\/de\/uber-eea\/vorteile-fur-spanischlernende\/","name":"\u00dcBER EEA - Asociaci\u00f3n Espa\u00f1ol en Andalucia","isPartOf":{"@id":"https:\/\/aeea.org\/#website"},"datePublished":"2014-07-11T09:44:13+00:00","dateModified":"2018-04-02T08:06:27+00:00","breadcrumb":{"@id":"https:\/\/aeea.org\/de\/uber-eea\/vorteile-fur-spanischlernende\/#breadcrumb"},"inLanguage":"de","potentialAction":[{"@type":"ReadAction","target":["https:\/\/aeea.org\/de\/uber-eea\/vorteile-fur-spanischlernende\/"]}]},{"@type":"BreadcrumbList","@id":"https:\/\/aeea.org\/de\/uber-eea\/vorteile-fur-spanischlernende\/#breadcrumb","itemListElement":[{"@type":"ListItem","position":1,"name":"Home","item":"https:\/\/aeea.org\/de\/"},{"@type":"ListItem","position":2,"name":"\u00dcBER EEA","item":"https:\/\/aeea.org\/de\/uber-eea\/"},{"@type":"ListItem","position":3,"name":"\u00dcBER EEA"}]},{"@type":"WebSite","@id":"https:\/\/aeea.org\/#website","url":"https:\/\/aeea.org\/","name":"Asociaci\u00f3n Espa\u00f1ol en Andalucia","description":"","potentialAction":[{"@type":"SearchAction","target":{"@type":"EntryPoint","urlTemplate":"https:\/\/aeea.org\/?s={search_term_string}"},"query-input":{"@type":"PropertyValueSpecification","valueRequired":true,"valueName":"search_term_string"}}],"inLanguage":"de"}]}},"_links":{"self":[{"href":"https:\/\/aeea.org\/de\/wp-json\/wp\/v2\/pages\/1569","targetHints":{"allow":["GET"]}}],"collection":[{"href":"https:\/\/aeea.org\/de\/wp-json\/wp\/v2\/pages"}],"about":[{"href":"https:\/\/aeea.org\/de\/wp-json\/wp\/v2\/types\/page"}],"author":[{"embeddable":true,"href":"https:\/\/aeea.org\/de\/wp-json\/wp\/v2\/users\/6"}],"replies":[{"embeddable":true,"href":"https:\/\/aeea.org\/de\/wp-json\/wp\/v2\/comments?post=1569"}],"version-history":[{"count":2,"href":"https:\/\/aeea.org\/de\/wp-json\/wp\/v2\/pages\/1569\/revisions"}],"predecessor-version":[{"id":4178,"href":"https:\/\/aeea.org\/de\/wp-json\/wp\/v2\/pages\/1569\/revisions\/4178"}],"up":[{"embeddable":true,"href":"https:\/\/aeea.org\/de\/wp-json\/wp\/v2\/pages\/1450"}],"wp:attachment":[{"href":"https:\/\/aeea.org\/de\/wp-json\/wp\/v2\/media?parent=1569"}],"curies":[{"name":"wp","href":"https:\/\/api.w.org\/{rel}","templated":true}]}}