{"id":4229,"date":"2018-05-17T11:31:01","date_gmt":"2018-05-17T11:31:01","guid":{"rendered":"http:\/\/aeea.org\/de\/?page_id=4229"},"modified":"2018-05-17T11:31:01","modified_gmt":"2018-05-17T11:31:01","slug":"escuela-hispalense","status":"publish","type":"page","link":"https:\/\/aeea.org\/de\/schulen\/cadiz-2\/escuela-hispalense\/","title":{"rendered":"Escuela Hispalense"},"content":{"rendered":"<h1>Escuela Hispalense<\/h1>\n<p>[hr]<\/p>\n<p style=\"text-align: justify\"><div class='one_half'>\n\t\t\t\t\t<p style=\"text-align: justify\">Unsere Schule \u2013 ESCUELA HISPALENSE &#8211; ist die s\u00fcdlichste in Spanien. Sie befindet sich in Tarifa, einer typisch andalusischen, dennoch kosmopolitischen Stadt, zwischen mediterranen und atlantischen Str\u00e4nden. Wir k\u00f6nnen auf eine lange Erfahrung in ELE (Seit 1989) mit unseren hochqualifizierten Lehrern stolz sein. Unsere Spezialit\u00e4t ist die Kombination von Sprachkursen mit sportlichen Aktivit\u00e4ten wie Kitesurf, Windsurf, Reiten, Klettern&#8230;<\/p>\n<p style=\"text-align: justify\">\n\t\t\t\t<\/div><\/p>\n<div class='one_half et_column_last'>\n\t\t\t\t\t[callout font_size=&#8220;13px&#8220; style=&#8220;skyblue&#8220;]<img loading=\"lazy\" decoding=\"async\" class=\"alignleft size-full wp-image-494\" alt=\"pin7\" src=\"http:\/\/aeea.org\/wp-content\/uploads\/2014\/03\/pin71.png\" width=\"24\" height=\"24\" \/><a title=\"Ver en Mapa\" href=\"https:\/\/goo.gl\/maps\/ZKftvCuZ8bM2\">Av. Fuerza Armadas, 1, 11380 Tarifa, C\u00e1diz.<\/a><\/p>\n<p style=\"text-align: justify\"><img loading=\"lazy\" decoding=\"async\" class=\"alignleft size-full wp-image-496\" alt=\"telephone14\" src=\"http:\/\/aeea.org\/wp-content\/uploads\/2014\/03\/telephone14.png\" width=\"24\" height=\"24\" \/>(0034) 956 680 927<\/p>\n<p style=\"text-align: justify\"><a href=\"https:\/\/www.hispalense.com\/\"><img loading=\"lazy\" decoding=\"async\" class=\"alignleft size-full wp-image-497\" alt=\"world15\" src=\"http:\/\/aeea.org\/wp-content\/uploads\/2014\/03\/world15.png\" width=\"24\" height=\"24\" \/>www.hispalense.com\/<\/a><\/p>\n<p style=\"text-align: justify\"><img loading=\"lazy\" decoding=\"async\" class=\"alignleft size-full wp-image-499\" alt=\"black218\" src=\"http:\/\/aeea.org\/wp-content\/uploads\/2014\/03\/black218.png\" width=\"24\" height=\"24\" \/><a href=\"mailto:info@hispalense.com\">info@hispalense.com<\/a>[\/callout]<\/p>\n\t\t\t\t<\/div><div class='clear'><\/div>\n<p>[hr]<\/p>\n<div class='one_third'>\n\t\t\t\t\t[frame style=&#8220;shadow&#8220; image_path=&#8220;http:\/\/aeea.org\/wp-content\/uploads\/2018\/05\/logo-A4-vec-566&#215;800.png&#8220; link_to_page=&#8220;https:\/\/www.hispalense.com\/&#8220; target=&#8220;&#8220; description=&#8220;&#8220; float=&#8220;&#8220; lightbox=&#8220;&#8220; lightbox_group=&#8220;&#8220; size=&#8220;three_col_large&#8220;]<\/p>\n\t\t\t\t<\/div>\n<div class='one_third'>\n\t\t\t\t\t[frame style=&#8220;shadow&#8220; image_path=&#8220;http:\/\/aeea.org\/wp-content\/uploads\/2018\/05\/Aula-horizontal-2.jpg&#8220; link_to_page=&#8220;&#8220; target=&#8220;&#8220; description=&#8220;&#8220; float=&#8220;&#8220; lightbox=&#8220;http:\/\/aeea.org\/wp-content\/uploads\/2018\/05\/Aula-horizontal-2.jpg&#8220; lightbox_group=&#8220;&#8220; size=&#8220;three_col_large&#8220;]<\/p>\n\t\t\t\t<\/div>\n<div class='one_third et_column_last'>\n\t\t\t\t\t[frame style=&#8220;shadow&#8220; image_path=&#8220;http:\/\/aeea.org\/wp-content\/uploads\/2018\/05\/Kiten-Tanja-Sprung.jpg&#8220; link_to_page=&#8220;&#8220; target=&#8220;&#8220; description=&#8220;&#8220; float=&#8220;&#8220; lightbox=&#8220;http:\/\/aeea.org\/wp-content\/uploads\/2018\/05\/Kiten-Tanja-Sprung.jpg&#8220; lightbox_group=&#8220;&#8220; size=&#8220;three_col_large&#8220;]<\/p>\n\t\t\t\t<\/div><div class='clear'><\/div>\n","protected":false},"excerpt":{"rendered":"<p>Escuela Hispalense [hr] <div class='one_half'>\n\t\t\t\t\t\n\t\t\t\t<\/div> Unsere Schule \u2013 ESCUELA HISPALENSE &#8211; ist die s\u00fcdlichste in Spanien. Sie befindet sich in Tarifa, einer typisch andalusischen, dennoch kosmopolitischen Stadt, zwischen mediterranen und atlantischen Str\u00e4nden. Wir k\u00f6nnen auf eine lange Erfahrung in ELE (Seit 1989) mit unseren hochqualifizierten Lehrern stolz sein. Unsere Spezialit\u00e4t ist die Kombination von Sprachkursen mit [&hellip;]<\/p>\n","protected":false},"author":3,"featured_media":0,"parent":1237,"menu_order":0,"comment_status":"closed","ping_status":"closed","template":"","meta":{"_et_pb_use_builder":"on","_et_pb_old_content":"","_et_gb_content_width":"","_monsterinsights_skip_tracking":false,"_monsterinsights_sitenote_active":false,"_monsterinsights_sitenote_note":"","_monsterinsights_sitenote_category":0,"_joinchat":[],"footnotes":""},"class_list":["post-4229","page","type-page","status-publish","hentry"],"yoast_head":"<!-- This site is optimized with the Yoast SEO plugin v27.4 - https:\/\/yoast.com\/product\/yoast-seo-wordpress\/ -->\n<title>Escuela Hispalense - Asociaci\u00f3n Espa\u00f1ol en Andalucia<\/title>\n<meta name=\"robots\" content=\"index, follow, max-snippet:-1, max-image-preview:large, max-video-preview:-1\" \/>\n<link rel=\"canonical\" href=\"https:\/\/aeea.org\/de\/schulen\/cadiz-2\/escuela-hispalense\/\" \/>\n<meta property=\"og:locale\" content=\"de_DE\" \/>\n<meta property=\"og:type\" content=\"article\" \/>\n<meta property=\"og:title\" content=\"Escuela Hispalense - Asociaci\u00f3n Espa\u00f1ol en Andalucia\" \/>\n<meta property=\"og:description\" content=\"Escuela Hispalense [hr] Unsere Schule \u2013 ESCUELA HISPALENSE - ist die s\u00fcdlichste in Spanien. Sie befindet sich in Tarifa, einer typisch andalusischen, dennoch kosmopolitischen Stadt, zwischen mediterranen und atlantischen Str\u00e4nden. Wir k\u00f6nnen auf eine lange Erfahrung in ELE (Seit 1989) mit unseren hochqualifizierten Lehrern stolz sein. Unsere Spezialit\u00e4t ist die Kombination von Sprachkursen mit [&hellip;]\" \/>\n<meta property=\"og:url\" content=\"https:\/\/aeea.org\/de\/schulen\/cadiz-2\/escuela-hispalense\/\" \/>\n<meta property=\"og:site_name\" content=\"Asociaci\u00f3n Espa\u00f1ol en Andalucia\" \/>\n<meta property=\"og:image\" content=\"http:\/\/aeea.org\/wp-content\/uploads\/2014\/03\/pin71.png\" \/>\n<meta name=\"twitter:card\" content=\"summary_large_image\" \/>\n<meta name=\"twitter:label1\" content=\"Gesch\u00e4tzte Lesezeit\" \/>\n\t<meta name=\"twitter:data1\" content=\"1\u00a0Minute\" \/>\n<script type=\"application\/ld+json\" class=\"yoast-schema-graph\">{\"@context\":\"https:\\\/\\\/schema.org\",\"@graph\":[{\"@type\":\"WebPage\",\"@id\":\"https:\\\/\\\/aeea.org\\\/de\\\/schulen\\\/cadiz-2\\\/escuela-hispalense\\\/\",\"url\":\"https:\\\/\\\/aeea.org\\\/de\\\/schulen\\\/cadiz-2\\\/escuela-hispalense\\\/\",\"name\":\"Escuela Hispalense - Asociaci\u00f3n Espa\u00f1ol en Andalucia\",\"isPartOf\":{\"@id\":\"https:\\\/\\\/aeea.org\\\/#website\"},\"primaryImageOfPage\":{\"@id\":\"https:\\\/\\\/aeea.org\\\/de\\\/schulen\\\/cadiz-2\\\/escuela-hispalense\\\/#primaryimage\"},\"image\":{\"@id\":\"https:\\\/\\\/aeea.org\\\/de\\\/schulen\\\/cadiz-2\\\/escuela-hispalense\\\/#primaryimage\"},\"thumbnailUrl\":\"http:\\\/\\\/aeea.org\\\/wp-content\\\/uploads\\\/2014\\\/03\\\/pin71.png\",\"datePublished\":\"2018-05-17T11:31:01+00:00\",\"breadcrumb\":{\"@id\":\"https:\\\/\\\/aeea.org\\\/de\\\/schulen\\\/cadiz-2\\\/escuela-hispalense\\\/#breadcrumb\"},\"inLanguage\":\"de\",\"potentialAction\":[{\"@type\":\"ReadAction\",\"target\":[\"https:\\\/\\\/aeea.org\\\/de\\\/schulen\\\/cadiz-2\\\/escuela-hispalense\\\/\"]}]},{\"@type\":\"ImageObject\",\"inLanguage\":\"de\",\"@id\":\"https:\\\/\\\/aeea.org\\\/de\\\/schulen\\\/cadiz-2\\\/escuela-hispalense\\\/#primaryimage\",\"url\":\"http:\\\/\\\/aeea.org\\\/wp-content\\\/uploads\\\/2014\\\/03\\\/pin71.png\",\"contentUrl\":\"http:\\\/\\\/aeea.org\\\/wp-content\\\/uploads\\\/2014\\\/03\\\/pin71.png\"},{\"@type\":\"BreadcrumbList\",\"@id\":\"https:\\\/\\\/aeea.org\\\/de\\\/schulen\\\/cadiz-2\\\/escuela-hispalense\\\/#breadcrumb\",\"itemListElement\":[{\"@type\":\"ListItem\",\"position\":1,\"name\":\"Home\",\"item\":\"https:\\\/\\\/aeea.org\\\/de\\\/\"},{\"@type\":\"ListItem\",\"position\":2,\"name\":\"Schulen\",\"item\":\"https:\\\/\\\/aeea.org\\\/de\\\/schulen\\\/\"},{\"@type\":\"ListItem\",\"position\":3,\"name\":\"Cadiz\",\"item\":\"https:\\\/\\\/aeea.org\\\/de\\\/schulen\\\/cadiz-2\\\/\"},{\"@type\":\"ListItem\",\"position\":4,\"name\":\"Escuela Hispalense\"}]},{\"@type\":\"WebSite\",\"@id\":\"https:\\\/\\\/aeea.org\\\/#website\",\"url\":\"https:\\\/\\\/aeea.org\\\/\",\"name\":\"Asociaci\u00f3n Espa\u00f1ol en Andalucia\",\"description\":\"\",\"potentialAction\":[{\"@type\":\"SearchAction\",\"target\":{\"@type\":\"EntryPoint\",\"urlTemplate\":\"https:\\\/\\\/aeea.org\\\/?s={search_term_string}\"},\"query-input\":{\"@type\":\"PropertyValueSpecification\",\"valueRequired\":true,\"valueName\":\"search_term_string\"}}],\"inLanguage\":\"de\"}]}<\/script>\n<!-- \/ Yoast SEO plugin. -->","yoast_head_json":{"title":"Escuela Hispalense - Asociaci\u00f3n Espa\u00f1ol en Andalucia","robots":{"index":"index","follow":"follow","max-snippet":"max-snippet:-1","max-image-preview":"max-image-preview:large","max-video-preview":"max-video-preview:-1"},"canonical":"https:\/\/aeea.org\/de\/schulen\/cadiz-2\/escuela-hispalense\/","og_locale":"de_DE","og_type":"article","og_title":"Escuela Hispalense - Asociaci\u00f3n Espa\u00f1ol en Andalucia","og_description":"Escuela Hispalense [hr] Unsere Schule \u2013 ESCUELA HISPALENSE - ist die s\u00fcdlichste in Spanien. Sie befindet sich in Tarifa, einer typisch andalusischen, dennoch kosmopolitischen Stadt, zwischen mediterranen und atlantischen Str\u00e4nden. Wir k\u00f6nnen auf eine lange Erfahrung in ELE (Seit 1989) mit unseren hochqualifizierten Lehrern stolz sein. Unsere Spezialit\u00e4t ist die Kombination von Sprachkursen mit [&hellip;]","og_url":"https:\/\/aeea.org\/de\/schulen\/cadiz-2\/escuela-hispalense\/","og_site_name":"Asociaci\u00f3n Espa\u00f1ol en Andalucia","og_image":[{"url":"http:\/\/aeea.org\/wp-content\/uploads\/2014\/03\/pin71.png","type":"","width":"","height":""}],"twitter_card":"summary_large_image","twitter_misc":{"Gesch\u00e4tzte Lesezeit":"1\u00a0Minute"},"schema":{"@context":"https:\/\/schema.org","@graph":[{"@type":"WebPage","@id":"https:\/\/aeea.org\/de\/schulen\/cadiz-2\/escuela-hispalense\/","url":"https:\/\/aeea.org\/de\/schulen\/cadiz-2\/escuela-hispalense\/","name":"Escuela Hispalense - Asociaci\u00f3n Espa\u00f1ol en Andalucia","isPartOf":{"@id":"https:\/\/aeea.org\/#website"},"primaryImageOfPage":{"@id":"https:\/\/aeea.org\/de\/schulen\/cadiz-2\/escuela-hispalense\/#primaryimage"},"image":{"@id":"https:\/\/aeea.org\/de\/schulen\/cadiz-2\/escuela-hispalense\/#primaryimage"},"thumbnailUrl":"http:\/\/aeea.org\/wp-content\/uploads\/2014\/03\/pin71.png","datePublished":"2018-05-17T11:31:01+00:00","breadcrumb":{"@id":"https:\/\/aeea.org\/de\/schulen\/cadiz-2\/escuela-hispalense\/#breadcrumb"},"inLanguage":"de","potentialAction":[{"@type":"ReadAction","target":["https:\/\/aeea.org\/de\/schulen\/cadiz-2\/escuela-hispalense\/"]}]},{"@type":"ImageObject","inLanguage":"de","@id":"https:\/\/aeea.org\/de\/schulen\/cadiz-2\/escuela-hispalense\/#primaryimage","url":"http:\/\/aeea.org\/wp-content\/uploads\/2014\/03\/pin71.png","contentUrl":"http:\/\/aeea.org\/wp-content\/uploads\/2014\/03\/pin71.png"},{"@type":"BreadcrumbList","@id":"https:\/\/aeea.org\/de\/schulen\/cadiz-2\/escuela-hispalense\/#breadcrumb","itemListElement":[{"@type":"ListItem","position":1,"name":"Home","item":"https:\/\/aeea.org\/de\/"},{"@type":"ListItem","position":2,"name":"Schulen","item":"https:\/\/aeea.org\/de\/schulen\/"},{"@type":"ListItem","position":3,"name":"Cadiz","item":"https:\/\/aeea.org\/de\/schulen\/cadiz-2\/"},{"@type":"ListItem","position":4,"name":"Escuela Hispalense"}]},{"@type":"WebSite","@id":"https:\/\/aeea.org\/#website","url":"https:\/\/aeea.org\/","name":"Asociaci\u00f3n Espa\u00f1ol en Andalucia","description":"","potentialAction":[{"@type":"SearchAction","target":{"@type":"EntryPoint","urlTemplate":"https:\/\/aeea.org\/?s={search_term_string}"},"query-input":{"@type":"PropertyValueSpecification","valueRequired":true,"valueName":"search_term_string"}}],"inLanguage":"de"}]}},"_links":{"self":[{"href":"https:\/\/aeea.org\/de\/wp-json\/wp\/v2\/pages\/4229","targetHints":{"allow":["GET"]}}],"collection":[{"href":"https:\/\/aeea.org\/de\/wp-json\/wp\/v2\/pages"}],"about":[{"href":"https:\/\/aeea.org\/de\/wp-json\/wp\/v2\/types\/page"}],"author":[{"embeddable":true,"href":"https:\/\/aeea.org\/de\/wp-json\/wp\/v2\/users\/3"}],"replies":[{"embeddable":true,"href":"https:\/\/aeea.org\/de\/wp-json\/wp\/v2\/comments?post=4229"}],"version-history":[{"count":1,"href":"https:\/\/aeea.org\/de\/wp-json\/wp\/v2\/pages\/4229\/revisions"}],"predecessor-version":[{"id":4230,"href":"https:\/\/aeea.org\/de\/wp-json\/wp\/v2\/pages\/4229\/revisions\/4230"}],"up":[{"embeddable":true,"href":"https:\/\/aeea.org\/de\/wp-json\/wp\/v2\/pages\/1237"}],"wp:attachment":[{"href":"https:\/\/aeea.org\/de\/wp-json\/wp\/v2\/media?parent=4229"}],"curies":[{"name":"wp","href":"https:\/\/api.w.org\/{rel}","templated":true}]}}