{"id":7531,"date":"2021-08-04T11:09:39","date_gmt":"2021-08-04T11:09:39","guid":{"rendered":"https:\/\/aeea.org\/malaga-education-week\/"},"modified":"2021-08-04T11:09:39","modified_gmt":"2021-08-04T11:09:39","slug":"malaga-education-week","status":"publish","type":"page","link":"https:\/\/aeea.org\/de\/malaga-education-week\/","title":{"rendered":"M\u00e1laga Education Week"},"content":{"rendered":"<p>[et_pb_section fb_built=&#8220;1&#8243; disabled_on=&#8220;off|off|off&#8220; admin_label=&#8220;Header Section&#8220; _builder_version=&#8220;4.6.3&#8243; use_background_color_gradient=&#8220;on&#8220; background_color_gradient_start=&#8220;rgba(20,61,88,0.65)&#8220; background_color_gradient_end=&#8220;rgba(20,61,88,0.53)&#8220; background_color_gradient_overlays_image=&#8220;on&#8220; background_image=&#8220;http:\/\/aeea.org\/wp-content\/uploads\/2020\/09\/cabecera-evento.jpg&#8220; custom_margin=&#8220;|||&#8220; custom_padding=&#8220;2vw|0px|2vw|0px|true|&#8220; bottom_divider_color=&#8220;rgba(5,41,66,0.3)&#8220; bottom_divider_height=&#8220;20vw&#8220; animation_style=&#8220;slide&#8220; animation_direction=&#8220;top&#8220; animation_intensity_slide=&#8220;3%&#8220; animation_starting_opacity=&#8220;100%&#8220;][et_pb_row disabled_on=&#8220;off|off|off&#8220; module_class=&#8220; et_pb_row_fullwidth&#8220; _builder_version=&#8220;3.25&#8243; width=&#8220;89%&#8220; width_tablet=&#8220;80%&#8220; width_phone=&#8220;&#8220; width_last_edited=&#8220;on|desktop&#8220; max_width=&#8220;89%&#8220; max_width_tablet=&#8220;80%&#8220; max_width_phone=&#8220;&#8220; max_width_last_edited=&#8220;on|desktop&#8220; custom_padding=&#8220;|||&#8220; make_fullwidth=&#8220;on&#8220;][et_pb_column type=&#8220;4_4&#8243; _builder_version=&#8220;3.25&#8243; custom_padding=&#8220;|||&#8220; custom_padding__hover=&#8220;|||&#8220;][et_pb_text disabled_on=&#8220;off|off|off&#8220; _builder_version=&#8220;4.6.3&#8243; text_font=&#8220;Montserrat||||||||&#8220; text_font_size=&#8220;22px&#8220; text_line_height=&#8220;1.8em&#8220; header_font=&#8220;Montserrat|600|||||||&#8220; header_text_align=&#8220;center&#8220; header_font_size=&#8220;40px&#8220; header_line_height=&#8220;1.5em&#8220; text_orientation=&#8220;center&#8220; background_layout=&#8220;dark&#8220; custom_margin=&#8220;|||&#8220; hover_enabled=&#8220;0&#8243; header_font_size_tablet=&#8220;50px&#8220; header_font_size_phone=&#8220;&#8220; header_font_size_last_edited=&#8220;on|desktop&#8220; header_line_height_tablet=&#8220;1.1em&#8220; header_line_height_phone=&#8220;1.2em&#8220; header_line_height_last_edited=&#8220;off|desktop&#8220; sticky_enabled=&#8220;0&#8243;]<\/p>\n<h1>M\u00e1laga Education Week<\/h1>\n<p>[\/et_pb_text][\/et_pb_column][\/et_pb_row][\/et_pb_section][et_pb_section fb_built=&#8220;1&#8243; admin_label=&#8220;Featured Services Section&#8220; _builder_version=&#8220;3.22&#8243; custom_padding=&#8220;0px|0px|0px|0px&#8220;][et_pb_row admin_label=&#8220;row&#8220; _builder_version=&#8220;3.25&#8243; background_size=&#8220;initial&#8220; background_position=&#8220;top_left&#8220; background_repeat=&#8220;repeat&#8220;][et_pb_column type=&#8220;4_4&#8243; _builder_version=&#8220;3.25&#8243; custom_padding=&#8220;|||&#8220; custom_padding__hover=&#8220;|||&#8220;][et_pb_text admin_label=&#8220;Text&#8220; _builder_version=&#8220;3.27.4&#8243; background_size=&#8220;initial&#8220; background_position=&#8220;top_left&#8220; background_repeat=&#8220;repeat&#8220;]<\/p>\n<h1 style=\"text-align: justify\"><img loading=\"lazy\" decoding=\"async\" class=\"aligncenter size-large wp-image-1093\" alt=\"logo MEW\" src=\"http:\/\/aeea.org\/wp-content\/uploads\/2017\/12\/Logo-MEW-cabecera-1-1.png\" width=\"960\" height=\"273\" \/><\/h1>\n<h1 style=\"text-align: center;\">LA SEMANA DEL ESPA\u00d1OL EN M\u00c1LAGA<\/h1>\n<p><strong>La semana del espa\u00f1ol en M\u00e1laga<\/strong> se celebra del 7 al 14 de enero de 2018 y reunir\u00e1 en M\u00e1laga a profesores de espa\u00f1ol, acad\u00e9micos superiores, representantes de instituciones regionales y locales, educadores internacionales y consultores educativos. Los principales objetivos de este evento es la promoci\u00f3n del sector de turismo idiom\u00e1tico, unir a los dos principales intermediarios de las escuelas de espa\u00f1ol: agentes y profesores de espa\u00f1ol de todo el mundo y posicionar M\u00e1laga como uno de los destinos l\u00edder en el sector de la ense\u00f1anza del espa\u00f1ol. <\/p>\n<p>Comprender\u00e1 3 eventos separados pero interrelacionados:<\/p>\n<li style=\"text-align: justify\"><strong>ECELE: Encuentro Internacional de Centros de Ense\u00f1anza de Espa\u00f1ol<\/strong>\n<p>Encuentro organizado por FEDELE, la Federaci\u00f3n Espa\u00f1ola de Asociaciones de Escuelas de Espa\u00f1ol para Extranjeros, con el objetivo de reunir a directores y responsables acad\u00e9micos de centros de secundaria y formaci\u00f3n profesional de todo el mundo la oferta de cursos de espa\u00f1ol en Espa\u00f1a. El evento cuenta con seminarios y ponencias, workshop entre las escuelas y los profesores participantes, visitas t\u00e9cnicas a las escuelas y actividades culturales y gastron\u00f3micas.<br \/>\nPara m\u00e1s informaci\u00f3n sobre este evento, visita <strong><a href=\"http:\/\/fedele.org\/eventos\/ecele\/\"> la p\u00e1gina web de FEDELE<\/a><\/strong>.<\/p>\n<li style=\"text-align: justify\"><strong>Congreso sobre el espa\u00f1ol como recurso econ\u00f3mico<\/strong>\n<p>El Congreso de M\u00e1laga tiene como objetivo reunir a los expertos del sector de la educaci\u00f3n, a las empresas y al gobierno para evaluar el valor y el impacto de la lengua espa\u00f1ola. El congreso contar\u00e1 con ponencias y mesas redondas con representantes de los ministerios del Gobierno de Espa\u00f1a a nivel nacional y regional, Directores del Instituto Cervantes, Rectores de universidades, expertos en la ense\u00f1anza del idioma y representantes de Editoriales. Este congreso va destinado a Instituciones p\u00fablicas y privadas de M\u00e1laga y Andaluc\u00eda, escuelas de espa\u00f1ol, profesores participantes en el evento ECELE, agentes y escuelas participantes en el evento de ALPHE, estudiantes de espa\u00f1ol y medios de comunicaci\u00f3n y prensa.<br \/>\nPara m\u00e1s informaci\u00f3n sobre este evento, visita <strong><a href=\"http:\/\/malagaeducationweek.org\"> la p\u00e1gina web de M\u00e1laga Education Week<\/a><\/strong>.<\/p>\n<li style=\"text-align: justify\"><strong>Alphe Conferences &#8211; Spain<\/strong>\n<p>Alphe Conferences se ha consolidado como uno de los workshops m\u00e1s relevantes para el sector de turismo de idiomas y re\u00fane a profesionales de m\u00e1s de 30 pa\u00edses diferentes. Se trata de un encuentro profesional entre agencias y centros de idiomas de todas partes del mundo. Principalmente son agencias ling\u00fc\u00edsticas y centros de ense\u00f1anza de idiomas que se re\u00fanen durante dos d\u00edas a trav\u00e9s de citas de 30 minutos. Alphe Conferences se celebra cada a\u00f1o en diferentes pa\u00edses: Espa\u00f1a, Taiwan, Brasil, Turqu\u00eda, Reino Unido, Rusia, Corea y Jap\u00f3n. <strong>Alphe Spain<\/strong> lleva celebr\u00e1ndose cuatro a\u00f1os consecutivos y ha elegido la ciudad de <strong>M\u00e1laga<\/strong> como sede del evento.<br \/>\nPara m\u00e1s informaci\u00f3n sobre este evento, visita <strong><a href=\"http:\/\/www.studytravel.network\/alphe\/conferences\/spain\/\"> la p\u00e1gina web de Alphe Conferences<\/a><\/strong>.<\/p>\n<p><strong>Malaga Education Week <\/strong>cuenta con la organizaci\u00f3n y colaboraci\u00f3n de <strong>EEA, NACEM, Turismo de Andaluc\u00eda, Fedele, \u00c1rea de Turismo del Ayuntamiento de M\u00e1laga, Turismo de Espa\u00f1a, Turismo Costa del Sol, Universidad de M\u00e1laga, C\u00e1mara de Comercio de M\u00e1laga, Confederaci\u00f3n de Empresarios de M\u00e1laga y Extenda<\/strong>.<\/p>\n<p>Descarga aqu\u00ed <strong><a href=\"http:\/\/malagaeducationweek.org\/wp-content\/uploads\/Programa-general-Ma%CC%81laga-Education-Week-2018-Act.septiembre-2017-7.pdf\"> el programa del evento<\/a><\/strong>.<br \/>\n[\/et_pb_text][\/et_pb_column][\/et_pb_row][\/et_pb_section]<\/p>\n","protected":false},"excerpt":{"rendered":"<p>M\u00e1laga Education Week LA SEMANA DEL ESPA\u00d1OL EN M\u00c1LAGA La semana del espa\u00f1ol en M\u00e1laga se celebra del 7 al 14 de enero de 2018 y reunir\u00e1 en M\u00e1laga a profesores de espa\u00f1ol, acad\u00e9micos superiores, representantes de instituciones regionales y locales, educadores internacionales y consultores educativos. Los principales objetivos de este evento es la promoci\u00f3n [&hellip;]<\/p>\n","protected":false},"author":3,"featured_media":0,"parent":0,"menu_order":0,"comment_status":"closed","ping_status":"closed","template":"","meta":{"_et_pb_use_builder":"on","_et_pb_old_content":"","_et_gb_content_width":"","_monsterinsights_skip_tracking":false,"_monsterinsights_sitenote_active":false,"_monsterinsights_sitenote_note":"","_monsterinsights_sitenote_category":0,"_joinchat":[],"footnotes":""},"class_list":["post-7531","page","type-page","status-publish","hentry"],"yoast_head":"<!-- This site is optimized with the Yoast SEO plugin v27.4 - https:\/\/yoast.com\/product\/yoast-seo-wordpress\/ -->\n<title>M\u00e1laga Education Week - Asociaci\u00f3n Espa\u00f1ol en Andalucia<\/title>\n<meta name=\"robots\" content=\"index, follow, max-snippet:-1, max-image-preview:large, max-video-preview:-1\" \/>\n<link rel=\"canonical\" href=\"https:\/\/aeea.org\/de\/malaga-education-week\/\" \/>\n<meta property=\"og:locale\" content=\"de_DE\" \/>\n<meta property=\"og:type\" content=\"article\" \/>\n<meta property=\"og:title\" content=\"M\u00e1laga Education Week - Asociaci\u00f3n Espa\u00f1ol en Andalucia\" \/>\n<meta property=\"og:description\" content=\"M\u00e1laga Education Week LA SEMANA DEL ESPA\u00d1OL EN M\u00c1LAGA La semana del espa\u00f1ol en M\u00e1laga se celebra del 7 al 14 de enero de 2018 y reunir\u00e1 en M\u00e1laga a profesores de espa\u00f1ol, acad\u00e9micos superiores, representantes de instituciones regionales y locales, educadores internacionales y consultores educativos. Los principales objetivos de este evento es la promoci\u00f3n [&hellip;]\" \/>\n<meta property=\"og:url\" content=\"https:\/\/aeea.org\/de\/malaga-education-week\/\" \/>\n<meta property=\"og:site_name\" content=\"Asociaci\u00f3n Espa\u00f1ol en Andalucia\" \/>\n<meta property=\"og:image\" content=\"http:\/\/aeea.org\/wp-content\/uploads\/2017\/12\/Logo-MEW-cabecera-1-1.png\" \/>\n<meta name=\"twitter:card\" content=\"summary_large_image\" \/>\n<meta name=\"twitter:label1\" content=\"Gesch\u00e4tzte Lesezeit\" \/>\n\t<meta name=\"twitter:data1\" content=\"4\u00a0Minuten\" \/>\n<script type=\"application\/ld+json\" class=\"yoast-schema-graph\">{\"@context\":\"https:\\\/\\\/schema.org\",\"@graph\":[{\"@type\":\"WebPage\",\"@id\":\"https:\\\/\\\/aeea.org\\\/de\\\/malaga-education-week\\\/\",\"url\":\"https:\\\/\\\/aeea.org\\\/de\\\/malaga-education-week\\\/\",\"name\":\"M\u00e1laga Education Week - Asociaci\u00f3n Espa\u00f1ol en Andalucia\",\"isPartOf\":{\"@id\":\"https:\\\/\\\/aeea.org\\\/#website\"},\"primaryImageOfPage\":{\"@id\":\"https:\\\/\\\/aeea.org\\\/de\\\/malaga-education-week\\\/#primaryimage\"},\"image\":{\"@id\":\"https:\\\/\\\/aeea.org\\\/de\\\/malaga-education-week\\\/#primaryimage\"},\"thumbnailUrl\":\"http:\\\/\\\/aeea.org\\\/wp-content\\\/uploads\\\/2017\\\/12\\\/Logo-MEW-cabecera-1-1.png\",\"datePublished\":\"2021-08-04T11:09:39+00:00\",\"breadcrumb\":{\"@id\":\"https:\\\/\\\/aeea.org\\\/de\\\/malaga-education-week\\\/#breadcrumb\"},\"inLanguage\":\"de\",\"potentialAction\":[{\"@type\":\"ReadAction\",\"target\":[\"https:\\\/\\\/aeea.org\\\/de\\\/malaga-education-week\\\/\"]}]},{\"@type\":\"ImageObject\",\"inLanguage\":\"de\",\"@id\":\"https:\\\/\\\/aeea.org\\\/de\\\/malaga-education-week\\\/#primaryimage\",\"url\":\"http:\\\/\\\/aeea.org\\\/wp-content\\\/uploads\\\/2017\\\/12\\\/Logo-MEW-cabecera-1-1.png\",\"contentUrl\":\"http:\\\/\\\/aeea.org\\\/wp-content\\\/uploads\\\/2017\\\/12\\\/Logo-MEW-cabecera-1-1.png\"},{\"@type\":\"BreadcrumbList\",\"@id\":\"https:\\\/\\\/aeea.org\\\/de\\\/malaga-education-week\\\/#breadcrumb\",\"itemListElement\":[{\"@type\":\"ListItem\",\"position\":1,\"name\":\"Home\",\"item\":\"https:\\\/\\\/aeea.org\\\/de\\\/\"},{\"@type\":\"ListItem\",\"position\":2,\"name\":\"M\u00e1laga Education Week\"}]},{\"@type\":\"WebSite\",\"@id\":\"https:\\\/\\\/aeea.org\\\/#website\",\"url\":\"https:\\\/\\\/aeea.org\\\/\",\"name\":\"Asociaci\u00f3n Espa\u00f1ol en Andalucia\",\"description\":\"\",\"potentialAction\":[{\"@type\":\"SearchAction\",\"target\":{\"@type\":\"EntryPoint\",\"urlTemplate\":\"https:\\\/\\\/aeea.org\\\/?s={search_term_string}\"},\"query-input\":{\"@type\":\"PropertyValueSpecification\",\"valueRequired\":true,\"valueName\":\"search_term_string\"}}],\"inLanguage\":\"de\"}]}<\/script>\n<!-- \/ Yoast SEO plugin. -->","yoast_head_json":{"title":"M\u00e1laga Education Week - Asociaci\u00f3n Espa\u00f1ol en Andalucia","robots":{"index":"index","follow":"follow","max-snippet":"max-snippet:-1","max-image-preview":"max-image-preview:large","max-video-preview":"max-video-preview:-1"},"canonical":"https:\/\/aeea.org\/de\/malaga-education-week\/","og_locale":"de_DE","og_type":"article","og_title":"M\u00e1laga Education Week - Asociaci\u00f3n Espa\u00f1ol en Andalucia","og_description":"M\u00e1laga Education Week LA SEMANA DEL ESPA\u00d1OL EN M\u00c1LAGA La semana del espa\u00f1ol en M\u00e1laga se celebra del 7 al 14 de enero de 2018 y reunir\u00e1 en M\u00e1laga a profesores de espa\u00f1ol, acad\u00e9micos superiores, representantes de instituciones regionales y locales, educadores internacionales y consultores educativos. Los principales objetivos de este evento es la promoci\u00f3n [&hellip;]","og_url":"https:\/\/aeea.org\/de\/malaga-education-week\/","og_site_name":"Asociaci\u00f3n Espa\u00f1ol en Andalucia","og_image":[{"url":"http:\/\/aeea.org\/wp-content\/uploads\/2017\/12\/Logo-MEW-cabecera-1-1.png","type":"","width":"","height":""}],"twitter_card":"summary_large_image","twitter_misc":{"Gesch\u00e4tzte Lesezeit":"4\u00a0Minuten"},"schema":{"@context":"https:\/\/schema.org","@graph":[{"@type":"WebPage","@id":"https:\/\/aeea.org\/de\/malaga-education-week\/","url":"https:\/\/aeea.org\/de\/malaga-education-week\/","name":"M\u00e1laga Education Week - Asociaci\u00f3n Espa\u00f1ol en Andalucia","isPartOf":{"@id":"https:\/\/aeea.org\/#website"},"primaryImageOfPage":{"@id":"https:\/\/aeea.org\/de\/malaga-education-week\/#primaryimage"},"image":{"@id":"https:\/\/aeea.org\/de\/malaga-education-week\/#primaryimage"},"thumbnailUrl":"http:\/\/aeea.org\/wp-content\/uploads\/2017\/12\/Logo-MEW-cabecera-1-1.png","datePublished":"2021-08-04T11:09:39+00:00","breadcrumb":{"@id":"https:\/\/aeea.org\/de\/malaga-education-week\/#breadcrumb"},"inLanguage":"de","potentialAction":[{"@type":"ReadAction","target":["https:\/\/aeea.org\/de\/malaga-education-week\/"]}]},{"@type":"ImageObject","inLanguage":"de","@id":"https:\/\/aeea.org\/de\/malaga-education-week\/#primaryimage","url":"http:\/\/aeea.org\/wp-content\/uploads\/2017\/12\/Logo-MEW-cabecera-1-1.png","contentUrl":"http:\/\/aeea.org\/wp-content\/uploads\/2017\/12\/Logo-MEW-cabecera-1-1.png"},{"@type":"BreadcrumbList","@id":"https:\/\/aeea.org\/de\/malaga-education-week\/#breadcrumb","itemListElement":[{"@type":"ListItem","position":1,"name":"Home","item":"https:\/\/aeea.org\/de\/"},{"@type":"ListItem","position":2,"name":"M\u00e1laga Education Week"}]},{"@type":"WebSite","@id":"https:\/\/aeea.org\/#website","url":"https:\/\/aeea.org\/","name":"Asociaci\u00f3n Espa\u00f1ol en Andalucia","description":"","potentialAction":[{"@type":"SearchAction","target":{"@type":"EntryPoint","urlTemplate":"https:\/\/aeea.org\/?s={search_term_string}"},"query-input":{"@type":"PropertyValueSpecification","valueRequired":true,"valueName":"search_term_string"}}],"inLanguage":"de"}]}},"_links":{"self":[{"href":"https:\/\/aeea.org\/de\/wp-json\/wp\/v2\/pages\/7531","targetHints":{"allow":["GET"]}}],"collection":[{"href":"https:\/\/aeea.org\/de\/wp-json\/wp\/v2\/pages"}],"about":[{"href":"https:\/\/aeea.org\/de\/wp-json\/wp\/v2\/types\/page"}],"author":[{"embeddable":true,"href":"https:\/\/aeea.org\/de\/wp-json\/wp\/v2\/users\/3"}],"replies":[{"embeddable":true,"href":"https:\/\/aeea.org\/de\/wp-json\/wp\/v2\/comments?post=7531"}],"version-history":[{"count":1,"href":"https:\/\/aeea.org\/de\/wp-json\/wp\/v2\/pages\/7531\/revisions"}],"predecessor-version":[{"id":7532,"href":"https:\/\/aeea.org\/de\/wp-json\/wp\/v2\/pages\/7531\/revisions\/7532"}],"wp:attachment":[{"href":"https:\/\/aeea.org\/de\/wp-json\/wp\/v2\/media?parent=7531"}],"curies":[{"name":"wp","href":"https:\/\/api.w.org\/{rel}","templated":true}]}}