{"id":7554,"date":"2021-08-04T11:48:48","date_gmt":"2021-08-04T11:48:48","guid":{"rendered":"https:\/\/aeea.org\/i-jornada-docente-eea\/"},"modified":"2021-08-04T11:48:48","modified_gmt":"2021-08-04T11:48:48","slug":"i-jornada-docente-eea","status":"publish","type":"page","link":"https:\/\/aeea.org\/de\/i-jornada-docente-eea\/","title":{"rendered":"I Jornada Docente EEA"},"content":{"rendered":"<p>[et_pb_section fb_built=&#8220;1&#8243; disabled_on=&#8220;off|off|off&#8220; admin_label=&#8220;Header Section&#8220; _builder_version=&#8220;4.6.3&#8243; use_background_color_gradient=&#8220;on&#8220; background_color_gradient_start=&#8220;rgba(20,61,88,0.65)&#8220; background_color_gradient_end=&#8220;rgba(20,61,88,0.53)&#8220; background_color_gradient_overlays_image=&#8220;on&#8220; background_image=&#8220;http:\/\/aeea.org\/wp-content\/uploads\/2020\/09\/cabecera-evento.jpg&#8220; custom_margin=&#8220;|||&#8220; custom_padding=&#8220;2vw|0px|2vw|0px|true|&#8220; bottom_divider_color=&#8220;rgba(5,41,66,0.3)&#8220; bottom_divider_height=&#8220;20vw&#8220; animation_style=&#8220;slide&#8220; animation_direction=&#8220;top&#8220; animation_intensity_slide=&#8220;3%&#8220; animation_starting_opacity=&#8220;100%&#8220;][et_pb_row disabled_on=&#8220;off|off|off&#8220; module_class=&#8220; et_pb_row_fullwidth&#8220; _builder_version=&#8220;3.25&#8243; width=&#8220;89%&#8220; width_tablet=&#8220;80%&#8220; width_phone=&#8220;&#8220; width_last_edited=&#8220;on|desktop&#8220; max_width=&#8220;89%&#8220; max_width_tablet=&#8220;80%&#8220; max_width_phone=&#8220;&#8220; max_width_last_edited=&#8220;on|desktop&#8220; custom_padding=&#8220;|||&#8220; make_fullwidth=&#8220;on&#8220;][et_pb_column type=&#8220;4_4&#8243; _builder_version=&#8220;3.25&#8243; custom_padding=&#8220;|||&#8220; custom_padding__hover=&#8220;|||&#8220;][et_pb_text disabled_on=&#8220;off|off|off&#8220; _builder_version=&#8220;4.6.3&#8243; text_font=&#8220;Montserrat||||||||&#8220; text_font_size=&#8220;22px&#8220; text_line_height=&#8220;1.8em&#8220; header_font=&#8220;Montserrat|600|||||||&#8220; header_text_align=&#8220;center&#8220; header_font_size=&#8220;40px&#8220; header_line_height=&#8220;1.5em&#8220; text_orientation=&#8220;center&#8220; background_layout=&#8220;dark&#8220; custom_margin=&#8220;|||&#8220; hover_enabled=&#8220;0&#8243; header_font_size_tablet=&#8220;50px&#8220; header_font_size_phone=&#8220;&#8220; header_font_size_last_edited=&#8220;on|desktop&#8220; header_line_height_tablet=&#8220;1.1em&#8220; header_line_height_phone=&#8220;1.2em&#8220; header_line_height_last_edited=&#8220;off|desktop&#8220; sticky_enabled=&#8220;0&#8243;]<\/p>\n<h1>I Jornada docente EEA 2019<\/h1>\n<p>[\/et_pb_text][\/et_pb_column][\/et_pb_row][\/et_pb_section][et_pb_section fb_built=&#8220;1&#8243; admin_label=&#8220;Featured Services Section&#8220; _builder_version=&#8220;3.22&#8243; custom_padding=&#8220;0px|0px|0px|0px&#8220;][et_pb_row admin_label=&#8220;row&#8220; _builder_version=&#8220;3.25&#8243; background_size=&#8220;initial&#8220; background_position=&#8220;top_left&#8220; background_repeat=&#8220;repeat&#8220;][et_pb_column type=&#8220;4_4&#8243; _builder_version=&#8220;3.25&#8243; custom_padding=&#8220;|||&#8220; custom_padding__hover=&#8220;|||&#8220;][et_pb_text admin_label=&#8220;Text&#8220; _builder_version=&#8220;4.6.3&#8243; background_size=&#8220;initial&#8220; background_position=&#8220;top_left&#8220; background_repeat=&#8220;repeat&#8220; hover_enabled=&#8220;0&#8243; sticky_enabled=&#8220;0&#8243;]<\/p>\n<h2 style=\"text-align: center;\">23 de marzo de 2019<br \/> Centro Universitario EUSA en Sevilla<\/h2>\n<h1 style=\"text-align: justify;\"><img loading=\"lazy\" decoding=\"async\" class=\"aligncenter size-large wp-image-1093\" alt=\"foto formaci\u00f3n\" src=\"http:\/\/aeea.org\/wp-content\/uploads\/2019\/03\/Foto-formaci\u00f3n_1.jpg\" width=\"960\" height=\"273\" \/><\/h1>\n<p>Durante el a\u00f1o 2018, <strong>m\u00e1s de 38.000 estudiantes<\/strong> han estudiado espa\u00f1ol en las escuelas de <strong>EEA, la Asociaci\u00f3n de Escuelas de Espa\u00f1ol para Extranjeros de Andaluc\u00eda<\/strong>, <strong>aumentando en un 15%<\/strong> el n\u00famero de estudiantes en el \u00faltimo a\u00f1o. La estancia media de un estudiante que estudia espa\u00f1ol en una escuela de Andaluc\u00eda est\u00e1 entre 2 y 3 semanas, realizando un curso intensivo de 20 horas de clases semanales.<\/p>\n<p>El principal prop\u00f3sito de las escuelas de EEA es ofrecer a los estudiantes <strong>una ense\u00f1anza y unos servicios de calidad<\/strong>. Por ello, EEA planifica cada a\u00f1o un <strong>programa formativo<\/strong> para los profesores de espa\u00f1ol de sus escuelas asociadas. A trav\u00e9s de estas acciones formativas, se fomenta la modernizaci\u00f3n del sector y el uso de las nuevas tecnolog\u00edas en la empresa para crear materiales did\u00e1cticos y nuevas herramientas de trabajo. Adem\u00e1s, evita el estancamiento y mejora la situaci\u00f3n laboral de los trabajadores, mejorando a su vez la calidad de las empresas y, de esta manera, la promoci\u00f3n y crecimiento del sector la ense\u00f1anza de espa\u00f1ol para extranjeros. Tambi\u00e9n, <strong>se fomenta la formaci\u00f3n continua<\/strong> de los profesionales para su actualizaci\u00f3n y mejora de la cualificaci\u00f3n, la competitividad y la innovaci\u00f3n, adem\u00e1s de potenciar la capacidad de cada uno.<\/p>\n<p><strong>Los principales objetivos de estas jornadas son: <\/strong><\/p>\n<ul>\n<li>Mejorar la competitividad y la adaptaci\u00f3n profesional de los trabajadores de las escuelas de espa\u00f1ol.<\/li>\n<li>Trabajar los aspectos m\u00e1s importantes de la ense\u00f1anza del espa\u00f1ol hoy en d\u00eda, como son la competencia intercultural y la conciencia ling\u00fc\u00edstica en la clase ELE.<\/li>\n<li>Crear un espacio de encuentro entre profesores de espa\u00f1ol para el intercambio de experiencias docentes.<\/li>\n<li>Favorecer la formaci\u00f3n continua del profesorado.<\/li>\n<\/ul>\n<h1 class=\"mef_title\">PROGRAMA DE LA JORNADA:<\/h1>\n<p>[ultimatetables 9 \/]<\/p>\n<p>Pincha aqu\u00ed para ver la <strong><a href=\"http:\/\/aeea.org\/wp-content\/uploads\/2019\/03\/Ponentes-Sevilla.pdf\" target=\"_blank\" rel=\"noopener noreferrer\">informaci\u00f3n sobre los ponentes<\/a>. <\/strong><\/p>\n<h1 class=\"mef_title\"><strong><a href=\"https:\/\/goo.gl\/forms\/JHzqkAcWLHtjqhmA3\">FORMULARIO DE INSCRIPCI\u00d3N<\/a><\/strong><\/h1>\n<p>LA PARTICIPACI\u00d3N EN ESTA JORNADA ES GRATIS PARA LOS PROFESORES DE ESPA\u00d1OL DE ESCUELAS EEA. PARA EL RESTO DE PROFESORES DE ESPA\u00d1OL QUE QUIERAN PARTICIPAR, TENDR\u00c1 UN COSTE DE 30\u20ac.<\/p>\n<p>Para cualquier duda o consulta, puedes ponerte en contacto con la organizaci\u00f3n: <strong>info@aeea.org<\/strong><\/p>\n<p>[\/et_pb_text][\/et_pb_column][\/et_pb_row][\/et_pb_section]<\/p>\n","protected":false},"excerpt":{"rendered":"<p>I Jornada docente EEA 2019 23 de marzo de 2019 Centro Universitario EUSA en Sevilla Durante el a\u00f1o 2018, m\u00e1s de 38.000 estudiantes han estudiado espa\u00f1ol en las escuelas de EEA, la Asociaci\u00f3n de Escuelas de Espa\u00f1ol para Extranjeros de Andaluc\u00eda, aumentando en un 15% el n\u00famero de estudiantes en el \u00faltimo a\u00f1o. La estancia [&hellip;]<\/p>\n","protected":false},"author":3,"featured_media":0,"parent":0,"menu_order":0,"comment_status":"closed","ping_status":"closed","template":"","meta":{"_et_pb_use_builder":"on","_et_pb_old_content":"","_et_gb_content_width":"","_monsterinsights_skip_tracking":false,"_monsterinsights_sitenote_active":false,"_monsterinsights_sitenote_note":"","_monsterinsights_sitenote_category":0,"_joinchat":[],"footnotes":""},"class_list":["post-7554","page","type-page","status-publish","hentry"],"yoast_head":"<!-- This site is optimized with the Yoast SEO plugin v27.4 - https:\/\/yoast.com\/product\/yoast-seo-wordpress\/ -->\n<title>I Jornada Docente EEA - Asociaci\u00f3n Espa\u00f1ol en Andalucia<\/title>\n<meta name=\"robots\" content=\"index, follow, max-snippet:-1, max-image-preview:large, max-video-preview:-1\" \/>\n<link rel=\"canonical\" href=\"https:\/\/aeea.org\/de\/i-jornada-docente-eea\/\" \/>\n<meta property=\"og:locale\" content=\"de_DE\" \/>\n<meta property=\"og:type\" content=\"article\" \/>\n<meta property=\"og:title\" content=\"I Jornada Docente EEA - Asociaci\u00f3n Espa\u00f1ol en Andalucia\" \/>\n<meta property=\"og:description\" content=\"I Jornada docente EEA 2019 23 de marzo de 2019 Centro Universitario EUSA en Sevilla Durante el a\u00f1o 2018, m\u00e1s de 38.000 estudiantes han estudiado espa\u00f1ol en las escuelas de EEA, la Asociaci\u00f3n de Escuelas de Espa\u00f1ol para Extranjeros de Andaluc\u00eda, aumentando en un 15% el n\u00famero de estudiantes en el \u00faltimo a\u00f1o. La estancia [&hellip;]\" \/>\n<meta property=\"og:url\" content=\"https:\/\/aeea.org\/de\/i-jornada-docente-eea\/\" \/>\n<meta property=\"og:site_name\" content=\"Asociaci\u00f3n Espa\u00f1ol en Andalucia\" \/>\n<meta property=\"og:image\" content=\"http:\/\/aeea.org\/wp-content\/uploads\/2019\/03\/Foto-formaci\u00f3n_1.jpg\" \/>\n<meta name=\"twitter:card\" content=\"summary_large_image\" \/>\n<meta name=\"twitter:label1\" content=\"Gesch\u00e4tzte Lesezeit\" \/>\n\t<meta name=\"twitter:data1\" content=\"3\u00a0Minuten\" \/>\n<script type=\"application\/ld+json\" class=\"yoast-schema-graph\">{\"@context\":\"https:\\\/\\\/schema.org\",\"@graph\":[{\"@type\":\"WebPage\",\"@id\":\"https:\\\/\\\/aeea.org\\\/de\\\/i-jornada-docente-eea\\\/\",\"url\":\"https:\\\/\\\/aeea.org\\\/de\\\/i-jornada-docente-eea\\\/\",\"name\":\"I Jornada Docente EEA - Asociaci\u00f3n Espa\u00f1ol en Andalucia\",\"isPartOf\":{\"@id\":\"https:\\\/\\\/aeea.org\\\/#website\"},\"datePublished\":\"2021-08-04T11:48:48+00:00\",\"breadcrumb\":{\"@id\":\"https:\\\/\\\/aeea.org\\\/de\\\/i-jornada-docente-eea\\\/#breadcrumb\"},\"inLanguage\":\"de\",\"potentialAction\":[{\"@type\":\"ReadAction\",\"target\":[\"https:\\\/\\\/aeea.org\\\/de\\\/i-jornada-docente-eea\\\/\"]}]},{\"@type\":\"BreadcrumbList\",\"@id\":\"https:\\\/\\\/aeea.org\\\/de\\\/i-jornada-docente-eea\\\/#breadcrumb\",\"itemListElement\":[{\"@type\":\"ListItem\",\"position\":1,\"name\":\"Home\",\"item\":\"https:\\\/\\\/aeea.org\\\/de\\\/\"},{\"@type\":\"ListItem\",\"position\":2,\"name\":\"I Jornada Docente EEA\"}]},{\"@type\":\"WebSite\",\"@id\":\"https:\\\/\\\/aeea.org\\\/#website\",\"url\":\"https:\\\/\\\/aeea.org\\\/\",\"name\":\"Asociaci\u00f3n Espa\u00f1ol en Andalucia\",\"description\":\"\",\"potentialAction\":[{\"@type\":\"SearchAction\",\"target\":{\"@type\":\"EntryPoint\",\"urlTemplate\":\"https:\\\/\\\/aeea.org\\\/?s={search_term_string}\"},\"query-input\":{\"@type\":\"PropertyValueSpecification\",\"valueRequired\":true,\"valueName\":\"search_term_string\"}}],\"inLanguage\":\"de\"}]}<\/script>\n<!-- \/ Yoast SEO plugin. -->","yoast_head_json":{"title":"I Jornada Docente EEA - Asociaci\u00f3n Espa\u00f1ol en Andalucia","robots":{"index":"index","follow":"follow","max-snippet":"max-snippet:-1","max-image-preview":"max-image-preview:large","max-video-preview":"max-video-preview:-1"},"canonical":"https:\/\/aeea.org\/de\/i-jornada-docente-eea\/","og_locale":"de_DE","og_type":"article","og_title":"I Jornada Docente EEA - Asociaci\u00f3n Espa\u00f1ol en Andalucia","og_description":"I Jornada docente EEA 2019 23 de marzo de 2019 Centro Universitario EUSA en Sevilla Durante el a\u00f1o 2018, m\u00e1s de 38.000 estudiantes han estudiado espa\u00f1ol en las escuelas de EEA, la Asociaci\u00f3n de Escuelas de Espa\u00f1ol para Extranjeros de Andaluc\u00eda, aumentando en un 15% el n\u00famero de estudiantes en el \u00faltimo a\u00f1o. La estancia [&hellip;]","og_url":"https:\/\/aeea.org\/de\/i-jornada-docente-eea\/","og_site_name":"Asociaci\u00f3n Espa\u00f1ol en Andalucia","og_image":[{"url":"http:\/\/aeea.org\/wp-content\/uploads\/2019\/03\/Foto-formaci\u00f3n_1.jpg","type":"","width":"","height":""}],"twitter_card":"summary_large_image","twitter_misc":{"Gesch\u00e4tzte Lesezeit":"3\u00a0Minuten"},"schema":{"@context":"https:\/\/schema.org","@graph":[{"@type":"WebPage","@id":"https:\/\/aeea.org\/de\/i-jornada-docente-eea\/","url":"https:\/\/aeea.org\/de\/i-jornada-docente-eea\/","name":"I Jornada Docente EEA - Asociaci\u00f3n Espa\u00f1ol en Andalucia","isPartOf":{"@id":"https:\/\/aeea.org\/#website"},"datePublished":"2021-08-04T11:48:48+00:00","breadcrumb":{"@id":"https:\/\/aeea.org\/de\/i-jornada-docente-eea\/#breadcrumb"},"inLanguage":"de","potentialAction":[{"@type":"ReadAction","target":["https:\/\/aeea.org\/de\/i-jornada-docente-eea\/"]}]},{"@type":"BreadcrumbList","@id":"https:\/\/aeea.org\/de\/i-jornada-docente-eea\/#breadcrumb","itemListElement":[{"@type":"ListItem","position":1,"name":"Home","item":"https:\/\/aeea.org\/de\/"},{"@type":"ListItem","position":2,"name":"I Jornada Docente EEA"}]},{"@type":"WebSite","@id":"https:\/\/aeea.org\/#website","url":"https:\/\/aeea.org\/","name":"Asociaci\u00f3n Espa\u00f1ol en Andalucia","description":"","potentialAction":[{"@type":"SearchAction","target":{"@type":"EntryPoint","urlTemplate":"https:\/\/aeea.org\/?s={search_term_string}"},"query-input":{"@type":"PropertyValueSpecification","valueRequired":true,"valueName":"search_term_string"}}],"inLanguage":"de"}]}},"_links":{"self":[{"href":"https:\/\/aeea.org\/de\/wp-json\/wp\/v2\/pages\/7554","targetHints":{"allow":["GET"]}}],"collection":[{"href":"https:\/\/aeea.org\/de\/wp-json\/wp\/v2\/pages"}],"about":[{"href":"https:\/\/aeea.org\/de\/wp-json\/wp\/v2\/types\/page"}],"author":[{"embeddable":true,"href":"https:\/\/aeea.org\/de\/wp-json\/wp\/v2\/users\/3"}],"replies":[{"embeddable":true,"href":"https:\/\/aeea.org\/de\/wp-json\/wp\/v2\/comments?post=7554"}],"version-history":[{"count":2,"href":"https:\/\/aeea.org\/de\/wp-json\/wp\/v2\/pages\/7554\/revisions"}],"predecessor-version":[{"id":7556,"href":"https:\/\/aeea.org\/de\/wp-json\/wp\/v2\/pages\/7554\/revisions\/7556"}],"wp:attachment":[{"href":"https:\/\/aeea.org\/de\/wp-json\/wp\/v2\/media?parent=7554"}],"curies":[{"name":"wp","href":"https:\/\/api.w.org\/{rel}","templated":true}]}}