{"id":1155,"date":"2014-06-24T14:19:43","date_gmt":"2014-06-24T14:19:43","guid":{"rendered":"http:\/\/aeea.org\/?page_id=1155"},"modified":"2021-11-12T12:50:50","modified_gmt":"2021-11-12T12:50:50","slug":"trinity-school","status":"publish","type":"page","link":"https:\/\/aeea.org\/en\/schools\/cadiz-2\/trinity-school\/","title":{"rendered":"Trinity School"},"content":{"rendered":"<p>[et_pb_section fb_built=&#8221;1&#8243; disabled_on=&#8221;off|off|off&#8221; admin_label=&#8221;Header Section&#8221; _builder_version=&#8221;4.6.3&#8243; use_background_color_gradient=&#8221;on&#8221; background_color_gradient_start=&#8221;rgba(20,61,88,0.65)&#8221; background_color_gradient_end=&#8221;#143d58&#8243; background_color_gradient_overlays_image=&#8221;on&#8221; background_image=&#8221;http:\/\/aeea.org\/wp-content\/uploads\/2020\/09\/students.jpeg&#8221; custom_margin=&#8221;|||&#8221; custom_padding=&#8221;1vw|0px|1vw|0px|true|&#8221; bottom_divider_style=&#8221;mountains2&#8243; bottom_divider_color=&#8221;rgba(5,41,66,0.3)&#8221; bottom_divider_height=&#8221;20vw&#8221; animation_style=&#8221;slide&#8221; animation_direction=&#8221;top&#8221; animation_intensity_slide=&#8221;3%&#8221; animation_starting_opacity=&#8221;100%&#8221;][et_pb_row disabled_on=&#8221;off|off|off&#8221; module_class=&#8221; et_pb_row_fullwidth&#8221; _builder_version=&#8221;3.25&#8243; width=&#8221;89%&#8221; width_tablet=&#8221;80%&#8221; width_phone=&#8221;&#8221; width_last_edited=&#8221;on|desktop&#8221; max_width=&#8221;89%&#8221; max_width_tablet=&#8221;80%&#8221; max_width_phone=&#8221;&#8221; max_width_last_edited=&#8221;on|desktop&#8221; custom_padding=&#8221;|||&#8221; make_fullwidth=&#8221;on&#8221;][et_pb_column type=&#8221;4_4&#8243; _builder_version=&#8221;3.25&#8243; custom_padding=&#8221;|||&#8221; custom_padding__hover=&#8221;|||&#8221;][et_pb_text disabled_on=&#8221;off|off|off&#8221; _builder_version=&#8221;4.6.3&#8243; text_font=&#8221;Montserrat||||||||&#8221; text_font_size=&#8221;22px&#8221; text_line_height=&#8221;1.8em&#8221; header_font=&#8221;Montserrat|600|||||||&#8221; header_text_align=&#8221;center&#8221; header_font_size=&#8221;60px&#8221; header_line_height=&#8221;1.5em&#8221; text_orientation=&#8221;center&#8221; background_layout=&#8221;dark&#8221; custom_margin=&#8221;|||&#8221; header_font_size_tablet=&#8221;50px&#8221; header_font_size_phone=&#8221;&#8221; header_font_size_last_edited=&#8221;on|desktop&#8221; header_line_height_tablet=&#8221;1.1em&#8221; header_line_height_phone=&#8221;1.2em&#8221; header_line_height_last_edited=&#8221;off|desktop&#8221;]<\/p>\n<h1>Trinity School<\/h1>\n<p>&nbsp;<\/p>\n<p>[\/et_pb_text][\/et_pb_column][\/et_pb_row][\/et_pb_section][et_pb_section fb_built=&#8221;1&#8243; admin_label=&#8221;Service Details Section&#8221; _builder_version=&#8221;3.22&#8243; custom_padding=&#8221;60px|0px|60px|0px||&#8221;][et_pb_row column_structure=&#8221;3_5,2_5&#8243; admin_label=&#8221;Service Details Header Row&#8221; _builder_version=&#8221;3.25&#8243; custom_padding=&#8221;||0px|||&#8221;][et_pb_column type=&#8221;3_5&#8243; _builder_version=&#8221;3.25&#8243; custom_padding=&#8221;|||&#8221; custom_padding__hover=&#8221;|||&#8221;][et_pb_text admin_label=&#8221;Service Title&#8221; _builder_version=&#8221;4.5.1&#8243; header_font=&#8221;||||||||&#8221; header_2_font=&#8221;Montserrat||||||||&#8221; header_2_text_color=&#8221;#21323d&#8221; header_2_font_size=&#8221;40px&#8221; max_width=&#8221;800px&#8221;]<\/p>\n<h2>About the school<\/h2>\n<p>[\/et_pb_text][et_pb_text admin_label=&#8221;Service Intro&#8221; _builder_version=&#8221;4.6.3&#8243; text_font=&#8221;Montserrat||||||||&#8221; text_text_color=&#8221;#5c6e7a&#8221; text_font_size=&#8221;15px&#8221; text_line_height=&#8221;2.2em&#8221; header_font=&#8221;||||||||&#8221; max_width=&#8221;800px&#8221; custom_padding=&#8221;|||&#8221;]<\/p>\n<div class=\"geodir-post-meta-container\">\n<div class=\"geodir_post_meta  geodir-field-post_content\">\n<div class=\"one_half\">\n<p>Trinity School in El Puerto de Santa Mar\u00eda has over 25 years experience, accredited by the Instituto Cervantes. Our successful program for school groups includes one week of Spanish classes, accommodation with a host family and trips<\/p>\n<\/div>\n<\/div>\n<\/div>\n<div class=\"geodir-post-meta-container\">\u00a0<\/div>\n<p>[\/et_pb_text][\/et_pb_column][et_pb_column type=&#8221;2_5&#8243; _builder_version=&#8221;3.25&#8243; custom_padding=&#8221;|||&#8221; custom_padding__hover=&#8221;|||&#8221;][et_pb_image src=&#8221;http:\/\/aeea.org\/wp-content\/uploads\/2014\/04\/trinity-logo.jpg&#8221; title_text=&#8221;trinity logo&#8221; align=&#8221;center&#8221; _builder_version=&#8221;4.6.3&#8243; _module_preset=&#8221;default&#8221; width=&#8221;50%&#8221;][\/et_pb_image][et_pb_blurb use_icon=&#8221;on&#8221; font_icon=&#8221;%%249%%&#8221; icon_color=&#8221;#EC3444&#8243; icon_placement=&#8221;left&#8221; _builder_version=&#8221;4.6.3&#8243; _module_preset=&#8221;default&#8221; custom_margin=&#8221;||10px||false|false&#8221;]<\/p>\n<p>C\/\u00a0Ave del Para\u00edso n\u00ba6. Apto. de Correos 720, 11500 &#8211;\u00a0El Puerto de Santa Mar\u00eda, C\u00e1diz<\/p>\n<p>[\/et_pb_blurb][et_pb_blurb use_icon=&#8221;on&#8221; font_icon=&#8221;%%264%%&#8221; icon_color=&#8221;#EC3444&#8243; icon_placement=&#8221;left&#8221; _builder_version=&#8221;4.6.6&#8243; _module_preset=&#8221;default&#8221; custom_margin=&#8221;||10px||false|false&#8221;]<\/p>\n<p><a title=\"telefono de la escuela\" href=\"tel:+34644413046\">+34 644 413 046<\/a><\/p>\n<p>[\/et_pb_blurb][et_pb_blurb use_icon=&#8221;on&#8221; font_icon=&#8221;%%109%%&#8221; icon_color=&#8221;#EC3444&#8243; icon_placement=&#8221;left&#8221; _builder_version=&#8221;4.6.3&#8243; _module_preset=&#8221;default&#8221; custom_margin=&#8221;||10px||false|false&#8221;]<\/p>\n<p><a href=\"mailto:info@trinity.es\">info@trinity.es<\/a><\/p>\n<p>[\/et_pb_blurb][et_pb_text _builder_version=&#8221;4.6.6&#8243; _module_preset=&#8221;default&#8221; text_font=&#8221;|600|||||||&#8221; text_font_size=&#8221;18px&#8221;]<\/p>\n<p style=\"text-align: center;\"><a href=\"https:\/\/spanishforschoolgroups.com\/\">spanishforschoolgroups.com<\/a><\/p>\n<p>[\/et_pb_text][et_pb_social_media_follow _builder_version=&#8221;4.6.3&#8243; _module_preset=&#8221;default&#8221; text_orientation=&#8221;center&#8221;][et_pb_social_media_follow_network social_network=&#8221;facebook&#8221; url=&#8221;https:\/\/www.facebook.com\/TrinitySchoolAcademiadeIdiomas\/&#8221; _builder_version=&#8221;4.6.3&#8243; _module_preset=&#8221;default&#8221; background_color=&#8221;#3b5998&#8243; follow_button=&#8221;off&#8221; url_new_window=&#8221;on&#8221;]facebook[\/et_pb_social_media_follow_network][et_pb_social_media_follow_network social_network=&#8221;twitter&#8221; url=&#8221;https:\/\/twitter.com\/academiatrinity&#8221; _builder_version=&#8221;4.6.3&#8243; _module_preset=&#8221;default&#8221; background_color=&#8221;#00aced&#8221; follow_button=&#8221;off&#8221; url_new_window=&#8221;on&#8221;]twitter[\/et_pb_social_media_follow_network][et_pb_social_media_follow_network social_network=&#8221;youtube&#8221; url=&#8221;https:\/\/www.youtube.com\/user\/TrinitySchoolSpain&#8221; _builder_version=&#8221;4.6.3&#8243; _module_preset=&#8221;default&#8221; background_color=&#8221;#a82400&#8243; follow_button=&#8221;off&#8221; url_new_window=&#8221;on&#8221;]youtube[\/et_pb_social_media_follow_network][\/et_pb_social_media_follow][\/et_pb_column][\/et_pb_row][et_pb_row column_structure=&#8221;1_2,1_2&#8243; admin_label=&#8221;Service Checklist Row&#8221; _builder_version=&#8221;3.25&#8243;][et_pb_column type=&#8221;1_2&#8243; _builder_version=&#8221;3.25&#8243; custom_padding=&#8221;|||&#8221; custom_padding__hover=&#8221;|||&#8221;][et_pb_text admin_label=&#8221;Service Title&#8221; _builder_version=&#8221;4.5.1&#8243; header_font=&#8221;||||||||&#8221; header_2_font=&#8221;Montserrat||||||||&#8221; header_2_text_color=&#8221;#21323d&#8221; header_2_font_size=&#8221;34px&#8221; max_width=&#8221;800px&#8221;]<\/p>\n<h2>Courses<\/h2>\n<p>[\/et_pb_text][et_pb_blurb title=&#8221;Intensive courses for school groups&#8221; image=&#8221;https:\/\/fedelemadrid.com\/wp-content\/uploads\/2020\/07\/Icono.jpg&#8221; icon_placement=&#8221;left&#8221; content_max_width=&#8221;100%&#8221; admin_label=&#8221;Service&#8221; _builder_version=&#8221;4.9.10&#8243; header_font=&#8221;Montserrat||||||||&#8221; header_text_color=&#8221;#5c6e7a&#8221; header_font_size=&#8221;15px&#8221; custom_margin=&#8221;||10px||false|false&#8221; custom_padding=&#8221;|||&#8221; custom_padding_tablet=&#8221;||20px|&#8221; custom_padding_phone=&#8221;|||&#8221; custom_padding_last_edited=&#8221;off|desktop&#8221; hover_enabled=&#8221;0&#8243; locked=&#8221;off&#8221; sticky_enabled=&#8221;0&#8243;][\/et_pb_blurb][et_pb_blurb title=&#8221;Intensive courses for university groups&#8221; image=&#8221;https:\/\/fedelemadrid.com\/wp-content\/uploads\/2020\/07\/Icono.jpg&#8221; icon_placement=&#8221;left&#8221; content_max_width=&#8221;100%&#8221; admin_label=&#8221;Service&#8221; _builder_version=&#8221;4.9.10&#8243; header_font=&#8221;Montserrat||||||||&#8221; header_text_color=&#8221;#5c6e7a&#8221; header_font_size=&#8221;15px&#8221; custom_margin=&#8221;||10px||false|false&#8221; custom_padding=&#8221;|||&#8221; custom_padding_tablet=&#8221;||20px|&#8221; custom_padding_phone=&#8221;|||&#8221; custom_padding_last_edited=&#8221;off|desktop&#8221; hover_enabled=&#8221;0&#8243; locked=&#8221;off&#8221; sticky_enabled=&#8221;0&#8243;][\/et_pb_blurb][et_pb_blurb title=&#8221;Intensive courses for adult groups&#8221; image=&#8221;https:\/\/fedelemadrid.com\/wp-content\/uploads\/2020\/07\/Icono.jpg&#8221; icon_placement=&#8221;left&#8221; content_max_width=&#8221;100%&#8221; admin_label=&#8221;Service&#8221; _builder_version=&#8221;4.9.10&#8243; header_font=&#8221;Montserrat||||||||&#8221; header_text_color=&#8221;#5c6e7a&#8221; header_font_size=&#8221;15px&#8221; custom_margin=&#8221;||10px||false|false&#8221; custom_padding=&#8221;|||&#8221; custom_padding_tablet=&#8221;||20px|&#8221; custom_padding_phone=&#8221;|||&#8221; custom_padding_last_edited=&#8221;off|desktop&#8221; hover_enabled=&#8221;0&#8243; locked=&#8221;off&#8221; sticky_enabled=&#8221;0&#8243;][\/et_pb_blurb][et_pb_blurb title=&#8221;DELE and CCSE preparation courses. Examination centre.&#8221; image=&#8221;https:\/\/fedelemadrid.com\/wp-content\/uploads\/2020\/07\/Icono.jpg&#8221; icon_placement=&#8221;left&#8221; content_max_width=&#8221;100%&#8221; admin_label=&#8221;Service&#8221; _builder_version=&#8221;4.9.10&#8243; header_font=&#8221;Montserrat||||||||&#8221; header_text_color=&#8221;#5c6e7a&#8221; header_font_size=&#8221;15px&#8221; custom_margin=&#8221;||10px||false|false&#8221; custom_padding=&#8221;|||&#8221; custom_padding_tablet=&#8221;||20px|&#8221; custom_padding_phone=&#8221;|||&#8221; custom_padding_last_edited=&#8221;off|desktop&#8221; hover_enabled=&#8221;0&#8243; locked=&#8221;off&#8221; sticky_enabled=&#8221;0&#8243;][\/et_pb_blurb][et_pb_blurb title=&#8221;Private classes.&#8221; image=&#8221;https:\/\/fedelemadrid.com\/wp-content\/uploads\/2020\/07\/Icono.jpg&#8221; icon_placement=&#8221;left&#8221; content_max_width=&#8221;100%&#8221; admin_label=&#8221;Service&#8221; _builder_version=&#8221;4.9.10&#8243; header_font=&#8221;Montserrat||||||||&#8221; header_text_color=&#8221;#5c6e7a&#8221; header_font_size=&#8221;15px&#8221; custom_margin=&#8221;||10px||false|false&#8221; custom_padding=&#8221;|||&#8221; custom_padding_tablet=&#8221;||20px|&#8221; custom_padding_phone=&#8221;|||&#8221; custom_padding_last_edited=&#8221;off|desktop&#8221; hover_enabled=&#8221;0&#8243; locked=&#8221;off&#8221; sticky_enabled=&#8221;0&#8243;][\/et_pb_blurb][\/et_pb_column][et_pb_column type=&#8221;1_2&#8243; _builder_version=&#8221;3.25&#8243; custom_padding=&#8221;|||&#8221; custom_padding__hover=&#8221;|||&#8221;][et_pb_text admin_label=&#8221;Service Title&#8221; _builder_version=&#8221;4.6.3&#8243; header_font=&#8221;||||||||&#8221; header_2_font=&#8221;Montserrat||||||||&#8221; header_2_text_color=&#8221;#21323d&#8221; header_2_font_size=&#8221;34px&#8221; max_width=&#8221;800px&#8221;]<\/p>\n<h2>Services<\/h2>\n<p>[\/et_pb_text][et_pb_blurb title=&#8221;WiFi y aire acondicionado&#8221; image=&#8221;https:\/\/fedelemadrid.com\/wp-content\/uploads\/2020\/07\/Icono.jpg&#8221; icon_placement=&#8221;left&#8221; content_max_width=&#8221;100%&#8221; admin_label=&#8221;Service&#8221; _builder_version=&#8221;4.6.3&#8243; header_font=&#8221;Montserrat||||||||&#8221; header_text_color=&#8221;#5c6e7a&#8221; header_font_size=&#8221;15px&#8221; custom_margin=&#8221;||10px||false|false&#8221; custom_padding=&#8221;|||&#8221; custom_padding_tablet=&#8221;||20px|&#8221; custom_padding_phone=&#8221;|||&#8221; custom_padding_last_edited=&#8221;off|desktop&#8221; locked=&#8221;off&#8221;][\/et_pb_blurb][et_pb_blurb title=&#8221;Traslado desde el aeropuerto&#8221; image=&#8221;https:\/\/fedelemadrid.com\/wp-content\/uploads\/2020\/07\/Icono.jpg&#8221; icon_placement=&#8221;left&#8221; content_max_width=&#8221;100%&#8221; admin_label=&#8221;Service&#8221; _builder_version=&#8221;4.6.3&#8243; header_font=&#8221;Montserrat||||||||&#8221; header_text_color=&#8221;#5c6e7a&#8221; header_font_size=&#8221;15px&#8221; custom_margin=&#8221;||10px||false|false&#8221; custom_padding=&#8221;|||&#8221; custom_padding_tablet=&#8221;||20px|&#8221; custom_padding_phone=&#8221;|||&#8221; custom_padding_last_edited=&#8221;off|desktop&#8221; locked=&#8221;off&#8221;][\/et_pb_blurb][et_pb_blurb title=&#8221;Excursiones&#8221; image=&#8221;https:\/\/fedelemadrid.com\/wp-content\/uploads\/2020\/07\/Icono.jpg&#8221; icon_placement=&#8221;left&#8221; content_max_width=&#8221;100%&#8221; admin_label=&#8221;Service&#8221; _builder_version=&#8221;4.6.3&#8243; header_font=&#8221;Montserrat||||||||&#8221; header_text_color=&#8221;#5c6e7a&#8221; header_font_size=&#8221;15px&#8221; custom_margin=&#8221;||10px||false|false&#8221; custom_padding=&#8221;|||&#8221; custom_padding_tablet=&#8221;||20px|&#8221; custom_padding_phone=&#8221;|||&#8221; custom_padding_last_edited=&#8221;off|desktop&#8221; locked=&#8221;off&#8221;][\/et_pb_blurb][et_pb_blurb title=&#8221;Alojamiento en familias, hoteles o apartamentos&#8221; image=&#8221;https:\/\/fedelemadrid.com\/wp-content\/uploads\/2020\/07\/Icono.jpg&#8221; icon_placement=&#8221;left&#8221; content_max_width=&#8221;100%&#8221; admin_label=&#8221;Service&#8221; _builder_version=&#8221;4.6.6&#8243; header_font=&#8221;Montserrat||||||||&#8221; header_text_color=&#8221;#5c6e7a&#8221; header_font_size=&#8221;15px&#8221; custom_margin=&#8221;||10px||false|false&#8221; custom_padding=&#8221;|||&#8221; custom_padding_tablet=&#8221;||20px|&#8221; custom_padding_phone=&#8221;|||&#8221; custom_padding_last_edited=&#8221;off|desktop&#8221; locked=&#8221;off&#8221;][\/et_pb_blurb][et_pb_blurb title=&#8221;Actividades deportivas&#8221; image=&#8221;https:\/\/fedelemadrid.com\/wp-content\/uploads\/2020\/07\/Icono.jpg&#8221; icon_placement=&#8221;left&#8221; content_max_width=&#8221;100%&#8221; admin_label=&#8221;Service&#8221; _builder_version=&#8221;4.6.3&#8243; header_font=&#8221;Montserrat||||||||&#8221; header_text_color=&#8221;#5c6e7a&#8221; header_font_size=&#8221;15px&#8221; custom_margin=&#8221;||10px||false|false&#8221; custom_padding=&#8221;|||&#8221; custom_padding_tablet=&#8221;||20px|&#8221; custom_padding_phone=&#8221;|||&#8221; custom_padding_last_edited=&#8221;off|desktop&#8221; locked=&#8221;off&#8221;][\/et_pb_blurb][et_pb_blurb title=&#8221;Talleres de flamenco y bailes latinos&#8221; image=&#8221;https:\/\/fedelemadrid.com\/wp-content\/uploads\/2020\/07\/Icono.jpg&#8221; icon_placement=&#8221;left&#8221; content_max_width=&#8221;100%&#8221; admin_label=&#8221;Service&#8221; _builder_version=&#8221;4.6.6&#8243; header_font=&#8221;Montserrat||||||||&#8221; header_text_color=&#8221;#5c6e7a&#8221; header_font_size=&#8221;15px&#8221; custom_margin=&#8221;||10px||false|false&#8221; custom_padding=&#8221;|||&#8221; custom_padding_tablet=&#8221;||20px|&#8221; custom_padding_phone=&#8221;|||&#8221; custom_padding_last_edited=&#8221;off|desktop&#8221; locked=&#8221;off&#8221;][\/et_pb_blurb][et_pb_blurb title=&#8221;Rutas culturales dinamizadas&#8221; image=&#8221;https:\/\/fedelemadrid.com\/wp-content\/uploads\/2020\/07\/Icono.jpg&#8221; icon_placement=&#8221;left&#8221; content_max_width=&#8221;100%&#8221; admin_label=&#8221;Service&#8221; _builder_version=&#8221;4.6.6&#8243; header_font=&#8221;Montserrat||||||||&#8221; header_text_color=&#8221;#5c6e7a&#8221; header_font_size=&#8221;15px&#8221; custom_margin=&#8221;||10px||false|false&#8221; custom_padding=&#8221;|||&#8221; custom_padding_tablet=&#8221;||20px|&#8221; custom_padding_phone=&#8221;|||&#8221; custom_padding_last_edited=&#8221;off|desktop&#8221; locked=&#8221;off&#8221;][\/et_pb_blurb][\/et_pb_column][\/et_pb_row][et_pb_row column_structure=&#8221;1_3,1_3,1_3&#8243; _builder_version=&#8221;4.6.3&#8243; _module_preset=&#8221;default&#8221;][et_pb_column type=&#8221;1_3&#8243; _builder_version=&#8221;4.6.3&#8243; _module_preset=&#8221;default&#8221;][et_pb_image src=&#8221;http:\/\/aeea.org\/wp-content\/uploads\/2014\/04\/trinity-logo.jpg&#8221; title_text=&#8221;trinity logo&#8221; _builder_version=&#8221;4.6.3&#8243; _module_preset=&#8221;default&#8221;][\/et_pb_image][\/et_pb_column][et_pb_column type=&#8221;1_3&#8243; _builder_version=&#8221;4.6.3&#8243; _module_preset=&#8221;default&#8221;][et_pb_image src=&#8221;http:\/\/aeea.org\/wp-content\/uploads\/2020\/11\/alumnas-con-los-certificados-arriba.jpg&#8221; title_text=&#8221;alumnas con los certificados arriba&#8221; _builder_version=&#8221;4.6.6&#8243; _module_preset=&#8221;default&#8221;][\/et_pb_image][\/et_pb_column][et_pb_column type=&#8221;1_3&#8243; _builder_version=&#8221;4.6.3&#8243; _module_preset=&#8221;default&#8221;][et_pb_image src=&#8221;http:\/\/aeea.org\/wp-content\/uploads\/2020\/11\/alumnos-en-clase.jpg&#8221; title_text=&#8221;alumnos en clase&#8221; _builder_version=&#8221;4.6.6&#8243; _module_preset=&#8221;default&#8221;][\/et_pb_image][\/et_pb_column][\/et_pb_row][et_pb_row admin_label=&#8221;Service Details Row&#8221; _builder_version=&#8221;3.25&#8243; custom_padding=&#8221;|||&#8221;][et_pb_column type=&#8221;4_4&#8243; _builder_version=&#8221;3.25&#8243; custom_padding=&#8221;|||&#8221; custom_padding__hover=&#8221;|||&#8221;][et_pb_text _builder_version=&#8221;4.6.3&#8243; _module_preset=&#8221;default&#8221;]<\/p>\n<p style=\"text-align: center;\"><iframe loading=\"lazy\" style=\"border: 0;\" tabindex=\"0\" src=\"https:\/\/www.google.com\/maps\/embed?pb=!1m18!1m12!1m3!1d3203.3106328528775!2d-6.236173684834822!3d36.594826979991396!2m3!1f0!2f0!3f0!3m2!1i1024!2i768!4f13.1!3m3!1m2!1s0xd0dcfdef4f1189b%3A0xda04d97f18d90abc!2sTrinity%20School%20Academia%20de%20Ingl%C3%A9s!5e0!3m2!1ses!2ses!4v1601895528473!5m2!1ses!2ses\" width=\"1000\" height=\"350\" frameborder=\"0\" allowfullscreen=\"allowfullscreen\" aria-hidden=\"false\"><\/iframe><\/p>\n<p>[\/et_pb_text][\/et_pb_column][\/et_pb_row][\/et_pb_section]<\/p>\n","protected":false},"excerpt":{"rendered":"<p>Trinity School &nbsp;About the school Trinity School in El Puerto de Santa Mar\u00eda has over 25 years experience, accredited by the Instituto Cervantes. Our successful program for school groups includes one week of Spanish classes, accommodation with a host family and trips \u00a0C\/\u00a0Ave del Para\u00edso n\u00ba6. Apto. de Correos 720, 11500 &#8211;\u00a0El Puerto de Santa [&hellip;]<\/p>\n","protected":false},"author":6,"featured_media":0,"parent":1233,"menu_order":0,"comment_status":"closed","ping_status":"closed","template":"","meta":{"_et_pb_use_builder":"on","_et_pb_old_content":"","_et_gb_content_width":"","_monsterinsights_skip_tracking":false,"_monsterinsights_sitenote_active":false,"_monsterinsights_sitenote_note":"","_monsterinsights_sitenote_category":0,"_joinchat":[],"footnotes":""},"class_list":["post-1155","page","type-page","status-publish","hentry"],"yoast_head":"<!-- This site is optimized with the Yoast SEO plugin v27.4 - https:\/\/yoast.com\/product\/yoast-seo-wordpress\/ -->\n<title>Trinity School - Asociaci\u00f3n Espa\u00f1ol en Andalucia<\/title>\n<meta name=\"robots\" content=\"index, follow, max-snippet:-1, max-image-preview:large, max-video-preview:-1\" \/>\n<link rel=\"canonical\" href=\"https:\/\/aeea.org\/en\/schools\/cadiz-2\/trinity-school\/\" \/>\n<meta property=\"og:locale\" content=\"en_US\" \/>\n<meta property=\"og:type\" content=\"article\" \/>\n<meta property=\"og:title\" content=\"Trinity School - Asociaci\u00f3n Espa\u00f1ol en Andalucia\" \/>\n<meta property=\"og:description\" content=\"Trinity School &nbsp;About the school Trinity School in El Puerto de Santa Mar\u00eda has over 25 years experience, accredited by the Instituto Cervantes. Our successful program for school groups includes one week of Spanish classes, accommodation with a host family and trips \u00a0C\/\u00a0Ave del Para\u00edso n\u00ba6. Apto. de Correos 720, 11500 -\u00a0El Puerto de Santa [&hellip;]\" \/>\n<meta property=\"og:url\" content=\"https:\/\/aeea.org\/en\/schools\/cadiz-2\/trinity-school\/\" \/>\n<meta property=\"og:site_name\" content=\"Asociaci\u00f3n Espa\u00f1ol en Andalucia\" \/>\n<meta property=\"article:modified_time\" content=\"2021-11-12T12:50:50+00:00\" \/>\n<meta name=\"twitter:card\" content=\"summary_large_image\" \/>\n<meta name=\"twitter:label1\" content=\"Est. reading time\" \/>\n\t<meta name=\"twitter:data1\" content=\"9 minutes\" \/>\n<script type=\"application\/ld+json\" class=\"yoast-schema-graph\">{\"@context\":\"https:\\\/\\\/schema.org\",\"@graph\":[{\"@type\":\"WebPage\",\"@id\":\"https:\\\/\\\/aeea.org\\\/en\\\/schools\\\/cadiz-2\\\/trinity-school\\\/\",\"url\":\"https:\\\/\\\/aeea.org\\\/en\\\/schools\\\/cadiz-2\\\/trinity-school\\\/\",\"name\":\"Trinity School - Asociaci\u00f3n Espa\u00f1ol en Andalucia\",\"isPartOf\":{\"@id\":\"https:\\\/\\\/aeea.org\\\/#website\"},\"datePublished\":\"2014-06-24T14:19:43+00:00\",\"dateModified\":\"2021-11-12T12:50:50+00:00\",\"breadcrumb\":{\"@id\":\"https:\\\/\\\/aeea.org\\\/en\\\/schools\\\/cadiz-2\\\/trinity-school\\\/#breadcrumb\"},\"inLanguage\":\"en-US\",\"potentialAction\":[{\"@type\":\"ReadAction\",\"target\":[\"https:\\\/\\\/aeea.org\\\/en\\\/schools\\\/cadiz-2\\\/trinity-school\\\/\"]}]},{\"@type\":\"BreadcrumbList\",\"@id\":\"https:\\\/\\\/aeea.org\\\/en\\\/schools\\\/cadiz-2\\\/trinity-school\\\/#breadcrumb\",\"itemListElement\":[{\"@type\":\"ListItem\",\"position\":1,\"name\":\"Home\",\"item\":\"https:\\\/\\\/aeea.org\\\/en\\\/\"},{\"@type\":\"ListItem\",\"position\":2,\"name\":\"Schools\",\"item\":\"https:\\\/\\\/aeea.org\\\/en\\\/schools\\\/\"},{\"@type\":\"ListItem\",\"position\":3,\"name\":\"Cadiz (dest.)\",\"item\":\"https:\\\/\\\/aeea.org\\\/en\\\/schools\\\/cadiz-2\\\/\"},{\"@type\":\"ListItem\",\"position\":4,\"name\":\"Trinity School\"}]},{\"@type\":\"WebSite\",\"@id\":\"https:\\\/\\\/aeea.org\\\/#website\",\"url\":\"https:\\\/\\\/aeea.org\\\/\",\"name\":\"Asociaci\u00f3n Espa\u00f1ol en Andalucia\",\"description\":\"\",\"potentialAction\":[{\"@type\":\"SearchAction\",\"target\":{\"@type\":\"EntryPoint\",\"urlTemplate\":\"https:\\\/\\\/aeea.org\\\/?s={search_term_string}\"},\"query-input\":{\"@type\":\"PropertyValueSpecification\",\"valueRequired\":true,\"valueName\":\"search_term_string\"}}],\"inLanguage\":\"en-US\"}]}<\/script>\n<!-- \/ Yoast SEO plugin. -->","yoast_head_json":{"title":"Trinity School - Asociaci\u00f3n Espa\u00f1ol en Andalucia","robots":{"index":"index","follow":"follow","max-snippet":"max-snippet:-1","max-image-preview":"max-image-preview:large","max-video-preview":"max-video-preview:-1"},"canonical":"https:\/\/aeea.org\/en\/schools\/cadiz-2\/trinity-school\/","og_locale":"en_US","og_type":"article","og_title":"Trinity School - Asociaci\u00f3n Espa\u00f1ol en Andalucia","og_description":"Trinity School &nbsp;About the school Trinity School in El Puerto de Santa Mar\u00eda has over 25 years experience, accredited by the Instituto Cervantes. Our successful program for school groups includes one week of Spanish classes, accommodation with a host family and trips \u00a0C\/\u00a0Ave del Para\u00edso n\u00ba6. Apto. de Correos 720, 11500 -\u00a0El Puerto de Santa [&hellip;]","og_url":"https:\/\/aeea.org\/en\/schools\/cadiz-2\/trinity-school\/","og_site_name":"Asociaci\u00f3n Espa\u00f1ol en Andalucia","article_modified_time":"2021-11-12T12:50:50+00:00","twitter_card":"summary_large_image","twitter_misc":{"Est. reading time":"9 minutes"},"schema":{"@context":"https:\/\/schema.org","@graph":[{"@type":"WebPage","@id":"https:\/\/aeea.org\/en\/schools\/cadiz-2\/trinity-school\/","url":"https:\/\/aeea.org\/en\/schools\/cadiz-2\/trinity-school\/","name":"Trinity School - Asociaci\u00f3n Espa\u00f1ol en Andalucia","isPartOf":{"@id":"https:\/\/aeea.org\/#website"},"datePublished":"2014-06-24T14:19:43+00:00","dateModified":"2021-11-12T12:50:50+00:00","breadcrumb":{"@id":"https:\/\/aeea.org\/en\/schools\/cadiz-2\/trinity-school\/#breadcrumb"},"inLanguage":"en-US","potentialAction":[{"@type":"ReadAction","target":["https:\/\/aeea.org\/en\/schools\/cadiz-2\/trinity-school\/"]}]},{"@type":"BreadcrumbList","@id":"https:\/\/aeea.org\/en\/schools\/cadiz-2\/trinity-school\/#breadcrumb","itemListElement":[{"@type":"ListItem","position":1,"name":"Home","item":"https:\/\/aeea.org\/en\/"},{"@type":"ListItem","position":2,"name":"Schools","item":"https:\/\/aeea.org\/en\/schools\/"},{"@type":"ListItem","position":3,"name":"Cadiz (dest.)","item":"https:\/\/aeea.org\/en\/schools\/cadiz-2\/"},{"@type":"ListItem","position":4,"name":"Trinity School"}]},{"@type":"WebSite","@id":"https:\/\/aeea.org\/#website","url":"https:\/\/aeea.org\/","name":"Asociaci\u00f3n Espa\u00f1ol en Andalucia","description":"","potentialAction":[{"@type":"SearchAction","target":{"@type":"EntryPoint","urlTemplate":"https:\/\/aeea.org\/?s={search_term_string}"},"query-input":{"@type":"PropertyValueSpecification","valueRequired":true,"valueName":"search_term_string"}}],"inLanguage":"en-US"}]}},"_links":{"self":[{"href":"https:\/\/aeea.org\/en\/wp-json\/wp\/v2\/pages\/1155","targetHints":{"allow":["GET"]}}],"collection":[{"href":"https:\/\/aeea.org\/en\/wp-json\/wp\/v2\/pages"}],"about":[{"href":"https:\/\/aeea.org\/en\/wp-json\/wp\/v2\/types\/page"}],"author":[{"embeddable":true,"href":"https:\/\/aeea.org\/en\/wp-json\/wp\/v2\/users\/6"}],"replies":[{"embeddable":true,"href":"https:\/\/aeea.org\/en\/wp-json\/wp\/v2\/comments?post=1155"}],"version-history":[{"count":5,"href":"https:\/\/aeea.org\/en\/wp-json\/wp\/v2\/pages\/1155\/revisions"}],"predecessor-version":[{"id":7954,"href":"https:\/\/aeea.org\/en\/wp-json\/wp\/v2\/pages\/1155\/revisions\/7954"}],"up":[{"embeddable":true,"href":"https:\/\/aeea.org\/en\/wp-json\/wp\/v2\/pages\/1233"}],"wp:attachment":[{"href":"https:\/\/aeea.org\/en\/wp-json\/wp\/v2\/media?parent=1155"}],"curies":[{"name":"wp","href":"https:\/\/api.w.org\/{rel}","templated":true}]}}