{"id":1169,"date":"2014-06-24T14:26:40","date_gmt":"2014-06-24T14:26:40","guid":{"rendered":"http:\/\/aeea.org\/?page_id=1169"},"modified":"2014-06-24T14:26:40","modified_gmt":"2014-06-24T14:26:40","slug":"inst-andalusi-de-espanol","status":"publish","type":"page","link":"https:\/\/aeea.org\/en\/schools\/malaga-2\/inst-andalusi-de-espanol\/","title":{"rendered":"Inst. Andalus\u00ed de Espa\u00f1ol"},"content":{"rendered":"<h1>Instituto Andalus\u00ed de Espa\u00f1ol<\/h1>\n<p>[hr]<\/p>\n<p style=\"text-align: justify;\"><div class='one_half'>\n\t\t\t\t\t<div title=\"Page 1\">\n<p>Instituto Andalus\u00ed offers Spanish courses for people from all around the world. We\u00a0offer Intensive Courses for adults, juniors and seniors but also preparation courses\u00a0for the DELE exam and business Spanish.<\/p>\n<\/div>\n<p style=\"text-align: justify;\">\n\t\t\t\t<\/div><\/p>\n<div class='one_half et_column_last'>\n\t\t\t\t\t[callout font_size=&#8221;13px&#8221; style=&#8221;skyblue&#8221;]<img loading=\"lazy\" decoding=\"async\" class=\"alignleft size-full wp-image-494\" alt=\"pin7\" src=\"http:\/\/aeea.org\/wp-content\/uploads\/2014\/03\/pin71.png\" width=\"24\" height=\"24\" \/><a title=\"Ver en Mapa\" href=\"https:\/\/goo.gl\/maps\/A09EJ\">C\/ Reino de Le\u00f3n, 10, 29018, M\u00e1laga<\/a><\/p>\n<p style=\"text-align: justify;\"><img loading=\"lazy\" decoding=\"async\" class=\"alignleft size-full wp-image-496\" alt=\"telephone14\" src=\"http:\/\/aeea.org\/wp-content\/uploads\/2014\/03\/telephone14.png\" width=\"24\" height=\"24\" \/>(0034) 952 206 128<\/p>\n<p style=\"text-align: justify;\"><a href=\"http:\/\/www.instituto-andalusi.com\/\"><img loading=\"lazy\" decoding=\"async\" class=\"alignleft size-full wp-image-497\" alt=\"world15\" src=\"http:\/\/aeea.org\/wp-content\/uploads\/2014\/03\/world15.png\" width=\"24\" height=\"24\" \/>www.instituto-andalusi.com<\/a><\/p>\n<p style=\"text-align: justify;\"><img loading=\"lazy\" decoding=\"async\" class=\"alignleft size-full wp-image-499\" alt=\"black218\" src=\"http:\/\/aeea.org\/wp-content\/uploads\/2014\/03\/black218.png\" width=\"24\" height=\"24\" \/><a href=\"mailto:info@instituto-andalusi.com\">info@instituto-andalusi.com<\/a>[\/callout]<\/p>\n\t\t\t\t<\/div><div class='clear'><\/div>\n<p>[hr]<\/p>\n<div class='one_third'>\n\t\t\t\t\t[frame style=&#8221;shadow&#8221; image_path=&#8221;http:\/\/aeea.org\/wp-content\/uploads\/2014\/04\/andalusi.jpg&#8221; link_to_page=&#8221;http:\/\/www.instituto-andalusi.com\/&#8221; target=&#8221;&#8221; description=&#8221;&#8221; float=&#8221;&#8221; lightbox=&#8221;&#8221; lightbox_group=&#8221;&#8221; size=&#8221;three_col_large&#8221;]<\/p>\n\t\t\t\t<\/div>\n<div class='one_third'>\n\t\t\t\t\t[frame style=&#8221;shadow&#8221; image_path=&#8221;http:\/\/aeea.org\/wp-content\/uploads\/2014\/04\/Insituto_Andalus\u00ed_de_Espa\u00f1ol_1.jpg&#8221; link_to_page=&#8221;&#8221; target=&#8221;&#8221; description=&#8221;&#8221; float=&#8221;&#8221; lightbox=&#8221;http:\/\/aeea.org\/wp-content\/uploads\/2014\/04\/Insituto_Andalus\u00ed_de_Espa\u00f1ol_1.jpg&#8221; lightbox_group=&#8221;&#8221; size=&#8221;three_col_large&#8221;]<\/p>\n\t\t\t\t<\/div>\n<div class='one_third et_column_last'>\n\t\t\t\t\t[frame style=&#8221;shadow&#8221; image_path=&#8221;http:\/\/aeea.org\/wp-content\/uploads\/2014\/04\/Insituto_Andalus\u00ed_de_Espa\u00f1ol_2.jpg&#8221; link_to_page=&#8221;&#8221; target=&#8221;&#8221; description=&#8221;&#8221; float=&#8221;&#8221; lightbox=&#8221;http:\/\/aeea.org\/wp-content\/uploads\/2014\/04\/Insituto_Andalus\u00ed_de_Espa\u00f1ol_2.jpg&#8221; lightbox_group=&#8221;&#8221; size=&#8221;three_col_large&#8221;]<\/p>\n\t\t\t\t<\/div><div class='clear'><\/div>\n","protected":false},"excerpt":{"rendered":"<p>Instituto Andalus\u00ed de Espa\u00f1ol [hr] <div class='one_half'>\n\t\t\t\t\tInstituto Andalus\u00ed offers Spanish courses for people from all around the world. We\u00a0offer Intensive Courses for adults, juniors and seniors but also preparation courses\u00a0for the DELE exam and business Spanish.\n\t\t\t\t<\/div> <div class='one_half et_column_last'>\n\t\t\t\t\t[callout font_size=&#8221;13px&#8221; style=&#8221;skyblue&#8221;]C\/ Reino de Le\u00f3n, 10, 29018, M\u00e1laga (0034) 952 206 128 www.instituto-andalusi.com info@instituto-andalusi.com[\/callout]\n\t\t\t\t<\/div><div class='clear'><\/div> [hr] [&hellip;]<\/p>\n","protected":false},"author":6,"featured_media":0,"parent":2963,"menu_order":0,"comment_status":"closed","ping_status":"closed","template":"","meta":{"_et_pb_use_builder":"on","_et_pb_old_content":"","_et_gb_content_width":"","_monsterinsights_skip_tracking":false,"_monsterinsights_sitenote_active":false,"_monsterinsights_sitenote_note":"","_monsterinsights_sitenote_category":0,"_joinchat":[],"footnotes":""},"class_list":["post-1169","page","type-page","status-publish","hentry"],"yoast_head":"<!-- This site is optimized with the Yoast SEO plugin v27.4 - https:\/\/yoast.com\/product\/yoast-seo-wordpress\/ -->\n<title>Inst. Andalus\u00ed de Espa\u00f1ol - Asociaci\u00f3n Espa\u00f1ol en Andalucia<\/title>\n<meta name=\"robots\" content=\"index, follow, max-snippet:-1, max-image-preview:large, max-video-preview:-1\" \/>\n<link rel=\"canonical\" href=\"https:\/\/aeea.org\/en\/schools\/malaga-2\/inst-andalusi-de-espanol\/\" \/>\n<meta property=\"og:locale\" content=\"en_US\" \/>\n<meta property=\"og:type\" content=\"article\" \/>\n<meta property=\"og:title\" content=\"Inst. Andalus\u00ed de Espa\u00f1ol - Asociaci\u00f3n Espa\u00f1ol en Andalucia\" \/>\n<meta property=\"og:description\" content=\"Instituto Andalus\u00ed de Espa\u00f1ol [hr]  [hr] [&hellip;]\" \/>\n<meta property=\"og:url\" content=\"https:\/\/aeea.org\/en\/schools\/malaga-2\/inst-andalusi-de-espanol\/\" \/>\n<meta property=\"og:site_name\" content=\"Asociaci\u00f3n Espa\u00f1ol en Andalucia\" \/>\n<meta property=\"og:image\" content=\"http:\/\/aeea.org\/wp-content\/uploads\/2014\/03\/pin71.png\" \/>\n<meta name=\"twitter:card\" content=\"summary_large_image\" \/>\n<meta name=\"twitter:label1\" content=\"Est. reading time\" \/>\n\t<meta name=\"twitter:data1\" content=\"1 minute\" \/>\n<script type=\"application\/ld+json\" class=\"yoast-schema-graph\">{\"@context\":\"https:\\\/\\\/schema.org\",\"@graph\":[{\"@type\":\"WebPage\",\"@id\":\"https:\\\/\\\/aeea.org\\\/en\\\/schools\\\/malaga-2\\\/inst-andalusi-de-espanol\\\/\",\"url\":\"https:\\\/\\\/aeea.org\\\/en\\\/schools\\\/malaga-2\\\/inst-andalusi-de-espanol\\\/\",\"name\":\"Inst. Andalus\u00ed de Espa\u00f1ol - Asociaci\u00f3n Espa\u00f1ol en Andalucia\",\"isPartOf\":{\"@id\":\"https:\\\/\\\/aeea.org\\\/#website\"},\"primaryImageOfPage\":{\"@id\":\"https:\\\/\\\/aeea.org\\\/en\\\/schools\\\/malaga-2\\\/inst-andalusi-de-espanol\\\/#primaryimage\"},\"image\":{\"@id\":\"https:\\\/\\\/aeea.org\\\/en\\\/schools\\\/malaga-2\\\/inst-andalusi-de-espanol\\\/#primaryimage\"},\"thumbnailUrl\":\"http:\\\/\\\/aeea.org\\\/wp-content\\\/uploads\\\/2014\\\/03\\\/pin71.png\",\"datePublished\":\"2014-06-24T14:26:40+00:00\",\"breadcrumb\":{\"@id\":\"https:\\\/\\\/aeea.org\\\/en\\\/schools\\\/malaga-2\\\/inst-andalusi-de-espanol\\\/#breadcrumb\"},\"inLanguage\":\"en-US\",\"potentialAction\":[{\"@type\":\"ReadAction\",\"target\":[\"https:\\\/\\\/aeea.org\\\/en\\\/schools\\\/malaga-2\\\/inst-andalusi-de-espanol\\\/\"]}]},{\"@type\":\"ImageObject\",\"inLanguage\":\"en-US\",\"@id\":\"https:\\\/\\\/aeea.org\\\/en\\\/schools\\\/malaga-2\\\/inst-andalusi-de-espanol\\\/#primaryimage\",\"url\":\"http:\\\/\\\/aeea.org\\\/wp-content\\\/uploads\\\/2014\\\/03\\\/pin71.png\",\"contentUrl\":\"http:\\\/\\\/aeea.org\\\/wp-content\\\/uploads\\\/2014\\\/03\\\/pin71.png\"},{\"@type\":\"BreadcrumbList\",\"@id\":\"https:\\\/\\\/aeea.org\\\/en\\\/schools\\\/malaga-2\\\/inst-andalusi-de-espanol\\\/#breadcrumb\",\"itemListElement\":[{\"@type\":\"ListItem\",\"position\":1,\"name\":\"Home\",\"item\":\"https:\\\/\\\/aeea.org\\\/en\\\/\"},{\"@type\":\"ListItem\",\"position\":2,\"name\":\"Schools\",\"item\":\"https:\\\/\\\/aeea.org\\\/en\\\/schools\\\/\"},{\"@type\":\"ListItem\",\"position\":3,\"name\":\"M\u00e1laga\",\"item\":\"https:\\\/\\\/aeea.org\\\/en\\\/schools\\\/malaga-2\\\/\"},{\"@type\":\"ListItem\",\"position\":4,\"name\":\"Inst. Andalus\u00ed de Espa\u00f1ol\"}]},{\"@type\":\"WebSite\",\"@id\":\"https:\\\/\\\/aeea.org\\\/#website\",\"url\":\"https:\\\/\\\/aeea.org\\\/\",\"name\":\"Asociaci\u00f3n Espa\u00f1ol en Andalucia\",\"description\":\"\",\"potentialAction\":[{\"@type\":\"SearchAction\",\"target\":{\"@type\":\"EntryPoint\",\"urlTemplate\":\"https:\\\/\\\/aeea.org\\\/?s={search_term_string}\"},\"query-input\":{\"@type\":\"PropertyValueSpecification\",\"valueRequired\":true,\"valueName\":\"search_term_string\"}}],\"inLanguage\":\"en-US\"}]}<\/script>\n<!-- \/ Yoast SEO plugin. -->","yoast_head_json":{"title":"Inst. Andalus\u00ed de Espa\u00f1ol - Asociaci\u00f3n Espa\u00f1ol en Andalucia","robots":{"index":"index","follow":"follow","max-snippet":"max-snippet:-1","max-image-preview":"max-image-preview:large","max-video-preview":"max-video-preview:-1"},"canonical":"https:\/\/aeea.org\/en\/schools\/malaga-2\/inst-andalusi-de-espanol\/","og_locale":"en_US","og_type":"article","og_title":"Inst. Andalus\u00ed de Espa\u00f1ol - Asociaci\u00f3n Espa\u00f1ol en Andalucia","og_description":"Instituto Andalus\u00ed de Espa\u00f1ol [hr]  [hr] [&hellip;]","og_url":"https:\/\/aeea.org\/en\/schools\/malaga-2\/inst-andalusi-de-espanol\/","og_site_name":"Asociaci\u00f3n Espa\u00f1ol en Andalucia","og_image":[{"url":"http:\/\/aeea.org\/wp-content\/uploads\/2014\/03\/pin71.png","type":"","width":"","height":""}],"twitter_card":"summary_large_image","twitter_misc":{"Est. reading time":"1 minute"},"schema":{"@context":"https:\/\/schema.org","@graph":[{"@type":"WebPage","@id":"https:\/\/aeea.org\/en\/schools\/malaga-2\/inst-andalusi-de-espanol\/","url":"https:\/\/aeea.org\/en\/schools\/malaga-2\/inst-andalusi-de-espanol\/","name":"Inst. Andalus\u00ed de Espa\u00f1ol - Asociaci\u00f3n Espa\u00f1ol en Andalucia","isPartOf":{"@id":"https:\/\/aeea.org\/#website"},"primaryImageOfPage":{"@id":"https:\/\/aeea.org\/en\/schools\/malaga-2\/inst-andalusi-de-espanol\/#primaryimage"},"image":{"@id":"https:\/\/aeea.org\/en\/schools\/malaga-2\/inst-andalusi-de-espanol\/#primaryimage"},"thumbnailUrl":"http:\/\/aeea.org\/wp-content\/uploads\/2014\/03\/pin71.png","datePublished":"2014-06-24T14:26:40+00:00","breadcrumb":{"@id":"https:\/\/aeea.org\/en\/schools\/malaga-2\/inst-andalusi-de-espanol\/#breadcrumb"},"inLanguage":"en-US","potentialAction":[{"@type":"ReadAction","target":["https:\/\/aeea.org\/en\/schools\/malaga-2\/inst-andalusi-de-espanol\/"]}]},{"@type":"ImageObject","inLanguage":"en-US","@id":"https:\/\/aeea.org\/en\/schools\/malaga-2\/inst-andalusi-de-espanol\/#primaryimage","url":"http:\/\/aeea.org\/wp-content\/uploads\/2014\/03\/pin71.png","contentUrl":"http:\/\/aeea.org\/wp-content\/uploads\/2014\/03\/pin71.png"},{"@type":"BreadcrumbList","@id":"https:\/\/aeea.org\/en\/schools\/malaga-2\/inst-andalusi-de-espanol\/#breadcrumb","itemListElement":[{"@type":"ListItem","position":1,"name":"Home","item":"https:\/\/aeea.org\/en\/"},{"@type":"ListItem","position":2,"name":"Schools","item":"https:\/\/aeea.org\/en\/schools\/"},{"@type":"ListItem","position":3,"name":"M\u00e1laga","item":"https:\/\/aeea.org\/en\/schools\/malaga-2\/"},{"@type":"ListItem","position":4,"name":"Inst. Andalus\u00ed de Espa\u00f1ol"}]},{"@type":"WebSite","@id":"https:\/\/aeea.org\/#website","url":"https:\/\/aeea.org\/","name":"Asociaci\u00f3n Espa\u00f1ol en Andalucia","description":"","potentialAction":[{"@type":"SearchAction","target":{"@type":"EntryPoint","urlTemplate":"https:\/\/aeea.org\/?s={search_term_string}"},"query-input":{"@type":"PropertyValueSpecification","valueRequired":true,"valueName":"search_term_string"}}],"inLanguage":"en-US"}]}},"_links":{"self":[{"href":"https:\/\/aeea.org\/en\/wp-json\/wp\/v2\/pages\/1169","targetHints":{"allow":["GET"]}}],"collection":[{"href":"https:\/\/aeea.org\/en\/wp-json\/wp\/v2\/pages"}],"about":[{"href":"https:\/\/aeea.org\/en\/wp-json\/wp\/v2\/types\/page"}],"author":[{"embeddable":true,"href":"https:\/\/aeea.org\/en\/wp-json\/wp\/v2\/users\/6"}],"replies":[{"embeddable":true,"href":"https:\/\/aeea.org\/en\/wp-json\/wp\/v2\/comments?post=1169"}],"version-history":[{"count":0,"href":"https:\/\/aeea.org\/en\/wp-json\/wp\/v2\/pages\/1169\/revisions"}],"up":[{"embeddable":true,"href":"https:\/\/aeea.org\/en\/wp-json\/wp\/v2\/pages\/2963"}],"wp:attachment":[{"href":"https:\/\/aeea.org\/en\/wp-json\/wp\/v2\/media?parent=1169"}],"curies":[{"name":"wp","href":"https:\/\/api.w.org\/{rel}","templated":true}]}}