{"id":1201,"date":"2014-06-24T14:48:55","date_gmt":"2014-06-24T14:48:55","guid":{"rendered":"http:\/\/aeea.org\/?page_id=1201"},"modified":"2014-06-24T14:48:55","modified_gmt":"2014-06-24T14:48:55","slug":"eusa-sevilla","status":"publish","type":"page","link":"https:\/\/aeea.org\/en\/schools\/sevilla\/eusa-sevilla\/","title":{"rendered":"Escuela de Espa\u00f1ol Activo"},"content":{"rendered":"<h1>Ea! Escuela de Espa\u00f1ol Activo<\/h1>\n<p>[hr]<\/p>\n<p style=\"text-align: justify;\"><div class='one_half'>\n\t\t\t\t\t<p>ESCUELA DE ESPA\u00d1OL ACTIVO is part of the EUSA University Campus, one of the most modern learning environments in Andalusia (Spain). Located in the heart of Seville, it has been an active teaching centre since 1961.<\/p>\n<p style=\"text-align: justify;\">\n\t\t\t\t<\/div><\/p>\n<div class='one_half et_column_last'>\n\t\t\t\t\t[callout font_size=&#8221;13px&#8221; style=&#8221;skyblue&#8221;]<img loading=\"lazy\" decoding=\"async\" class=\"alignleft size-full wp-image-494\" src=\"http:\/\/aeea.org\/wp-content\/uploads\/2014\/03\/pin71.png\" alt=\"pin7\" width=\"24\" height=\"24\" \/><a title=\"Ver en Mapa\" href=\"https:\/\/goo.gl\/maps\/f2Cdo\">C\/ Pl\u00e1cido Fern\u00e1ndez Viagas, 4, 41013, Sevilla.<\/a><\/p>\n<p style=\"text-align: justify;\"><img loading=\"lazy\" decoding=\"async\" class=\"alignleft size-full wp-image-496\" src=\"http:\/\/aeea.org\/wp-content\/uploads\/2014\/03\/telephone14.png\" alt=\"telephone14\" width=\"24\" height=\"24\" \/>(0034) 954 238 797<\/p>\n<p style=\"text-align: justify;\"><a href=\"http:\/\/www.eusa.es\/\"><img loading=\"lazy\" decoding=\"async\" class=\"alignleft size-full wp-image-497\" src=\"http:\/\/aeea.org\/wp-content\/uploads\/2014\/03\/world15.png\" alt=\"world15\" width=\"24\" height=\"24\" \/>www.easpanish.com<\/a><\/p>\n<p style=\"text-align: justify;\"><img loading=\"lazy\" decoding=\"async\" class=\"alignleft size-full wp-image-499\" src=\"http:\/\/aeea.org\/wp-content\/uploads\/2014\/03\/black218.png\" alt=\"black218\" width=\"24\" height=\"24\" \/><a href=\"mailto:internacional@eusa.es\">info@easpanish.com<\/a>[\/callout]<\/p>\n\t\t\t\t<\/div><div class='clear'><\/div>\n<p>[hr]<\/p>\n<div class='one_third'>\n\t\t\t\t\t[frame style=&#8221;shadow&#8221; image_path=&#8221;http:\/\/aeea.org\/wp-content\/uploads\/2014\/10\/LOGO-EUSA.jpg&#8221; link_to_page=&#8221;http:\/\/www.easpanish.com\/&#8221; target=&#8221;&#8221; description=&#8221;&#8221; float=&#8221;&#8221; lightbox=&#8221;&#8221; lightbox_group=&#8221;&#8221; size=&#8221;three_col_large&#8221;]<\/p>\n\t\t\t\t<\/div>\n<div class='one_third'>\n\t\t\t\t\t[frame style=&#8221;shadow&#8221; image_path=&#8221;http:\/\/aeea.org\/wp-content\/uploads\/2014\/04\/EUSA_1.jpg&#8221; link_to_page=&#8221;&#8221; target=&#8221;&#8221; description=&#8221;&#8221; float=&#8221;&#8221; lightbox=&#8221;http:\/\/aeea.org\/wp-content\/uploads\/2014\/04\/EUSA_1.jpg&#8221; lightbox_group=&#8221;&#8221; size=&#8221;three_col_large&#8221;]<\/p>\n\t\t\t\t<\/div>\n<div class='one_third et_column_last'>\n\t\t\t\t\t[frame style=&#8221;shadow&#8221; image_path=&#8221;http:\/\/aeea.org\/wp-content\/uploads\/2014\/04\/EUSA_2.jpg&#8221; link_to_page=&#8221;&#8221; target=&#8221;&#8221; description=&#8221;&#8221; float=&#8221;&#8221; lightbox=&#8221;http:\/\/aeea.org\/wp-content\/uploads\/2014\/04\/EUSA_2.jpg&#8221; lightbox_group=&#8221;&#8221; size=&#8221;three_col_large&#8221;]<\/p>\n\t\t\t\t<\/div><div class='clear'><\/div>\n","protected":false},"excerpt":{"rendered":"<p>Ea! Escuela de Espa\u00f1ol Activo [hr] <div class='one_half'>\n\t\t\t\t\tESCUELA DE ESPA\u00d1OL ACTIVO is part of the EUSA University Campus, one of the most modern learning environments in Andalusia (Spain). Located in the heart of Seville, it has been an active teaching centre since 1961.\n\t\t\t\t<\/div> <div class='one_half et_column_last'>\n\t\t\t\t\t\n\t\t\t\t<\/div><div class='clear'><\/div> [callout font_size=&#8221;13px&#8221; style=&#8221;skyblue&#8221;]C\/ Pl\u00e1cido Fern\u00e1ndez Viagas, 4, 41013, Sevilla. (0034) [&hellip;]<\/p>\n","protected":false},"author":6,"featured_media":0,"parent":2969,"menu_order":0,"comment_status":"open","ping_status":"open","template":"","meta":{"_et_pb_use_builder":"on","_et_pb_old_content":"","_et_gb_content_width":"","_monsterinsights_skip_tracking":false,"_monsterinsights_sitenote_active":false,"_monsterinsights_sitenote_note":"","_monsterinsights_sitenote_category":0,"_joinchat":[],"footnotes":""},"class_list":["post-1201","page","type-page","status-publish","hentry"],"yoast_head":"<!-- This site is optimized with the Yoast SEO plugin v27.4 - https:\/\/yoast.com\/product\/yoast-seo-wordpress\/ -->\n<title>Escuela de Espa\u00f1ol Activo - Asociaci\u00f3n Espa\u00f1ol en Andalucia<\/title>\n<meta name=\"robots\" content=\"index, follow, max-snippet:-1, max-image-preview:large, max-video-preview:-1\" \/>\n<link rel=\"canonical\" href=\"https:\/\/aeea.org\/en\/schools\/sevilla\/eusa-sevilla\/\" \/>\n<meta property=\"og:locale\" content=\"en_US\" \/>\n<meta property=\"og:type\" content=\"article\" \/>\n<meta property=\"og:title\" content=\"Escuela de Espa\u00f1ol Activo - Asociaci\u00f3n Espa\u00f1ol en Andalucia\" \/>\n<meta property=\"og:description\" content=\"Ea! Escuela de Espa\u00f1ol Activo [hr]  [callout font_size=&quot;13px&quot; style=&quot;skyblue&quot;]C\/ Pl\u00e1cido Fern\u00e1ndez Viagas, 4, 41013, Sevilla. (0034) [&hellip;]\" \/>\n<meta property=\"og:url\" content=\"https:\/\/aeea.org\/en\/schools\/sevilla\/eusa-sevilla\/\" \/>\n<meta property=\"og:site_name\" content=\"Asociaci\u00f3n Espa\u00f1ol en Andalucia\" \/>\n<meta property=\"og:image\" content=\"http:\/\/aeea.org\/wp-content\/uploads\/2014\/03\/pin71.png\" \/>\n<meta name=\"twitter:card\" content=\"summary_large_image\" \/>\n<meta name=\"twitter:label1\" content=\"Est. reading time\" \/>\n\t<meta name=\"twitter:data1\" content=\"1 minute\" \/>\n<script type=\"application\/ld+json\" class=\"yoast-schema-graph\">{\"@context\":\"https:\\\/\\\/schema.org\",\"@graph\":[{\"@type\":\"WebPage\",\"@id\":\"https:\\\/\\\/aeea.org\\\/en\\\/schools\\\/sevilla\\\/eusa-sevilla\\\/\",\"url\":\"https:\\\/\\\/aeea.org\\\/en\\\/schools\\\/sevilla\\\/eusa-sevilla\\\/\",\"name\":\"Escuela de Espa\u00f1ol Activo - Asociaci\u00f3n Espa\u00f1ol en Andalucia\",\"isPartOf\":{\"@id\":\"https:\\\/\\\/aeea.org\\\/#website\"},\"primaryImageOfPage\":{\"@id\":\"https:\\\/\\\/aeea.org\\\/en\\\/schools\\\/sevilla\\\/eusa-sevilla\\\/#primaryimage\"},\"image\":{\"@id\":\"https:\\\/\\\/aeea.org\\\/en\\\/schools\\\/sevilla\\\/eusa-sevilla\\\/#primaryimage\"},\"thumbnailUrl\":\"http:\\\/\\\/aeea.org\\\/wp-content\\\/uploads\\\/2014\\\/03\\\/pin71.png\",\"datePublished\":\"2014-06-24T14:48:55+00:00\",\"breadcrumb\":{\"@id\":\"https:\\\/\\\/aeea.org\\\/en\\\/schools\\\/sevilla\\\/eusa-sevilla\\\/#breadcrumb\"},\"inLanguage\":\"en-US\",\"potentialAction\":[{\"@type\":\"ReadAction\",\"target\":[\"https:\\\/\\\/aeea.org\\\/en\\\/schools\\\/sevilla\\\/eusa-sevilla\\\/\"]}]},{\"@type\":\"ImageObject\",\"inLanguage\":\"en-US\",\"@id\":\"https:\\\/\\\/aeea.org\\\/en\\\/schools\\\/sevilla\\\/eusa-sevilla\\\/#primaryimage\",\"url\":\"http:\\\/\\\/aeea.org\\\/wp-content\\\/uploads\\\/2014\\\/03\\\/pin71.png\",\"contentUrl\":\"http:\\\/\\\/aeea.org\\\/wp-content\\\/uploads\\\/2014\\\/03\\\/pin71.png\"},{\"@type\":\"BreadcrumbList\",\"@id\":\"https:\\\/\\\/aeea.org\\\/en\\\/schools\\\/sevilla\\\/eusa-sevilla\\\/#breadcrumb\",\"itemListElement\":[{\"@type\":\"ListItem\",\"position\":1,\"name\":\"Home\",\"item\":\"https:\\\/\\\/aeea.org\\\/en\\\/\"},{\"@type\":\"ListItem\",\"position\":2,\"name\":\"Schools\",\"item\":\"https:\\\/\\\/aeea.org\\\/en\\\/schools\\\/\"},{\"@type\":\"ListItem\",\"position\":3,\"name\":\"Sevilla\",\"item\":\"https:\\\/\\\/aeea.org\\\/en\\\/schools\\\/sevilla\\\/\"},{\"@type\":\"ListItem\",\"position\":4,\"name\":\"Escuela de Espa\u00f1ol Activo\"}]},{\"@type\":\"WebSite\",\"@id\":\"https:\\\/\\\/aeea.org\\\/#website\",\"url\":\"https:\\\/\\\/aeea.org\\\/\",\"name\":\"Asociaci\u00f3n Espa\u00f1ol en Andalucia\",\"description\":\"\",\"potentialAction\":[{\"@type\":\"SearchAction\",\"target\":{\"@type\":\"EntryPoint\",\"urlTemplate\":\"https:\\\/\\\/aeea.org\\\/?s={search_term_string}\"},\"query-input\":{\"@type\":\"PropertyValueSpecification\",\"valueRequired\":true,\"valueName\":\"search_term_string\"}}],\"inLanguage\":\"en-US\"}]}<\/script>\n<!-- \/ Yoast SEO plugin. -->","yoast_head_json":{"title":"Escuela de Espa\u00f1ol Activo - Asociaci\u00f3n Espa\u00f1ol en Andalucia","robots":{"index":"index","follow":"follow","max-snippet":"max-snippet:-1","max-image-preview":"max-image-preview:large","max-video-preview":"max-video-preview:-1"},"canonical":"https:\/\/aeea.org\/en\/schools\/sevilla\/eusa-sevilla\/","og_locale":"en_US","og_type":"article","og_title":"Escuela de Espa\u00f1ol Activo - Asociaci\u00f3n Espa\u00f1ol en Andalucia","og_description":"Ea! Escuela de Espa\u00f1ol Activo [hr]  [callout font_size=\"13px\" style=\"skyblue\"]C\/ Pl\u00e1cido Fern\u00e1ndez Viagas, 4, 41013, Sevilla. (0034) [&hellip;]","og_url":"https:\/\/aeea.org\/en\/schools\/sevilla\/eusa-sevilla\/","og_site_name":"Asociaci\u00f3n Espa\u00f1ol en Andalucia","og_image":[{"url":"http:\/\/aeea.org\/wp-content\/uploads\/2014\/03\/pin71.png","type":"","width":"","height":""}],"twitter_card":"summary_large_image","twitter_misc":{"Est. reading time":"1 minute"},"schema":{"@context":"https:\/\/schema.org","@graph":[{"@type":"WebPage","@id":"https:\/\/aeea.org\/en\/schools\/sevilla\/eusa-sevilla\/","url":"https:\/\/aeea.org\/en\/schools\/sevilla\/eusa-sevilla\/","name":"Escuela de Espa\u00f1ol Activo - Asociaci\u00f3n Espa\u00f1ol en Andalucia","isPartOf":{"@id":"https:\/\/aeea.org\/#website"},"primaryImageOfPage":{"@id":"https:\/\/aeea.org\/en\/schools\/sevilla\/eusa-sevilla\/#primaryimage"},"image":{"@id":"https:\/\/aeea.org\/en\/schools\/sevilla\/eusa-sevilla\/#primaryimage"},"thumbnailUrl":"http:\/\/aeea.org\/wp-content\/uploads\/2014\/03\/pin71.png","datePublished":"2014-06-24T14:48:55+00:00","breadcrumb":{"@id":"https:\/\/aeea.org\/en\/schools\/sevilla\/eusa-sevilla\/#breadcrumb"},"inLanguage":"en-US","potentialAction":[{"@type":"ReadAction","target":["https:\/\/aeea.org\/en\/schools\/sevilla\/eusa-sevilla\/"]}]},{"@type":"ImageObject","inLanguage":"en-US","@id":"https:\/\/aeea.org\/en\/schools\/sevilla\/eusa-sevilla\/#primaryimage","url":"http:\/\/aeea.org\/wp-content\/uploads\/2014\/03\/pin71.png","contentUrl":"http:\/\/aeea.org\/wp-content\/uploads\/2014\/03\/pin71.png"},{"@type":"BreadcrumbList","@id":"https:\/\/aeea.org\/en\/schools\/sevilla\/eusa-sevilla\/#breadcrumb","itemListElement":[{"@type":"ListItem","position":1,"name":"Home","item":"https:\/\/aeea.org\/en\/"},{"@type":"ListItem","position":2,"name":"Schools","item":"https:\/\/aeea.org\/en\/schools\/"},{"@type":"ListItem","position":3,"name":"Sevilla","item":"https:\/\/aeea.org\/en\/schools\/sevilla\/"},{"@type":"ListItem","position":4,"name":"Escuela de Espa\u00f1ol Activo"}]},{"@type":"WebSite","@id":"https:\/\/aeea.org\/#website","url":"https:\/\/aeea.org\/","name":"Asociaci\u00f3n Espa\u00f1ol en Andalucia","description":"","potentialAction":[{"@type":"SearchAction","target":{"@type":"EntryPoint","urlTemplate":"https:\/\/aeea.org\/?s={search_term_string}"},"query-input":{"@type":"PropertyValueSpecification","valueRequired":true,"valueName":"search_term_string"}}],"inLanguage":"en-US"}]}},"_links":{"self":[{"href":"https:\/\/aeea.org\/en\/wp-json\/wp\/v2\/pages\/1201","targetHints":{"allow":["GET"]}}],"collection":[{"href":"https:\/\/aeea.org\/en\/wp-json\/wp\/v2\/pages"}],"about":[{"href":"https:\/\/aeea.org\/en\/wp-json\/wp\/v2\/types\/page"}],"author":[{"embeddable":true,"href":"https:\/\/aeea.org\/en\/wp-json\/wp\/v2\/users\/6"}],"replies":[{"embeddable":true,"href":"https:\/\/aeea.org\/en\/wp-json\/wp\/v2\/comments?post=1201"}],"version-history":[{"count":0,"href":"https:\/\/aeea.org\/en\/wp-json\/wp\/v2\/pages\/1201\/revisions"}],"up":[{"embeddable":true,"href":"https:\/\/aeea.org\/en\/wp-json\/wp\/v2\/pages\/2969"}],"wp:attachment":[{"href":"https:\/\/aeea.org\/en\/wp-json\/wp\/v2\/media?parent=1201"}],"curies":[{"name":"wp","href":"https:\/\/api.w.org\/{rel}","templated":true}]}}