{"id":1221,"date":"2014-06-24T15:41:42","date_gmt":"2014-06-24T15:41:42","guid":{"rendered":"http:\/\/aeea.org\/?page_id=1221"},"modified":"2015-06-14T16:39:25","modified_gmt":"2015-06-14T16:39:25","slug":"malaga","status":"publish","type":"page","link":"https:\/\/aeea.org\/en\/schools\/malaga\/","title":{"rendered":"Malaga (dest.)"},"content":{"rendered":"<p><iframe loading=\"lazy\" src=\"\/\/www.youtube-nocookie.com\/embed\/TwSXXe_9Qok\" width=\"960\" height=\"540\" frameborder=\"0\" allowfullscreen=\"allowfullscreen\"><\/iframe><\/p>\n<h1 style=\"text-align: justify;\">M\u00c1LAGA<\/h1>\n<p style=\"text-align: justify;\">The city of Malaga is located in a natural enclave.\u00a0 The Mediterranean Sea washes its coasts and the mountains of Malaga surround the city and protect it from the cold and heat of the interior.\u00a0 The hottest months are in July and August with an average temperature of around 26\u00baC and the coldest are normally December and January with an average of around 15\u00baC.\u00a0 Malaga enjoys around 2830 hours of sunshine a year.\u00a0 The beaches have the advantage of being just a stone\u2019s throw from all the benefits of the centre of a big city.<\/p>\n<p style=\"text-align: justify;\">Getting to Malaga is easy, its international airport is only 14kms from the historic centre and a modern motorway network makes it easy to visit Granada, Sevilla, Cordoba or Cadiz.<\/p>\n<p style=\"text-align: justify;\">Malaga is a modern city, with an interesting and vibrant cultural life. Among its many museums you should definitely visit the Picasso and the Carmen Thyssen.\u00a0 Malaga has 5 theatres, lots of concert halls and galleries.\u00a0 Also you can&#8217;t ignore its shopping; you can spend a whole afternoon without even leaving the city centre. Last, but not least, \u00a0Malaga\u2019s culinary tradition is based on fresh products from the sea and the farm, and can be enjoyed in hundreds of tapas bars, casual beach restaurants or upscale restaurants in the city centre or the marina of Muelle Uno.<\/p>\n<p style=\"text-align: justify;\">The province of Malaga, bordered by the Mediterranean, is famous for its coastal towns and villages such as Marbella, Nerja, Torremolinos and Benalmadena.\u00a0 In the interior you will find the white, mountain, towns and villages, like Ronda, whose historic centre is one of the most visited in Spain.<\/p>\n<p style=\"text-align: justify;\">Malaga is without doubt the best choice if you want to study Spanish with sunshine, beaches, lively night-life, a stunning monumental heritage and wide range of cultural activities.<\/p>\n","protected":false},"excerpt":{"rendered":"<p>M\u00c1LAGA The city of Malaga is located in a natural enclave.\u00a0 The Mediterranean Sea washes its coasts and the mountains of Malaga surround the city and protect it from the cold and heat of the interior.\u00a0 The hottest months are in July and August with an average temperature of around 26\u00baC and the coldest are [&hellip;]<\/p>\n","protected":false},"author":6,"featured_media":0,"parent":30,"menu_order":0,"comment_status":"closed","ping_status":"closed","template":"","meta":{"_et_pb_use_builder":"","_et_pb_old_content":"","_et_gb_content_width":"","_monsterinsights_skip_tracking":false,"_monsterinsights_sitenote_active":false,"_monsterinsights_sitenote_note":"","_monsterinsights_sitenote_category":0,"_joinchat":[],"footnotes":""},"class_list":["post-1221","page","type-page","status-publish","hentry"],"yoast_head":"<!-- This site is optimized with the Yoast SEO plugin v27.4 - https:\/\/yoast.com\/product\/yoast-seo-wordpress\/ -->\n<title>Malaga (dest.) - Asociaci\u00f3n Espa\u00f1ol en Andalucia<\/title>\n<meta name=\"robots\" content=\"index, follow, max-snippet:-1, max-image-preview:large, max-video-preview:-1\" \/>\n<link rel=\"canonical\" href=\"https:\/\/aeea.org\/en\/schools\/malaga\/\" \/>\n<meta property=\"og:locale\" content=\"en_US\" \/>\n<meta property=\"og:type\" content=\"article\" \/>\n<meta property=\"og:title\" content=\"Malaga (dest.) - Asociaci\u00f3n Espa\u00f1ol en Andalucia\" \/>\n<meta property=\"og:description\" content=\"M\u00c1LAGA The city of Malaga is located in a natural enclave.\u00a0 The Mediterranean Sea washes its coasts and the mountains of Malaga surround the city and protect it from the cold and heat of the interior.\u00a0 The hottest months are in July and August with an average temperature of around 26\u00baC and the coldest are [&hellip;]\" \/>\n<meta property=\"og:url\" content=\"https:\/\/aeea.org\/en\/schools\/malaga\/\" \/>\n<meta property=\"og:site_name\" content=\"Asociaci\u00f3n Espa\u00f1ol en Andalucia\" \/>\n<meta property=\"article:modified_time\" content=\"2015-06-14T16:39:25+00:00\" \/>\n<meta name=\"twitter:card\" content=\"summary_large_image\" \/>\n<meta name=\"twitter:label1\" content=\"Est. reading time\" \/>\n\t<meta name=\"twitter:data1\" content=\"2 minutes\" \/>\n<script type=\"application\/ld+json\" class=\"yoast-schema-graph\">{\"@context\":\"https:\\\/\\\/schema.org\",\"@graph\":[{\"@type\":\"WebPage\",\"@id\":\"https:\\\/\\\/aeea.org\\\/en\\\/schools\\\/malaga\\\/\",\"url\":\"https:\\\/\\\/aeea.org\\\/en\\\/schools\\\/malaga\\\/\",\"name\":\"Malaga (dest.) - Asociaci\u00f3n Espa\u00f1ol en Andalucia\",\"isPartOf\":{\"@id\":\"https:\\\/\\\/aeea.org\\\/#website\"},\"datePublished\":\"2014-06-24T15:41:42+00:00\",\"dateModified\":\"2015-06-14T16:39:25+00:00\",\"breadcrumb\":{\"@id\":\"https:\\\/\\\/aeea.org\\\/en\\\/schools\\\/malaga\\\/#breadcrumb\"},\"inLanguage\":\"en-US\",\"potentialAction\":[{\"@type\":\"ReadAction\",\"target\":[\"https:\\\/\\\/aeea.org\\\/en\\\/schools\\\/malaga\\\/\"]}]},{\"@type\":\"BreadcrumbList\",\"@id\":\"https:\\\/\\\/aeea.org\\\/en\\\/schools\\\/malaga\\\/#breadcrumb\",\"itemListElement\":[{\"@type\":\"ListItem\",\"position\":1,\"name\":\"Home\",\"item\":\"https:\\\/\\\/aeea.org\\\/en\\\/\"},{\"@type\":\"ListItem\",\"position\":2,\"name\":\"Schools\",\"item\":\"https:\\\/\\\/aeea.org\\\/en\\\/schools\\\/\"},{\"@type\":\"ListItem\",\"position\":3,\"name\":\"Malaga (dest.)\"}]},{\"@type\":\"WebSite\",\"@id\":\"https:\\\/\\\/aeea.org\\\/#website\",\"url\":\"https:\\\/\\\/aeea.org\\\/\",\"name\":\"Asociaci\u00f3n Espa\u00f1ol en Andalucia\",\"description\":\"\",\"potentialAction\":[{\"@type\":\"SearchAction\",\"target\":{\"@type\":\"EntryPoint\",\"urlTemplate\":\"https:\\\/\\\/aeea.org\\\/?s={search_term_string}\"},\"query-input\":{\"@type\":\"PropertyValueSpecification\",\"valueRequired\":true,\"valueName\":\"search_term_string\"}}],\"inLanguage\":\"en-US\"}]}<\/script>\n<!-- \/ Yoast SEO plugin. -->","yoast_head_json":{"title":"Malaga (dest.) - Asociaci\u00f3n Espa\u00f1ol en Andalucia","robots":{"index":"index","follow":"follow","max-snippet":"max-snippet:-1","max-image-preview":"max-image-preview:large","max-video-preview":"max-video-preview:-1"},"canonical":"https:\/\/aeea.org\/en\/schools\/malaga\/","og_locale":"en_US","og_type":"article","og_title":"Malaga (dest.) - Asociaci\u00f3n Espa\u00f1ol en Andalucia","og_description":"M\u00c1LAGA The city of Malaga is located in a natural enclave.\u00a0 The Mediterranean Sea washes its coasts and the mountains of Malaga surround the city and protect it from the cold and heat of the interior.\u00a0 The hottest months are in July and August with an average temperature of around 26\u00baC and the coldest are [&hellip;]","og_url":"https:\/\/aeea.org\/en\/schools\/malaga\/","og_site_name":"Asociaci\u00f3n Espa\u00f1ol en Andalucia","article_modified_time":"2015-06-14T16:39:25+00:00","twitter_card":"summary_large_image","twitter_misc":{"Est. reading time":"2 minutes"},"schema":{"@context":"https:\/\/schema.org","@graph":[{"@type":"WebPage","@id":"https:\/\/aeea.org\/en\/schools\/malaga\/","url":"https:\/\/aeea.org\/en\/schools\/malaga\/","name":"Malaga (dest.) - Asociaci\u00f3n Espa\u00f1ol en Andalucia","isPartOf":{"@id":"https:\/\/aeea.org\/#website"},"datePublished":"2014-06-24T15:41:42+00:00","dateModified":"2015-06-14T16:39:25+00:00","breadcrumb":{"@id":"https:\/\/aeea.org\/en\/schools\/malaga\/#breadcrumb"},"inLanguage":"en-US","potentialAction":[{"@type":"ReadAction","target":["https:\/\/aeea.org\/en\/schools\/malaga\/"]}]},{"@type":"BreadcrumbList","@id":"https:\/\/aeea.org\/en\/schools\/malaga\/#breadcrumb","itemListElement":[{"@type":"ListItem","position":1,"name":"Home","item":"https:\/\/aeea.org\/en\/"},{"@type":"ListItem","position":2,"name":"Schools","item":"https:\/\/aeea.org\/en\/schools\/"},{"@type":"ListItem","position":3,"name":"Malaga (dest.)"}]},{"@type":"WebSite","@id":"https:\/\/aeea.org\/#website","url":"https:\/\/aeea.org\/","name":"Asociaci\u00f3n Espa\u00f1ol en Andalucia","description":"","potentialAction":[{"@type":"SearchAction","target":{"@type":"EntryPoint","urlTemplate":"https:\/\/aeea.org\/?s={search_term_string}"},"query-input":{"@type":"PropertyValueSpecification","valueRequired":true,"valueName":"search_term_string"}}],"inLanguage":"en-US"}]}},"_links":{"self":[{"href":"https:\/\/aeea.org\/en\/wp-json\/wp\/v2\/pages\/1221","targetHints":{"allow":["GET"]}}],"collection":[{"href":"https:\/\/aeea.org\/en\/wp-json\/wp\/v2\/pages"}],"about":[{"href":"https:\/\/aeea.org\/en\/wp-json\/wp\/v2\/types\/page"}],"author":[{"embeddable":true,"href":"https:\/\/aeea.org\/en\/wp-json\/wp\/v2\/users\/6"}],"replies":[{"embeddable":true,"href":"https:\/\/aeea.org\/en\/wp-json\/wp\/v2\/comments?post=1221"}],"version-history":[{"count":2,"href":"https:\/\/aeea.org\/en\/wp-json\/wp\/v2\/pages\/1221\/revisions"}],"predecessor-version":[{"id":2932,"href":"https:\/\/aeea.org\/en\/wp-json\/wp\/v2\/pages\/1221\/revisions\/2932"}],"up":[{"embeddable":true,"href":"https:\/\/aeea.org\/en\/wp-json\/wp\/v2\/pages\/30"}],"wp:attachment":[{"href":"https:\/\/aeea.org\/en\/wp-json\/wp\/v2\/media?parent=1221"}],"curies":[{"name":"wp","href":"https:\/\/api.w.org\/{rel}","templated":true}]}}