{"id":1283,"date":"2014-06-25T09:31:39","date_gmt":"2014-06-25T09:31:39","guid":{"rendered":"http:\/\/aeea.org\/?page_id=1283"},"modified":"2016-03-05T11:05:16","modified_gmt":"2016-03-05T11:05:16","slug":"beeing-a-member","status":"publish","type":"page","link":"https:\/\/aeea.org\/en\/what-is-eea\/beeing-a-member\/","title":{"rendered":"Being a member"},"content":{"rendered":"<h1>Advantages of being a member of Espa\u00f1ol en Andaluc\u00eda<\/h1>\n<ol>\n<li style=\"text-align: justify;\"><b>Independent quality guarantee.<\/b> The fact that all our schools are accredited by the Instituto Cervantes, the governmental body responsible for the teaching of Spanish, means that we can guarantee that all our members offer a high level of education.<\/li>\n<li style=\"text-align: justify;\"><b>Direct cooperation with regional institutions.<\/b> Our association has direct contacts with and receives support from, various sections of the Andalucian government, as well as provincial and local governments: Town Halls, local Tourist Boards, Chambers of Commerce, etc.<\/li>\n<li style=\"text-align: justify;\"><b>Representation of the \u201cSpanish teaching\u201d business sector in Andalucia.<\/b> EEA is the largest language tourism association in the region and, as such, we are involved in official cooperation and projects with public institutions.<\/li>\n<li style=\"text-align: justify;\"><b>Promotion of Andalucia as a brand and its component destinations.<\/b> By being the focal point of official support for our sector, EEA creates the ideal platform for the promotion of the Andalucian brand and the various destinations where our members are located.<\/li>\n<li style=\"text-align: justify;\"><b>Participation in marketing and promotional events.<\/b> As a member of the prestigious national federation of spanish schools (FEDELE), EEA participates in the most important professional events in the world of international language teaching.<\/li>\n<li style=\"text-align: justify;\"><b>Accurate information about the spanish teaching industry<\/b>. Thanks to our internal co-operation and work with the various governmental bodies related to our industry, EEA has up-to-date and verifiable statistics of our business sector.<\/li>\n<li style=\"text-align: justify;\"><b>Business opportunities.<\/b> All the above allow the members direct access to a range of business opportunities which help them grow their businesses and make effective professional relationships and agreements.<\/li>\n<\/ol>\n","protected":false},"excerpt":{"rendered":"<p>Advantages of being a member of Espa\u00f1ol en Andaluc\u00eda Independent quality guarantee. The fact that all our schools are accredited by the Instituto Cervantes, the governmental body responsible for the teaching of Spanish, means that we can guarantee that all our members offer a high level of education. Direct cooperation with regional institutions. Our association [&hellip;]<\/p>\n","protected":false},"author":6,"featured_media":0,"parent":163,"menu_order":0,"comment_status":"closed","ping_status":"closed","template":"template-blank-canvas.php","meta":{"_et_pb_use_builder":"","_et_pb_old_content":"","_et_gb_content_width":"","_monsterinsights_skip_tracking":false,"_monsterinsights_sitenote_active":false,"_monsterinsights_sitenote_note":"","_monsterinsights_sitenote_category":0,"_joinchat":[],"footnotes":""},"class_list":["post-1283","page","type-page","status-publish","hentry"],"yoast_head":"<!-- This site is optimized with the Yoast SEO plugin v27.4 - https:\/\/yoast.com\/product\/yoast-seo-wordpress\/ -->\n<title>Being a member - Asociaci\u00f3n Espa\u00f1ol en Andalucia<\/title>\n<meta name=\"robots\" content=\"index, follow, max-snippet:-1, max-image-preview:large, max-video-preview:-1\" \/>\n<link rel=\"canonical\" href=\"https:\/\/aeea.org\/en\/what-is-eea\/beeing-a-member\/\" \/>\n<meta property=\"og:locale\" content=\"en_US\" \/>\n<meta property=\"og:type\" content=\"article\" \/>\n<meta property=\"og:title\" content=\"Being a member - Asociaci\u00f3n Espa\u00f1ol en Andalucia\" \/>\n<meta property=\"og:description\" content=\"Advantages of being a member of Espa\u00f1ol en Andaluc\u00eda Independent quality guarantee. The fact that all our schools are accredited by the Instituto Cervantes, the governmental body responsible for the teaching of Spanish, means that we can guarantee that all our members offer a high level of education. Direct cooperation with regional institutions. Our association [&hellip;]\" \/>\n<meta property=\"og:url\" content=\"https:\/\/aeea.org\/en\/what-is-eea\/beeing-a-member\/\" \/>\n<meta property=\"og:site_name\" content=\"Asociaci\u00f3n Espa\u00f1ol en Andalucia\" \/>\n<meta property=\"article:modified_time\" content=\"2016-03-05T11:05:16+00:00\" \/>\n<meta name=\"twitter:card\" content=\"summary_large_image\" \/>\n<meta name=\"twitter:label1\" content=\"Est. reading time\" \/>\n\t<meta name=\"twitter:data1\" content=\"1 minute\" \/>\n<script type=\"application\/ld+json\" class=\"yoast-schema-graph\">{\"@context\":\"https:\\\/\\\/schema.org\",\"@graph\":[{\"@type\":\"WebPage\",\"@id\":\"https:\\\/\\\/aeea.org\\\/en\\\/what-is-eea\\\/beeing-a-member\\\/\",\"url\":\"https:\\\/\\\/aeea.org\\\/en\\\/what-is-eea\\\/beeing-a-member\\\/\",\"name\":\"Being a member - Asociaci\u00f3n Espa\u00f1ol en Andalucia\",\"isPartOf\":{\"@id\":\"https:\\\/\\\/aeea.org\\\/#website\"},\"datePublished\":\"2014-06-25T09:31:39+00:00\",\"dateModified\":\"2016-03-05T11:05:16+00:00\",\"breadcrumb\":{\"@id\":\"https:\\\/\\\/aeea.org\\\/en\\\/what-is-eea\\\/beeing-a-member\\\/#breadcrumb\"},\"inLanguage\":\"en-US\",\"potentialAction\":[{\"@type\":\"ReadAction\",\"target\":[\"https:\\\/\\\/aeea.org\\\/en\\\/what-is-eea\\\/beeing-a-member\\\/\"]}]},{\"@type\":\"BreadcrumbList\",\"@id\":\"https:\\\/\\\/aeea.org\\\/en\\\/what-is-eea\\\/beeing-a-member\\\/#breadcrumb\",\"itemListElement\":[{\"@type\":\"ListItem\",\"position\":1,\"name\":\"Home\",\"item\":\"https:\\\/\\\/aeea.org\\\/en\\\/\"},{\"@type\":\"ListItem\",\"position\":2,\"name\":\"What is EEA\",\"item\":\"https:\\\/\\\/aeea.org\\\/en\\\/what-is-eea\\\/\"},{\"@type\":\"ListItem\",\"position\":3,\"name\":\"Being a member\"}]},{\"@type\":\"WebSite\",\"@id\":\"https:\\\/\\\/aeea.org\\\/#website\",\"url\":\"https:\\\/\\\/aeea.org\\\/\",\"name\":\"Asociaci\u00f3n Espa\u00f1ol en Andalucia\",\"description\":\"\",\"potentialAction\":[{\"@type\":\"SearchAction\",\"target\":{\"@type\":\"EntryPoint\",\"urlTemplate\":\"https:\\\/\\\/aeea.org\\\/?s={search_term_string}\"},\"query-input\":{\"@type\":\"PropertyValueSpecification\",\"valueRequired\":true,\"valueName\":\"search_term_string\"}}],\"inLanguage\":\"en-US\"}]}<\/script>\n<!-- \/ Yoast SEO plugin. -->","yoast_head_json":{"title":"Being a member - Asociaci\u00f3n Espa\u00f1ol en Andalucia","robots":{"index":"index","follow":"follow","max-snippet":"max-snippet:-1","max-image-preview":"max-image-preview:large","max-video-preview":"max-video-preview:-1"},"canonical":"https:\/\/aeea.org\/en\/what-is-eea\/beeing-a-member\/","og_locale":"en_US","og_type":"article","og_title":"Being a member - Asociaci\u00f3n Espa\u00f1ol en Andalucia","og_description":"Advantages of being a member of Espa\u00f1ol en Andaluc\u00eda Independent quality guarantee. The fact that all our schools are accredited by the Instituto Cervantes, the governmental body responsible for the teaching of Spanish, means that we can guarantee that all our members offer a high level of education. Direct cooperation with regional institutions. Our association [&hellip;]","og_url":"https:\/\/aeea.org\/en\/what-is-eea\/beeing-a-member\/","og_site_name":"Asociaci\u00f3n Espa\u00f1ol en Andalucia","article_modified_time":"2016-03-05T11:05:16+00:00","twitter_card":"summary_large_image","twitter_misc":{"Est. reading time":"1 minute"},"schema":{"@context":"https:\/\/schema.org","@graph":[{"@type":"WebPage","@id":"https:\/\/aeea.org\/en\/what-is-eea\/beeing-a-member\/","url":"https:\/\/aeea.org\/en\/what-is-eea\/beeing-a-member\/","name":"Being a member - Asociaci\u00f3n Espa\u00f1ol en Andalucia","isPartOf":{"@id":"https:\/\/aeea.org\/#website"},"datePublished":"2014-06-25T09:31:39+00:00","dateModified":"2016-03-05T11:05:16+00:00","breadcrumb":{"@id":"https:\/\/aeea.org\/en\/what-is-eea\/beeing-a-member\/#breadcrumb"},"inLanguage":"en-US","potentialAction":[{"@type":"ReadAction","target":["https:\/\/aeea.org\/en\/what-is-eea\/beeing-a-member\/"]}]},{"@type":"BreadcrumbList","@id":"https:\/\/aeea.org\/en\/what-is-eea\/beeing-a-member\/#breadcrumb","itemListElement":[{"@type":"ListItem","position":1,"name":"Home","item":"https:\/\/aeea.org\/en\/"},{"@type":"ListItem","position":2,"name":"What is EEA","item":"https:\/\/aeea.org\/en\/what-is-eea\/"},{"@type":"ListItem","position":3,"name":"Being a member"}]},{"@type":"WebSite","@id":"https:\/\/aeea.org\/#website","url":"https:\/\/aeea.org\/","name":"Asociaci\u00f3n Espa\u00f1ol en Andalucia","description":"","potentialAction":[{"@type":"SearchAction","target":{"@type":"EntryPoint","urlTemplate":"https:\/\/aeea.org\/?s={search_term_string}"},"query-input":{"@type":"PropertyValueSpecification","valueRequired":true,"valueName":"search_term_string"}}],"inLanguage":"en-US"}]}},"_links":{"self":[{"href":"https:\/\/aeea.org\/en\/wp-json\/wp\/v2\/pages\/1283","targetHints":{"allow":["GET"]}}],"collection":[{"href":"https:\/\/aeea.org\/en\/wp-json\/wp\/v2\/pages"}],"about":[{"href":"https:\/\/aeea.org\/en\/wp-json\/wp\/v2\/types\/page"}],"author":[{"embeddable":true,"href":"https:\/\/aeea.org\/en\/wp-json\/wp\/v2\/users\/6"}],"replies":[{"embeddable":true,"href":"https:\/\/aeea.org\/en\/wp-json\/wp\/v2\/comments?post=1283"}],"version-history":[{"count":1,"href":"https:\/\/aeea.org\/en\/wp-json\/wp\/v2\/pages\/1283\/revisions"}],"predecessor-version":[{"id":3301,"href":"https:\/\/aeea.org\/en\/wp-json\/wp\/v2\/pages\/1283\/revisions\/3301"}],"up":[{"embeddable":true,"href":"https:\/\/aeea.org\/en\/wp-json\/wp\/v2\/pages\/163"}],"wp:attachment":[{"href":"https:\/\/aeea.org\/en\/wp-json\/wp\/v2\/media?parent=1283"}],"curies":[{"name":"wp","href":"https:\/\/api.w.org\/{rel}","templated":true}]}}