{"id":1290,"date":"2014-06-25T09:34:36","date_gmt":"2014-06-25T09:34:36","guid":{"rendered":"http:\/\/aeea.org\/?page_id=1290"},"modified":"2020-11-17T13:24:59","modified_gmt":"2020-11-17T13:24:59","slug":"why-andalucia","status":"publish","type":"page","link":"https:\/\/aeea.org\/en\/what-is-eea\/why-andalucia\/","title":{"rendered":"Why Andaluc\u00eda?"},"content":{"rendered":"<p>[et_pb_section fb_built=&#8221;1&#8243; disabled_on=&#8221;off|off|off&#8221; admin_label=&#8221;Header Section&#8221; _builder_version=&#8221;4.6.3&#8243; use_background_color_gradient=&#8221;on&#8221; background_color_gradient_start=&#8221;rgba(20,61,88,0.65)&#8221; background_color_gradient_end=&#8221;rgba(20,61,88,0.33)&#8221; background_color_gradient_overlays_image=&#8221;on&#8221; background_image=&#8221;http:\/\/aeea.org\/wp-content\/uploads\/2016\/02\/tango-Granada.jpg&#8221; custom_margin=&#8221;|||&#8221; custom_padding=&#8221;6vw|0px|6vw|0px|true|&#8221; bottom_divider_color=&#8221;rgba(5,41,66,0.3)&#8221; bottom_divider_height=&#8221;20vw&#8221; animation_style=&#8221;slide&#8221; animation_direction=&#8221;top&#8221; animation_intensity_slide=&#8221;3%&#8221; animation_starting_opacity=&#8221;100%&#8221; hover_enabled=&#8221;0&#8243; sticky_enabled=&#8221;0&#8243; title_text=&#8221;tango Granada&#8221;][et_pb_row disabled_on=&#8221;off|off|off&#8221; module_class=&#8221; et_pb_row_fullwidth&#8221; _builder_version=&#8221;3.25&#8243; width=&#8221;89%&#8221; width_tablet=&#8221;80%&#8221; width_phone=&#8221;&#8221; width_last_edited=&#8221;on|desktop&#8221; max_width=&#8221;89%&#8221; max_width_tablet=&#8221;80%&#8221; max_width_phone=&#8221;&#8221; max_width_last_edited=&#8221;on|desktop&#8221; custom_padding=&#8221;|||&#8221; make_fullwidth=&#8221;on&#8221;][et_pb_column type=&#8221;4_4&#8243; _builder_version=&#8221;3.25&#8243; custom_padding=&#8221;|||&#8221; custom_padding__hover=&#8221;|||&#8221;][et_pb_text disabled_on=&#8221;off|off|off&#8221; _builder_version=&#8221;4.6.3&#8243; text_font=&#8221;Montserrat||||||||&#8221; text_font_size=&#8221;22px&#8221; text_line_height=&#8221;1.8em&#8221; header_font=&#8221;Montserrat|600|||||||&#8221; header_text_align=&#8221;center&#8221; header_font_size=&#8221;40px&#8221; header_line_height=&#8221;1.5em&#8221; text_orientation=&#8221;center&#8221; background_layout=&#8221;dark&#8221; custom_margin=&#8221;|||&#8221; hover_enabled=&#8221;0&#8243; header_font_size_tablet=&#8221;50px&#8221; header_font_size_phone=&#8221;&#8221; header_font_size_last_edited=&#8221;on|desktop&#8221; header_line_height_tablet=&#8221;1.1em&#8221; header_line_height_phone=&#8221;1.2em&#8221; header_line_height_last_edited=&#8221;off|desktop&#8221; sticky_enabled=&#8221;0&#8243;]<\/p>\n<h1>Discover Andaluc\u00eda<\/h1>\n<p>[\/et_pb_text][\/et_pb_column][\/et_pb_row][\/et_pb_section][et_pb_section fb_built=&#8221;1&#8243; specialty=&#8221;on&#8221; padding_top_1=&#8221;80px&#8221; padding_left_1=&#8221;12%&#8221; padding_1_tablet=&#8221;0px|10%||10%&#8221; padding_1_phone=&#8221;&#8221; padding_1_last_edited=&#8221;on|tablet&#8221; admin_label=&#8221;Commitment Section&#8221; _builder_version=&#8221;3.22&#8243; use_background_color_gradient=&#8221;on&#8221; background_color_gradient_start=&#8221;rgba(242,246,249,0)&#8221; background_color_gradient_end=&#8221;#f2f6f9&#8243; background_color_gradient_direction=&#8221;90deg&#8221; background_color_gradient_start_position=&#8221;80%&#8221; background_color_gradient_end_position=&#8221;80%&#8221; inner_width=&#8221;100%&#8221; inner_max_width=&#8221;100%&#8221; custom_margin=&#8221;|||&#8221; custom_padding=&#8221;0px|0px|120px|0px||&#8221; animation_style=&#8221;slide&#8221; animation_direction=&#8221;right&#8221; animation_intensity_slide=&#8221;2%&#8221; use_custom_width=&#8221;on&#8221; width_unit=&#8221;off&#8221; custom_width_percent=&#8221;100%&#8221;][et_pb_column type=&#8221;1_2&#8243; _builder_version=&#8221;3.25&#8243; custom_padding=&#8221;|||&#8221; custom_padding__hover=&#8221;|||&#8221;][et_pb_text admin_label=&#8221;Title&#8221; _builder_version=&#8221;4.6.3&#8243; text_font=&#8221;||||||||&#8221; header_font=&#8221;||||||||&#8221; header_2_font=&#8221;Montserrat||||||||&#8221; header_2_font_size=&#8221;40px&#8221; header_2_line_height=&#8221;1.5em&#8221; max_width=&#8221;800px&#8221; custom_margin=&#8221;||20px|&#8221; custom_padding=&#8221;|||&#8221; custom_padding_tablet=&#8221;0px|10%||70px&#8221; custom_padding_phone=&#8221;0px|10%||50px&#8221; custom_padding_last_edited=&#8221;off|desktop&#8221; hover_enabled=&#8221;0&#8243; header_2_font_size_tablet=&#8221;35px&#8221; header_2_font_size_phone=&#8221;35px&#8221; header_2_font_size_last_edited=&#8221;on|phone&#8221; header_2_line_height_tablet=&#8221;1em&#8221; header_2_line_height_phone=&#8221;1.4em&#8221; header_2_line_height_last_edited=&#8221;off|desktop&#8221; sticky_enabled=&#8221;0&#8243;]<\/p>\n<h2>Why Andaluc\u00eda?<\/h2>\n<p>[\/et_pb_text][et_pb_blurb image=&#8221;https:\/\/fedelemadrid.com\/wp-content\/uploads\/2020\/07\/Icono.jpg&#8221; icon_placement=&#8221;left&#8221; content_max_width=&#8221;100%&#8221; admin_label=&#8221;Service&#8221; _builder_version=&#8221;4.6.3&#8243; header_font=&#8221;Montserrat|600|||||||&#8221; header_text_color=&#8221;#5c6e7a&#8221; header_font_size=&#8221;15px&#8221; custom_padding=&#8221;|||&#8221; custom_padding_tablet=&#8221;||20px|&#8221; custom_padding_phone=&#8221;|||&#8221; custom_padding_last_edited=&#8221;off|desktop&#8221; hover_enabled=&#8221;0&#8243; body_font=&#8221;Montserrat||||||||&#8221; sticky_enabled=&#8221;0&#8243;]<\/p>\n<p><b>Its natural beauty and geographical diversity:<\/b>\u00a0here you find the contrasts of sea and mountain, sun and snow, plains and mountains, etc.<\/p>\n<p>[\/et_pb_blurb][et_pb_blurb image=&#8221;https:\/\/fedelemadrid.com\/wp-content\/uploads\/2020\/07\/Icono.jpg&#8221; icon_placement=&#8221;left&#8221; content_max_width=&#8221;100%&#8221; admin_label=&#8221;Service&#8221; _builder_version=&#8221;4.6.3&#8243; header_font=&#8221;Montserrat||||||||&#8221; header_text_color=&#8221;#5c6e7a&#8221; header_font_size=&#8221;15px&#8221; custom_padding=&#8221;|||&#8221; custom_padding_tablet=&#8221;||20px|&#8221; custom_padding_phone=&#8221;|||&#8221; custom_padding_last_edited=&#8221;off|desktop&#8221; hover_enabled=&#8221;0&#8243; sticky_enabled=&#8221;0&#8243;]<\/p>\n<p><b>The Andalucian climate<\/b>\u00a0offering more than 300 days of sunshine per year and comfortable and moderate temperatures, allows everyone here to enjoy a very special and different lifestyle.<\/p>\n<p>[\/et_pb_blurb][et_pb_blurb image=&#8221;https:\/\/fedelemadrid.com\/wp-content\/uploads\/2020\/07\/Icono.jpg&#8221; icon_placement=&#8221;left&#8221; content_max_width=&#8221;100%&#8221; admin_label=&#8221;Service&#8221; _builder_version=&#8221;4.6.3&#8243; header_font=&#8221;Montserrat|600|||||||&#8221; header_text_color=&#8221;#5c6e7a&#8221; header_font_size=&#8221;15px&#8221; custom_padding=&#8221;|||&#8221; custom_padding_tablet=&#8221;||20px|&#8221; custom_padding_phone=&#8221;|||&#8221; custom_padding_last_edited=&#8221;off|desktop&#8221; hover_enabled=&#8221;0&#8243; body_font=&#8221;Montserrat||||||||&#8221; sticky_enabled=&#8221;0&#8243;]<\/p>\n<p><b>Andalucian history and culture<\/b>: the Alhambra of Granada, the Mezquita of Cordoba, the Cathedrals of Cadiz and Sevilla, together with the numerous fortresses, castles and monasteries found throughout our countryside, constantly remind us of the 3 cultures which have lived here (Arab, Christian and Jewish) and which together have created the unique character of the Andalucians.\u00a0<\/p>\n<p>[\/et_pb_blurb][et_pb_blurb image=&#8221;https:\/\/fedelemadrid.com\/wp-content\/uploads\/2020\/07\/Icono.jpg&#8221; icon_placement=&#8221;left&#8221; content_max_width=&#8221;100%&#8221; admin_label=&#8221;Service&#8221; _builder_version=&#8221;4.6.3&#8243; header_font=&#8221;Montserrat|600|||||||&#8221; header_text_color=&#8221;#5c6e7a&#8221; header_font_size=&#8221;15px&#8221; custom_padding=&#8221;|||&#8221; custom_padding_tablet=&#8221;||20px|&#8221; custom_padding_phone=&#8221;|||&#8221; custom_padding_last_edited=&#8221;off|desktop&#8221; hover_enabled=&#8221;0&#8243; body_font=&#8221;Montserrat||||||||&#8221; sticky_enabled=&#8221;0&#8243;]<\/p>\n<p><b>Our art and traditions<\/b>: experience authentic flamenco, enjoy the Easter Week processions, join a \u201cromer\u00eda\u201d in May, participate in the Carnival of Cadiz \u2026<\/p>\n<p>[\/et_pb_blurb][et_pb_blurb image=&#8221;https:\/\/fedelemadrid.com\/wp-content\/uploads\/2020\/07\/Icono.jpg&#8221; icon_placement=&#8221;left&#8221; content_max_width=&#8221;100%&#8221; admin_label=&#8221;Service&#8221; _builder_version=&#8221;4.6.3&#8243; header_font=&#8221;Montserrat|600|||||||&#8221; header_text_color=&#8221;#5c6e7a&#8221; header_font_size=&#8221;15px&#8221; custom_padding=&#8221;|||&#8221; custom_padding_tablet=&#8221;||20px|&#8221; custom_padding_phone=&#8221;|||&#8221; custom_padding_last_edited=&#8221;off|desktop&#8221; hover_enabled=&#8221;0&#8243; body_font=&#8221;Montserrat||||||||&#8221; sticky_enabled=&#8221;0&#8243;]<\/p>\n<p><b>The \u201candalucians\u201d,<\/b>\u00a0famed throughout Europe for their friendliness and good humour, always have a warm and ready welcome for their visitors.<\/p>\n<p>[\/et_pb_blurb][et_pb_blurb image=&#8221;https:\/\/fedelemadrid.com\/wp-content\/uploads\/2020\/07\/Icono.jpg&#8221; icon_placement=&#8221;left&#8221; content_max_width=&#8221;100%&#8221; admin_label=&#8221;Service&#8221; _builder_version=&#8221;4.6.3&#8243; header_font=&#8221;Montserrat|600|||||||&#8221; header_text_color=&#8221;#5c6e7a&#8221; header_font_size=&#8221;15px&#8221; custom_padding=&#8221;|||&#8221; custom_padding_tablet=&#8221;||20px|&#8221; custom_padding_phone=&#8221;|||&#8221; custom_padding_last_edited=&#8221;off|desktop&#8221; hover_enabled=&#8221;0&#8243; body_font=&#8221;Montserrat||||||||&#8221; sticky_enabled=&#8221;0&#8243;]<\/p>\n<p><b>Our food<\/b>: Andalucian cuisine is one of the true versions of the traditional Mediterranean diet.<\/p>\n<p>[\/et_pb_blurb][et_pb_blurb image=&#8221;https:\/\/fedelemadrid.com\/wp-content\/uploads\/2020\/07\/Icono.jpg&#8221; icon_placement=&#8221;left&#8221; content_max_width=&#8221;100%&#8221; admin_label=&#8221;Service&#8221; _builder_version=&#8221;4.6.3&#8243; header_font=&#8221;Montserrat|600|||||||&#8221; header_text_color=&#8221;#5c6e7a&#8221; header_font_size=&#8221;15px&#8221; custom_padding=&#8221;|||&#8221; custom_padding_tablet=&#8221;||20px|&#8221; custom_padding_phone=&#8221;|||&#8221; custom_padding_last_edited=&#8221;off|desktop&#8221; hover_enabled=&#8221;0&#8243; body_font=&#8221;Montserrat||||||||&#8221; sticky_enabled=&#8221;0&#8243;]<\/p>\n<p><b>Sports and pastimes<\/b>: here you can take part in sports as varied as hiking, rock climbing, horse riding, water skiing and many more.<\/p>\n<p>[\/et_pb_blurb][et_pb_blurb image=&#8221;https:\/\/fedelemadrid.com\/wp-content\/uploads\/2020\/07\/Icono.jpg&#8221; icon_placement=&#8221;left&#8221; content_max_width=&#8221;100%&#8221; admin_label=&#8221;Service&#8221; _builder_version=&#8221;4.6.3&#8243; header_font=&#8221;Montserrat|600|||||||&#8221; header_text_color=&#8221;#5c6e7a&#8221; header_font_size=&#8221;15px&#8221; custom_padding=&#8221;|||&#8221; custom_padding_tablet=&#8221;||20px|&#8221; custom_padding_phone=&#8221;|||&#8221; custom_padding_last_edited=&#8221;off|desktop&#8221; hover_enabled=&#8221;0&#8243; body_font=&#8221;Montserrat||||||||&#8221; sticky_enabled=&#8221;0&#8243;]<\/p>\n<p><b>Transport and communications<\/b>: with 6 airports (2 of them international), a modern motorway network, high speed trains and a well maintained network of secondary roads, getting to and around Andalucia has never been so easy and comfortable.\u00a0<\/p>\n<p>[\/et_pb_blurb][et_pb_text admin_label=&#8221;Paragraph&#8221; _builder_version=&#8221;4.6.3&#8243; text_font=&#8221;Montserrat||||||||&#8221; text_font_size=&#8221;24px&#8221; text_line_height=&#8221;2.2em&#8221; header_font=&#8221;||||||||&#8221; header_2_font=&#8221;Montserrat||||||||&#8221; header_2_text_color=&#8221;#21323d&#8221; header_2_font_size=&#8221;40px&#8221; header_2_line_height=&#8221;1.5em&#8221; max_width=&#8221;800px&#8221; custom_margin=&#8221;||80px|&#8221; custom_padding=&#8221;|||&#8221; custom_padding_tablet=&#8221;|100px||70px&#8221; custom_padding_phone=&#8221;|||50px&#8221; custom_padding_last_edited=&#8221;off|desktop&#8221; hover_enabled=&#8221;0&#8243; text_line_height_last_edited=&#8221;off|desktop&#8221; header_2_font_size_tablet=&#8221;35px&#8221; header_2_font_size_phone=&#8221;35px&#8221; header_2_font_size_last_edited=&#8221;on|phone&#8221; header_2_line_height_tablet=&#8221;1em&#8221; header_2_line_height_phone=&#8221;1.4em&#8221; header_2_line_height_last_edited=&#8221;off|desktop&#8221; sticky_enabled=&#8221;0&#8243;]<\/p>\n<p style=\"text-align: center;\"><b>Come and get to know us \u2013 we look forward to welcoming you!<\/b><\/p>\n<p>[\/et_pb_text][\/et_pb_column][et_pb_column type=&#8221;1_2&#8243; specialty_columns=&#8221;2&#8243; _builder_version=&#8221;3.25&#8243; custom_padding=&#8221;|||&#8221; custom_padding__hover=&#8221;|||&#8221;][et_pb_row_inner _builder_version=&#8221;4.5.1&#8243; _module_preset=&#8221;default&#8221;][et_pb_column_inner saved_specialty_column_type=&#8221;1_2&#8243; _builder_version=&#8221;4.5.1&#8243; _module_preset=&#8221;default&#8221;][et_pb_image src=&#8221;http:\/\/aeea.org\/wp-content\/uploads\/2014\/03\/sevilla-ok.jpg&#8221; _builder_version=&#8221;4.6.3&#8243; _module_preset=&#8221;default&#8221; width=&#8221;75%&#8221; module_alignment=&#8221;center&#8221; hover_enabled=&#8221;0&#8243; title_text=&#8221;sevilla-ok&#8221; sticky_enabled=&#8221;0&#8243;][\/et_pb_image][et_pb_image src=&#8221;http:\/\/aeea.org\/wp-content\/uploads\/2014\/03\/malaga-ok.jpg&#8221; _builder_version=&#8221;4.6.3&#8243; _module_preset=&#8221;default&#8221; width=&#8221;75%&#8221; module_alignment=&#8221;center&#8221; hover_enabled=&#8221;0&#8243; title_text=&#8221;malaga-ok&#8221; sticky_enabled=&#8221;0&#8243;][\/et_pb_image][et_pb_image src=&#8221;http:\/\/aeea.org\/wp-content\/uploads\/2014\/03\/granada-ok.jpg&#8221; _builder_version=&#8221;4.6.3&#8243; _module_preset=&#8221;default&#8221; width=&#8221;75%&#8221; module_alignment=&#8221;center&#8221; hover_enabled=&#8221;0&#8243; title_text=&#8221;granada-ok&#8221; sticky_enabled=&#8221;0&#8243;][\/et_pb_image][et_pb_image src=&#8221;http:\/\/aeea.org\/wp-content\/uploads\/2014\/03\/cadiz-ok.jpg&#8221; _builder_version=&#8221;4.6.3&#8243; _module_preset=&#8221;default&#8221; width=&#8221;75%&#8221; module_alignment=&#8221;center&#8221; hover_enabled=&#8221;0&#8243; title_text=&#8221;cadiz-ok&#8221; sticky_enabled=&#8221;0&#8243;][\/et_pb_image][\/et_pb_column_inner][\/et_pb_row_inner][\/et_pb_column][\/et_pb_section]<\/p>\n","protected":false},"excerpt":{"rendered":"<p>Discover Andaluc\u00eda Why Andaluc\u00eda? Its natural beauty and geographical diversity:\u00a0here you find the contrasts of sea and mountain, sun and snow, plains and mountains, etc. The Andalucian climate\u00a0offering more than 300 days of sunshine per year and comfortable and moderate temperatures, allows everyone here to enjoy a very special and different lifestyle. Andalucian history and [&hellip;]<\/p>\n","protected":false},"author":6,"featured_media":0,"parent":163,"menu_order":0,"comment_status":"open","ping_status":"open","template":"","meta":{"_et_pb_use_builder":"on","_et_pb_old_content":"","_et_gb_content_width":"","_monsterinsights_skip_tracking":false,"_monsterinsights_sitenote_active":false,"_monsterinsights_sitenote_note":"","_monsterinsights_sitenote_category":0,"_joinchat":[],"footnotes":""},"class_list":["post-1290","page","type-page","status-publish","hentry"],"yoast_head":"<!-- This site is optimized with the Yoast SEO plugin v27.4 - https:\/\/yoast.com\/product\/yoast-seo-wordpress\/ -->\n<title>Why Andaluc\u00eda? - Asociaci\u00f3n Espa\u00f1ol en Andalucia<\/title>\n<meta name=\"robots\" content=\"index, follow, max-snippet:-1, max-image-preview:large, max-video-preview:-1\" \/>\n<link rel=\"canonical\" href=\"https:\/\/aeea.org\/en\/what-is-eea\/why-andalucia\/\" \/>\n<meta property=\"og:locale\" content=\"en_US\" \/>\n<meta property=\"og:type\" content=\"article\" \/>\n<meta property=\"og:title\" content=\"Why Andaluc\u00eda? - Asociaci\u00f3n Espa\u00f1ol en Andalucia\" \/>\n<meta property=\"og:description\" content=\"Discover Andaluc\u00eda Why Andaluc\u00eda? Its natural beauty and geographical diversity:\u00a0here you find the contrasts of sea and mountain, sun and snow, plains and mountains, etc. The Andalucian climate\u00a0offering more than 300 days of sunshine per year and comfortable and moderate temperatures, allows everyone here to enjoy a very special and different lifestyle. Andalucian history and [&hellip;]\" \/>\n<meta property=\"og:url\" content=\"https:\/\/aeea.org\/en\/what-is-eea\/why-andalucia\/\" \/>\n<meta property=\"og:site_name\" content=\"Asociaci\u00f3n Espa\u00f1ol en Andalucia\" \/>\n<meta property=\"article:modified_time\" content=\"2020-11-17T13:24:59+00:00\" \/>\n<meta name=\"twitter:card\" content=\"summary_large_image\" \/>\n<meta name=\"twitter:label1\" content=\"Est. reading time\" \/>\n\t<meta name=\"twitter:data1\" content=\"7 minutes\" \/>\n<script type=\"application\/ld+json\" class=\"yoast-schema-graph\">{\"@context\":\"https:\\\/\\\/schema.org\",\"@graph\":[{\"@type\":\"WebPage\",\"@id\":\"https:\\\/\\\/aeea.org\\\/en\\\/what-is-eea\\\/why-andalucia\\\/\",\"url\":\"https:\\\/\\\/aeea.org\\\/en\\\/what-is-eea\\\/why-andalucia\\\/\",\"name\":\"Why Andaluc\u00eda? - Asociaci\u00f3n Espa\u00f1ol en Andalucia\",\"isPartOf\":{\"@id\":\"https:\\\/\\\/aeea.org\\\/#website\"},\"datePublished\":\"2014-06-25T09:34:36+00:00\",\"dateModified\":\"2020-11-17T13:24:59+00:00\",\"breadcrumb\":{\"@id\":\"https:\\\/\\\/aeea.org\\\/en\\\/what-is-eea\\\/why-andalucia\\\/#breadcrumb\"},\"inLanguage\":\"en-US\",\"potentialAction\":[{\"@type\":\"ReadAction\",\"target\":[\"https:\\\/\\\/aeea.org\\\/en\\\/what-is-eea\\\/why-andalucia\\\/\"]}]},{\"@type\":\"BreadcrumbList\",\"@id\":\"https:\\\/\\\/aeea.org\\\/en\\\/what-is-eea\\\/why-andalucia\\\/#breadcrumb\",\"itemListElement\":[{\"@type\":\"ListItem\",\"position\":1,\"name\":\"Home\",\"item\":\"https:\\\/\\\/aeea.org\\\/en\\\/\"},{\"@type\":\"ListItem\",\"position\":2,\"name\":\"What is EEA\",\"item\":\"https:\\\/\\\/aeea.org\\\/en\\\/what-is-eea\\\/\"},{\"@type\":\"ListItem\",\"position\":3,\"name\":\"Why Andaluc\u00eda?\"}]},{\"@type\":\"WebSite\",\"@id\":\"https:\\\/\\\/aeea.org\\\/#website\",\"url\":\"https:\\\/\\\/aeea.org\\\/\",\"name\":\"Asociaci\u00f3n Espa\u00f1ol en Andalucia\",\"description\":\"\",\"potentialAction\":[{\"@type\":\"SearchAction\",\"target\":{\"@type\":\"EntryPoint\",\"urlTemplate\":\"https:\\\/\\\/aeea.org\\\/?s={search_term_string}\"},\"query-input\":{\"@type\":\"PropertyValueSpecification\",\"valueRequired\":true,\"valueName\":\"search_term_string\"}}],\"inLanguage\":\"en-US\"}]}<\/script>\n<!-- \/ Yoast SEO plugin. -->","yoast_head_json":{"title":"Why Andaluc\u00eda? - Asociaci\u00f3n Espa\u00f1ol en Andalucia","robots":{"index":"index","follow":"follow","max-snippet":"max-snippet:-1","max-image-preview":"max-image-preview:large","max-video-preview":"max-video-preview:-1"},"canonical":"https:\/\/aeea.org\/en\/what-is-eea\/why-andalucia\/","og_locale":"en_US","og_type":"article","og_title":"Why Andaluc\u00eda? - Asociaci\u00f3n Espa\u00f1ol en Andalucia","og_description":"Discover Andaluc\u00eda Why Andaluc\u00eda? Its natural beauty and geographical diversity:\u00a0here you find the contrasts of sea and mountain, sun and snow, plains and mountains, etc. The Andalucian climate\u00a0offering more than 300 days of sunshine per year and comfortable and moderate temperatures, allows everyone here to enjoy a very special and different lifestyle. Andalucian history and [&hellip;]","og_url":"https:\/\/aeea.org\/en\/what-is-eea\/why-andalucia\/","og_site_name":"Asociaci\u00f3n Espa\u00f1ol en Andalucia","article_modified_time":"2020-11-17T13:24:59+00:00","twitter_card":"summary_large_image","twitter_misc":{"Est. reading time":"7 minutes"},"schema":{"@context":"https:\/\/schema.org","@graph":[{"@type":"WebPage","@id":"https:\/\/aeea.org\/en\/what-is-eea\/why-andalucia\/","url":"https:\/\/aeea.org\/en\/what-is-eea\/why-andalucia\/","name":"Why Andaluc\u00eda? - Asociaci\u00f3n Espa\u00f1ol en Andalucia","isPartOf":{"@id":"https:\/\/aeea.org\/#website"},"datePublished":"2014-06-25T09:34:36+00:00","dateModified":"2020-11-17T13:24:59+00:00","breadcrumb":{"@id":"https:\/\/aeea.org\/en\/what-is-eea\/why-andalucia\/#breadcrumb"},"inLanguage":"en-US","potentialAction":[{"@type":"ReadAction","target":["https:\/\/aeea.org\/en\/what-is-eea\/why-andalucia\/"]}]},{"@type":"BreadcrumbList","@id":"https:\/\/aeea.org\/en\/what-is-eea\/why-andalucia\/#breadcrumb","itemListElement":[{"@type":"ListItem","position":1,"name":"Home","item":"https:\/\/aeea.org\/en\/"},{"@type":"ListItem","position":2,"name":"What is EEA","item":"https:\/\/aeea.org\/en\/what-is-eea\/"},{"@type":"ListItem","position":3,"name":"Why Andaluc\u00eda?"}]},{"@type":"WebSite","@id":"https:\/\/aeea.org\/#website","url":"https:\/\/aeea.org\/","name":"Asociaci\u00f3n Espa\u00f1ol en Andalucia","description":"","potentialAction":[{"@type":"SearchAction","target":{"@type":"EntryPoint","urlTemplate":"https:\/\/aeea.org\/?s={search_term_string}"},"query-input":{"@type":"PropertyValueSpecification","valueRequired":true,"valueName":"search_term_string"}}],"inLanguage":"en-US"}]}},"_links":{"self":[{"href":"https:\/\/aeea.org\/en\/wp-json\/wp\/v2\/pages\/1290","targetHints":{"allow":["GET"]}}],"collection":[{"href":"https:\/\/aeea.org\/en\/wp-json\/wp\/v2\/pages"}],"about":[{"href":"https:\/\/aeea.org\/en\/wp-json\/wp\/v2\/types\/page"}],"author":[{"embeddable":true,"href":"https:\/\/aeea.org\/en\/wp-json\/wp\/v2\/users\/6"}],"replies":[{"embeddable":true,"href":"https:\/\/aeea.org\/en\/wp-json\/wp\/v2\/comments?post=1290"}],"version-history":[{"count":3,"href":"https:\/\/aeea.org\/en\/wp-json\/wp\/v2\/pages\/1290\/revisions"}],"predecessor-version":[{"id":6771,"href":"https:\/\/aeea.org\/en\/wp-json\/wp\/v2\/pages\/1290\/revisions\/6771"}],"up":[{"embeddable":true,"href":"https:\/\/aeea.org\/en\/wp-json\/wp\/v2\/pages\/163"}],"wp:attachment":[{"href":"https:\/\/aeea.org\/en\/wp-json\/wp\/v2\/media?parent=1290"}],"curies":[{"name":"wp","href":"https:\/\/api.w.org\/{rel}","templated":true}]}}