{"id":32,"date":"2014-02-19T10:40:48","date_gmt":"2014-02-19T10:40:48","guid":{"rendered":"http:\/\/aeea.org\/?page_id=32"},"modified":"2015-06-13T17:45:57","modified_gmt":"2015-06-13T17:45:57","slug":"home","status":"publish","type":"page","link":"https:\/\/aeea.org\/en\/home\/","title":{"rendered":"Home"},"content":{"rendered":"<p>[callout1]Welcome to the Andalucian Association of Spanish Language Schools (Espa\u00f1ol en Andalucia). Here you will find all the information you need regarding studying spanish in Andaluc\u00eda. See you soon!<span style=\"line-height: 1.6em;\">[\/callout1]<\/span><\/p>\n<div class='one_third'>\n\t\t\t\t\t<p>[tt_vector_box icon=&#8221;fa-question-circle&#8221; size=&#8221;fa-4x&#8221; color=&#8221;#7D60A9&#8243; link_to_page=&#8221;http:\/\/aeea.org\/que-es-eea&#8221; target=&#8221;&#8221; description=&#8221;&#8221;]<\/p>\n<h3>\u00bfWhat is Espa\u00f1ol En Andaluc\u00eda?<\/h3>\n<p>[\/tt_vector_box]\n\t\t\t\t<\/div>\n<div class='one_third'>\n\t\t\t\t\t<p>[tt_vector_box icon=&#8221;fa-shield &#8221; size=&#8221;fa-4x&#8221; color=&#8221;#87C442&#8243; link_to_page=&#8221;http:\/\/aeea.org\/que-es-eea\/por-que-andalucia&#8221; target=&#8221;&#8221; description=&#8221;&#8221;]<\/p>\n<h3>\u00bfWhy study spanish in Andaluc\u00eda?<\/h3>\n<p>[\/tt_vector_box]<\/p>\n\t\t\t\t<\/div>\n<div class='one_third et_column_last'>\n\t\t\t\t\t<p>[tt_vector_box icon=&#8221;fa-map-marker&#8221; size=&#8221;fa-4x&#8221; color=&#8221;#FF8300&#8243; link_to_page=&#8221;http:\/\/aeea.org\/destinos&#8221; target=&#8221;&#8221; description=&#8221;&#8221;]<\/p>\n<h3>\u00bfWhere to study spanish in Andaluc\u00eda?<\/h3>\n<p>[\/tt_vector_box]<\/p>\n\t\t\t\t<\/div><div class='clear'><\/div>\n<p>[hr]<\/p>\n<p>[one_fifth]<br \/>\n<img loading=\"lazy\" decoding=\"async\" class=\"aligncenter size-full wp-image-351\" src=\"http:\/\/aeea.org\/wp-content\/uploads\/2014\/03\/andalucia.png\" alt=\"andalucia\" width=\"135\" height=\"76\" \/><br \/>\n[\/one_fifth]<\/p>\n<p>[one_fifth]<br \/>\n<img loading=\"lazy\" decoding=\"async\" class=\"aligncenter size-full wp-image-353\" src=\"http:\/\/aeea.org\/wp-content\/uploads\/2014\/03\/cervantes.png\" alt=\"cervantes\" width=\"135\" height=\"76\" \/><br \/>\n[\/one_fifth]<\/p>\n<p>[one_fifth]<br \/>\n<img loading=\"lazy\" decoding=\"async\" class=\"aligncenter size-full wp-image-355\" src=\"http:\/\/aeea.org\/wp-content\/uploads\/2014\/03\/gob.png\" alt=\"gob\" width=\"135\" height=\"76\" \/><br \/>\n[\/one_fifth]<\/p>\n<p>[one_fifth]<br \/>\n<img loading=\"lazy\" decoding=\"async\" class=\"aligncenter size-full wp-image-356\" src=\"http:\/\/aeea.org\/wp-content\/uploads\/2014\/03\/extenda.png\" alt=\"extenda\" width=\"135\" height=\"76\" \/><br \/>\n[\/one_fifth]<\/p>\n<p>[one_fifth_last]<br \/>\n<img loading=\"lazy\" decoding=\"async\" class=\"aligncenter size-full wp-image-357\" src=\"http:\/\/aeea.org\/wp-content\/uploads\/2014\/03\/fedele.png\" alt=\"fedele\" width=\"135\" height=\"76\" \/><\/p>\n<p>[\/one_fifth_last]<\/p>\n","protected":false},"excerpt":{"rendered":"<p>[callout1]Welcome to the Andalucian Association of Spanish Language Schools (Espa\u00f1ol en Andalucia). Here you will find all the information you need regarding studying spanish in Andaluc\u00eda. See you soon![\/callout1] [hr] [one_fifth] [\/one_fifth] [one_fifth] [\/one_fifth] [one_fifth] [\/one_fifth] [one_fifth] [\/one_fifth] [one_fifth_last] [\/one_fifth_last]<\/p>\n","protected":false},"author":6,"featured_media":0,"parent":0,"menu_order":0,"comment_status":"closed","ping_status":"closed","template":"template-homepage-full-width.php","meta":{"_et_pb_use_builder":"","_et_pb_old_content":"","_et_gb_content_width":"","_monsterinsights_skip_tracking":false,"_monsterinsights_sitenote_active":false,"_monsterinsights_sitenote_note":"","_monsterinsights_sitenote_category":0,"_joinchat":[],"footnotes":""},"class_list":["post-32","page","type-page","status-publish","hentry"],"yoast_head":"<!-- This site is optimized with the Yoast SEO plugin v27.4 - https:\/\/yoast.com\/product\/yoast-seo-wordpress\/ -->\n<title>Home - Asociaci\u00f3n Espa\u00f1ol en Andalucia<\/title>\n<meta name=\"robots\" content=\"index, follow, max-snippet:-1, max-image-preview:large, max-video-preview:-1\" \/>\n<link rel=\"canonical\" href=\"https:\/\/aeea.org\/en\/home\/\" \/>\n<meta property=\"og:locale\" content=\"en_US\" \/>\n<meta property=\"og:type\" content=\"article\" \/>\n<meta property=\"og:title\" content=\"Home - Asociaci\u00f3n Espa\u00f1ol en Andalucia\" \/>\n<meta property=\"og:description\" content=\"[callout1]Welcome to the Andalucian Association of Spanish Language Schools (Espa\u00f1ol en Andalucia). Here you will find all the information you need regarding studying spanish in Andaluc\u00eda. See you soon![\/callout1] [hr] [one_fifth] [\/one_fifth] [one_fifth] [\/one_fifth] [one_fifth] [\/one_fifth] [one_fifth] [\/one_fifth] [one_fifth_last] [\/one_fifth_last]\" \/>\n<meta property=\"og:url\" content=\"https:\/\/aeea.org\/en\/home\/\" \/>\n<meta property=\"og:site_name\" content=\"Asociaci\u00f3n Espa\u00f1ol en Andalucia\" \/>\n<meta property=\"article:modified_time\" content=\"2015-06-13T17:45:57+00:00\" \/>\n<meta property=\"og:image\" content=\"http:\/\/aeea.org\/wp-content\/uploads\/2014\/03\/andalucia.png\" \/>\n<meta name=\"twitter:card\" content=\"summary_large_image\" \/>\n<meta name=\"twitter:label1\" content=\"Est. reading time\" \/>\n\t<meta name=\"twitter:data1\" content=\"1 minute\" \/>\n<script type=\"application\/ld+json\" class=\"yoast-schema-graph\">{\"@context\":\"https:\\\/\\\/schema.org\",\"@graph\":[{\"@type\":\"WebPage\",\"@id\":\"https:\\\/\\\/aeea.org\\\/en\\\/home\\\/\",\"url\":\"https:\\\/\\\/aeea.org\\\/en\\\/home\\\/\",\"name\":\"Home - Asociaci\u00f3n Espa\u00f1ol en Andalucia\",\"isPartOf\":{\"@id\":\"https:\\\/\\\/aeea.org\\\/#website\"},\"primaryImageOfPage\":{\"@id\":\"https:\\\/\\\/aeea.org\\\/en\\\/home\\\/#primaryimage\"},\"image\":{\"@id\":\"https:\\\/\\\/aeea.org\\\/en\\\/home\\\/#primaryimage\"},\"thumbnailUrl\":\"http:\\\/\\\/aeea.org\\\/wp-content\\\/uploads\\\/2014\\\/03\\\/andalucia.png\",\"datePublished\":\"2014-02-19T10:40:48+00:00\",\"dateModified\":\"2015-06-13T17:45:57+00:00\",\"breadcrumb\":{\"@id\":\"https:\\\/\\\/aeea.org\\\/en\\\/home\\\/#breadcrumb\"},\"inLanguage\":\"en-US\",\"potentialAction\":[{\"@type\":\"ReadAction\",\"target\":[\"https:\\\/\\\/aeea.org\\\/en\\\/home\\\/\"]}]},{\"@type\":\"ImageObject\",\"inLanguage\":\"en-US\",\"@id\":\"https:\\\/\\\/aeea.org\\\/en\\\/home\\\/#primaryimage\",\"url\":\"http:\\\/\\\/aeea.org\\\/wp-content\\\/uploads\\\/2014\\\/03\\\/andalucia.png\",\"contentUrl\":\"http:\\\/\\\/aeea.org\\\/wp-content\\\/uploads\\\/2014\\\/03\\\/andalucia.png\"},{\"@type\":\"BreadcrumbList\",\"@id\":\"https:\\\/\\\/aeea.org\\\/en\\\/home\\\/#breadcrumb\",\"itemListElement\":[{\"@type\":\"ListItem\",\"position\":1,\"name\":\"Home\",\"item\":\"https:\\\/\\\/aeea.org\\\/en\\\/\"},{\"@type\":\"ListItem\",\"position\":2,\"name\":\"Home\"}]},{\"@type\":\"WebSite\",\"@id\":\"https:\\\/\\\/aeea.org\\\/#website\",\"url\":\"https:\\\/\\\/aeea.org\\\/\",\"name\":\"Asociaci\u00f3n Espa\u00f1ol en Andalucia\",\"description\":\"\",\"potentialAction\":[{\"@type\":\"SearchAction\",\"target\":{\"@type\":\"EntryPoint\",\"urlTemplate\":\"https:\\\/\\\/aeea.org\\\/?s={search_term_string}\"},\"query-input\":{\"@type\":\"PropertyValueSpecification\",\"valueRequired\":true,\"valueName\":\"search_term_string\"}}],\"inLanguage\":\"en-US\"}]}<\/script>\n<!-- \/ Yoast SEO plugin. -->","yoast_head_json":{"title":"Home - Asociaci\u00f3n Espa\u00f1ol en Andalucia","robots":{"index":"index","follow":"follow","max-snippet":"max-snippet:-1","max-image-preview":"max-image-preview:large","max-video-preview":"max-video-preview:-1"},"canonical":"https:\/\/aeea.org\/en\/home\/","og_locale":"en_US","og_type":"article","og_title":"Home - Asociaci\u00f3n Espa\u00f1ol en Andalucia","og_description":"[callout1]Welcome to the Andalucian Association of Spanish Language Schools (Espa\u00f1ol en Andalucia). Here you will find all the information you need regarding studying spanish in Andaluc\u00eda. See you soon![\/callout1] [hr] [one_fifth] [\/one_fifth] [one_fifth] [\/one_fifth] [one_fifth] [\/one_fifth] [one_fifth] [\/one_fifth] [one_fifth_last] [\/one_fifth_last]","og_url":"https:\/\/aeea.org\/en\/home\/","og_site_name":"Asociaci\u00f3n Espa\u00f1ol en Andalucia","article_modified_time":"2015-06-13T17:45:57+00:00","og_image":[{"url":"http:\/\/aeea.org\/wp-content\/uploads\/2014\/03\/andalucia.png","type":"","width":"","height":""}],"twitter_card":"summary_large_image","twitter_misc":{"Est. reading time":"1 minute"},"schema":{"@context":"https:\/\/schema.org","@graph":[{"@type":"WebPage","@id":"https:\/\/aeea.org\/en\/home\/","url":"https:\/\/aeea.org\/en\/home\/","name":"Home - Asociaci\u00f3n Espa\u00f1ol en Andalucia","isPartOf":{"@id":"https:\/\/aeea.org\/#website"},"primaryImageOfPage":{"@id":"https:\/\/aeea.org\/en\/home\/#primaryimage"},"image":{"@id":"https:\/\/aeea.org\/en\/home\/#primaryimage"},"thumbnailUrl":"http:\/\/aeea.org\/wp-content\/uploads\/2014\/03\/andalucia.png","datePublished":"2014-02-19T10:40:48+00:00","dateModified":"2015-06-13T17:45:57+00:00","breadcrumb":{"@id":"https:\/\/aeea.org\/en\/home\/#breadcrumb"},"inLanguage":"en-US","potentialAction":[{"@type":"ReadAction","target":["https:\/\/aeea.org\/en\/home\/"]}]},{"@type":"ImageObject","inLanguage":"en-US","@id":"https:\/\/aeea.org\/en\/home\/#primaryimage","url":"http:\/\/aeea.org\/wp-content\/uploads\/2014\/03\/andalucia.png","contentUrl":"http:\/\/aeea.org\/wp-content\/uploads\/2014\/03\/andalucia.png"},{"@type":"BreadcrumbList","@id":"https:\/\/aeea.org\/en\/home\/#breadcrumb","itemListElement":[{"@type":"ListItem","position":1,"name":"Home","item":"https:\/\/aeea.org\/en\/"},{"@type":"ListItem","position":2,"name":"Home"}]},{"@type":"WebSite","@id":"https:\/\/aeea.org\/#website","url":"https:\/\/aeea.org\/","name":"Asociaci\u00f3n Espa\u00f1ol en Andalucia","description":"","potentialAction":[{"@type":"SearchAction","target":{"@type":"EntryPoint","urlTemplate":"https:\/\/aeea.org\/?s={search_term_string}"},"query-input":{"@type":"PropertyValueSpecification","valueRequired":true,"valueName":"search_term_string"}}],"inLanguage":"en-US"}]}},"_links":{"self":[{"href":"https:\/\/aeea.org\/en\/wp-json\/wp\/v2\/pages\/32","targetHints":{"allow":["GET"]}}],"collection":[{"href":"https:\/\/aeea.org\/en\/wp-json\/wp\/v2\/pages"}],"about":[{"href":"https:\/\/aeea.org\/en\/wp-json\/wp\/v2\/types\/page"}],"author":[{"embeddable":true,"href":"https:\/\/aeea.org\/en\/wp-json\/wp\/v2\/users\/6"}],"replies":[{"embeddable":true,"href":"https:\/\/aeea.org\/en\/wp-json\/wp\/v2\/comments?post=32"}],"version-history":[{"count":1,"href":"https:\/\/aeea.org\/en\/wp-json\/wp\/v2\/pages\/32\/revisions"}],"predecessor-version":[{"id":2512,"href":"https:\/\/aeea.org\/en\/wp-json\/wp\/v2\/pages\/32\/revisions\/2512"}],"wp:attachment":[{"href":"https:\/\/aeea.org\/en\/wp-json\/wp\/v2\/media?parent=32"}],"curies":[{"name":"wp","href":"https:\/\/api.w.org\/{rel}","templated":true}]}}