{"id":7024,"date":"2021-04-14T08:34:03","date_gmt":"2021-04-14T08:34:03","guid":{"rendered":"http:\/\/aeea.org\/jornadas-docentes-de-espanol-en-escocia-2019\/"},"modified":"2022-04-21T00:05:32","modified_gmt":"2022-04-21T00:05:32","slug":"jornadas-docentes-de-espanol-en-escocia-2019","status":"publish","type":"page","link":"https:\/\/aeea.org\/en\/jornadas-docentes-de-espanol-en-escocia-2019\/","title":{"rendered":"Jornadas Docentes de Espa\u00f1ol en Escocia 2019"},"content":{"rendered":"<p>[et_pb_section fb_built=&#8221;1&#8243; disabled_on=&#8221;off|off|off&#8221; admin_label=&#8221;Header Section&#8221; _builder_version=&#8221;4.6.3&#8243; use_background_color_gradient=&#8221;on&#8221; background_color_gradient_start=&#8221;rgba(20,61,88,0.65)&#8221; background_color_gradient_end=&#8221;rgba(20,61,88,0.53)&#8221; background_color_gradient_overlays_image=&#8221;on&#8221; background_image=&#8221;http:\/\/aeea.org\/wp-content\/uploads\/2020\/09\/cabecera-evento.jpg&#8221; custom_margin=&#8221;|||&#8221; custom_padding=&#8221;2vw|0px|2vw|0px|true|&#8221; bottom_divider_color=&#8221;rgba(5,41,66,0.3)&#8221; bottom_divider_height=&#8221;20vw&#8221; animation_style=&#8221;slide&#8221; animation_direction=&#8221;top&#8221; animation_intensity_slide=&#8221;3%&#8221; animation_starting_opacity=&#8221;100%&#8221;][et_pb_row disabled_on=&#8221;off|off|off&#8221; module_class=&#8221; et_pb_row_fullwidth&#8221; _builder_version=&#8221;3.25&#8243; width=&#8221;89%&#8221; width_tablet=&#8221;80%&#8221; width_phone=&#8221;&#8221; width_last_edited=&#8221;on|desktop&#8221; max_width=&#8221;89%&#8221; max_width_tablet=&#8221;80%&#8221; max_width_phone=&#8221;&#8221; max_width_last_edited=&#8221;on|desktop&#8221; custom_padding=&#8221;|||&#8221; make_fullwidth=&#8221;on&#8221;][et_pb_column type=&#8221;4_4&#8243; _builder_version=&#8221;3.25&#8243; custom_padding=&#8221;|||&#8221; custom_padding__hover=&#8221;|||&#8221;][et_pb_text disabled_on=&#8221;off|off|off&#8221; _builder_version=&#8221;4.6.3&#8243; text_font=&#8221;Montserrat||||||||&#8221; text_font_size=&#8221;22px&#8221; text_line_height=&#8221;1.8em&#8221; header_font=&#8221;Montserrat|600|||||||&#8221; header_text_align=&#8221;center&#8221; header_font_size=&#8221;40px&#8221; header_line_height=&#8221;1.5em&#8221; text_orientation=&#8221;center&#8221; background_layout=&#8221;dark&#8221; custom_margin=&#8221;|||&#8221; hover_enabled=&#8221;0&#8243; header_font_size_tablet=&#8221;50px&#8221; header_font_size_phone=&#8221;&#8221; header_font_size_last_edited=&#8221;on|desktop&#8221; header_line_height_tablet=&#8221;1.1em&#8221; header_line_height_phone=&#8221;1.2em&#8221; header_line_height_last_edited=&#8221;off|desktop&#8221; sticky_enabled=&#8221;0&#8243;]<\/p>\n<h1>Jornadas docentes ELE en Escocia 2019<\/h1>\n<p>[\/et_pb_text][\/et_pb_column][\/et_pb_row][\/et_pb_section][et_pb_section fb_built=&#8221;1&#8243; admin_label=&#8221;Featured Services Section&#8221; _builder_version=&#8221;3.22&#8243; custom_padding=&#8221;0px|0px|0px|0px&#8221;][et_pb_row admin_label=&#8221;row&#8221; _builder_version=&#8221;3.25&#8243; background_size=&#8221;initial&#8221; background_position=&#8221;top_left&#8221; background_repeat=&#8221;repeat&#8221;][et_pb_column type=&#8221;4_4&#8243; _builder_version=&#8221;3.25&#8243; custom_padding=&#8221;|||&#8221; custom_padding__hover=&#8221;|||&#8221;][et_pb_text admin_label=&#8221;Text&#8221; _builder_version=&#8221;4.6.3&#8243; background_size=&#8221;initial&#8221; background_position=&#8221;top_left&#8221; background_repeat=&#8221;repeat&#8221; hover_enabled=&#8221;0&#8243; sticky_enabled=&#8221;0&#8243;]<\/p>\n<h2 style=\"text-align: center;\"><strong>Encuentro did\u00e1ctico, cultural e informativo\u00a0<\/strong><strong>para profesores\u00a0<\/strong><strong>de espa\u00f1ol en Escocia<\/strong><\/h2>\n<h2 style=\"text-align: center;\">Fecha de celebraci\u00f3n: 16 de noviembre de 2019<\/h2>\n<h2 style=\"text-align: center;\">Edimburgo<\/h2>\n<p>Le ense\u00f1anza del espa\u00f1ol es un fen\u00f3meno din\u00e1mico y en continuo crecimiento. Cada vez m\u00e1s, el espa\u00f1ol se est\u00e1 integrando en los planes educativos de muchos pa\u00edses gracias al gran inter\u00e9s que ha despertado siempre entre los pa\u00edses europeos.<\/p>\n<p>Actualmente, la popularidad entre el p\u00fablico marca su potencial para seguir expandi\u00e9ndose y crecer con fuerza. Seg\u00fan el Informe <strong>\u201cLa ense\u00f1anza del espa\u00f1ol en el Reino Unido\u201d<\/strong> elaborado por el <strong>Ministerio de Educaci\u00f3n y Formaci\u00f3n Profesional<\/strong>, los datos m\u00e1s recientes muestran que el espa\u00f1ol es la segunda lengua extranjera m\u00e1s popular en el Reino Unido. Asimismo, el <strong>Instituto Cervantes<\/strong> pone de manifiesto en el informe del a\u00f1o pasado titulado <strong>\u201cEl Espa\u00f1ol, una lengua viva\u201d <\/strong>un total de <strong>519.660 estudiantes de espa\u00f1ol<\/strong>.<\/p>\n<p><strong>EEA, la Asociaci\u00f3n de Escuelas de Espa\u00f1ol de Andaluc\u00eda<\/strong>, representa actualmente <strong>32 escuelas<\/strong> de espa\u00f1ol en diferentes lugares de Andaluc\u00eda, que ofrecen una gama variada de cursos y actividades para toda clase de estudiantes, tanto a grupos como a individuales, creando una inmersi\u00f3n en la cultura espa\u00f1ola para el estudiante, favoreciendo as\u00ed su aprendizaje. Todas nuestras escuelas cumplen con unos requisitos de calidad y est\u00e1n <strong>acreditadas por el Instituto Cervantes<\/strong>.<\/p>\n<p>Andaluc\u00eda se posiciona como un destino privilegiado para el estudio del espa\u00f1ol gracias a la variedad de paisajes, el clima y la riqueza cultural que son factores claves que constituyen un entorno de ensue\u00f1o para sus visitantes.<\/p>\n<p>El a\u00f1o pasado, s\u00f3lo las escuelas de EEA recibieron <strong>m\u00e1s de 38.000 estudiantes<\/strong> extranjeros, de los cuales m\u00e1s de 3800 proven\u00edan del Reino Unido. En los \u00faltimos a\u00f1os, el sector en Andaluc\u00eda ha incrementado la calidad de la ense\u00f1anza y ha invertido en la formaci\u00f3n del personal docente, lo que conlleva a este posicionamiento.<\/p>\n<p>Con el fin de dar a conocer estos aspectos a los profesores de espa\u00f1ol en Polonia, EEA organiza unas jornadas formativas y de promoci\u00f3n del espa\u00f1ol destinadas a profesores de espa\u00f1ol de diferentes centros de ense\u00f1anza de Polonia.<\/p>\n<p>Los principales objetivos de estas jornadas son:<\/p>\n<ul>\n<li>Crear un espacio de encuentro entre profesores de espa\u00f1ol para el intercambio de experiencias docentes.<\/li>\n<li>Favorecer la formaci\u00f3n continua del profesorado.<\/li>\n<li>Presentar la oferta de viajes ling\u00fc\u00edsticos que ofrecen las escuelas de EEA para estudiantes de espa\u00f1ol en Polonia.<\/li>\n<\/ul>\n<h3 class=\"mef_title\">DETALLES DE LAS JORNADAS:<\/h3>\n<ul>\n<li><strong>S\u00e1bado, 16 de noviembre\u00a02019<\/strong>, Universidad de Edimburgo, School of Languages, Literatures and Cultures.<\/li>\n<li><strong>Direcci\u00f3n<\/strong>: 50 George Square, EH8 9LH Edinburgh.<\/li>\n<\/ul>\n<p>Para ver el programa de las Jornadas, pincha aqu\u00ed:\u00a0<a href=\"http:\/\/aeea.org\/wp-content\/uploads\/2019\/10\/Programa-Jornadas-Docentes-Edimburgo.pdf\" target=\"_blank\" rel=\"noopener noreferrer\">Programa Jornadas Docentes de Espa\u00f1ol en Escocia<\/a><\/p>\n<p>ENTRE LOS PROFESORES ASISTENTES,\u00a0SE SORTEAR\u00c1N\u00a0<strong>BECAS<\/strong>\u00a0QUE INCLUYEN UN CURSO DE FORMACI\u00d3N EN UNA DE NUESTRAS ESCUELAS DE ANDALUC\u00cdA.<\/p>\n<p>&nbsp;<\/p>\n<h3>INSCRIPCI\u00d3N:<\/h3>\n<p>LA PARTICIPACI\u00d3N EN LAS JORNADAS FORMATIVAS ES GRATUITA. Si\u00a0deseas asistir, por favor, inscr\u00edbete pinchando\u00a0aqu\u00ed: <a href=\"https:\/\/espanolenedimburgo.eventbrite.co.uk\" target=\"_blank\" rel=\"noopener noreferrer\">Formulario de inscripci\u00f3n<\/a><\/p>\n<p>Para cualquier duda o consulta, puedes ponerte en contacto con la organizaci\u00f3n:\u00a0<strong>info@aeea.org<\/strong><\/p>\n<div class=\"MEF_colaboradores\">\u00a0<\/div>\n<p>[\/et_pb_text][et_pb_text _builder_version=&#8221;4.6.3&#8243; _module_preset=&#8221;default&#8221;]<\/p>\n<h3 style=\"text-align: center;\">Con la colaboraci\u00f3n de:<\/h3>\n<div class=\"MEF_colaboradores\">\u00a0<\/div>\n<p>[\/et_pb_text][\/et_pb_column][\/et_pb_row][et_pb_row column_structure=&#8221;1_6,1_6,1_6,1_6,1_6,1_6&#8243; _builder_version=&#8221;4.6.3&#8243; _module_preset=&#8221;default&#8221;][et_pb_column type=&#8221;1_6&#8243; _builder_version=&#8221;4.6.3&#8243; _module_preset=&#8221;default&#8221;][et_pb_image src=&#8221;http:\/\/aeea.org\/wp-content\/uploads\/2016\/10\/andalucia.png&#8221; title_text=&#8221;andalucia&#8221; _builder_version=&#8221;4.6.3&#8243; _module_preset=&#8221;default&#8221;][\/et_pb_image][\/et_pb_column][et_pb_column type=&#8221;1_6&#8243; _builder_version=&#8221;4.6.3&#8243; _module_preset=&#8221;default&#8221;][et_pb_image src=&#8221;http:\/\/aeea.org\/wp-content\/uploads\/2019\/10\/39-1.jpg&#8221; title_text=&#8221;39-1&#8243; _builder_version=&#8221;4.6.3&#8243; _module_preset=&#8221;default&#8221; hover_enabled=&#8221;0&#8243; sticky_enabled=&#8221;0&#8243;][\/et_pb_image][\/et_pb_column][et_pb_column type=&#8221;1_6&#8243; _builder_version=&#8221;4.6.3&#8243; _module_preset=&#8221;default&#8221;][et_pb_image src=&#8221;http:\/\/aeea.org\/wp-content\/uploads\/2019\/10\/logo.png&#8221; title_text=&#8221;logo&#8221; _builder_version=&#8221;4.6.3&#8243; _module_preset=&#8221;default&#8221; hover_enabled=&#8221;0&#8243; sticky_enabled=&#8221;0&#8243;][\/et_pb_image][\/et_pb_column][et_pb_column type=&#8221;1_6&#8243; _builder_version=&#8221;4.6.3&#8243; _module_preset=&#8221;default&#8221;][et_pb_image src=&#8221;http:\/\/aeea.org\/wp-content\/uploads\/2019\/10\/Logo-Bilingualism-Matters.png&#8221; title_text=&#8221;Logo Bilingualism Matters&#8221; _builder_version=&#8221;4.6.3&#8243; _module_preset=&#8221;default&#8221; hover_enabled=&#8221;0&#8243; sticky_enabled=&#8221;0&#8243;][\/et_pb_image][\/et_pb_column][et_pb_column type=&#8221;1_6&#8243; _builder_version=&#8221;4.6.3&#8243; _module_preset=&#8221;default&#8221;][et_pb_image src=&#8221;http:\/\/aeea.org\/wp-content\/uploads\/2019\/10\/Clic-IH-Sevilla_logo.jpg&#8221; title_text=&#8221;Clic IH Sevilla_logo&#8221; _builder_version=&#8221;4.6.3&#8243; _module_preset=&#8221;default&#8221; hover_enabled=&#8221;0&#8243; sticky_enabled=&#8221;0&#8243;][\/et_pb_image][\/et_pb_column][et_pb_column type=&#8221;1_6&#8243; _builder_version=&#8221;4.6.3&#8243; _module_preset=&#8221;default&#8221;][et_pb_image src=&#8221;http:\/\/aeea.org\/wp-content\/uploads\/2020\/04\/Ten_logo2.jpg&#8221; title_text=&#8221;Ten_logo2&#8243; _builder_version=&#8221;4.6.3&#8243; _module_preset=&#8221;default&#8221; hover_enabled=&#8221;0&#8243; sticky_enabled=&#8221;0&#8243;][\/et_pb_image][\/et_pb_column][\/et_pb_row][et_pb_row column_structure=&#8221;1_6,1_6,1_6,1_6,1_6,1_6&#8243; _builder_version=&#8221;4.6.3&#8243; _module_preset=&#8221;default&#8221;][et_pb_column type=&#8221;1_6&#8243; _builder_version=&#8221;4.6.3&#8243; _module_preset=&#8221;default&#8221;][et_pb_image src=&#8221;http:\/\/aeea.org\/wp-content\/uploads\/2019\/03\/Proyecto-Espa\u00f1ol_logo.jpg&#8221; title_text=&#8221;Proyecto Espa\u00f1ol_logo&#8221; _builder_version=&#8221;4.6.3&#8243; _module_preset=&#8221;default&#8221; hover_enabled=&#8221;0&#8243; sticky_enabled=&#8221;0&#8243;][\/et_pb_image][\/et_pb_column][et_pb_column type=&#8221;1_6&#8243; _builder_version=&#8221;4.6.3&#8243; _module_preset=&#8221;default&#8221;][et_pb_image src=&#8221;http:\/\/aeea.org\/wp-content\/uploads\/2019\/03\/EI-Cervantes_logo-e1587474045154.jpg&#8221; title_text=&#8221;EI Cervantes_logo&#8221; _builder_version=&#8221;4.6.3&#8243; _module_preset=&#8221;default&#8221; hover_enabled=&#8221;0&#8243; sticky_enabled=&#8221;0&#8243;][\/et_pb_image][\/et_pb_column][et_pb_column type=&#8221;1_6&#8243; _builder_version=&#8221;4.6.3&#8243; _module_preset=&#8221;default&#8221;][et_pb_image src=&#8221;http:\/\/aeea.org\/wp-content\/uploads\/2019\/10\/Giralda_logo.png&#8221; title_text=&#8221;Giralda_logo&#8221; _builder_version=&#8221;4.6.3&#8243; _module_preset=&#8221;default&#8221; hover_enabled=&#8221;0&#8243; sticky_enabled=&#8221;0&#8243;][\/et_pb_image][\/et_pb_column][et_pb_column type=&#8221;1_6&#8243; _builder_version=&#8221;4.6.3&#8243; _module_preset=&#8221;default&#8221;][et_pb_image src=&#8221;http:\/\/aeea.org\/wp-content\/uploads\/2019\/03\/Debla_logo.bmp&#8221; title_text=&#8221;Debla_logo&#8221; _builder_version=&#8221;4.6.3&#8243; _module_preset=&#8221;default&#8221; hover_enabled=&#8221;0&#8243; sticky_enabled=&#8221;0&#8243;][\/et_pb_image][\/et_pb_column][et_pb_column type=&#8221;1_6&#8243; _builder_version=&#8221;4.6.3&#8243; _module_preset=&#8221;default&#8221;][et_pb_image src=&#8221;http:\/\/aeea.org\/wp-content\/uploads\/2014\/05\/malaca.jpg&#8221; title_text=&#8221;malaca&#8221; _builder_version=&#8221;4.6.3&#8243; _module_preset=&#8221;default&#8221; hover_enabled=&#8221;0&#8243; sticky_enabled=&#8221;0&#8243;][\/et_pb_image][\/et_pb_column][et_pb_column type=&#8221;1_6&#8243; _builder_version=&#8221;4.6.3&#8243; _module_preset=&#8221;default&#8221;][et_pb_image src=&#8221;http:\/\/aeea.org\/wp-content\/uploads\/2019\/09\/Colegio-Maravillas_logo.jpg&#8221; title_text=&#8221;Colegio Maravillas_logo&#8221; _builder_version=&#8221;4.6.3&#8243; _module_preset=&#8221;default&#8221; hover_enabled=&#8221;0&#8243; sticky_enabled=&#8221;0&#8243;][\/et_pb_image][\/et_pb_column][\/et_pb_row][\/et_pb_section]<\/p>\n","protected":false},"excerpt":{"rendered":"<p>Jornadas docentes ELE en Escocia 2019 Encuentro did\u00e1ctico, cultural e informativo\u00a0para profesores\u00a0de espa\u00f1ol en Escocia Fecha de celebraci\u00f3n: 16 de noviembre de 2019 Edimburgo Le ense\u00f1anza del espa\u00f1ol es un fen\u00f3meno din\u00e1mico y en continuo crecimiento. Cada vez m\u00e1s, el espa\u00f1ol se est\u00e1 integrando en los planes educativos de muchos pa\u00edses gracias al gran inter\u00e9s [&hellip;]<\/p>\n","protected":false},"author":3,"featured_media":0,"parent":0,"menu_order":0,"comment_status":"closed","ping_status":"closed","template":"","meta":{"_et_pb_use_builder":"on","_et_pb_old_content":"","_et_gb_content_width":"","_monsterinsights_skip_tracking":false,"_monsterinsights_sitenote_active":false,"_monsterinsights_sitenote_note":"","_monsterinsights_sitenote_category":0,"_joinchat":[],"footnotes":""},"class_list":["post-7024","page","type-page","status-publish","hentry"],"yoast_head":"<!-- This site is optimized with the Yoast SEO plugin v27.4 - https:\/\/yoast.com\/product\/yoast-seo-wordpress\/ -->\n<title>Jornadas Docentes de Espa\u00f1ol en Escocia 2019 - Asociaci\u00f3n Espa\u00f1ol en Andalucia<\/title>\n<meta name=\"robots\" content=\"index, follow, max-snippet:-1, max-image-preview:large, max-video-preview:-1\" \/>\n<link rel=\"canonical\" href=\"https:\/\/aeea.org\/en\/jornadas-docentes-de-espanol-en-escocia-2019\/\" \/>\n<meta property=\"og:locale\" content=\"en_US\" \/>\n<meta property=\"og:type\" content=\"article\" \/>\n<meta property=\"og:title\" content=\"Jornadas Docentes de Espa\u00f1ol en Escocia 2019 - Asociaci\u00f3n Espa\u00f1ol en Andalucia\" \/>\n<meta property=\"og:description\" content=\"Jornadas docentes ELE en Escocia 2019 Encuentro did\u00e1ctico, cultural e informativo\u00a0para profesores\u00a0de espa\u00f1ol en Escocia Fecha de celebraci\u00f3n: 16 de noviembre de 2019 Edimburgo Le ense\u00f1anza del espa\u00f1ol es un fen\u00f3meno din\u00e1mico y en continuo crecimiento. Cada vez m\u00e1s, el espa\u00f1ol se est\u00e1 integrando en los planes educativos de muchos pa\u00edses gracias al gran inter\u00e9s [&hellip;]\" \/>\n<meta property=\"og:url\" content=\"https:\/\/aeea.org\/en\/jornadas-docentes-de-espanol-en-escocia-2019\/\" \/>\n<meta property=\"og:site_name\" content=\"Asociaci\u00f3n Espa\u00f1ol en Andalucia\" \/>\n<meta property=\"article:modified_time\" content=\"2022-04-21T00:05:32+00:00\" \/>\n<meta name=\"twitter:card\" content=\"summary_large_image\" \/>\n<meta name=\"twitter:label1\" content=\"Est. reading time\" \/>\n\t<meta name=\"twitter:data1\" content=\"7 minutes\" \/>\n<script type=\"application\/ld+json\" class=\"yoast-schema-graph\">{\"@context\":\"https:\\\/\\\/schema.org\",\"@graph\":[{\"@type\":\"WebPage\",\"@id\":\"https:\\\/\\\/aeea.org\\\/en\\\/jornadas-docentes-de-espanol-en-escocia-2019\\\/\",\"url\":\"https:\\\/\\\/aeea.org\\\/en\\\/jornadas-docentes-de-espanol-en-escocia-2019\\\/\",\"name\":\"Jornadas Docentes de Espa\u00f1ol en Escocia 2019 - Asociaci\u00f3n Espa\u00f1ol en Andalucia\",\"isPartOf\":{\"@id\":\"https:\\\/\\\/aeea.org\\\/#website\"},\"datePublished\":\"2021-04-14T08:34:03+00:00\",\"dateModified\":\"2022-04-21T00:05:32+00:00\",\"breadcrumb\":{\"@id\":\"https:\\\/\\\/aeea.org\\\/en\\\/jornadas-docentes-de-espanol-en-escocia-2019\\\/#breadcrumb\"},\"inLanguage\":\"en-US\",\"potentialAction\":[{\"@type\":\"ReadAction\",\"target\":[\"https:\\\/\\\/aeea.org\\\/en\\\/jornadas-docentes-de-espanol-en-escocia-2019\\\/\"]}]},{\"@type\":\"BreadcrumbList\",\"@id\":\"https:\\\/\\\/aeea.org\\\/en\\\/jornadas-docentes-de-espanol-en-escocia-2019\\\/#breadcrumb\",\"itemListElement\":[{\"@type\":\"ListItem\",\"position\":1,\"name\":\"Home\",\"item\":\"https:\\\/\\\/aeea.org\\\/en\\\/\"},{\"@type\":\"ListItem\",\"position\":2,\"name\":\"Jornadas Docentes de Espa\u00f1ol en Escocia 2019\"}]},{\"@type\":\"WebSite\",\"@id\":\"https:\\\/\\\/aeea.org\\\/#website\",\"url\":\"https:\\\/\\\/aeea.org\\\/\",\"name\":\"Asociaci\u00f3n Espa\u00f1ol en Andalucia\",\"description\":\"\",\"potentialAction\":[{\"@type\":\"SearchAction\",\"target\":{\"@type\":\"EntryPoint\",\"urlTemplate\":\"https:\\\/\\\/aeea.org\\\/?s={search_term_string}\"},\"query-input\":{\"@type\":\"PropertyValueSpecification\",\"valueRequired\":true,\"valueName\":\"search_term_string\"}}],\"inLanguage\":\"en-US\"}]}<\/script>\n<!-- \/ Yoast SEO plugin. -->","yoast_head_json":{"title":"Jornadas Docentes de Espa\u00f1ol en Escocia 2019 - Asociaci\u00f3n Espa\u00f1ol en Andalucia","robots":{"index":"index","follow":"follow","max-snippet":"max-snippet:-1","max-image-preview":"max-image-preview:large","max-video-preview":"max-video-preview:-1"},"canonical":"https:\/\/aeea.org\/en\/jornadas-docentes-de-espanol-en-escocia-2019\/","og_locale":"en_US","og_type":"article","og_title":"Jornadas Docentes de Espa\u00f1ol en Escocia 2019 - Asociaci\u00f3n Espa\u00f1ol en Andalucia","og_description":"Jornadas docentes ELE en Escocia 2019 Encuentro did\u00e1ctico, cultural e informativo\u00a0para profesores\u00a0de espa\u00f1ol en Escocia Fecha de celebraci\u00f3n: 16 de noviembre de 2019 Edimburgo Le ense\u00f1anza del espa\u00f1ol es un fen\u00f3meno din\u00e1mico y en continuo crecimiento. Cada vez m\u00e1s, el espa\u00f1ol se est\u00e1 integrando en los planes educativos de muchos pa\u00edses gracias al gran inter\u00e9s [&hellip;]","og_url":"https:\/\/aeea.org\/en\/jornadas-docentes-de-espanol-en-escocia-2019\/","og_site_name":"Asociaci\u00f3n Espa\u00f1ol en Andalucia","article_modified_time":"2022-04-21T00:05:32+00:00","twitter_card":"summary_large_image","twitter_misc":{"Est. reading time":"7 minutes"},"schema":{"@context":"https:\/\/schema.org","@graph":[{"@type":"WebPage","@id":"https:\/\/aeea.org\/en\/jornadas-docentes-de-espanol-en-escocia-2019\/","url":"https:\/\/aeea.org\/en\/jornadas-docentes-de-espanol-en-escocia-2019\/","name":"Jornadas Docentes de Espa\u00f1ol en Escocia 2019 - Asociaci\u00f3n Espa\u00f1ol en Andalucia","isPartOf":{"@id":"https:\/\/aeea.org\/#website"},"datePublished":"2021-04-14T08:34:03+00:00","dateModified":"2022-04-21T00:05:32+00:00","breadcrumb":{"@id":"https:\/\/aeea.org\/en\/jornadas-docentes-de-espanol-en-escocia-2019\/#breadcrumb"},"inLanguage":"en-US","potentialAction":[{"@type":"ReadAction","target":["https:\/\/aeea.org\/en\/jornadas-docentes-de-espanol-en-escocia-2019\/"]}]},{"@type":"BreadcrumbList","@id":"https:\/\/aeea.org\/en\/jornadas-docentes-de-espanol-en-escocia-2019\/#breadcrumb","itemListElement":[{"@type":"ListItem","position":1,"name":"Home","item":"https:\/\/aeea.org\/en\/"},{"@type":"ListItem","position":2,"name":"Jornadas Docentes de Espa\u00f1ol en Escocia 2019"}]},{"@type":"WebSite","@id":"https:\/\/aeea.org\/#website","url":"https:\/\/aeea.org\/","name":"Asociaci\u00f3n Espa\u00f1ol en Andalucia","description":"","potentialAction":[{"@type":"SearchAction","target":{"@type":"EntryPoint","urlTemplate":"https:\/\/aeea.org\/?s={search_term_string}"},"query-input":{"@type":"PropertyValueSpecification","valueRequired":true,"valueName":"search_term_string"}}],"inLanguage":"en-US"}]}},"_links":{"self":[{"href":"https:\/\/aeea.org\/en\/wp-json\/wp\/v2\/pages\/7024","targetHints":{"allow":["GET"]}}],"collection":[{"href":"https:\/\/aeea.org\/en\/wp-json\/wp\/v2\/pages"}],"about":[{"href":"https:\/\/aeea.org\/en\/wp-json\/wp\/v2\/types\/page"}],"author":[{"embeddable":true,"href":"https:\/\/aeea.org\/en\/wp-json\/wp\/v2\/users\/3"}],"replies":[{"embeddable":true,"href":"https:\/\/aeea.org\/en\/wp-json\/wp\/v2\/comments?post=7024"}],"version-history":[{"count":4,"href":"https:\/\/aeea.org\/en\/wp-json\/wp\/v2\/pages\/7024\/revisions"}],"predecessor-version":[{"id":8543,"href":"https:\/\/aeea.org\/en\/wp-json\/wp\/v2\/pages\/7024\/revisions\/8543"}],"wp:attachment":[{"href":"https:\/\/aeea.org\/en\/wp-json\/wp\/v2\/media?parent=7024"}],"curies":[{"name":"wp","href":"https:\/\/api.w.org\/{rel}","templated":true}]}}