{"id":7039,"date":"2021-04-14T08:36:04","date_gmt":"2021-04-14T08:36:04","guid":{"rendered":"http:\/\/aeea.org\/encuentro-ele-francia-2016\/"},"modified":"2021-04-14T08:36:04","modified_gmt":"2021-04-14T08:36:04","slug":"encuentro-ele-francia-2016","status":"publish","type":"page","link":"https:\/\/aeea.org\/en\/encuentro-ele-francia-2016\/","title":{"rendered":"Encuentro ELE Francia 2016"},"content":{"rendered":"<p>[et_pb_section fb_built=&#8221;1&#8243; disabled_on=&#8221;off|off|off&#8221; admin_label=&#8221;Header Section&#8221; _builder_version=&#8221;4.6.3&#8243; use_background_color_gradient=&#8221;on&#8221; background_color_gradient_start=&#8221;rgba(20,61,88,0.65)&#8221; background_color_gradient_end=&#8221;rgba(20,61,88,0.53)&#8221; background_color_gradient_overlays_image=&#8221;on&#8221; background_image=&#8221;http:\/\/aeea.org\/wp-content\/uploads\/2020\/09\/cabecera-evento.jpg&#8221; custom_margin=&#8221;|||&#8221; custom_padding=&#8221;2vw|0px|2vw|0px|true|&#8221; bottom_divider_color=&#8221;rgba(5,41,66,0.3)&#8221; bottom_divider_height=&#8221;20vw&#8221; animation_style=&#8221;slide&#8221; animation_direction=&#8221;top&#8221; animation_intensity_slide=&#8221;3%&#8221; animation_starting_opacity=&#8221;100%&#8221; hover_enabled=&#8221;0&#8243; sticky_enabled=&#8221;0&#8243; title_text=&#8221;cabecera evento&#8221;][et_pb_row disabled_on=&#8221;off|off|off&#8221; module_class=&#8221; et_pb_row_fullwidth&#8221; _builder_version=&#8221;3.25&#8243; width=&#8221;89%&#8221; width_tablet=&#8221;80%&#8221; width_phone=&#8221;&#8221; width_last_edited=&#8221;on|desktop&#8221; max_width=&#8221;89%&#8221; max_width_tablet=&#8221;80%&#8221; max_width_phone=&#8221;&#8221; max_width_last_edited=&#8221;on|desktop&#8221; custom_padding=&#8221;|||&#8221; make_fullwidth=&#8221;on&#8221;][et_pb_column type=&#8221;4_4&#8243; _builder_version=&#8221;3.25&#8243; custom_padding=&#8221;|||&#8221; custom_padding__hover=&#8221;|||&#8221;][et_pb_text disabled_on=&#8221;off|off|off&#8221; _builder_version=&#8221;4.6.3&#8243; text_font=&#8221;Montserrat||||||||&#8221; text_font_size=&#8221;22px&#8221; text_line_height=&#8221;1.8em&#8221; header_font=&#8221;Montserrat|600|||||||&#8221; header_text_align=&#8221;center&#8221; header_font_size=&#8221;40px&#8221; header_line_height=&#8221;1.5em&#8221; text_orientation=&#8221;center&#8221; background_layout=&#8221;dark&#8221; custom_margin=&#8221;|||&#8221; hover_enabled=&#8221;0&#8243; header_font_size_tablet=&#8221;50px&#8221; header_font_size_phone=&#8221;&#8221; header_font_size_last_edited=&#8221;on|desktop&#8221; header_line_height_tablet=&#8221;1.1em&#8221; header_line_height_phone=&#8221;1.2em&#8221; header_line_height_last_edited=&#8221;off|desktop&#8221; sticky_enabled=&#8221;0&#8243;]<\/p>\n<h1>Encuentro did\u00e1ctico, cultural e informativo para profesores de espa\u00f1ol en Francia<\/h1>\n<p>[\/et_pb_text][\/et_pb_column][\/et_pb_row][\/et_pb_section][et_pb_section fb_built=&#8221;1&#8243; admin_label=&#8221;Featured Services Section&#8221; _builder_version=&#8221;3.22&#8243; custom_padding=&#8221;0px|0px|0px|0px&#8221;][et_pb_row admin_label=&#8221;row&#8221; _builder_version=&#8221;3.25&#8243; background_size=&#8221;initial&#8221; background_position=&#8221;top_left&#8221; background_repeat=&#8221;repeat&#8221;][et_pb_column type=&#8221;4_4&#8243; _builder_version=&#8221;3.25&#8243; custom_padding=&#8221;|||&#8221; custom_padding__hover=&#8221;|||&#8221;][et_pb_text admin_label=&#8221;Text&#8221; _builder_version=&#8221;4.6.3&#8243; background_size=&#8221;initial&#8221; background_position=&#8221;top_left&#8221; background_repeat=&#8221;repeat&#8221; hover_enabled=&#8221;0&#8243; sticky_enabled=&#8221;0&#8243;]<\/p>\n<h1 style=\"text-align: center;\"><strong>ANDALUC\u00cdA: UN DESTINO PRIVILEGIADO PARA UNA INMERSI\u00d3N LING\u00dc\u00cdSTICA<\/strong><\/h1>\n<h1 style=\"text-align: center;\">\u00a0<\/h1>\n<h2 style=\"text-align: center;\">21, 22 y 23 de noviembre de 2016<br \/>Lyon, Estrasburgo y Par\u00eds<\/h2>\n<p>Como es sabido, el espa\u00f1ol est\u00e1 creciendo e integr\u00e1ndose cada vez m\u00e1s en los planes educativos de muchos pa\u00edses. En Francia hay actualmente casi tres millones de estudiantes de espa\u00f1ol y alrededor de un 70% de alumnos de secundaria estudian espa\u00f1ol a partir del tercer curso.<\/p>\n<p>Con casi <strong>treinta mil<\/strong> alumnos de espa\u00f1ol como lengua extranjera en las escuelas de EEA durante 2015 y <strong>30 escuelas<\/strong> acreditadas por el Instituto Cervantes, Andaluc\u00eda se posiciona claramente como un destino privilegiado para el estudio del espa\u00f1ol. La variedad de paisajes, el clima y la riqueza cultural son factores que sin duda contribuyen a este auge.<br \/>Sin embargo, este posicionamiento en la delantera por parte de Andaluc\u00eda responde a otras claves:<\/p>\n<ul>\n<li>El incremento en la calidad de la ense\u00f1anza<\/li>\n<li>La inversi\u00f3n en la formaci\u00f3n del personal docente<\/li>\n<li>La introducci\u00f3n de nuevas tecnolog\u00edas en el aula<\/li>\n<li>La relaci\u00f3n calidad- precio de los servicios al alumno<\/li>\n<\/ul>\n<p>Con el fin de dar a conocer estos aspectos a los docentes de espa\u00f1ol en Francia, la Asociaci\u00f3n de Escuelas de Espa\u00f1ol de Andaluc\u00eda, con la colaboraci\u00f3n de Turismo Andaluz, la Consejer\u00eda de Educaci\u00f3n en Francia, la Oficina Espa\u00f1ola de Turismo de Par\u00eds y el Instituto Cervantes, organiza los d\u00edas 21 a 23 de noviembre, unas jornadas de formaci\u00f3n y promoci\u00f3n destinadas a profesores de espa\u00f1ol como lengua extranjera de todos los niveles educativos. Los principales objetivos de esta acci\u00f3n son:<\/p>\n<ul>\n<li>Crear un espacio de encuentro entre profesores de espa\u00f1ol como lengua extranjera.<\/li>\n<li>Favorecer la formaci\u00f3n continua del profesorado y el intercambio de experiencias docentes.<\/li>\n<li>Presentar la oferta de viajes ling\u00fc\u00edsticos que ofrecen las escuelas privadas de Andaluc\u00eda para los grupos de estudiantes de espa\u00f1ol en los centros educativos de Francia.<\/li>\n<li>Promover la ense\u00f1anza y aprendizaje del espa\u00f1ol a trav\u00e9s de una inmersi\u00f3n cultural en Andaluc\u00eda.<\/li>\n<\/ul>\n<p>El Encuentro tendr\u00e1 lugar en las ciudades de Lyon, Estrasburgo y Par\u00eds:<br \/>Para cualquier duda o consulta, puedes ponerte en contacto con la organizaci\u00f3n: info@aeea.org<\/p>\n<div class=\"MEF_colaboradores\">\u00a0<\/div>\n<p>[\/et_pb_text][et_pb_text _builder_version=&#8221;4.6.3&#8243; _module_preset=&#8221;default&#8221; hover_enabled=&#8221;0&#8243; sticky_enabled=&#8221;0&#8243;]<\/p>\n<p>El Encuentro tendr\u00e1 lugar en las ciudades de Lyon, Estrasburgo y Par\u00eds:<\/p>\n<div id=\"table_17608090_wrapper\" class=\"dataTables_wrapper no-footer\">\n<table id=\"table_17608090\" class=\"dataTable no-footer\" role=\"grid\" width=\"100%\">\n<thead>\n<tr role=\"row\">\n<th class=\"sorting_disabled\" colspan=\"1\" rowspan=\"1\">\u00a0<\/th>\n<th class=\"sorting_disabled\" colspan=\"1\" rowspan=\"1\">\u00a0<\/th>\n<\/tr>\n<\/thead>\n<tbody>\n<tr class=\"odd\" role=\"row\">\n<td>Instituto Cervantes de Lyon<\/td>\n<td>21 de Noviembre de 2016 17.30 a 20.30h<\/td>\n<\/tr>\n<tr class=\"even\" role=\"row\">\n<td>Institut de Langue Espagnole ESE Strasbourg<\/td>\n<td>22 de Noviembre de 2016 17.30 a 20.30h<\/td>\n<\/tr>\n<tr class=\"odd\" role=\"row\">\n<td>Instituto Cervantes de Par\u00eds<\/td>\n<td>23 de Noviembre de 2016 17.30 a 20.30h<\/td>\n<\/tr>\n<\/tbody>\n<\/table>\n<\/div>\n<p>&nbsp;<\/p>\n<h2 class=\"mef_title\">PROGRAMA DE ACTIVIDADES EN CADA JORNADA:<\/h2>\n<p>&nbsp;<\/p>\n<div id=\"table_27698296_wrapper\" class=\"dataTables_wrapper no-footer\">\n<table id=\"table_27698296\" class=\"bordered dataTable no-footer\" role=\"grid\" width=\"100%\">\n<thead>\n<tr role=\"row\">\n<th class=\"sorting_disabled\" colspan=\"1\" rowspan=\"1\">\u00a0<\/th>\n<th class=\"sorting_disabled\" colspan=\"1\" rowspan=\"1\">Inmersi\u00f3n Cultural en Andaluc\u00eda<\/th>\n<\/tr>\n<\/thead>\n<tbody>\n<tr class=\"odd\" role=\"row\">\n<td>17.30-17.45<\/td>\n<td>Bienvenida y acreditaci\u00f3n de los invitados SALA GENERAL<\/td>\n<\/tr>\n<tr class=\"even\" role=\"row\">\n<td>17.45-18.30<\/td>\n<td>Taller did\u00e1ctico EEA: Factores que influyen en el aprendizaje.\u00a0<a href=\"http:\/\/www.aeea.org\/archivos\/Factores%20que%20influyen%20en%20el%20aprendizaje.pdf\" target=\"_blank\" rel=\"noopener noreferrer\">M\u00e1s informaci\u00f3n<\/a>\u00a0SALA 1 Taller editorial Difusi\u00f3n: Campus Difusi\u00f3n ELE: una nueva herramienta digital polifac\u00e9tica para la ense\u00f1anza, el aprendizaje y la formaci\u00f3n.\u00a0<a href=\"http:\/\/www.aeea.org\/archivos\/Campus%20Difusi%C3%B3n%20ELE.pdf\" target=\"_blank\" rel=\"noopener noreferrer\">M\u00e1s informaci\u00f3n<\/a>\u00a0SALA 2<\/td>\n<\/tr>\n<tr class=\"odd\" role=\"row\">\n<td>18.30-19.30<\/td>\n<td>Encuentro con las escuelas y las instituciones SALA WORKSHOP<\/td>\n<\/tr>\n<tr class=\"even\" role=\"row\">\n<td>19.30-20.30<\/td>\n<td>Degustaci\u00f3n de productos andaluces y actuaci\u00f3n musical SALA GENERAL<\/td>\n<\/tr>\n<\/tbody>\n<\/table>\n<\/div>\n<p>[\/et_pb_text][et_pb_text _builder_version=&#8221;4.6.3&#8243; _module_preset=&#8221;default&#8221; hover_enabled=&#8221;0&#8243; sticky_enabled=&#8221;0&#8243;]<\/p>\n<h3 style=\"text-align: center;\">Con la colaboraci\u00f3n de:<\/h3>\n<div class=\"MEF_colaboradores\">\u00a0<\/div>\n<p>[\/et_pb_text][\/et_pb_column][\/et_pb_row][et_pb_row _builder_version=&#8221;4.6.3&#8243; _module_preset=&#8221;default&#8221; column_structure=&#8221;1_6,1_6,1_6,1_6,1_6,1_6&#8243;][et_pb_column _builder_version=&#8221;4.6.3&#8243; _module_preset=&#8221;default&#8221; type=&#8221;1_6&#8243;][et_pb_image src=&#8221;http:\/\/aeea.org\/wp-content\/uploads\/2016\/10\/andalucia.png&#8221; _builder_version=&#8221;4.6.3&#8243; _module_preset=&#8221;default&#8221; title_text=&#8221;andalucia&#8221; hover_enabled=&#8221;0&#8243; sticky_enabled=&#8221;0&#8243;][\/et_pb_image][\/et_pb_column][et_pb_column _builder_version=&#8221;4.6.3&#8243; _module_preset=&#8221;default&#8221; type=&#8221;1_6&#8243;][et_pb_image src=&#8221;http:\/\/aeea.org\/wp-content\/uploads\/2016\/10\/CervantesLOGO.jpg&#8221; _builder_version=&#8221;4.6.3&#8243; _module_preset=&#8221;default&#8221; title_text=&#8221;CervantesLOGO&#8221; hover_enabled=&#8221;0&#8243; sticky_enabled=&#8221;0&#8243;][\/et_pb_image][\/et_pb_column][et_pb_column _builder_version=&#8221;4.6.3&#8243; _module_preset=&#8221;default&#8221; type=&#8221;1_6&#8243;][et_pb_image src=&#8221;http:\/\/aeea.org\/wp-content\/uploads\/2016\/10\/Difusio\u0301n.jpg&#8221; _builder_version=&#8221;4.6.3&#8243; _module_preset=&#8221;default&#8221; title_text=&#8221;Difusio\u0301n&#8221; hover_enabled=&#8221;0&#8243; sticky_enabled=&#8221;0&#8243;][\/et_pb_image][\/et_pb_column][et_pb_column _builder_version=&#8221;4.6.3&#8243; _module_preset=&#8221;default&#8221; type=&#8221;1_6&#8243;][et_pb_image src=&#8221;http:\/\/aeea.org\/wp-content\/uploads\/2016\/10\/embajada_francia.jpg&#8221; _builder_version=&#8221;4.6.3&#8243; _module_preset=&#8221;default&#8221; title_text=&#8221;embajada_francia&#8221; hover_enabled=&#8221;0&#8243; sticky_enabled=&#8221;0&#8243;][\/et_pb_image][\/et_pb_column][et_pb_column _builder_version=&#8221;4.6.3&#8243; _module_preset=&#8221;default&#8221; type=&#8221;1_6&#8243;][et_pb_image src=&#8221;http:\/\/aeea.org\/wp-content\/uploads\/2016\/10\/mision-des-langues.png&#8221; _builder_version=&#8221;4.6.3&#8243; _module_preset=&#8221;default&#8221; title_text=&#8221;mision-des-langues&#8221; hover_enabled=&#8221;0&#8243; sticky_enabled=&#8221;0&#8243;][\/et_pb_image][\/et_pb_column][et_pb_column _builder_version=&#8221;4.6.3&#8243; _module_preset=&#8221;default&#8221; type=&#8221;1_6&#8243;][et_pb_image src=&#8221;http:\/\/aeea.org\/wp-content\/uploads\/2016\/10\/Turespana-Francia.jpg&#8221; _builder_version=&#8221;4.6.3&#8243; _module_preset=&#8221;default&#8221; title_text=&#8221;Turespana-Francia&#8221; hover_enabled=&#8221;0&#8243; sticky_enabled=&#8221;0&#8243;][\/et_pb_image][\/et_pb_column][\/et_pb_row][\/et_pb_section]<\/p>\n","protected":false},"excerpt":{"rendered":"<p>Encuentro did\u00e1ctico, cultural e informativo para profesores de espa\u00f1ol en Francia ANDALUC\u00cdA: UN DESTINO PRIVILEGIADO PARA UNA INMERSI\u00d3N LING\u00dc\u00cdSTICA \u00a0 21, 22 y 23 de noviembre de 2016Lyon, Estrasburgo y Par\u00eds Como es sabido, el espa\u00f1ol est\u00e1 creciendo e integr\u00e1ndose cada vez m\u00e1s en los planes educativos de muchos pa\u00edses. En Francia hay actualmente casi [&hellip;]<\/p>\n","protected":false},"author":6,"featured_media":0,"parent":0,"menu_order":0,"comment_status":"closed","ping_status":"closed","template":"","meta":{"_et_pb_use_builder":"on","_et_pb_old_content":"","_et_gb_content_width":"","_monsterinsights_skip_tracking":false,"_monsterinsights_sitenote_active":false,"_monsterinsights_sitenote_note":"","_monsterinsights_sitenote_category":0,"_joinchat":[],"footnotes":""},"class_list":["post-7039","page","type-page","status-publish","hentry"],"yoast_head":"<!-- This site is optimized with the Yoast SEO plugin v27.4 - https:\/\/yoast.com\/product\/yoast-seo-wordpress\/ -->\n<title>Encuentro ELE Francia 2016 - Asociaci\u00f3n Espa\u00f1ol en Andalucia<\/title>\n<meta name=\"robots\" content=\"index, follow, max-snippet:-1, max-image-preview:large, max-video-preview:-1\" \/>\n<link rel=\"canonical\" href=\"https:\/\/aeea.org\/en\/encuentro-ele-francia-2016\/\" \/>\n<meta property=\"og:locale\" content=\"en_US\" \/>\n<meta property=\"og:type\" content=\"article\" \/>\n<meta property=\"og:title\" content=\"Encuentro ELE Francia 2016 - Asociaci\u00f3n Espa\u00f1ol en Andalucia\" \/>\n<meta property=\"og:description\" content=\"Encuentro did\u00e1ctico, cultural e informativo para profesores de espa\u00f1ol en Francia ANDALUC\u00cdA: UN DESTINO PRIVILEGIADO PARA UNA INMERSI\u00d3N LING\u00dc\u00cdSTICA \u00a0 21, 22 y 23 de noviembre de 2016Lyon, Estrasburgo y Par\u00eds Como es sabido, el espa\u00f1ol est\u00e1 creciendo e integr\u00e1ndose cada vez m\u00e1s en los planes educativos de muchos pa\u00edses. En Francia hay actualmente casi [&hellip;]\" \/>\n<meta property=\"og:url\" content=\"https:\/\/aeea.org\/en\/encuentro-ele-francia-2016\/\" \/>\n<meta property=\"og:site_name\" content=\"Asociaci\u00f3n Espa\u00f1ol en Andalucia\" \/>\n<meta name=\"twitter:card\" content=\"summary_large_image\" \/>\n<meta name=\"twitter:label1\" content=\"Est. reading time\" \/>\n\t<meta name=\"twitter:data1\" content=\"6 minutes\" \/>\n<script type=\"application\/ld+json\" class=\"yoast-schema-graph\">{\"@context\":\"https:\\\/\\\/schema.org\",\"@graph\":[{\"@type\":\"WebPage\",\"@id\":\"https:\\\/\\\/aeea.org\\\/en\\\/encuentro-ele-francia-2016\\\/\",\"url\":\"https:\\\/\\\/aeea.org\\\/en\\\/encuentro-ele-francia-2016\\\/\",\"name\":\"Encuentro ELE Francia 2016 - Asociaci\u00f3n Espa\u00f1ol en Andalucia\",\"isPartOf\":{\"@id\":\"https:\\\/\\\/aeea.org\\\/#website\"},\"datePublished\":\"2021-04-14T08:36:04+00:00\",\"breadcrumb\":{\"@id\":\"https:\\\/\\\/aeea.org\\\/en\\\/encuentro-ele-francia-2016\\\/#breadcrumb\"},\"inLanguage\":\"en-US\",\"potentialAction\":[{\"@type\":\"ReadAction\",\"target\":[\"https:\\\/\\\/aeea.org\\\/en\\\/encuentro-ele-francia-2016\\\/\"]}]},{\"@type\":\"BreadcrumbList\",\"@id\":\"https:\\\/\\\/aeea.org\\\/en\\\/encuentro-ele-francia-2016\\\/#breadcrumb\",\"itemListElement\":[{\"@type\":\"ListItem\",\"position\":1,\"name\":\"Home\",\"item\":\"https:\\\/\\\/aeea.org\\\/en\\\/\"},{\"@type\":\"ListItem\",\"position\":2,\"name\":\"Encuentro ELE Francia 2016\"}]},{\"@type\":\"WebSite\",\"@id\":\"https:\\\/\\\/aeea.org\\\/#website\",\"url\":\"https:\\\/\\\/aeea.org\\\/\",\"name\":\"Asociaci\u00f3n Espa\u00f1ol en Andalucia\",\"description\":\"\",\"potentialAction\":[{\"@type\":\"SearchAction\",\"target\":{\"@type\":\"EntryPoint\",\"urlTemplate\":\"https:\\\/\\\/aeea.org\\\/?s={search_term_string}\"},\"query-input\":{\"@type\":\"PropertyValueSpecification\",\"valueRequired\":true,\"valueName\":\"search_term_string\"}}],\"inLanguage\":\"en-US\"}]}<\/script>\n<!-- \/ Yoast SEO plugin. -->","yoast_head_json":{"title":"Encuentro ELE Francia 2016 - Asociaci\u00f3n Espa\u00f1ol en Andalucia","robots":{"index":"index","follow":"follow","max-snippet":"max-snippet:-1","max-image-preview":"max-image-preview:large","max-video-preview":"max-video-preview:-1"},"canonical":"https:\/\/aeea.org\/en\/encuentro-ele-francia-2016\/","og_locale":"en_US","og_type":"article","og_title":"Encuentro ELE Francia 2016 - Asociaci\u00f3n Espa\u00f1ol en Andalucia","og_description":"Encuentro did\u00e1ctico, cultural e informativo para profesores de espa\u00f1ol en Francia ANDALUC\u00cdA: UN DESTINO PRIVILEGIADO PARA UNA INMERSI\u00d3N LING\u00dc\u00cdSTICA \u00a0 21, 22 y 23 de noviembre de 2016Lyon, Estrasburgo y Par\u00eds Como es sabido, el espa\u00f1ol est\u00e1 creciendo e integr\u00e1ndose cada vez m\u00e1s en los planes educativos de muchos pa\u00edses. En Francia hay actualmente casi [&hellip;]","og_url":"https:\/\/aeea.org\/en\/encuentro-ele-francia-2016\/","og_site_name":"Asociaci\u00f3n Espa\u00f1ol en Andalucia","twitter_card":"summary_large_image","twitter_misc":{"Est. reading time":"6 minutes"},"schema":{"@context":"https:\/\/schema.org","@graph":[{"@type":"WebPage","@id":"https:\/\/aeea.org\/en\/encuentro-ele-francia-2016\/","url":"https:\/\/aeea.org\/en\/encuentro-ele-francia-2016\/","name":"Encuentro ELE Francia 2016 - Asociaci\u00f3n Espa\u00f1ol en Andalucia","isPartOf":{"@id":"https:\/\/aeea.org\/#website"},"datePublished":"2021-04-14T08:36:04+00:00","breadcrumb":{"@id":"https:\/\/aeea.org\/en\/encuentro-ele-francia-2016\/#breadcrumb"},"inLanguage":"en-US","potentialAction":[{"@type":"ReadAction","target":["https:\/\/aeea.org\/en\/encuentro-ele-francia-2016\/"]}]},{"@type":"BreadcrumbList","@id":"https:\/\/aeea.org\/en\/encuentro-ele-francia-2016\/#breadcrumb","itemListElement":[{"@type":"ListItem","position":1,"name":"Home","item":"https:\/\/aeea.org\/en\/"},{"@type":"ListItem","position":2,"name":"Encuentro ELE Francia 2016"}]},{"@type":"WebSite","@id":"https:\/\/aeea.org\/#website","url":"https:\/\/aeea.org\/","name":"Asociaci\u00f3n Espa\u00f1ol en Andalucia","description":"","potentialAction":[{"@type":"SearchAction","target":{"@type":"EntryPoint","urlTemplate":"https:\/\/aeea.org\/?s={search_term_string}"},"query-input":{"@type":"PropertyValueSpecification","valueRequired":true,"valueName":"search_term_string"}}],"inLanguage":"en-US"}]}},"_links":{"self":[{"href":"https:\/\/aeea.org\/en\/wp-json\/wp\/v2\/pages\/7039","targetHints":{"allow":["GET"]}}],"collection":[{"href":"https:\/\/aeea.org\/en\/wp-json\/wp\/v2\/pages"}],"about":[{"href":"https:\/\/aeea.org\/en\/wp-json\/wp\/v2\/types\/page"}],"author":[{"embeddable":true,"href":"https:\/\/aeea.org\/en\/wp-json\/wp\/v2\/users\/6"}],"replies":[{"embeddable":true,"href":"https:\/\/aeea.org\/en\/wp-json\/wp\/v2\/comments?post=7039"}],"version-history":[{"count":2,"href":"https:\/\/aeea.org\/en\/wp-json\/wp\/v2\/pages\/7039\/revisions"}],"predecessor-version":[{"id":7041,"href":"https:\/\/aeea.org\/en\/wp-json\/wp\/v2\/pages\/7039\/revisions\/7041"}],"wp:attachment":[{"href":"https:\/\/aeea.org\/en\/wp-json\/wp\/v2\/media?parent=7039"}],"curies":[{"name":"wp","href":"https:\/\/api.w.org\/{rel}","templated":true}]}}