{"id":8548,"date":"2022-04-21T00:06:39","date_gmt":"2022-04-21T00:06:39","guid":{"rendered":"https:\/\/aeea.org\/jornadas-formativas-viernesele\/"},"modified":"2022-04-21T00:06:39","modified_gmt":"2022-04-21T00:06:39","slug":"jornadas-formativas-viernesele","status":"publish","type":"page","link":"https:\/\/aeea.org\/en\/jornadas-formativas-viernesele\/","title":{"rendered":"Jornadas Formativas ViernesELE"},"content":{"rendered":"\n[et_pb_section fb_built=&#8221;1&#8243; _builder_version=&#8221;4.6.6&#8243; _module_preset=&#8221;default&#8221; custom_padding=&#8221;||0px|||&#8221; global_colors_info=&#8221;{}&#8221;][et_pb_row _builder_version=&#8221;4.6.6&#8243; _module_preset=&#8221;default&#8221; global_colors_info=&#8221;{}&#8221;][et_pb_column type=&#8221;4_4&#8243; _builder_version=&#8221;4.6.6&#8243; _module_preset=&#8221;default&#8221; global_colors_info=&#8221;{}&#8221;][et_pb_text _builder_version=&#8221;4.14.7&#8243; _module_preset=&#8221;default&#8221; text_font=&#8221;||||||||&#8221; text_font_size=&#8221;14px&#8221; header_font_size=&#8221;25px&#8221; hover_enabled=&#8221;0&#8243; global_colors_info=&#8221;{}&#8221; sticky_enabled=&#8221;0&#8243;]<h1 style=\"text-align: center;\">Jornadas Formativas ViernesELE<\/h1>\r\n<p style=\"text-align: justify;\">Las\u00a0<strong>Jornadas Formativas ViernesELE<\/strong>\u00a0tendr\u00e1n lugar\u00a0<strong>cada viernes entre el 4 y 28 de marzo de 2022<\/strong>, a trav\u00e9s de la plataforma\u00a0<strong>Zoom<\/strong>. Es una iniciativa destinada a profesores de espa\u00f1ol con el objetivo de fomentar y mejorar los procesos de ense\u00f1anza y aprendizaje de nuestro idioma a trav\u00e9s de talleres que ofrecen una gran variedad de enfoques y propuestas did\u00e1cticas para la innovaci\u00f3n en el aula de espa\u00f1ol.<\/p>\r\n<p style=\"text-align: justify;\">Todos los talleres son impartidos por ponentes de las escuelas de la Asociaci\u00f3n de Escuelas de Espa\u00f1ol de Andaluc\u00eda, acreditadas por el Instituto Cervantes.<\/p>\r\n<p style=\"text-align: justify;\">Inscr\u00edbete en los talleres que m\u00e1s te interesan a trav\u00e9s de nuestro\u00a0<a href=\"https:\/\/forms.gle\/sJsg8cYRJVomkvaR7\"><strong>Formulario de inscripci\u00f3n<\/strong><\/a><\/p>\r\n<p style=\"text-align: justify;\">Para m\u00e1s informaci\u00f3n sobre los ponentes y los talleres, pincha en el siguiente enlace:\u00a0<strong><a href=\"https:\/\/aeea.org\/wp-content\/uploads\/2022\/03\/Programa-Jornadas-Formativas-ViernesELE.pdf\" rel=\"attachment wp-att-8484\">Programa Jornadas Formativas ViernesELE<\/a><\/strong><\/p>\r\n\r\n<h2 style=\"text-align: center;\"><strong>Resumen de los talleres de formaci\u00f3n<\/strong><\/h2>\r\n<p style=\"text-align: center;\"><a href=\"https:\/\/aeea.org\/wp-content\/uploads\/2022\/03\/1.png\"><img loading=\"lazy\" decoding=\"async\" class=\"wp-image-8478 alignnone size-full\" src=\"https:\/\/aeea.org\/wp-content\/uploads\/2022\/03\/1.png\" alt=\"\" width=\"650\" height=\"335\" srcset=\"https:\/\/aeea.org\/wp-content\/uploads\/2022\/03\/1.png 650w, https:\/\/aeea.org\/wp-content\/uploads\/2022\/03\/1-480x247.png 480w\" sizes=\"(min-width: 0px) and (max-width: 480px) 480px, (min-width: 481px) 650px, 100vw\" \/><\/a><\/p>\r\n<p style=\"text-align: center;\"><strong><a href=\"https:\/\/aeea.org\/wp-content\/uploads\/2022\/02\/2.png\"><img loading=\"lazy\" decoding=\"async\" class=\"wp-image-8421 alignnone size-full\" src=\"https:\/\/aeea.org\/wp-content\/uploads\/2022\/02\/2.png\" alt=\"\" width=\"656\" height=\"241\" srcset=\"https:\/\/aeea.org\/wp-content\/uploads\/2022\/02\/2.png 656w, https:\/\/aeea.org\/wp-content\/uploads\/2022\/02\/2-480x176.png 480w\" sizes=\"(min-width: 0px) and (max-width: 480px) 480px, (min-width: 481px) 656px, 100vw\" \/><\/a><\/strong><\/p>\r\n<p style=\"text-align: center;\"><strong><a href=\"https:\/\/aeea.org\/wp-content\/uploads\/2022\/02\/3.png\"><img loading=\"lazy\" decoding=\"async\" class=\"wp-image-8425 alignnone size-full\" src=\"https:\/\/aeea.org\/wp-content\/uploads\/2022\/02\/3.png\" alt=\"\" width=\"652\" height=\"391\" srcset=\"https:\/\/aeea.org\/wp-content\/uploads\/2022\/02\/3.png 652w, https:\/\/aeea.org\/wp-content\/uploads\/2022\/02\/3-480x288.png 480w\" sizes=\"(min-width: 0px) and (max-width: 480px) 480px, (min-width: 481px) 652px, 100vw\" \/><\/a><\/strong><\/p>\r\n<p style=\"text-align: center;\"><strong><a href=\"https:\/\/aeea.org\/wp-content\/uploads\/2022\/02\/4.png\"><img loading=\"lazy\" decoding=\"async\" class=\"wp-image-8429 alignnone size-full\" src=\"https:\/\/aeea.org\/wp-content\/uploads\/2022\/02\/4.png\" alt=\"\" width=\"651\" height=\"321\" srcset=\"https:\/\/aeea.org\/wp-content\/uploads\/2022\/02\/4.png 651w, https:\/\/aeea.org\/wp-content\/uploads\/2022\/02\/4-480x237.png 480w\" sizes=\"(min-width: 0px) and (max-width: 480px) 480px, (min-width: 481px) 651px, 100vw\" \/><\/a><\/strong><\/p>[\/et_pb_text][\/et_pb_column][\/et_pb_row][\/et_pb_section][et_pb_section fb_built=&#8221;1&#8243; _builder_version=&#8221;4.6.6&#8243; _module_preset=&#8221;default&#8221; global_colors_info=&#8221;{}&#8221;][\/et_pb_section]\n","protected":false},"excerpt":{"rendered":"<p>Jornadas Formativas ViernesELE Las\u00a0Jornadas Formativas ViernesELE\u00a0tendr\u00e1n lugar\u00a0cada viernes entre el 4 y 28 de marzo de 2022, a trav\u00e9s de la plataforma\u00a0Zoom. Es una iniciativa destinada a profesores de espa\u00f1ol con el objetivo de fomentar y mejorar los procesos de ense\u00f1anza y aprendizaje de nuestro idioma a trav\u00e9s de talleres que ofrecen una gran variedad [&hellip;]<\/p>\n","protected":false},"author":8,"featured_media":0,"parent":0,"menu_order":0,"comment_status":"closed","ping_status":"closed","template":"","meta":{"_et_pb_use_builder":"on","_et_pb_old_content":"","_et_gb_content_width":"","_monsterinsights_skip_tracking":false,"_monsterinsights_sitenote_active":false,"_monsterinsights_sitenote_note":"","_monsterinsights_sitenote_category":0,"_joinchat":[],"footnotes":""},"class_list":["post-8548","page","type-page","status-publish","hentry"],"yoast_head":"<!-- This site is optimized with the Yoast SEO plugin v27.4 - https:\/\/yoast.com\/product\/yoast-seo-wordpress\/ -->\n<title>Jornadas Formativas ViernesELE - Asociaci\u00f3n Espa\u00f1ol en Andalucia<\/title>\n<meta name=\"robots\" content=\"index, follow, max-snippet:-1, max-image-preview:large, max-video-preview:-1\" \/>\n<link rel=\"canonical\" href=\"https:\/\/aeea.org\/en\/jornadas-formativas-viernesele\/\" \/>\n<meta property=\"og:locale\" content=\"en_US\" \/>\n<meta property=\"og:type\" content=\"article\" \/>\n<meta property=\"og:title\" content=\"Jornadas Formativas ViernesELE - Asociaci\u00f3n Espa\u00f1ol en Andalucia\" \/>\n<meta property=\"og:description\" content=\"Jornadas Formativas ViernesELE Las\u00a0Jornadas Formativas ViernesELE\u00a0tendr\u00e1n lugar\u00a0cada viernes entre el 4 y 28 de marzo de 2022, a trav\u00e9s de la plataforma\u00a0Zoom. Es una iniciativa destinada a profesores de espa\u00f1ol con el objetivo de fomentar y mejorar los procesos de ense\u00f1anza y aprendizaje de nuestro idioma a trav\u00e9s de talleres que ofrecen una gran variedad [&hellip;]\" \/>\n<meta property=\"og:url\" content=\"https:\/\/aeea.org\/en\/jornadas-formativas-viernesele\/\" \/>\n<meta property=\"og:site_name\" content=\"Asociaci\u00f3n Espa\u00f1ol en Andalucia\" \/>\n<meta property=\"og:image\" content=\"https:\/\/aeea.org\/wp-content\/uploads\/2022\/03\/1.png\" \/>\n<meta name=\"twitter:card\" content=\"summary_large_image\" \/>\n<meta name=\"twitter:label1\" content=\"Est. reading time\" \/>\n\t<meta name=\"twitter:data1\" content=\"1 minute\" \/>\n<script type=\"application\/ld+json\" class=\"yoast-schema-graph\">{\"@context\":\"https:\\\/\\\/schema.org\",\"@graph\":[{\"@type\":\"WebPage\",\"@id\":\"https:\\\/\\\/aeea.org\\\/en\\\/jornadas-formativas-viernesele\\\/\",\"url\":\"https:\\\/\\\/aeea.org\\\/en\\\/jornadas-formativas-viernesele\\\/\",\"name\":\"Jornadas Formativas ViernesELE - Asociaci\u00f3n Espa\u00f1ol en Andalucia\",\"isPartOf\":{\"@id\":\"https:\\\/\\\/aeea.org\\\/#website\"},\"primaryImageOfPage\":{\"@id\":\"https:\\\/\\\/aeea.org\\\/en\\\/jornadas-formativas-viernesele\\\/#primaryimage\"},\"image\":{\"@id\":\"https:\\\/\\\/aeea.org\\\/en\\\/jornadas-formativas-viernesele\\\/#primaryimage\"},\"thumbnailUrl\":\"https:\\\/\\\/aeea.org\\\/wp-content\\\/uploads\\\/2022\\\/03\\\/1.png\",\"datePublished\":\"2022-04-21T00:06:39+00:00\",\"breadcrumb\":{\"@id\":\"https:\\\/\\\/aeea.org\\\/en\\\/jornadas-formativas-viernesele\\\/#breadcrumb\"},\"inLanguage\":\"en-US\",\"potentialAction\":[{\"@type\":\"ReadAction\",\"target\":[\"https:\\\/\\\/aeea.org\\\/en\\\/jornadas-formativas-viernesele\\\/\"]}]},{\"@type\":\"ImageObject\",\"inLanguage\":\"en-US\",\"@id\":\"https:\\\/\\\/aeea.org\\\/en\\\/jornadas-formativas-viernesele\\\/#primaryimage\",\"url\":\"https:\\\/\\\/aeea.org\\\/wp-content\\\/uploads\\\/2022\\\/03\\\/1.png\",\"contentUrl\":\"https:\\\/\\\/aeea.org\\\/wp-content\\\/uploads\\\/2022\\\/03\\\/1.png\"},{\"@type\":\"BreadcrumbList\",\"@id\":\"https:\\\/\\\/aeea.org\\\/en\\\/jornadas-formativas-viernesele\\\/#breadcrumb\",\"itemListElement\":[{\"@type\":\"ListItem\",\"position\":1,\"name\":\"Home\",\"item\":\"https:\\\/\\\/aeea.org\\\/en\\\/\"},{\"@type\":\"ListItem\",\"position\":2,\"name\":\"Jornadas Formativas ViernesELE\"}]},{\"@type\":\"WebSite\",\"@id\":\"https:\\\/\\\/aeea.org\\\/#website\",\"url\":\"https:\\\/\\\/aeea.org\\\/\",\"name\":\"Asociaci\u00f3n Espa\u00f1ol en Andalucia\",\"description\":\"\",\"potentialAction\":[{\"@type\":\"SearchAction\",\"target\":{\"@type\":\"EntryPoint\",\"urlTemplate\":\"https:\\\/\\\/aeea.org\\\/?s={search_term_string}\"},\"query-input\":{\"@type\":\"PropertyValueSpecification\",\"valueRequired\":true,\"valueName\":\"search_term_string\"}}],\"inLanguage\":\"en-US\"}]}<\/script>\n<!-- \/ Yoast SEO plugin. -->","yoast_head_json":{"title":"Jornadas Formativas ViernesELE - Asociaci\u00f3n Espa\u00f1ol en Andalucia","robots":{"index":"index","follow":"follow","max-snippet":"max-snippet:-1","max-image-preview":"max-image-preview:large","max-video-preview":"max-video-preview:-1"},"canonical":"https:\/\/aeea.org\/en\/jornadas-formativas-viernesele\/","og_locale":"en_US","og_type":"article","og_title":"Jornadas Formativas ViernesELE - Asociaci\u00f3n Espa\u00f1ol en Andalucia","og_description":"Jornadas Formativas ViernesELE Las\u00a0Jornadas Formativas ViernesELE\u00a0tendr\u00e1n lugar\u00a0cada viernes entre el 4 y 28 de marzo de 2022, a trav\u00e9s de la plataforma\u00a0Zoom. Es una iniciativa destinada a profesores de espa\u00f1ol con el objetivo de fomentar y mejorar los procesos de ense\u00f1anza y aprendizaje de nuestro idioma a trav\u00e9s de talleres que ofrecen una gran variedad [&hellip;]","og_url":"https:\/\/aeea.org\/en\/jornadas-formativas-viernesele\/","og_site_name":"Asociaci\u00f3n Espa\u00f1ol en Andalucia","og_image":[{"url":"https:\/\/aeea.org\/wp-content\/uploads\/2022\/03\/1.png","type":"","width":"","height":""}],"twitter_card":"summary_large_image","twitter_misc":{"Est. reading time":"1 minute"},"schema":{"@context":"https:\/\/schema.org","@graph":[{"@type":"WebPage","@id":"https:\/\/aeea.org\/en\/jornadas-formativas-viernesele\/","url":"https:\/\/aeea.org\/en\/jornadas-formativas-viernesele\/","name":"Jornadas Formativas ViernesELE - Asociaci\u00f3n Espa\u00f1ol en Andalucia","isPartOf":{"@id":"https:\/\/aeea.org\/#website"},"primaryImageOfPage":{"@id":"https:\/\/aeea.org\/en\/jornadas-formativas-viernesele\/#primaryimage"},"image":{"@id":"https:\/\/aeea.org\/en\/jornadas-formativas-viernesele\/#primaryimage"},"thumbnailUrl":"https:\/\/aeea.org\/wp-content\/uploads\/2022\/03\/1.png","datePublished":"2022-04-21T00:06:39+00:00","breadcrumb":{"@id":"https:\/\/aeea.org\/en\/jornadas-formativas-viernesele\/#breadcrumb"},"inLanguage":"en-US","potentialAction":[{"@type":"ReadAction","target":["https:\/\/aeea.org\/en\/jornadas-formativas-viernesele\/"]}]},{"@type":"ImageObject","inLanguage":"en-US","@id":"https:\/\/aeea.org\/en\/jornadas-formativas-viernesele\/#primaryimage","url":"https:\/\/aeea.org\/wp-content\/uploads\/2022\/03\/1.png","contentUrl":"https:\/\/aeea.org\/wp-content\/uploads\/2022\/03\/1.png"},{"@type":"BreadcrumbList","@id":"https:\/\/aeea.org\/en\/jornadas-formativas-viernesele\/#breadcrumb","itemListElement":[{"@type":"ListItem","position":1,"name":"Home","item":"https:\/\/aeea.org\/en\/"},{"@type":"ListItem","position":2,"name":"Jornadas Formativas ViernesELE"}]},{"@type":"WebSite","@id":"https:\/\/aeea.org\/#website","url":"https:\/\/aeea.org\/","name":"Asociaci\u00f3n Espa\u00f1ol en Andalucia","description":"","potentialAction":[{"@type":"SearchAction","target":{"@type":"EntryPoint","urlTemplate":"https:\/\/aeea.org\/?s={search_term_string}"},"query-input":{"@type":"PropertyValueSpecification","valueRequired":true,"valueName":"search_term_string"}}],"inLanguage":"en-US"}]}},"_links":{"self":[{"href":"https:\/\/aeea.org\/en\/wp-json\/wp\/v2\/pages\/8548","targetHints":{"allow":["GET"]}}],"collection":[{"href":"https:\/\/aeea.org\/en\/wp-json\/wp\/v2\/pages"}],"about":[{"href":"https:\/\/aeea.org\/en\/wp-json\/wp\/v2\/types\/page"}],"author":[{"embeddable":true,"href":"https:\/\/aeea.org\/en\/wp-json\/wp\/v2\/users\/8"}],"replies":[{"embeddable":true,"href":"https:\/\/aeea.org\/en\/wp-json\/wp\/v2\/comments?post=8548"}],"version-history":[{"count":1,"href":"https:\/\/aeea.org\/en\/wp-json\/wp\/v2\/pages\/8548\/revisions"}],"predecessor-version":[{"id":8549,"href":"https:\/\/aeea.org\/en\/wp-json\/wp\/v2\/pages\/8548\/revisions\/8549"}],"wp:attachment":[{"href":"https:\/\/aeea.org\/en\/wp-json\/wp\/v2\/media?parent=8548"}],"curies":[{"name":"wp","href":"https:\/\/api.w.org\/{rel}","templated":true}]}}