{"id":1111,"date":"2014-06-23T10:46:03","date_gmt":"2014-06-23T10:46:03","guid":{"rendered":"http:\/\/aeea.org\/?page_id=1111"},"modified":"2014-06-23T10:46:03","modified_gmt":"2014-06-23T10:46:03","slug":"1111-2","status":"publish","type":"page","link":"https:\/\/aeea.org\/fr\/ecoles\/cadiz\/1111-2\/","title":{"rendered":"Melkart Centro Internacional de Idiomas"},"content":{"rendered":"<h1>Melkart Centro Internacional de Idiomas<\/h1>\n<p>[hr]<\/p>\n<p style=\"text-align: justify;\"><div class='one_half'>\n\t\t\t\t\t<p>\u00c9cole fond\u00e9e en 1995 et situ\u00e9 dans le centre historique de Cadix. Nous assurons la qualit\u00e9:<\/p>\n<p>&#8211; Excellente m\u00e9thode d&rsquo;enseignement<\/p>\n<p>&#8211; Petits groupes<\/p>\n<p>&#8211; Enseignants hautement qualifi\u00e9s<\/p>\n<p>&#8211; Ambiance familiale<\/p>\n<p>&#8211; H\u00e9bergement soigneusement s\u00e9lectionn\u00e9s<\/p>\n<p>&#8211; Grande vari\u00e9t\u00e9 d&rsquo;activit\u00e9s parascolaires<\/p>\n<p style=\"text-align: justify;\">\n\t\t\t\t<\/div><\/p>\n<div class='one_half et_column_last'>\n\t\t\t\t\t[callout font_size=\u00a0\u00bb13px\u00a0\u00bb style=\u00a0\u00bbskyblue\u00a0\u00bb]<img loading=\"lazy\" decoding=\"async\" class=\"alignleft size-full wp-image-494\" alt=\"pin7\" src=\"http:\/\/aeea.org\/wp-content\/uploads\/2014\/03\/pin71.png\" width=\"24\" height=\"24\" \/><a title=\"Ver en Mapa\" href=\"https:\/\/goo.gl\/maps\/XVmp8\">C\/ General Menacho, 7,\u00a011004, C\u00e1diz.<\/a><\/p>\n<p style=\"text-align: justify;\"><img loading=\"lazy\" decoding=\"async\" class=\"alignleft size-full wp-image-496\" alt=\"telephone14\" src=\"http:\/\/aeea.org\/wp-content\/uploads\/2014\/03\/telephone14.png\" width=\"24\" height=\"24\" \/>(0034) 956 222 213<\/p>\n<p style=\"text-align: justify;\"><a href=\"http:\/\/www.centromelkart.com\"><img loading=\"lazy\" decoding=\"async\" class=\"alignleft size-full wp-image-497\" alt=\"world15\" src=\"http:\/\/aeea.org\/wp-content\/uploads\/2014\/03\/world15.png\" width=\"24\" height=\"24\" \/>www.centromelkart.com<\/a><\/p>\n<p style=\"text-align: justify;\"><img loading=\"lazy\" decoding=\"async\" class=\"alignleft size-full wp-image-499\" alt=\"black218\" src=\"http:\/\/aeea.org\/wp-content\/uploads\/2014\/03\/black218.png\" width=\"24\" height=\"24\" \/><a href=\"mailto:info@centromelkart.com\">info@centromelkart.com<\/a>[\/callout]<\/p>\n\t\t\t\t<\/div><div class='clear'><\/div>\n<p>[hr]<\/p>\n<div class='one_third'>\n\t\t\t\t\t[frame style=\u00a0\u00bbshadow\u00a0\u00bb image_path=\u00a0\u00bbhttp:\/\/aeea.org\/wp-content\/uploads\/2014\/03\/melkart1.jpg\u00a0\u00bb link_to_page=\u00a0\u00bbhttp:\/\/www.centromelkart.com\u00a0\u00bb target=\u00a0\u00bb\u00a0\u00bb description=\u00a0\u00bb\u00a0\u00bb float=\u00a0\u00bb\u00a0\u00bb lightbox=\u00a0\u00bb\u00a0\u00bb lightbox_group=\u00a0\u00bb\u00a0\u00bb size=\u00a0\u00bbthree_col_large\u00a0\u00bb]<\/p>\n\t\t\t\t<\/div>\n<div class='one_third'>\n\t\t\t\t\t[frame style=\u00a0\u00bbshadow\u00a0\u00bb image_path=\u00a0\u00bbhttp:\/\/aeea.org\/wp-content\/uploads\/2014\/03\/Centro_Melkart_2.jpg\u00a0\u00bb link_to_page=\u00a0\u00bb\u00a0\u00bb target=\u00a0\u00bb\u00a0\u00bb description=\u00a0\u00bb\u00a0\u00bb float=\u00a0\u00bb\u00a0\u00bb lightbox=\u00a0\u00bbhttp:\/\/aeea.org\/wp-content\/uploads\/2014\/03\/Centro_Melkart_2.jpg\u00a0\u00bb lightbox_group=\u00a0\u00bb\u00a0\u00bb size=\u00a0\u00bbthree_col_large\u00a0\u00bb]<\/p>\n\t\t\t\t<\/div>\n<div class='one_third et_column_last'>\n\t\t\t\t\t[frame style=\u00a0\u00bbshadow\u00a0\u00bb image_path=\u00a0\u00bbhttp:\/\/aeea.org\/wp-content\/uploads\/2014\/03\/Centro_Melkart_1.jpg\u00a0\u00bb link_to_page=\u00a0\u00bb\u00a0\u00bb target=\u00a0\u00bb\u00a0\u00bb description=\u00a0\u00bb\u00a0\u00bb float=\u00a0\u00bb\u00a0\u00bb lightbox=\u00a0\u00bbhttp:\/\/aeea.org\/wp-content\/uploads\/2014\/03\/Centro_Melkart_1.jpg\u00a0\u00bb lightbox_group=\u00a0\u00bb\u00a0\u00bb size=\u00a0\u00bbthree_col_large\u00a0\u00bb]<\/p>\n\t\t\t\t<\/div><div class='clear'><\/div>\n","protected":false},"excerpt":{"rendered":"<p>Melkart Centro Internacional de Idiomas [hr] [hr]<\/p>\n","protected":false},"author":6,"featured_media":0,"parent":2958,"menu_order":0,"comment_status":"open","ping_status":"open","template":"template-blank-canvas.php","meta":{"_et_pb_use_builder":"","_et_pb_old_content":"","_et_gb_content_width":"","_monsterinsights_skip_tracking":false,"_monsterinsights_sitenote_active":false,"_monsterinsights_sitenote_note":"","_monsterinsights_sitenote_category":0,"_joinchat":[],"footnotes":""},"class_list":["post-1111","page","type-page","status-publish","hentry"],"yoast_head":"<!-- This site is optimized with the Yoast SEO plugin v27.4 - https:\/\/yoast.com\/product\/yoast-seo-wordpress\/ -->\n<title>Melkart Centro Internacional de Idiomas - Asociaci\u00f3n Espa\u00f1ol en Andalucia<\/title>\n<meta name=\"robots\" content=\"index, follow, max-snippet:-1, max-image-preview:large, max-video-preview:-1\" \/>\n<link rel=\"canonical\" href=\"https:\/\/aeea.org\/fr\/ecoles\/cadiz\/1111-2\/\" \/>\n<meta property=\"og:locale\" content=\"fr_FR\" \/>\n<meta property=\"og:type\" content=\"article\" \/>\n<meta property=\"og:title\" content=\"Melkart Centro Internacional de Idiomas - Asociaci\u00f3n Espa\u00f1ol en Andalucia\" \/>\n<meta property=\"og:description\" content=\"Melkart Centro Internacional de Idiomas [hr] [hr]\" \/>\n<meta property=\"og:url\" content=\"https:\/\/aeea.org\/fr\/ecoles\/cadiz\/1111-2\/\" \/>\n<meta property=\"og:site_name\" content=\"Asociaci\u00f3n Espa\u00f1ol en Andalucia\" \/>\n<meta property=\"og:image\" content=\"http:\/\/aeea.org\/wp-content\/uploads\/2014\/03\/pin71.png\" \/>\n<meta name=\"twitter:card\" content=\"summary_large_image\" \/>\n<meta name=\"twitter:label1\" content=\"Dur\u00e9e de lecture estim\u00e9e\" \/>\n\t<meta name=\"twitter:data1\" content=\"1 minute\" \/>\n<script type=\"application\/ld+json\" class=\"yoast-schema-graph\">{\"@context\":\"https:\\\/\\\/schema.org\",\"@graph\":[{\"@type\":\"WebPage\",\"@id\":\"https:\\\/\\\/aeea.org\\\/fr\\\/ecoles\\\/cadiz\\\/1111-2\\\/\",\"url\":\"https:\\\/\\\/aeea.org\\\/fr\\\/ecoles\\\/cadiz\\\/1111-2\\\/\",\"name\":\"Melkart Centro Internacional de Idiomas - Asociaci\u00f3n Espa\u00f1ol en Andalucia\",\"isPartOf\":{\"@id\":\"https:\\\/\\\/aeea.org\\\/#website\"},\"primaryImageOfPage\":{\"@id\":\"https:\\\/\\\/aeea.org\\\/fr\\\/ecoles\\\/cadiz\\\/1111-2\\\/#primaryimage\"},\"image\":{\"@id\":\"https:\\\/\\\/aeea.org\\\/fr\\\/ecoles\\\/cadiz\\\/1111-2\\\/#primaryimage\"},\"thumbnailUrl\":\"http:\\\/\\\/aeea.org\\\/wp-content\\\/uploads\\\/2014\\\/03\\\/pin71.png\",\"datePublished\":\"2014-06-23T10:46:03+00:00\",\"breadcrumb\":{\"@id\":\"https:\\\/\\\/aeea.org\\\/fr\\\/ecoles\\\/cadiz\\\/1111-2\\\/#breadcrumb\"},\"inLanguage\":\"fr-FR\",\"potentialAction\":[{\"@type\":\"ReadAction\",\"target\":[\"https:\\\/\\\/aeea.org\\\/fr\\\/ecoles\\\/cadiz\\\/1111-2\\\/\"]}]},{\"@type\":\"ImageObject\",\"inLanguage\":\"fr-FR\",\"@id\":\"https:\\\/\\\/aeea.org\\\/fr\\\/ecoles\\\/cadiz\\\/1111-2\\\/#primaryimage\",\"url\":\"http:\\\/\\\/aeea.org\\\/wp-content\\\/uploads\\\/2014\\\/03\\\/pin71.png\",\"contentUrl\":\"http:\\\/\\\/aeea.org\\\/wp-content\\\/uploads\\\/2014\\\/03\\\/pin71.png\"},{\"@type\":\"BreadcrumbList\",\"@id\":\"https:\\\/\\\/aeea.org\\\/fr\\\/ecoles\\\/cadiz\\\/1111-2\\\/#breadcrumb\",\"itemListElement\":[{\"@type\":\"ListItem\",\"position\":1,\"name\":\"Home\",\"item\":\"https:\\\/\\\/aeea.org\\\/fr\\\/\"},{\"@type\":\"ListItem\",\"position\":2,\"name\":\"\u00c9coles\",\"item\":\"https:\\\/\\\/aeea.org\\\/fr\\\/ecoles\\\/\"},{\"@type\":\"ListItem\",\"position\":3,\"name\":\"C\u00e1diz\",\"item\":\"https:\\\/\\\/aeea.org\\\/fr\\\/ecoles\\\/cadiz\\\/\"},{\"@type\":\"ListItem\",\"position\":4,\"name\":\"Melkart Centro Internacional de Idiomas\"}]},{\"@type\":\"WebSite\",\"@id\":\"https:\\\/\\\/aeea.org\\\/#website\",\"url\":\"https:\\\/\\\/aeea.org\\\/\",\"name\":\"Asociaci\u00f3n Espa\u00f1ol en Andalucia\",\"description\":\"\",\"potentialAction\":[{\"@type\":\"SearchAction\",\"target\":{\"@type\":\"EntryPoint\",\"urlTemplate\":\"https:\\\/\\\/aeea.org\\\/?s={search_term_string}\"},\"query-input\":{\"@type\":\"PropertyValueSpecification\",\"valueRequired\":true,\"valueName\":\"search_term_string\"}}],\"inLanguage\":\"fr-FR\"}]}<\/script>\n<!-- \/ Yoast SEO plugin. -->","yoast_head_json":{"title":"Melkart Centro Internacional de Idiomas - Asociaci\u00f3n Espa\u00f1ol en Andalucia","robots":{"index":"index","follow":"follow","max-snippet":"max-snippet:-1","max-image-preview":"max-image-preview:large","max-video-preview":"max-video-preview:-1"},"canonical":"https:\/\/aeea.org\/fr\/ecoles\/cadiz\/1111-2\/","og_locale":"fr_FR","og_type":"article","og_title":"Melkart Centro Internacional de Idiomas - Asociaci\u00f3n Espa\u00f1ol en Andalucia","og_description":"Melkart Centro Internacional de Idiomas [hr] [hr]","og_url":"https:\/\/aeea.org\/fr\/ecoles\/cadiz\/1111-2\/","og_site_name":"Asociaci\u00f3n Espa\u00f1ol en Andalucia","og_image":[{"url":"http:\/\/aeea.org\/wp-content\/uploads\/2014\/03\/pin71.png","type":"","width":"","height":""}],"twitter_card":"summary_large_image","twitter_misc":{"Dur\u00e9e de lecture estim\u00e9e":"1 minute"},"schema":{"@context":"https:\/\/schema.org","@graph":[{"@type":"WebPage","@id":"https:\/\/aeea.org\/fr\/ecoles\/cadiz\/1111-2\/","url":"https:\/\/aeea.org\/fr\/ecoles\/cadiz\/1111-2\/","name":"Melkart Centro Internacional de Idiomas - Asociaci\u00f3n Espa\u00f1ol en Andalucia","isPartOf":{"@id":"https:\/\/aeea.org\/#website"},"primaryImageOfPage":{"@id":"https:\/\/aeea.org\/fr\/ecoles\/cadiz\/1111-2\/#primaryimage"},"image":{"@id":"https:\/\/aeea.org\/fr\/ecoles\/cadiz\/1111-2\/#primaryimage"},"thumbnailUrl":"http:\/\/aeea.org\/wp-content\/uploads\/2014\/03\/pin71.png","datePublished":"2014-06-23T10:46:03+00:00","breadcrumb":{"@id":"https:\/\/aeea.org\/fr\/ecoles\/cadiz\/1111-2\/#breadcrumb"},"inLanguage":"fr-FR","potentialAction":[{"@type":"ReadAction","target":["https:\/\/aeea.org\/fr\/ecoles\/cadiz\/1111-2\/"]}]},{"@type":"ImageObject","inLanguage":"fr-FR","@id":"https:\/\/aeea.org\/fr\/ecoles\/cadiz\/1111-2\/#primaryimage","url":"http:\/\/aeea.org\/wp-content\/uploads\/2014\/03\/pin71.png","contentUrl":"http:\/\/aeea.org\/wp-content\/uploads\/2014\/03\/pin71.png"},{"@type":"BreadcrumbList","@id":"https:\/\/aeea.org\/fr\/ecoles\/cadiz\/1111-2\/#breadcrumb","itemListElement":[{"@type":"ListItem","position":1,"name":"Home","item":"https:\/\/aeea.org\/fr\/"},{"@type":"ListItem","position":2,"name":"\u00c9coles","item":"https:\/\/aeea.org\/fr\/ecoles\/"},{"@type":"ListItem","position":3,"name":"C\u00e1diz","item":"https:\/\/aeea.org\/fr\/ecoles\/cadiz\/"},{"@type":"ListItem","position":4,"name":"Melkart Centro Internacional de Idiomas"}]},{"@type":"WebSite","@id":"https:\/\/aeea.org\/#website","url":"https:\/\/aeea.org\/","name":"Asociaci\u00f3n Espa\u00f1ol en Andalucia","description":"","potentialAction":[{"@type":"SearchAction","target":{"@type":"EntryPoint","urlTemplate":"https:\/\/aeea.org\/?s={search_term_string}"},"query-input":{"@type":"PropertyValueSpecification","valueRequired":true,"valueName":"search_term_string"}}],"inLanguage":"fr-FR"}]}},"_links":{"self":[{"href":"https:\/\/aeea.org\/fr\/wp-json\/wp\/v2\/pages\/1111","targetHints":{"allow":["GET"]}}],"collection":[{"href":"https:\/\/aeea.org\/fr\/wp-json\/wp\/v2\/pages"}],"about":[{"href":"https:\/\/aeea.org\/fr\/wp-json\/wp\/v2\/types\/page"}],"author":[{"embeddable":true,"href":"https:\/\/aeea.org\/fr\/wp-json\/wp\/v2\/users\/6"}],"replies":[{"embeddable":true,"href":"https:\/\/aeea.org\/fr\/wp-json\/wp\/v2\/comments?post=1111"}],"version-history":[{"count":0,"href":"https:\/\/aeea.org\/fr\/wp-json\/wp\/v2\/pages\/1111\/revisions"}],"up":[{"embeddable":true,"href":"https:\/\/aeea.org\/fr\/wp-json\/wp\/v2\/pages\/2958"}],"wp:attachment":[{"href":"https:\/\/aeea.org\/fr\/wp-json\/wp\/v2\/media?parent=1111"}],"curies":[{"name":"wp","href":"https:\/\/api.w.org\/{rel}","templated":true}]}}