{"id":1120,"date":"2014-06-23T11:02:48","date_gmt":"2014-06-23T11:02:48","guid":{"rendered":"http:\/\/aeea.org\/?page_id=1120"},"modified":"2018-05-17T11:59:11","modified_gmt":"2018-05-17T11:59:11","slug":"seville","status":"publish","type":"page","link":"https:\/\/aeea.org\/fr\/destination\/seville\/","title":{"rendered":"S\u00e9ville (dest.)"},"content":{"rendered":"<p><iframe loading=\"lazy\" src=\"\/\/www.youtube-nocookie.com\/embed\/GEW7XEtmVV0\" width=\"930\" height=\"523\" frameborder=\"0\" allowfullscreen=\"allowfullscreen\"><\/iframe><\/p>\n<h1 style=\"text-align: justify;\">SEVILLA<\/h1>\n<p style=\"text-align: justify;\">Renomm\u00e9e par son ambiance unique et par l\u2019hospitalit\u00e9 de ses habitants, S\u00e9ville repr\u00e9sente l\u2019esprit de la culture andalouse. Le passage de diff\u00e9rentes cultures, ajout\u00e9 au fait que son port de commerce fut la porte d\u2019entr\u00e9e et de sortie d\u2019Am\u00e9rique et un des ports les plus importants du XVI\u00e8me si\u00e8cle, marqua d\u00e9finitivement son caract\u00e8re ouvert.<\/p>\n<p style=\"text-align: justify;\">Des si\u00e8cles d\u2019histoire ont marqu\u00e9 la forte personnalit\u00e9 de S\u00e9ville qui, en l\u2019occurrence, poss\u00e8de un des plus grands et mieux conserv\u00e9s centres historiques d\u2019Europe, ainsi qu\u2019un important et beau patrimoine artistique. La ville poss\u00e8de plusieurs monuments d\u00e9clar\u00e9s Patrimoine de l\u2019Humanit\u00e9: la Cath\u00e9drale, le plus grand temple de style gothique de la Chr\u00e9tient\u00e9; les Reales Alc\u00e1zares (5), consid\u00e9r\u00e9 un joyau de l\u2019art mud\u00e9jar\u00a0; l\u2019Archive G\u00e9n\u00e9ral des Indes, si\u00e8ge des documents sur la d\u00e9couverte et la conqu\u00eate du Nouveau Monde.<\/p>\n<p style=\"text-align: justify;\">D\u2019une part, S\u00e9ville est une ville tranquille, id\u00e9ale pour se promener le long de ses rues coquettes, ses jardins et ses parcs, parfaite pour profiter de ses monuments universels, de la fra\u00eecheur de sa rivi\u00e8re mill\u00e9naire et de ses rives.<\/p>\n<p style=\"text-align: justify;\">D\u2019autre part, S\u00e9ville est une ville de f\u00eates comme, par exemple, sa \u00ab\u00a0Feria de Abril\u00a0\u00bb et sa \u00ab\u00a0Semaine Sainte\u00a0\u00bb. Pendant la Biennale du Flamenco, S\u00e9ville devient en outre la capitale du flamenco. Dans notre ville vous pourrez d\u00e9guster notre d\u00e9licieuse gastronomie, prendre des tapas dans ses nombreuses terrasses, bars et restaurants en plein air, gr\u00e2ce \u00e0 son climat splendide. S\u00e9ville vous offre \u00e9galement une grande vari\u00e9t\u00e9 d\u2019activit\u00e9s ludiques et culturelles.<\/p>\n<p style=\"text-align: justify;\">Notre ville est le si\u00e8ge de trois Universit\u00e9s: L\u2019Universit\u00e9 de S\u00e9ville, L\u2019Universit\u00e9 Pablo de Olavide et l\u2019Universit\u00e9 Internationale d\u2019Andalousie. S\u00e9ville est une ville ouverte au pass\u00e9, vivant au pr\u00e9sent et pr\u00eate pour le futur, un lieu de rencontre, de tol\u00e9rance et de convivialit\u00e9. Tous ces attraits font de S\u00e9ville une destination touristique de premier choix pour apprendre l\u2019espagnol.<\/p>\n<h2>\u00c9coles \u00e0 S\u00e9ville<\/h2>\n<p><div class='one_half'>\n\t\t\t\t\t\n\t\t\t\t<\/div><br \/>\n<a href=\"http:\/\/aeea.org\/escuelas\/sevilla\/clic-international-house\/\">Clic International House<\/a><\/p>\n<p><a href=\"http:\/\/aeea.org\/escuelas\/sevilla\/enforex-sevilla\/\">Enforex Sevilla<\/a><\/p>\n<p><a href=\"http:\/\/aeea.org\/escuelas\/sevilla\/eusa\/\">Escuela de Espa\u00f1ol Activo<\/a><\/p>\n<p><a href=\"http:\/\/aeea.org\/escuelas\/sevilla\/giralda-center\/\">Giralda Center<\/a><\/p>\n","protected":false},"excerpt":{"rendered":"<p>SEVILLA Renomm\u00e9e par son ambiance unique et par l\u2019hospitalit\u00e9 de ses habitants, S\u00e9ville repr\u00e9sente l\u2019esprit de la culture andalouse. Le passage de diff\u00e9rentes cultures, ajout\u00e9 au fait que son port de commerce fut la porte d\u2019entr\u00e9e et de sortie d\u2019Am\u00e9rique et un des ports les plus importants du XVI\u00e8me si\u00e8cle, marqua d\u00e9finitivement son caract\u00e8re ouvert. [&hellip;]<\/p>\n","protected":false},"author":6,"featured_media":0,"parent":1128,"menu_order":0,"comment_status":"closed","ping_status":"closed","template":"","meta":{"_et_pb_use_builder":"","_et_pb_old_content":"","_et_gb_content_width":"","_monsterinsights_skip_tracking":false,"_monsterinsights_sitenote_active":false,"_monsterinsights_sitenote_note":"","_monsterinsights_sitenote_category":0,"_joinchat":[],"footnotes":""},"class_list":["post-1120","page","type-page","status-publish","hentry"],"yoast_head":"<!-- This site is optimized with the Yoast SEO plugin v27.4 - https:\/\/yoast.com\/product\/yoast-seo-wordpress\/ -->\n<title>S\u00e9ville (dest.) - Asociaci\u00f3n Espa\u00f1ol en Andalucia<\/title>\n<meta name=\"robots\" content=\"index, follow, max-snippet:-1, max-image-preview:large, max-video-preview:-1\" \/>\n<link rel=\"canonical\" href=\"https:\/\/aeea.org\/fr\/destination\/seville\/\" \/>\n<meta property=\"og:locale\" content=\"fr_FR\" \/>\n<meta property=\"og:type\" content=\"article\" \/>\n<meta property=\"og:title\" content=\"S\u00e9ville (dest.) - Asociaci\u00f3n Espa\u00f1ol en Andalucia\" \/>\n<meta property=\"og:description\" content=\"SEVILLA Renomm\u00e9e par son ambiance unique et par l\u2019hospitalit\u00e9 de ses habitants, S\u00e9ville repr\u00e9sente l\u2019esprit de la culture andalouse. Le passage de diff\u00e9rentes cultures, ajout\u00e9 au fait que son port de commerce fut la porte d\u2019entr\u00e9e et de sortie d\u2019Am\u00e9rique et un des ports les plus importants du XVI\u00e8me si\u00e8cle, marqua d\u00e9finitivement son caract\u00e8re ouvert. [&hellip;]\" \/>\n<meta property=\"og:url\" content=\"https:\/\/aeea.org\/fr\/destination\/seville\/\" \/>\n<meta property=\"og:site_name\" content=\"Asociaci\u00f3n Espa\u00f1ol en Andalucia\" \/>\n<meta property=\"article:modified_time\" content=\"2018-05-17T11:59:11+00:00\" \/>\n<meta name=\"twitter:card\" content=\"summary_large_image\" \/>\n<meta name=\"twitter:label1\" content=\"Dur\u00e9e de lecture estim\u00e9e\" \/>\n\t<meta name=\"twitter:data1\" content=\"2 minutes\" \/>\n<script type=\"application\/ld+json\" class=\"yoast-schema-graph\">{\"@context\":\"https:\\\/\\\/schema.org\",\"@graph\":[{\"@type\":\"WebPage\",\"@id\":\"https:\\\/\\\/aeea.org\\\/fr\\\/destination\\\/seville\\\/\",\"url\":\"https:\\\/\\\/aeea.org\\\/fr\\\/destination\\\/seville\\\/\",\"name\":\"S\u00e9ville (dest.) - Asociaci\u00f3n Espa\u00f1ol en Andalucia\",\"isPartOf\":{\"@id\":\"https:\\\/\\\/aeea.org\\\/#website\"},\"datePublished\":\"2014-06-23T11:02:48+00:00\",\"dateModified\":\"2018-05-17T11:59:11+00:00\",\"breadcrumb\":{\"@id\":\"https:\\\/\\\/aeea.org\\\/fr\\\/destination\\\/seville\\\/#breadcrumb\"},\"inLanguage\":\"fr-FR\",\"potentialAction\":[{\"@type\":\"ReadAction\",\"target\":[\"https:\\\/\\\/aeea.org\\\/fr\\\/destination\\\/seville\\\/\"]}]},{\"@type\":\"BreadcrumbList\",\"@id\":\"https:\\\/\\\/aeea.org\\\/fr\\\/destination\\\/seville\\\/#breadcrumb\",\"itemListElement\":[{\"@type\":\"ListItem\",\"position\":1,\"name\":\"Home\",\"item\":\"https:\\\/\\\/aeea.org\\\/fr\\\/\"},{\"@type\":\"ListItem\",\"position\":2,\"name\":\"Destinations\",\"item\":\"https:\\\/\\\/aeea.org\\\/fr\\\/destination\\\/\"},{\"@type\":\"ListItem\",\"position\":3,\"name\":\"S\u00e9ville (dest.)\"}]},{\"@type\":\"WebSite\",\"@id\":\"https:\\\/\\\/aeea.org\\\/#website\",\"url\":\"https:\\\/\\\/aeea.org\\\/\",\"name\":\"Asociaci\u00f3n Espa\u00f1ol en Andalucia\",\"description\":\"\",\"potentialAction\":[{\"@type\":\"SearchAction\",\"target\":{\"@type\":\"EntryPoint\",\"urlTemplate\":\"https:\\\/\\\/aeea.org\\\/?s={search_term_string}\"},\"query-input\":{\"@type\":\"PropertyValueSpecification\",\"valueRequired\":true,\"valueName\":\"search_term_string\"}}],\"inLanguage\":\"fr-FR\"}]}<\/script>\n<!-- \/ Yoast SEO plugin. -->","yoast_head_json":{"title":"S\u00e9ville (dest.) - Asociaci\u00f3n Espa\u00f1ol en Andalucia","robots":{"index":"index","follow":"follow","max-snippet":"max-snippet:-1","max-image-preview":"max-image-preview:large","max-video-preview":"max-video-preview:-1"},"canonical":"https:\/\/aeea.org\/fr\/destination\/seville\/","og_locale":"fr_FR","og_type":"article","og_title":"S\u00e9ville (dest.) - Asociaci\u00f3n Espa\u00f1ol en Andalucia","og_description":"SEVILLA Renomm\u00e9e par son ambiance unique et par l\u2019hospitalit\u00e9 de ses habitants, S\u00e9ville repr\u00e9sente l\u2019esprit de la culture andalouse. Le passage de diff\u00e9rentes cultures, ajout\u00e9 au fait que son port de commerce fut la porte d\u2019entr\u00e9e et de sortie d\u2019Am\u00e9rique et un des ports les plus importants du XVI\u00e8me si\u00e8cle, marqua d\u00e9finitivement son caract\u00e8re ouvert. [&hellip;]","og_url":"https:\/\/aeea.org\/fr\/destination\/seville\/","og_site_name":"Asociaci\u00f3n Espa\u00f1ol en Andalucia","article_modified_time":"2018-05-17T11:59:11+00:00","twitter_card":"summary_large_image","twitter_misc":{"Dur\u00e9e de lecture estim\u00e9e":"2 minutes"},"schema":{"@context":"https:\/\/schema.org","@graph":[{"@type":"WebPage","@id":"https:\/\/aeea.org\/fr\/destination\/seville\/","url":"https:\/\/aeea.org\/fr\/destination\/seville\/","name":"S\u00e9ville (dest.) - Asociaci\u00f3n Espa\u00f1ol en Andalucia","isPartOf":{"@id":"https:\/\/aeea.org\/#website"},"datePublished":"2014-06-23T11:02:48+00:00","dateModified":"2018-05-17T11:59:11+00:00","breadcrumb":{"@id":"https:\/\/aeea.org\/fr\/destination\/seville\/#breadcrumb"},"inLanguage":"fr-FR","potentialAction":[{"@type":"ReadAction","target":["https:\/\/aeea.org\/fr\/destination\/seville\/"]}]},{"@type":"BreadcrumbList","@id":"https:\/\/aeea.org\/fr\/destination\/seville\/#breadcrumb","itemListElement":[{"@type":"ListItem","position":1,"name":"Home","item":"https:\/\/aeea.org\/fr\/"},{"@type":"ListItem","position":2,"name":"Destinations","item":"https:\/\/aeea.org\/fr\/destination\/"},{"@type":"ListItem","position":3,"name":"S\u00e9ville (dest.)"}]},{"@type":"WebSite","@id":"https:\/\/aeea.org\/#website","url":"https:\/\/aeea.org\/","name":"Asociaci\u00f3n Espa\u00f1ol en Andalucia","description":"","potentialAction":[{"@type":"SearchAction","target":{"@type":"EntryPoint","urlTemplate":"https:\/\/aeea.org\/?s={search_term_string}"},"query-input":{"@type":"PropertyValueSpecification","valueRequired":true,"valueName":"search_term_string"}}],"inLanguage":"fr-FR"}]}},"_links":{"self":[{"href":"https:\/\/aeea.org\/fr\/wp-json\/wp\/v2\/pages\/1120","targetHints":{"allow":["GET"]}}],"collection":[{"href":"https:\/\/aeea.org\/fr\/wp-json\/wp\/v2\/pages"}],"about":[{"href":"https:\/\/aeea.org\/fr\/wp-json\/wp\/v2\/types\/page"}],"author":[{"embeddable":true,"href":"https:\/\/aeea.org\/fr\/wp-json\/wp\/v2\/users\/6"}],"replies":[{"embeddable":true,"href":"https:\/\/aeea.org\/fr\/wp-json\/wp\/v2\/comments?post=1120"}],"version-history":[{"count":3,"href":"https:\/\/aeea.org\/fr\/wp-json\/wp\/v2\/pages\/1120\/revisions"}],"predecessor-version":[{"id":4260,"href":"https:\/\/aeea.org\/fr\/wp-json\/wp\/v2\/pages\/1120\/revisions\/4260"}],"up":[{"embeddable":true,"href":"https:\/\/aeea.org\/fr\/wp-json\/wp\/v2\/pages\/1128"}],"wp:attachment":[{"href":"https:\/\/aeea.org\/fr\/wp-json\/wp\/v2\/media?parent=1120"}],"curies":[{"name":"wp","href":"https:\/\/api.w.org\/{rel}","templated":true}]}}