{"id":1128,"date":"2014-06-23T11:09:56","date_gmt":"2014-06-23T11:09:56","guid":{"rendered":"http:\/\/aeea.org\/?page_id=1128"},"modified":"2014-06-23T11:09:56","modified_gmt":"2014-06-23T11:09:56","slug":"destination","status":"publish","type":"page","link":"https:\/\/aeea.org\/fr\/destination\/","title":{"rendered":"Destinations"},"content":{"rendered":"<div class='one_half'>\n\t\t\t\t\t[frame style=\u00a0\u00bbshadow\u00a0\u00bb image_path=\u00a0\u00bbhttp:\/\/aeea.org\/wp-content\/uploads\/2014\/03\/cadiz-ok.jpg\u00a0\u00bb link_to_page=\u00a0\u00bbhttp:\/\/aeea.org\/destinos\/cadiz\u00a0\u00bb target=\u00a0\u00bbself\u00a0\u00bb description=\u00a0\u00bbcadiz\u00a0\u00bb float=\u00a0\u00bb\u00a0\u00bb lightbox=\u00a0\u00bb\u00a0\u00bb lightbox_group=\u00a0\u00bb\u00a0\u00bb size=\u00a0\u00bbtwo_col_large\u00a0\u00bb]<\/p>\n\t\t\t\t<\/div>\n<div class='one_half et_column_last'>\n\t\t\t\t\t[frame style=\u00a0\u00bbshadow\u00a0\u00bb image_path=\u00a0\u00bbhttp:\/\/aeea.org\/wp-content\/uploads\/2014\/03\/granada-ok.jpg\u00a0\u00bb link_to_page=\u00a0\u00bbhttp:\/\/aeea.org\/destinos\/granada\u00a0\u00bb target=\u00a0\u00bb\u00a0\u00bb description=\u00a0\u00bb\u00a0\u00bb float=\u00a0\u00bb\u00a0\u00bb lightbox=\u00a0\u00bb\u00a0\u00bb lightbox_group=\u00a0\u00bb\u00a0\u00bb size=\u00a0\u00bbtwo_col_large\u00a0\u00bb]<\/p>\n\t\t\t\t<\/div><div class='clear'><\/div>\n<div class='one_half'>\n\t\t\t\t\t[frame style=\u00a0\u00bbshadow\u00a0\u00bb image_path=\u00a0\u00bbhttp:\/\/aeea.org\/wp-content\/uploads\/2014\/03\/malaga-ok.jpg\u00a0\u00bb link_to_page=\u00a0\u00bbhttp:\/\/aeea.org\/destinos\/malaga\u00a0\u00bb target=\u00a0\u00bb\u00a0\u00bb description=\u00a0\u00bb\u00a0\u00bb float=\u00a0\u00bb\u00a0\u00bb lightbox=\u00a0\u00bb\u00a0\u00bb lightbox_group=\u00a0\u00bb\u00a0\u00bb size=\u00a0\u00bbtwo_col_large\u00a0\u00bb]<\/p>\n\t\t\t\t<\/div>\n<div class='one_half et_column_last'>\n\t\t\t\t\t[frame style=\u00a0\u00bbshadow\u00a0\u00bb image_path=\u00a0\u00bbhttp:\/\/aeea.org\/wp-content\/uploads\/2014\/03\/sevilla-ok.jpg\u00a0\u00bb link_to_page=\u00a0\u00bbhttp:\/\/aeea.org\/destinos\/sevilla\u00a0\u00bb target=\u00a0\u00bb\u00a0\u00bb description=\u00a0\u00bb\u00a0\u00bb float=\u00a0\u00bb\u00a0\u00bb lightbox=\u00a0\u00bb\u00a0\u00bb lightbox_group=\u00a0\u00bb\u00a0\u00bb size=\u00a0\u00bbtwo_col_large\u00a0\u00bb]<\/p>\n\t\t\t\t<\/div><div class='clear'><\/div>\n","protected":false},"excerpt":{"rendered":"","protected":false},"author":6,"featured_media":0,"parent":0,"menu_order":0,"comment_status":"closed","ping_status":"closed","template":"","meta":{"_et_pb_use_builder":"","_et_pb_old_content":"","_et_gb_content_width":"","_monsterinsights_skip_tracking":false,"_monsterinsights_sitenote_active":false,"_monsterinsights_sitenote_note":"","_monsterinsights_sitenote_category":0,"_joinchat":[],"footnotes":""},"class_list":["post-1128","page","type-page","status-publish","hentry"],"yoast_head":"<!-- This site is optimized with the Yoast SEO plugin v27.4 - https:\/\/yoast.com\/product\/yoast-seo-wordpress\/ -->\n<title>Destinations - Asociaci\u00f3n Espa\u00f1ol en Andalucia<\/title>\n<meta name=\"robots\" content=\"index, follow, max-snippet:-1, max-image-preview:large, max-video-preview:-1\" \/>\n<link rel=\"canonical\" href=\"https:\/\/aeea.org\/fr\/destination\/\" \/>\n<meta property=\"og:locale\" content=\"fr_FR\" \/>\n<meta property=\"og:type\" content=\"article\" \/>\n<meta property=\"og:title\" content=\"Destinations - Asociaci\u00f3n Espa\u00f1ol en Andalucia\" \/>\n<meta property=\"og:url\" content=\"https:\/\/aeea.org\/fr\/destination\/\" \/>\n<meta property=\"og:site_name\" content=\"Asociaci\u00f3n Espa\u00f1ol en Andalucia\" \/>\n<meta name=\"twitter:card\" content=\"summary_large_image\" \/>\n<meta name=\"twitter:label1\" content=\"Dur\u00e9e de lecture estim\u00e9e\" \/>\n\t<meta name=\"twitter:data1\" content=\"1 minute\" \/>\n<script type=\"application\/ld+json\" class=\"yoast-schema-graph\">{\"@context\":\"https:\\\/\\\/schema.org\",\"@graph\":[{\"@type\":\"WebPage\",\"@id\":\"https:\\\/\\\/aeea.org\\\/fr\\\/destination\\\/\",\"url\":\"https:\\\/\\\/aeea.org\\\/fr\\\/destination\\\/\",\"name\":\"Destinations - Asociaci\u00f3n Espa\u00f1ol en Andalucia\",\"isPartOf\":{\"@id\":\"https:\\\/\\\/aeea.org\\\/#website\"},\"datePublished\":\"2014-06-23T11:09:56+00:00\",\"breadcrumb\":{\"@id\":\"https:\\\/\\\/aeea.org\\\/fr\\\/destination\\\/#breadcrumb\"},\"inLanguage\":\"fr-FR\",\"potentialAction\":[{\"@type\":\"ReadAction\",\"target\":[\"https:\\\/\\\/aeea.org\\\/fr\\\/destination\\\/\"]}]},{\"@type\":\"BreadcrumbList\",\"@id\":\"https:\\\/\\\/aeea.org\\\/fr\\\/destination\\\/#breadcrumb\",\"itemListElement\":[{\"@type\":\"ListItem\",\"position\":1,\"name\":\"Home\",\"item\":\"https:\\\/\\\/aeea.org\\\/fr\\\/\"},{\"@type\":\"ListItem\",\"position\":2,\"name\":\"Destinations\"}]},{\"@type\":\"WebSite\",\"@id\":\"https:\\\/\\\/aeea.org\\\/#website\",\"url\":\"https:\\\/\\\/aeea.org\\\/\",\"name\":\"Asociaci\u00f3n Espa\u00f1ol en Andalucia\",\"description\":\"\",\"potentialAction\":[{\"@type\":\"SearchAction\",\"target\":{\"@type\":\"EntryPoint\",\"urlTemplate\":\"https:\\\/\\\/aeea.org\\\/?s={search_term_string}\"},\"query-input\":{\"@type\":\"PropertyValueSpecification\",\"valueRequired\":true,\"valueName\":\"search_term_string\"}}],\"inLanguage\":\"fr-FR\"}]}<\/script>\n<!-- \/ Yoast SEO plugin. -->","yoast_head_json":{"title":"Destinations - Asociaci\u00f3n Espa\u00f1ol en Andalucia","robots":{"index":"index","follow":"follow","max-snippet":"max-snippet:-1","max-image-preview":"max-image-preview:large","max-video-preview":"max-video-preview:-1"},"canonical":"https:\/\/aeea.org\/fr\/destination\/","og_locale":"fr_FR","og_type":"article","og_title":"Destinations - Asociaci\u00f3n Espa\u00f1ol en Andalucia","og_url":"https:\/\/aeea.org\/fr\/destination\/","og_site_name":"Asociaci\u00f3n Espa\u00f1ol en Andalucia","twitter_card":"summary_large_image","twitter_misc":{"Dur\u00e9e de lecture estim\u00e9e":"1 minute"},"schema":{"@context":"https:\/\/schema.org","@graph":[{"@type":"WebPage","@id":"https:\/\/aeea.org\/fr\/destination\/","url":"https:\/\/aeea.org\/fr\/destination\/","name":"Destinations - Asociaci\u00f3n Espa\u00f1ol en Andalucia","isPartOf":{"@id":"https:\/\/aeea.org\/#website"},"datePublished":"2014-06-23T11:09:56+00:00","breadcrumb":{"@id":"https:\/\/aeea.org\/fr\/destination\/#breadcrumb"},"inLanguage":"fr-FR","potentialAction":[{"@type":"ReadAction","target":["https:\/\/aeea.org\/fr\/destination\/"]}]},{"@type":"BreadcrumbList","@id":"https:\/\/aeea.org\/fr\/destination\/#breadcrumb","itemListElement":[{"@type":"ListItem","position":1,"name":"Home","item":"https:\/\/aeea.org\/fr\/"},{"@type":"ListItem","position":2,"name":"Destinations"}]},{"@type":"WebSite","@id":"https:\/\/aeea.org\/#website","url":"https:\/\/aeea.org\/","name":"Asociaci\u00f3n Espa\u00f1ol en Andalucia","description":"","potentialAction":[{"@type":"SearchAction","target":{"@type":"EntryPoint","urlTemplate":"https:\/\/aeea.org\/?s={search_term_string}"},"query-input":{"@type":"PropertyValueSpecification","valueRequired":true,"valueName":"search_term_string"}}],"inLanguage":"fr-FR"}]}},"_links":{"self":[{"href":"https:\/\/aeea.org\/fr\/wp-json\/wp\/v2\/pages\/1128","targetHints":{"allow":["GET"]}}],"collection":[{"href":"https:\/\/aeea.org\/fr\/wp-json\/wp\/v2\/pages"}],"about":[{"href":"https:\/\/aeea.org\/fr\/wp-json\/wp\/v2\/types\/page"}],"author":[{"embeddable":true,"href":"https:\/\/aeea.org\/fr\/wp-json\/wp\/v2\/users\/6"}],"replies":[{"embeddable":true,"href":"https:\/\/aeea.org\/fr\/wp-json\/wp\/v2\/comments?post=1128"}],"version-history":[{"count":0,"href":"https:\/\/aeea.org\/fr\/wp-json\/wp\/v2\/pages\/1128\/revisions"}],"wp:attachment":[{"href":"https:\/\/aeea.org\/fr\/wp-json\/wp\/v2\/media?parent=1128"}],"curies":[{"name":"wp","href":"https:\/\/api.w.org\/{rel}","templated":true}]}}