{"id":1223,"date":"2014-06-24T15:43:27","date_gmt":"2014-06-24T15:43:27","guid":{"rendered":"http:\/\/aeea.org\/?page_id=1223"},"modified":"2016-10-11T19:21:21","modified_gmt":"2016-10-11T19:21:21","slug":"malaga-2","status":"publish","type":"page","link":"https:\/\/aeea.org\/fr\/ecoles\/malaga-2\/","title":{"rendered":"Malaga"},"content":{"rendered":"<h1 style=\"text-align: justify;\">M\u00c1LAGA<\/h1>\n<p style=\"text-align: justify;\">La ville de Malaga se situe dans une enclave naturelle exceptionnelle. Ses c\u00f4tes sont baign\u00e9es par la mer M\u00e9diterran\u00e9enne et la ville est prot\u00e9g\u00e9e du froid par les montagnes. Les mois les plus chauds sont juillet et ao\u00fbt avec une temp\u00e9rature moyenne de 26\u00b0c, et les plus froids sont g\u00e9n\u00e9ralement d\u00e9cembre et janvier o\u00f9 il y fait une temp\u00e9rature moyenne de 15\u00b0c. Malaga peut se vanter d\u2019avoir presque 2830 heures d\u2019ensoleillement par an. Les plages de Malaga ont le privil\u00e8ge d\u2019\u00eatre enclav\u00e9es dans une grande ville, avec donc tous les services que cela repr\u00e9sente, \u00e0 port\u00e9e de main. Voyager \u00e0 malaga est facile, son a\u00e9roport international se trouve \u00e0 seulement 14 kilom\u00e8tres du centre historique et un moderne r\u00e9seau de voies express facilitent le transport jusqu\u2019aux villes voisines comme Grenade, S\u00e9ville, Cordoue et Cadix.<\/p>\n<p style=\"text-align: justify;\">Malaga est une ville moderne qui jouit d\u2019une int\u00e9ressante offre culturelle. Parmi ses nombreux mus\u00e9es, nous retiendrons le Mus\u00e9e Picasso et le Mus\u00e9e Carmen Thyssen. Malaga dispose de cinq salles de th\u00e9\u00e2tre ainsi que de nombreuses salles de concert et d\u2019exposition. Mais malaga est \u00e9galement une ville commerciale o\u00f9 l\u2019on peut profiter de formidables apr\u00e8s-midis de shopping, sans avoir besoin de sortir du centre-ville. Enfin, il ne faut pas oublier la gastronomie \u00ab\u00a0malagu\u00e8ne\u00a0\u00bb bas\u00e9e sur les produits frais que nous offrent la mer et la campagne et qui peuvent \u00eatre d\u00e9gust\u00e9s dans un des bars \u00e0 tapas, <i>chiringuitos<\/i> (paillotes) et restaurants typiques de la ville.<\/p>\n<p style=\"text-align: justify;\">La province de Malaga, baign\u00e9e par la m\u00e9diterran\u00e9e, est connue pour ses villes et villages c\u00f4tiers comme Marbella, Nerja, Torremolinos et Benalmadena. Mais \u00e9galement pour ses villages int\u00e9rieurs comme Ronda dont le centre historique est un des plus visit\u00e9s d\u2019Espagne.<\/p>\n<p style=\"text-align: justify;\">Malaga est sans aucun doute la meilleure option si vous d\u00e9sirez apprendre l\u2019espagnol en vous amusant et en profitant du soleil et d\u2019une offre culturelle vari\u00e9e.<\/p>\n<h2>\u00c9coles \u00e0 M\u00e1laga<\/h2>\n<div class='one_half'>\n\t\t\t\t\t<a href=\"http:\/\/aeea.org\/escuelas\/malaga\/academia-aifp\/\">Academia AIFP<\/a><\/p>\n<p><a href=\"http:\/\/aeea.org\/escuelas\/malaga\/academia-malaga-plus\/\">Academia M\u00e1laga Plus\/a><\/p>\n<p><a href=\"http:\/\/aeea.org\/escuelas\/malaga\/escuela-intern-cervantes\/\">Cervantes Escuela Internacional<\/a><\/p>\n<p><a href=\"http:\/\/aeea.org\/escuelas\/malaga\/colegio-maravillas\/\">Colegio Maravillas<\/a><\/p>\n<p><a href=\"http:\/\/aeea.org\/escuelas\/malaga\/debla\/\">Debla<\/a><\/p>\n<p><a href=\"http:\/\/aeea.org\/escuelas\/malaga\/enforex\/\">Enforex M\u00e1laga<\/a><\/p>\n<p><a href=\"http:\/\/aeea.org\/escuelas\/malaga\/escuela-de-idiomas-nerja\/\">Escuela de Idiomas Nerja<\/a><\/p>\n\t\t\t\t<\/div>\n<div class='one_half et_column_last'>\n\t\t\t\t\t<p><a href=\"http:\/\/aeea.org\/escuelas\/malaga\/inst-intern-de-idiomas\/\">Instituto Internacional de Idiomas<\/a><\/p>\n<p><a href=\"http:\/\/aeea.org\/escuelas\/malaga\/inst-andalusi-de-espanol\/\">Instituto Andalus\u00ed de Espa\u00f1ol<\/a><\/p>\n<p><a href=\"http:\/\/aeea.org\/escuelas\/malaga\/la-brisa\/\">La Brisa<\/a><\/p>\n<p><a href=\"http:\/\/aeea.org\/escuelas\/malaga\/malaca-instituto\/\">Malaca Instituto<\/a><\/p>\n<p><a href=\"http:\/\/aeea.org\/escuelas\/malaga\/onspain\/\">OnSpain School<\/a><\/p>\n<p><a href=\"http:\/\/aeea.org\/escuelas\/malaga\/quorum\/\">Quorum<\/a>\n\t\t\t\t<\/div><div class='clear'><\/div>\n","protected":false},"excerpt":{"rendered":"<p>M\u00c1LAGA La ville de Malaga se situe dans une enclave naturelle exceptionnelle. Ses c\u00f4tes sont baign\u00e9es par la mer M\u00e9diterran\u00e9enne et la ville est prot\u00e9g\u00e9e du froid par les montagnes. Les mois les plus chauds sont juillet et ao\u00fbt avec une temp\u00e9rature moyenne de 26\u00b0c, et les plus froids sont g\u00e9n\u00e9ralement d\u00e9cembre et janvier o\u00f9 [&hellip;]<\/p>\n","protected":false},"author":6,"featured_media":0,"parent":1134,"menu_order":0,"comment_status":"closed","ping_status":"closed","template":"","meta":{"_et_pb_use_builder":"","_et_pb_old_content":"","_et_gb_content_width":"","_monsterinsights_skip_tracking":false,"_monsterinsights_sitenote_active":false,"_monsterinsights_sitenote_note":"","_monsterinsights_sitenote_category":0,"_joinchat":[],"footnotes":""},"class_list":["post-1223","page","type-page","status-publish","hentry"],"yoast_head":"<!-- This site is optimized with the Yoast SEO plugin v27.4 - https:\/\/yoast.com\/product\/yoast-seo-wordpress\/ -->\n<title>Malaga - Asociaci\u00f3n Espa\u00f1ol en Andalucia<\/title>\n<meta name=\"robots\" content=\"index, follow, max-snippet:-1, max-image-preview:large, max-video-preview:-1\" \/>\n<link rel=\"canonical\" href=\"https:\/\/aeea.org\/fr\/ecoles\/malaga-2\/\" \/>\n<meta property=\"og:locale\" content=\"fr_FR\" \/>\n<meta property=\"og:type\" content=\"article\" \/>\n<meta property=\"og:title\" content=\"Malaga - Asociaci\u00f3n Espa\u00f1ol en Andalucia\" \/>\n<meta property=\"og:description\" content=\"M\u00c1LAGA La ville de Malaga se situe dans une enclave naturelle exceptionnelle. Ses c\u00f4tes sont baign\u00e9es par la mer M\u00e9diterran\u00e9enne et la ville est prot\u00e9g\u00e9e du froid par les montagnes. Les mois les plus chauds sont juillet et ao\u00fbt avec une temp\u00e9rature moyenne de 26\u00b0c, et les plus froids sont g\u00e9n\u00e9ralement d\u00e9cembre et janvier o\u00f9 [&hellip;]\" \/>\n<meta property=\"og:url\" content=\"https:\/\/aeea.org\/fr\/ecoles\/malaga-2\/\" \/>\n<meta property=\"og:site_name\" content=\"Asociaci\u00f3n Espa\u00f1ol en Andalucia\" \/>\n<meta property=\"article:modified_time\" content=\"2016-10-11T19:21:21+00:00\" \/>\n<meta name=\"twitter:card\" content=\"summary_large_image\" \/>\n<meta name=\"twitter:label1\" content=\"Dur\u00e9e de lecture estim\u00e9e\" \/>\n\t<meta name=\"twitter:data1\" content=\"2 minutes\" \/>\n<script type=\"application\/ld+json\" class=\"yoast-schema-graph\">{\"@context\":\"https:\\\/\\\/schema.org\",\"@graph\":[{\"@type\":\"WebPage\",\"@id\":\"https:\\\/\\\/aeea.org\\\/fr\\\/ecoles\\\/malaga-2\\\/\",\"url\":\"https:\\\/\\\/aeea.org\\\/fr\\\/ecoles\\\/malaga-2\\\/\",\"name\":\"Malaga - Asociaci\u00f3n Espa\u00f1ol en Andalucia\",\"isPartOf\":{\"@id\":\"https:\\\/\\\/aeea.org\\\/#website\"},\"datePublished\":\"2014-06-24T15:43:27+00:00\",\"dateModified\":\"2016-10-11T19:21:21+00:00\",\"breadcrumb\":{\"@id\":\"https:\\\/\\\/aeea.org\\\/fr\\\/ecoles\\\/malaga-2\\\/#breadcrumb\"},\"inLanguage\":\"fr-FR\",\"potentialAction\":[{\"@type\":\"ReadAction\",\"target\":[\"https:\\\/\\\/aeea.org\\\/fr\\\/ecoles\\\/malaga-2\\\/\"]}]},{\"@type\":\"BreadcrumbList\",\"@id\":\"https:\\\/\\\/aeea.org\\\/fr\\\/ecoles\\\/malaga-2\\\/#breadcrumb\",\"itemListElement\":[{\"@type\":\"ListItem\",\"position\":1,\"name\":\"Home\",\"item\":\"https:\\\/\\\/aeea.org\\\/fr\\\/\"},{\"@type\":\"ListItem\",\"position\":2,\"name\":\"\u00c9coles\",\"item\":\"https:\\\/\\\/aeea.org\\\/fr\\\/ecoles\\\/\"},{\"@type\":\"ListItem\",\"position\":3,\"name\":\"Malaga\"}]},{\"@type\":\"WebSite\",\"@id\":\"https:\\\/\\\/aeea.org\\\/#website\",\"url\":\"https:\\\/\\\/aeea.org\\\/\",\"name\":\"Asociaci\u00f3n Espa\u00f1ol en Andalucia\",\"description\":\"\",\"potentialAction\":[{\"@type\":\"SearchAction\",\"target\":{\"@type\":\"EntryPoint\",\"urlTemplate\":\"https:\\\/\\\/aeea.org\\\/?s={search_term_string}\"},\"query-input\":{\"@type\":\"PropertyValueSpecification\",\"valueRequired\":true,\"valueName\":\"search_term_string\"}}],\"inLanguage\":\"fr-FR\"}]}<\/script>\n<!-- \/ Yoast SEO plugin. -->","yoast_head_json":{"title":"Malaga - Asociaci\u00f3n Espa\u00f1ol en Andalucia","robots":{"index":"index","follow":"follow","max-snippet":"max-snippet:-1","max-image-preview":"max-image-preview:large","max-video-preview":"max-video-preview:-1"},"canonical":"https:\/\/aeea.org\/fr\/ecoles\/malaga-2\/","og_locale":"fr_FR","og_type":"article","og_title":"Malaga - Asociaci\u00f3n Espa\u00f1ol en Andalucia","og_description":"M\u00c1LAGA La ville de Malaga se situe dans une enclave naturelle exceptionnelle. Ses c\u00f4tes sont baign\u00e9es par la mer M\u00e9diterran\u00e9enne et la ville est prot\u00e9g\u00e9e du froid par les montagnes. Les mois les plus chauds sont juillet et ao\u00fbt avec une temp\u00e9rature moyenne de 26\u00b0c, et les plus froids sont g\u00e9n\u00e9ralement d\u00e9cembre et janvier o\u00f9 [&hellip;]","og_url":"https:\/\/aeea.org\/fr\/ecoles\/malaga-2\/","og_site_name":"Asociaci\u00f3n Espa\u00f1ol en Andalucia","article_modified_time":"2016-10-11T19:21:21+00:00","twitter_card":"summary_large_image","twitter_misc":{"Dur\u00e9e de lecture estim\u00e9e":"2 minutes"},"schema":{"@context":"https:\/\/schema.org","@graph":[{"@type":"WebPage","@id":"https:\/\/aeea.org\/fr\/ecoles\/malaga-2\/","url":"https:\/\/aeea.org\/fr\/ecoles\/malaga-2\/","name":"Malaga - Asociaci\u00f3n Espa\u00f1ol en Andalucia","isPartOf":{"@id":"https:\/\/aeea.org\/#website"},"datePublished":"2014-06-24T15:43:27+00:00","dateModified":"2016-10-11T19:21:21+00:00","breadcrumb":{"@id":"https:\/\/aeea.org\/fr\/ecoles\/malaga-2\/#breadcrumb"},"inLanguage":"fr-FR","potentialAction":[{"@type":"ReadAction","target":["https:\/\/aeea.org\/fr\/ecoles\/malaga-2\/"]}]},{"@type":"BreadcrumbList","@id":"https:\/\/aeea.org\/fr\/ecoles\/malaga-2\/#breadcrumb","itemListElement":[{"@type":"ListItem","position":1,"name":"Home","item":"https:\/\/aeea.org\/fr\/"},{"@type":"ListItem","position":2,"name":"\u00c9coles","item":"https:\/\/aeea.org\/fr\/ecoles\/"},{"@type":"ListItem","position":3,"name":"Malaga"}]},{"@type":"WebSite","@id":"https:\/\/aeea.org\/#website","url":"https:\/\/aeea.org\/","name":"Asociaci\u00f3n Espa\u00f1ol en Andalucia","description":"","potentialAction":[{"@type":"SearchAction","target":{"@type":"EntryPoint","urlTemplate":"https:\/\/aeea.org\/?s={search_term_string}"},"query-input":{"@type":"PropertyValueSpecification","valueRequired":true,"valueName":"search_term_string"}}],"inLanguage":"fr-FR"}]}},"_links":{"self":[{"href":"https:\/\/aeea.org\/fr\/wp-json\/wp\/v2\/pages\/1223","targetHints":{"allow":["GET"]}}],"collection":[{"href":"https:\/\/aeea.org\/fr\/wp-json\/wp\/v2\/pages"}],"about":[{"href":"https:\/\/aeea.org\/fr\/wp-json\/wp\/v2\/types\/page"}],"author":[{"embeddable":true,"href":"https:\/\/aeea.org\/fr\/wp-json\/wp\/v2\/users\/6"}],"replies":[{"embeddable":true,"href":"https:\/\/aeea.org\/fr\/wp-json\/wp\/v2\/comments?post=1223"}],"version-history":[{"count":3,"href":"https:\/\/aeea.org\/fr\/wp-json\/wp\/v2\/pages\/1223\/revisions"}],"predecessor-version":[{"id":3617,"href":"https:\/\/aeea.org\/fr\/wp-json\/wp\/v2\/pages\/1223\/revisions\/3617"}],"up":[{"embeddable":true,"href":"https:\/\/aeea.org\/fr\/wp-json\/wp\/v2\/pages\/1134"}],"wp:attachment":[{"href":"https:\/\/aeea.org\/fr\/wp-json\/wp\/v2\/media?parent=1223"}],"curies":[{"name":"wp","href":"https:\/\/api.w.org\/{rel}","templated":true}]}}