{"id":1534,"date":"2014-07-09T12:11:36","date_gmt":"2014-07-09T12:11:36","guid":{"rendered":"http:\/\/aeea.org\/?page_id=1534"},"modified":"2014-07-09T12:11:36","modified_gmt":"2014-07-09T12:11:36","slug":"eea-quest-ce-que-cest","status":"publish","type":"page","link":"https:\/\/aeea.org\/fr\/eea-quest-ce-que-cest-2\/eea-quest-ce-que-cest\/","title":{"rendered":"EEA QU\u2019EST-CE QUE C\u2019EST ?"},"content":{"rendered":"<p><iframe loading=\"lazy\" src=\"\/\/www.youtube-nocookie.com\/embed\/3-Tzhia0Djc\" height=\"415\" width=\"960\" allowfullscreen=\"\" frameborder=\"0\"><\/iframe><\/p>\n<h1>Avantages pour les \u00e9tudiants d\u2019\u00e9spagnol.<\/h1>\n<p>EEA, l\u2019Association des \u00c9coles d\u2019Espagnol pour \u00c9trangers en Andalousie, repr\u00e9sente les \u00c9coles Priv\u00e9es d\u2019Espagnol pour \u00c9trangers accr\u00e9dit\u00e9es qui offrent une gamme vari\u00e9e de Cours d\u2019Espagnol dans les villes les plus ravissantes d\u2019Andalousie. Les \u00e9coles d\u2019EEA se trouvent dans les provinces de <b>S\u00e9ville, Grenade, Malaga et Cadix<\/b>, permettant ainsi aux \u00e9tudiants de choisir entre la c\u00f4te, les villes monumentales, les plus beaux villages andalous ou de combiner plusieurs de ces diff\u00e9rentes options.<\/p>\n<p>L\u2019objectif principal d\u2019EEA est de garantir la <b>Qualit\u00e9 de l\u2019Enseignement<\/b>, en effet toutes les \u00e9coles membres d\u2019EEA ont obtenu le <b>Certificat d\u2019Accr\u00e9ditation de l\u2019Institut Cervantes <\/b>et elles sont r\u00e9guli\u00e8rement soumises \u00e0 une inspection p\u00e9dagogique et professionnelle garantissant ainsi que l\u2019enseignement offert par les centres d\u2019EEA soit toujours au plus haut niveau.<\/p>\n<p>\u00c0 l\u2019EEA, l\u2019\u00e9tudiant pourra trouver <b>une ample offre de cours<\/b>, des cours g\u00e9n\u00e9raux de langue jusqu\u2019aux cours pour professionnels, tous sont adapt\u00e9s \u00e0 l\u2019\u00e2ge et au niveau de connaissances de l\u2019\u00e9tudiant. Les \u00e9coles appartenant \u00e0 l\u2019EEA offrent \u00e0 leurs \u00e9l\u00e8ves un <b>programme compl\u00e9mentaire d\u2019activit\u00e9s<\/b> qui rendra leur s\u00e9jour encore plus agr\u00e9able au centre de langues et diff\u00e9rentes possibilit\u00e9s de logement, toutes d\u2019excellente qualit\u00e9.<\/p>\n<p>L\u2019EEA repr\u00e9sente ses \u00e9coles membres devant les <b>Institutions locales, autonomiques et nationales<\/b>. En effet, notre association maintient d\u2019\u00e9troites relations avec le Conseil R\u00e9gional d\u2019Andalousie (Junta de Andaluc\u00eda), ainsi qu\u2019avec les offices de tourisme, ambassades, consulats, universit\u00e9s et autres centres officiels du monde entier. De m\u00eame, EEA collabore avec les Chambres de Commerces de diff\u00e9rentes capitales andalouses, facilitant ainsi aux \u00e9tudiants des centres EEA l\u2019acc\u00e8s aux examens officiels de commerce.<\/p>\n<p>Ce sont ces diff\u00e9rents points qui forgent l\u2019esprit de notre association au m\u00eame titre que notre conviction d\u2019avoir pour alli\u00e9 dans notre t\u00e2che, la beaut\u00e9 de l\u2019Andalousie et ses si\u00e8cles d\u2019histoire et de culture.<\/p>\n<p style=\"text-align: justify;\">\n","protected":false},"excerpt":{"rendered":"<p>Avantages pour les \u00e9tudiants d\u2019\u00e9spagnol. EEA, l\u2019Association des \u00c9coles d\u2019Espagnol pour \u00c9trangers en Andalousie, repr\u00e9sente les \u00c9coles Priv\u00e9es d\u2019Espagnol pour \u00c9trangers accr\u00e9dit\u00e9es qui offrent une gamme vari\u00e9e de Cours d\u2019Espagnol dans les villes les plus ravissantes d\u2019Andalousie. Les \u00e9coles d\u2019EEA se trouvent dans les provinces de S\u00e9ville, Grenade, Malaga et Cadix, permettant ainsi aux \u00e9tudiants [&hellip;]<\/p>\n","protected":false},"author":6,"featured_media":0,"parent":1554,"menu_order":0,"comment_status":"open","ping_status":"closed","template":"","meta":{"_et_pb_use_builder":"","_et_pb_old_content":"","_et_gb_content_width":"","_monsterinsights_skip_tracking":false,"_monsterinsights_sitenote_active":false,"_monsterinsights_sitenote_note":"","_monsterinsights_sitenote_category":0,"_joinchat":[],"footnotes":""},"class_list":["post-1534","page","type-page","status-publish","hentry"],"yoast_head":"<!-- This site is optimized with the Yoast SEO plugin v27.3 - https:\/\/yoast.com\/product\/yoast-seo-wordpress\/ -->\n<title>EEA QU\u2019EST-CE QUE C\u2019EST ? - Asociaci\u00f3n Espa\u00f1ol en Andalucia<\/title>\n<meta name=\"robots\" content=\"index, follow, max-snippet:-1, max-image-preview:large, max-video-preview:-1\" \/>\n<link rel=\"canonical\" href=\"https:\/\/aeea.org\/fr\/eea-quest-ce-que-cest-2\/eea-quest-ce-que-cest\/\" \/>\n<meta property=\"og:locale\" content=\"fr_FR\" \/>\n<meta property=\"og:type\" content=\"article\" \/>\n<meta property=\"og:title\" content=\"EEA QU\u2019EST-CE QUE C\u2019EST ? - Asociaci\u00f3n Espa\u00f1ol en Andalucia\" \/>\n<meta property=\"og:description\" content=\"Avantages pour les \u00e9tudiants d\u2019\u00e9spagnol. EEA, l\u2019Association des \u00c9coles d\u2019Espagnol pour \u00c9trangers en Andalousie, repr\u00e9sente les \u00c9coles Priv\u00e9es d\u2019Espagnol pour \u00c9trangers accr\u00e9dit\u00e9es qui offrent une gamme vari\u00e9e de Cours d\u2019Espagnol dans les villes les plus ravissantes d\u2019Andalousie. Les \u00e9coles d\u2019EEA se trouvent dans les provinces de S\u00e9ville, Grenade, Malaga et Cadix, permettant ainsi aux \u00e9tudiants [&hellip;]\" \/>\n<meta property=\"og:url\" content=\"https:\/\/aeea.org\/fr\/eea-quest-ce-que-cest-2\/eea-quest-ce-que-cest\/\" \/>\n<meta property=\"og:site_name\" content=\"Asociaci\u00f3n Espa\u00f1ol en Andalucia\" \/>\n<meta name=\"twitter:card\" content=\"summary_large_image\" \/>\n<meta name=\"twitter:label1\" content=\"Dur\u00e9e de lecture estim\u00e9e\" \/>\n\t<meta name=\"twitter:data1\" content=\"2 minutes\" \/>\n<script type=\"application\/ld+json\" class=\"yoast-schema-graph\">{\"@context\":\"https:\\\/\\\/schema.org\",\"@graph\":[{\"@type\":\"WebPage\",\"@id\":\"https:\\\/\\\/aeea.org\\\/fr\\\/eea-quest-ce-que-cest-2\\\/eea-quest-ce-que-cest\\\/\",\"url\":\"https:\\\/\\\/aeea.org\\\/fr\\\/eea-quest-ce-que-cest-2\\\/eea-quest-ce-que-cest\\\/\",\"name\":\"EEA QU\u2019EST-CE QUE C\u2019EST ? - Asociaci\u00f3n Espa\u00f1ol en Andalucia\",\"isPartOf\":{\"@id\":\"https:\\\/\\\/aeea.org\\\/#website\"},\"datePublished\":\"2014-07-09T12:11:36+00:00\",\"breadcrumb\":{\"@id\":\"https:\\\/\\\/aeea.org\\\/fr\\\/eea-quest-ce-que-cest-2\\\/eea-quest-ce-que-cest\\\/#breadcrumb\"},\"inLanguage\":\"fr-FR\",\"potentialAction\":[{\"@type\":\"ReadAction\",\"target\":[\"https:\\\/\\\/aeea.org\\\/fr\\\/eea-quest-ce-que-cest-2\\\/eea-quest-ce-que-cest\\\/\"]}]},{\"@type\":\"BreadcrumbList\",\"@id\":\"https:\\\/\\\/aeea.org\\\/fr\\\/eea-quest-ce-que-cest-2\\\/eea-quest-ce-que-cest\\\/#breadcrumb\",\"itemListElement\":[{\"@type\":\"ListItem\",\"position\":1,\"name\":\"Home\",\"item\":\"https:\\\/\\\/aeea.org\\\/fr\\\/\"},{\"@type\":\"ListItem\",\"position\":2,\"name\":\"EEA QU\u2019EST-CE QUE C\u2019EST ?\",\"item\":\"https:\\\/\\\/aeea.org\\\/fr\\\/eea-quest-ce-que-cest-2\\\/\"},{\"@type\":\"ListItem\",\"position\":3,\"name\":\"EEA QU\u2019EST-CE QUE C\u2019EST ?\"}]},{\"@type\":\"WebSite\",\"@id\":\"https:\\\/\\\/aeea.org\\\/#website\",\"url\":\"https:\\\/\\\/aeea.org\\\/\",\"name\":\"Asociaci\u00f3n Espa\u00f1ol en Andalucia\",\"description\":\"\",\"potentialAction\":[{\"@type\":\"SearchAction\",\"target\":{\"@type\":\"EntryPoint\",\"urlTemplate\":\"https:\\\/\\\/aeea.org\\\/?s={search_term_string}\"},\"query-input\":{\"@type\":\"PropertyValueSpecification\",\"valueRequired\":true,\"valueName\":\"search_term_string\"}}],\"inLanguage\":\"fr-FR\"}]}<\/script>\n<!-- \/ Yoast SEO plugin. -->","yoast_head_json":{"title":"EEA QU\u2019EST-CE QUE C\u2019EST ? - Asociaci\u00f3n Espa\u00f1ol en Andalucia","robots":{"index":"index","follow":"follow","max-snippet":"max-snippet:-1","max-image-preview":"max-image-preview:large","max-video-preview":"max-video-preview:-1"},"canonical":"https:\/\/aeea.org\/fr\/eea-quest-ce-que-cest-2\/eea-quest-ce-que-cest\/","og_locale":"fr_FR","og_type":"article","og_title":"EEA QU\u2019EST-CE QUE C\u2019EST ? - Asociaci\u00f3n Espa\u00f1ol en Andalucia","og_description":"Avantages pour les \u00e9tudiants d\u2019\u00e9spagnol. EEA, l\u2019Association des \u00c9coles d\u2019Espagnol pour \u00c9trangers en Andalousie, repr\u00e9sente les \u00c9coles Priv\u00e9es d\u2019Espagnol pour \u00c9trangers accr\u00e9dit\u00e9es qui offrent une gamme vari\u00e9e de Cours d\u2019Espagnol dans les villes les plus ravissantes d\u2019Andalousie. Les \u00e9coles d\u2019EEA se trouvent dans les provinces de S\u00e9ville, Grenade, Malaga et Cadix, permettant ainsi aux \u00e9tudiants [&hellip;]","og_url":"https:\/\/aeea.org\/fr\/eea-quest-ce-que-cest-2\/eea-quest-ce-que-cest\/","og_site_name":"Asociaci\u00f3n Espa\u00f1ol en Andalucia","twitter_card":"summary_large_image","twitter_misc":{"Dur\u00e9e de lecture estim\u00e9e":"2 minutes"},"schema":{"@context":"https:\/\/schema.org","@graph":[{"@type":"WebPage","@id":"https:\/\/aeea.org\/fr\/eea-quest-ce-que-cest-2\/eea-quest-ce-que-cest\/","url":"https:\/\/aeea.org\/fr\/eea-quest-ce-que-cest-2\/eea-quest-ce-que-cest\/","name":"EEA QU\u2019EST-CE QUE C\u2019EST ? - Asociaci\u00f3n Espa\u00f1ol en Andalucia","isPartOf":{"@id":"https:\/\/aeea.org\/#website"},"datePublished":"2014-07-09T12:11:36+00:00","breadcrumb":{"@id":"https:\/\/aeea.org\/fr\/eea-quest-ce-que-cest-2\/eea-quest-ce-que-cest\/#breadcrumb"},"inLanguage":"fr-FR","potentialAction":[{"@type":"ReadAction","target":["https:\/\/aeea.org\/fr\/eea-quest-ce-que-cest-2\/eea-quest-ce-que-cest\/"]}]},{"@type":"BreadcrumbList","@id":"https:\/\/aeea.org\/fr\/eea-quest-ce-que-cest-2\/eea-quest-ce-que-cest\/#breadcrumb","itemListElement":[{"@type":"ListItem","position":1,"name":"Home","item":"https:\/\/aeea.org\/fr\/"},{"@type":"ListItem","position":2,"name":"EEA QU\u2019EST-CE QUE C\u2019EST ?","item":"https:\/\/aeea.org\/fr\/eea-quest-ce-que-cest-2\/"},{"@type":"ListItem","position":3,"name":"EEA QU\u2019EST-CE QUE C\u2019EST ?"}]},{"@type":"WebSite","@id":"https:\/\/aeea.org\/#website","url":"https:\/\/aeea.org\/","name":"Asociaci\u00f3n Espa\u00f1ol en Andalucia","description":"","potentialAction":[{"@type":"SearchAction","target":{"@type":"EntryPoint","urlTemplate":"https:\/\/aeea.org\/?s={search_term_string}"},"query-input":{"@type":"PropertyValueSpecification","valueRequired":true,"valueName":"search_term_string"}}],"inLanguage":"fr-FR"}]}},"_links":{"self":[{"href":"https:\/\/aeea.org\/fr\/wp-json\/wp\/v2\/pages\/1534","targetHints":{"allow":["GET"]}}],"collection":[{"href":"https:\/\/aeea.org\/fr\/wp-json\/wp\/v2\/pages"}],"about":[{"href":"https:\/\/aeea.org\/fr\/wp-json\/wp\/v2\/types\/page"}],"author":[{"embeddable":true,"href":"https:\/\/aeea.org\/fr\/wp-json\/wp\/v2\/users\/6"}],"replies":[{"embeddable":true,"href":"https:\/\/aeea.org\/fr\/wp-json\/wp\/v2\/comments?post=1534"}],"version-history":[{"count":0,"href":"https:\/\/aeea.org\/fr\/wp-json\/wp\/v2\/pages\/1534\/revisions"}],"up":[{"embeddable":true,"href":"https:\/\/aeea.org\/fr\/wp-json\/wp\/v2\/pages\/1554"}],"wp:attachment":[{"href":"https:\/\/aeea.org\/fr\/wp-json\/wp\/v2\/media?parent=1534"}],"curies":[{"name":"wp","href":"https:\/\/api.w.org\/{rel}","templated":true}]}}