{"id":1537,"date":"2014-07-09T12:14:25","date_gmt":"2014-07-09T12:14:25","guid":{"rendered":"http:\/\/aeea.org\/?page_id=1537"},"modified":"2016-03-05T11:05:37","modified_gmt":"2016-03-05T11:05:37","slug":"avantages-detre-membre","status":"publish","type":"page","link":"https:\/\/aeea.org\/fr\/eea-quest-ce-que-cest-2\/avantages-detre-membre\/","title":{"rendered":"Avantages D\u00e8tre Membre"},"content":{"rendered":"<h1>Avantages d\u2019\u00eatre membre de l\u2019Association des \u00c9coles d\u2019Espagnol pour \u00c9trangers en Andalousie<\/h1>\n<p style=\"text-align: justify;\">1) Label de qualit\u00e9 des centres. Le fait que tous nos associ\u00e9s aient l\u2019accr\u00e9ditation de l\u2019Institut Cervantes, institution officielle dans le domaine de l\u2019apprentissage de l\u2019espagnol, permet de garantir une offre de formation de haut niveau.<\/p>\n<p style=\"text-align: justify;\">2) Collaboration directe avec les acteurs du secteur. Notre association organise son travail gr\u00e2ce \u00e0 l\u2019appui, au niveau autonomique, de diff\u00e9rentes entit\u00e9s du gouvernement andalou, et au niveau provincial et local, des comit\u00e9s de tourisme, mairies et chambres de commerce, entre autres.<\/p>\n<p style=\"text-align: justify;\">3) Repr\u00e9sentativit\u00e9 de l\u2019espagnol en tant qu\u2019industrie andalouse. L\u2019EEA est l\u2019association la plus importante au niveau du tourisme linguistique de notre r\u00e9gion et comme telle, elle est reconnue comme officielle lors des collaborations et projets avec les diff\u00e9rentes administrations.<\/p>\n<p style=\"text-align: justify;\">4) Promotion de la marque Andalousie et des destinations locales. EEA se pr\u00e9sente, en effet, comme le fil conducteur des diff\u00e9rentes politiques d\u2019appui au tourisme linguistique en Andalousie et la plateforme id\u00e9ale pour promouvoir la marque andalouse et ses destinations locales et provinciales gr\u00e2ce au positionnement g\u00e9ographique de nos membres associ\u00e9s.<\/p>\n<p style=\"text-align: justify;\">5) Participation lors d\u2019\u00e9v\u00e8nements et actions sp\u00e9cifiques de promotion et marketing. En tant que membre de la prestigieuse f\u00e9d\u00e9ration nationale des \u00e9coles d\u2019espagnol (FEDELE), l\u2019EEA intervient lors des rendez-vous importants du calendrier professionnel international de l\u2019enseignement des langues.<\/p>\n<p style=\"text-align: justify;\">6) Information sur la r\u00e9alit\u00e9 commerciale de l\u2019industrie de l\u2019espagnol. Gr\u00e2ce \u00e0 sa structure associative et \u00e0 son travail en collaboration avec les institutions administratives du secteur, Espagnol en Andalousie dispose d\u2019informations v\u00e9ridiques sur la situation actuelle du secteur.<\/p>\n<p style=\"text-align: justify;\">7) Opportunit\u00e9s commerciales avec les agences et repr\u00e9sentants. Tous les points vus ant\u00e9rieurement permettent aux \u00e9coles associ\u00e9es d\u2019avoir acc\u00e8s directement aux opportunit\u00e9s commerciales afin de pouvoir passer des accords avec les entreprises interm\u00e9diaires et le march\u00e9 cible.<\/p>\n","protected":false},"excerpt":{"rendered":"<p>Avantages d\u2019\u00eatre membre de l\u2019Association des \u00c9coles d\u2019Espagnol pour \u00c9trangers en Andalousie 1) Label de qualit\u00e9 des centres. Le fait que tous nos associ\u00e9s aient l\u2019accr\u00e9ditation de l\u2019Institut Cervantes, institution officielle dans le domaine de l\u2019apprentissage de l\u2019espagnol, permet de garantir une offre de formation de haut niveau. 2) Collaboration directe avec les acteurs du [&hellip;]<\/p>\n","protected":false},"author":6,"featured_media":0,"parent":1554,"menu_order":0,"comment_status":"closed","ping_status":"closed","template":"template-blank-canvas.php","meta":{"_et_pb_use_builder":"","_et_pb_old_content":"","_et_gb_content_width":"","_monsterinsights_skip_tracking":false,"_monsterinsights_sitenote_active":false,"_monsterinsights_sitenote_note":"","_monsterinsights_sitenote_category":0,"_joinchat":[],"footnotes":""},"class_list":["post-1537","page","type-page","status-publish","hentry"],"yoast_head":"<!-- This site is optimized with the Yoast SEO plugin v27.4 - https:\/\/yoast.com\/product\/yoast-seo-wordpress\/ -->\n<title>Avantages D\u00e8tre Membre - Asociaci\u00f3n Espa\u00f1ol en Andalucia<\/title>\n<meta name=\"robots\" content=\"index, follow, max-snippet:-1, max-image-preview:large, max-video-preview:-1\" \/>\n<link rel=\"canonical\" href=\"https:\/\/aeea.org\/fr\/eea-quest-ce-que-cest-2\/avantages-detre-membre\/\" \/>\n<meta property=\"og:locale\" content=\"fr_FR\" \/>\n<meta property=\"og:type\" content=\"article\" \/>\n<meta property=\"og:title\" content=\"Avantages D\u00e8tre Membre - Asociaci\u00f3n Espa\u00f1ol en Andalucia\" \/>\n<meta property=\"og:description\" content=\"Avantages d\u2019\u00eatre membre de l\u2019Association des \u00c9coles d\u2019Espagnol pour \u00c9trangers en Andalousie 1) Label de qualit\u00e9 des centres. Le fait que tous nos associ\u00e9s aient l\u2019accr\u00e9ditation de l\u2019Institut Cervantes, institution officielle dans le domaine de l\u2019apprentissage de l\u2019espagnol, permet de garantir une offre de formation de haut niveau. 2) Collaboration directe avec les acteurs du [&hellip;]\" \/>\n<meta property=\"og:url\" content=\"https:\/\/aeea.org\/fr\/eea-quest-ce-que-cest-2\/avantages-detre-membre\/\" \/>\n<meta property=\"og:site_name\" content=\"Asociaci\u00f3n Espa\u00f1ol en Andalucia\" \/>\n<meta property=\"article:modified_time\" content=\"2016-03-05T11:05:37+00:00\" \/>\n<meta name=\"twitter:card\" content=\"summary_large_image\" \/>\n<meta name=\"twitter:label1\" content=\"Dur\u00e9e de lecture estim\u00e9e\" \/>\n\t<meta name=\"twitter:data1\" content=\"2 minutes\" \/>\n<script type=\"application\/ld+json\" class=\"yoast-schema-graph\">{\"@context\":\"https:\\\/\\\/schema.org\",\"@graph\":[{\"@type\":\"WebPage\",\"@id\":\"https:\\\/\\\/aeea.org\\\/fr\\\/eea-quest-ce-que-cest-2\\\/avantages-detre-membre\\\/\",\"url\":\"https:\\\/\\\/aeea.org\\\/fr\\\/eea-quest-ce-que-cest-2\\\/avantages-detre-membre\\\/\",\"name\":\"Avantages D\u00e8tre Membre - Asociaci\u00f3n Espa\u00f1ol en Andalucia\",\"isPartOf\":{\"@id\":\"https:\\\/\\\/aeea.org\\\/#website\"},\"datePublished\":\"2014-07-09T12:14:25+00:00\",\"dateModified\":\"2016-03-05T11:05:37+00:00\",\"breadcrumb\":{\"@id\":\"https:\\\/\\\/aeea.org\\\/fr\\\/eea-quest-ce-que-cest-2\\\/avantages-detre-membre\\\/#breadcrumb\"},\"inLanguage\":\"fr-FR\",\"potentialAction\":[{\"@type\":\"ReadAction\",\"target\":[\"https:\\\/\\\/aeea.org\\\/fr\\\/eea-quest-ce-que-cest-2\\\/avantages-detre-membre\\\/\"]}]},{\"@type\":\"BreadcrumbList\",\"@id\":\"https:\\\/\\\/aeea.org\\\/fr\\\/eea-quest-ce-que-cest-2\\\/avantages-detre-membre\\\/#breadcrumb\",\"itemListElement\":[{\"@type\":\"ListItem\",\"position\":1,\"name\":\"Home\",\"item\":\"https:\\\/\\\/aeea.org\\\/fr\\\/\"},{\"@type\":\"ListItem\",\"position\":2,\"name\":\"EEA QU\u2019EST-CE QUE C\u2019EST ?\",\"item\":\"https:\\\/\\\/aeea.org\\\/fr\\\/eea-quest-ce-que-cest-2\\\/\"},{\"@type\":\"ListItem\",\"position\":3,\"name\":\"Avantages D\u00e8tre Membre\"}]},{\"@type\":\"WebSite\",\"@id\":\"https:\\\/\\\/aeea.org\\\/#website\",\"url\":\"https:\\\/\\\/aeea.org\\\/\",\"name\":\"Asociaci\u00f3n Espa\u00f1ol en Andalucia\",\"description\":\"\",\"potentialAction\":[{\"@type\":\"SearchAction\",\"target\":{\"@type\":\"EntryPoint\",\"urlTemplate\":\"https:\\\/\\\/aeea.org\\\/?s={search_term_string}\"},\"query-input\":{\"@type\":\"PropertyValueSpecification\",\"valueRequired\":true,\"valueName\":\"search_term_string\"}}],\"inLanguage\":\"fr-FR\"}]}<\/script>\n<!-- \/ Yoast SEO plugin. -->","yoast_head_json":{"title":"Avantages D\u00e8tre Membre - Asociaci\u00f3n Espa\u00f1ol en Andalucia","robots":{"index":"index","follow":"follow","max-snippet":"max-snippet:-1","max-image-preview":"max-image-preview:large","max-video-preview":"max-video-preview:-1"},"canonical":"https:\/\/aeea.org\/fr\/eea-quest-ce-que-cest-2\/avantages-detre-membre\/","og_locale":"fr_FR","og_type":"article","og_title":"Avantages D\u00e8tre Membre - Asociaci\u00f3n Espa\u00f1ol en Andalucia","og_description":"Avantages d\u2019\u00eatre membre de l\u2019Association des \u00c9coles d\u2019Espagnol pour \u00c9trangers en Andalousie 1) Label de qualit\u00e9 des centres. Le fait que tous nos associ\u00e9s aient l\u2019accr\u00e9ditation de l\u2019Institut Cervantes, institution officielle dans le domaine de l\u2019apprentissage de l\u2019espagnol, permet de garantir une offre de formation de haut niveau. 2) Collaboration directe avec les acteurs du [&hellip;]","og_url":"https:\/\/aeea.org\/fr\/eea-quest-ce-que-cest-2\/avantages-detre-membre\/","og_site_name":"Asociaci\u00f3n Espa\u00f1ol en Andalucia","article_modified_time":"2016-03-05T11:05:37+00:00","twitter_card":"summary_large_image","twitter_misc":{"Dur\u00e9e de lecture estim\u00e9e":"2 minutes"},"schema":{"@context":"https:\/\/schema.org","@graph":[{"@type":"WebPage","@id":"https:\/\/aeea.org\/fr\/eea-quest-ce-que-cest-2\/avantages-detre-membre\/","url":"https:\/\/aeea.org\/fr\/eea-quest-ce-que-cest-2\/avantages-detre-membre\/","name":"Avantages D\u00e8tre Membre - Asociaci\u00f3n Espa\u00f1ol en Andalucia","isPartOf":{"@id":"https:\/\/aeea.org\/#website"},"datePublished":"2014-07-09T12:14:25+00:00","dateModified":"2016-03-05T11:05:37+00:00","breadcrumb":{"@id":"https:\/\/aeea.org\/fr\/eea-quest-ce-que-cest-2\/avantages-detre-membre\/#breadcrumb"},"inLanguage":"fr-FR","potentialAction":[{"@type":"ReadAction","target":["https:\/\/aeea.org\/fr\/eea-quest-ce-que-cest-2\/avantages-detre-membre\/"]}]},{"@type":"BreadcrumbList","@id":"https:\/\/aeea.org\/fr\/eea-quest-ce-que-cest-2\/avantages-detre-membre\/#breadcrumb","itemListElement":[{"@type":"ListItem","position":1,"name":"Home","item":"https:\/\/aeea.org\/fr\/"},{"@type":"ListItem","position":2,"name":"EEA QU\u2019EST-CE QUE C\u2019EST ?","item":"https:\/\/aeea.org\/fr\/eea-quest-ce-que-cest-2\/"},{"@type":"ListItem","position":3,"name":"Avantages D\u00e8tre Membre"}]},{"@type":"WebSite","@id":"https:\/\/aeea.org\/#website","url":"https:\/\/aeea.org\/","name":"Asociaci\u00f3n Espa\u00f1ol en Andalucia","description":"","potentialAction":[{"@type":"SearchAction","target":{"@type":"EntryPoint","urlTemplate":"https:\/\/aeea.org\/?s={search_term_string}"},"query-input":{"@type":"PropertyValueSpecification","valueRequired":true,"valueName":"search_term_string"}}],"inLanguage":"fr-FR"}]}},"_links":{"self":[{"href":"https:\/\/aeea.org\/fr\/wp-json\/wp\/v2\/pages\/1537","targetHints":{"allow":["GET"]}}],"collection":[{"href":"https:\/\/aeea.org\/fr\/wp-json\/wp\/v2\/pages"}],"about":[{"href":"https:\/\/aeea.org\/fr\/wp-json\/wp\/v2\/types\/page"}],"author":[{"embeddable":true,"href":"https:\/\/aeea.org\/fr\/wp-json\/wp\/v2\/users\/6"}],"replies":[{"embeddable":true,"href":"https:\/\/aeea.org\/fr\/wp-json\/wp\/v2\/comments?post=1537"}],"version-history":[{"count":1,"href":"https:\/\/aeea.org\/fr\/wp-json\/wp\/v2\/pages\/1537\/revisions"}],"predecessor-version":[{"id":3302,"href":"https:\/\/aeea.org\/fr\/wp-json\/wp\/v2\/pages\/1537\/revisions\/3302"}],"up":[{"embeddable":true,"href":"https:\/\/aeea.org\/fr\/wp-json\/wp\/v2\/pages\/1554"}],"wp:attachment":[{"href":"https:\/\/aeea.org\/fr\/wp-json\/wp\/v2\/media?parent=1537"}],"curies":[{"name":"wp","href":"https:\/\/api.w.org\/{rel}","templated":true}]}}