{"id":1552,"date":"2014-07-09T12:32:05","date_gmt":"2014-07-09T12:32:05","guid":{"rendered":"http:\/\/aeea.org\/?page_id=1552"},"modified":"2021-08-04T13:12:21","modified_gmt":"2021-08-04T13:12:21","slug":"programme-erasmus","status":"publish","type":"page","link":"https:\/\/aeea.org\/fr\/eea-quest-ce-que-cest-2\/programme-erasmus\/","title":{"rendered":"Programme Erasmus+"},"content":{"rendered":"<p>[et_pb_section fb_built=\u00a0\u00bb1&Prime; disabled_on=\u00a0\u00bboff|off|off\u00a0\u00bb admin_label=\u00a0\u00bbHeader Section\u00a0\u00bb _builder_version=\u00a0\u00bb4.6.3&Prime; use_background_color_gradient=\u00a0\u00bbon\u00a0\u00bb background_color_gradient_start=\u00a0\u00bbrgba(20,61,88,0.92)\u00a0\u00bb background_color_gradient_end=\u00a0\u00bbrgba(20,61,88,0.58)\u00a0\u00bb background_color_gradient_overlays_image=\u00a0\u00bbon\u00a0\u00bb background_image=\u00a0\u00bbhttp:\/\/aeea.org\/wp-content\/uploads\/2020\/09\/students.jpeg\u00a0\u00bb custom_margin=\u00a0\u00bb|||\u00a0\u00bb custom_padding=\u00a0\u00bb3vw|0px|3vw|0px|true|\u00a0\u00bb bottom_divider_color=\u00a0\u00bbrgba(5,41,66,0.3)\u00a0\u00bb bottom_divider_height=\u00a0\u00bb20vw\u00a0\u00bb animation_style=\u00a0\u00bbslide\u00a0\u00bb animation_direction=\u00a0\u00bbtop\u00a0\u00bb animation_intensity_slide=\u00a0\u00bb3%\u00a0\u00bb animation_starting_opacity=\u00a0\u00bb100%\u00a0\u00bb][et_pb_row disabled_on=\u00a0\u00bboff|off|off\u00a0\u00bb module_class=\u00a0\u00bb et_pb_row_fullwidth\u00a0\u00bb _builder_version=\u00a0\u00bb3.25&Prime; width=\u00a0\u00bb89%\u00a0\u00bb width_tablet=\u00a0\u00bb80%\u00a0\u00bb width_phone=\u00a0\u00bb\u00a0\u00bb width_last_edited=\u00a0\u00bbon|desktop\u00a0\u00bb max_width=\u00a0\u00bb89%\u00a0\u00bb max_width_tablet=\u00a0\u00bb80%\u00a0\u00bb max_width_phone=\u00a0\u00bb\u00a0\u00bb max_width_last_edited=\u00a0\u00bbon|desktop\u00a0\u00bb custom_padding=\u00a0\u00bb|||\u00a0\u00bb make_fullwidth=\u00a0\u00bbon\u00a0\u00bb][et_pb_column type=\u00a0\u00bb4_4&Prime; _builder_version=\u00a0\u00bb3.25&Prime; custom_padding=\u00a0\u00bb|||\u00a0\u00bb custom_padding__hover=\u00a0\u00bb|||\u00a0\u00bb][et_pb_text disabled_on=\u00a0\u00bboff|off|off\u00a0\u00bb _builder_version=\u00a0\u00bb4.6.3&Prime; text_font=\u00a0\u00bbMontserrat||||||||\u00a0\u00bb text_font_size=\u00a0\u00bb22px\u00a0\u00bb text_line_height=\u00a0\u00bb1.8em\u00a0\u00bb header_font=\u00a0\u00bbMontserrat|600|||||||\u00a0\u00bb header_text_align=\u00a0\u00bbcenter\u00a0\u00bb header_font_size=\u00a0\u00bb40px\u00a0\u00bb header_line_height=\u00a0\u00bb1.5em\u00a0\u00bb text_orientation=\u00a0\u00bbcenter\u00a0\u00bb background_layout=\u00a0\u00bbdark\u00a0\u00bb custom_margin=\u00a0\u00bb|||\u00a0\u00bb header_font_size_tablet=\u00a0\u00bb50px\u00a0\u00bb header_font_size_phone=\u00a0\u00bb\u00a0\u00bb header_font_size_last_edited=\u00a0\u00bbon|desktop\u00a0\u00bb header_line_height_tablet=\u00a0\u00bb1.1em\u00a0\u00bb header_line_height_phone=\u00a0\u00bb1.2em\u00a0\u00bb header_line_height_last_edited=\u00a0\u00bboff|desktop\u00a0\u00bb]<\/p>\n<h1>Programme Erasmus+<\/h1>\n<p>[\/et_pb_text][\/et_pb_column][\/et_pb_row][\/et_pb_section][et_pb_section fb_built=\u00a0\u00bb1&Prime; use_custom_gutter=\u00a0\u00bbon\u00a0\u00bb specialty=\u00a0\u00bbon\u00a0\u00bb padding_top_1=\u00a0\u00bb0px\u00a0\u00bb padding_top_2=\u00a0\u00bb80px\u00a0\u00bb padding_right_2=\u00a0\u00bb10%\u00a0\u00bb padding_bottom_2=\u00a0\u00bb0px\u00a0\u00bb padding_2_tablet=\u00a0\u00bb0px|||10%\u00a0\u00bb padding_2_phone=\u00a0\u00bb|||\u00a0\u00bb padding_2_last_edited=\u00a0\u00bbon|tablet\u00a0\u00bb admin_label=\u00a0\u00bbAbout Section\u00a0\u00bb _builder_version=\u00a0\u00bb3.22&Prime; use_background_color_gradient=\u00a0\u00bbon\u00a0\u00bb background_color_gradient_start=\u00a0\u00bb#f2f6f9&Prime; background_color_gradient_end=\u00a0\u00bbrgba(242,246,249,0)\u00a0\u00bb background_color_gradient_direction=\u00a0\u00bb90deg\u00a0\u00bb background_color_gradient_start_position=\u00a0\u00bb25%\u00a0\u00bb background_color_gradient_end_position=\u00a0\u00bb25%\u00a0\u00bb inner_width=\u00a0\u00bb100%\u00a0\u00bb inner_max_width=\u00a0\u00bb100%\u00a0\u00bb custom_margin=\u00a0\u00bb|||\u00a0\u00bb custom_margin_tablet=\u00a0\u00bb80px|80px|80px|80px\u00a0\u00bb custom_margin_last_edited=\u00a0\u00bboff|desktop\u00a0\u00bb custom_padding=\u00a0\u00bb32px|0px|40px|0px||\u00a0\u00bb animation_style=\u00a0\u00bbslide\u00a0\u00bb animation_direction=\u00a0\u00bbleft\u00a0\u00bb animation_intensity_slide=\u00a0\u00bb1%\u00a0\u00bb use_custom_width=\u00a0\u00bbon\u00a0\u00bb width_unit=\u00a0\u00bboff\u00a0\u00bb custom_width_percent=\u00a0\u00bb100%\u00a0\u00bb locked=\u00a0\u00bboff\u00a0\u00bb][et_pb_column type=\u00a0\u00bb1_3&Prime; _builder_version=\u00a0\u00bb3.25&Prime; custom_padding=\u00a0\u00bb|||\u00a0\u00bb custom_padding__hover=\u00a0\u00bb|||\u00a0\u00bb][et_pb_image src=\u00a0\u00bbhttp:\/\/aeea.org\/wp-content\/uploads\/2014\/06\/logo-Erasmus-.jpg\u00a0\u00bb title_text=\u00a0\u00bblogo Erasmus+\u00a0\u00bb force_fullwidth=\u00a0\u00bbon\u00a0\u00bb align_tablet=\u00a0\u00bbcenter\u00a0\u00bb align_phone=\u00a0\u00bb\u00a0\u00bb align_last_edited=\u00a0\u00bbon|desktop\u00a0\u00bb _builder_version=\u00a0\u00bb4.6.3&Prime; custom_margin=\u00a0\u00bb|||\u00a0\u00bb custom_margin_tablet=\u00a0\u00bb|60px||60px\u00a0\u00bb custom_margin_phone=\u00a0\u00bb100px|||\u00a0\u00bb custom_margin_last_edited=\u00a0\u00bbon|tablet\u00a0\u00bb custom_padding=\u00a0\u00bb|||\u00a0\u00bb box_shadow_style=\u00a0\u00bbpreset3&Prime; box_shadow_horizontal=\u00a0\u00bb40px\u00a0\u00bb box_shadow_vertical=\u00a0\u00bb40px\u00a0\u00bb box_shadow_blur=\u00a0\u00bb120px\u00a0\u00bb box_shadow_spread=\u00a0\u00bb-24px\u00a0\u00bb box_shadow_color=\u00a0\u00bbrgba(67,96,124,0.5)\u00a0\u00bb][\/et_pb_image][\/et_pb_column][et_pb_column type=\u00a0\u00bb2_3&Prime; specialty_columns=\u00a0\u00bb2&Prime; _builder_version=\u00a0\u00bb3.25&Prime; custom_padding=\u00a0\u00bb|||\u00a0\u00bb custom_padding__hover=\u00a0\u00bb|||\u00a0\u00bb][et_pb_row_inner custom_padding_last_edited=\u00a0\u00bboff|desktop\u00a0\u00bb _builder_version=\u00a0\u00bb3.25&Prime; max_width=\u00a0\u00bb800px\u00a0\u00bb custom_margin=\u00a0\u00bb|||\u00a0\u00bb custom_padding=\u00a0\u00bb|||\u00a0\u00bb custom_padding_phone=\u00a0\u00bb|||\u00a0\u00bb locked=\u00a0\u00bboff\u00a0\u00bb][et_pb_column_inner saved_specialty_column_type=\u00a0\u00bb2_3&Prime; _builder_version=\u00a0\u00bb3.25&Prime; custom_padding=\u00a0\u00bb|||\u00a0\u00bb custom_padding__hover=\u00a0\u00bb|||\u00a0\u00bb][et_pb_text admin_label=\u00a0\u00bbText\u00a0\u00bb _builder_version=\u00a0\u00bb4.6.3&Prime; background_size=\u00a0\u00bbinitial\u00a0\u00bb background_position=\u00a0\u00bbtop_left\u00a0\u00bb background_repeat=\u00a0\u00bbrepeat\u00a0\u00bb]<\/p>\n<p>En 2014, le programme Lifelong Learning (LLP) compos\u00e9 des programmes Comenius-Grundtving et L\u00e9onardo a \u00e9t\u00e9 remplac\u00e9 par le nouveau programme europ\u00e9en Erasmus+. Les bourses sont destin\u00e9es aux r\u00e9sidents des pays membres de l\u2019Union Europ\u00e9enne, Islande, Lichtenstein, Norv\u00e8ge, Turquie et Mac\u00e9doine.<\/p>\n<p>Erasmus+ se concentre sur l\u2019apprentissage formel et informel dans l\u2019objectif d\u2019am\u00e9liorer les capacit\u00e9s \u00e9ducatives et formatrices des personnes pour l\u2019employabilit\u00e9 d\u2019\u00e9tudiants, professeurs et travailleurs. En mati\u00e8re d\u2019\u00e9ducation, les bourses d\u2019Erasmus KA1 Mobility rendent possible la mobilit\u00e9 individuelle et rassemble tous les niveaux: scolaire, formation professionnelle, enseignement sup\u00e9rieur et formation d\u2019adultes.<\/p>\n<p>Ces bourses peuvent couvrir une grande partie du co\u00fbt du voyage, du logement et des cours. Le programme Erasmus+ ne permet plus l\u2019envoi de sollicitude de professeurs de mani\u00e8re spontan\u00e9e. Toutes les sollicitudes doivent \u00eatre r\u00e9alis\u00e9es directement par une institution. Pour plus d\u2019informations, les int\u00e9ress\u00e9s devront s\u2019adresser \u00e0 la direction de leur \u00e9cole, lyc\u00e9e ou centre de travail.<\/p>\n<h1><b>Formation Erasmus+ dans les \u00e9coles de l\u2019EEA<\/b><\/h1>\n<p>Les centres \u00e9ducatifs et les \u00e9coles d\u2019adultes peuvent solliciter des aides afin de r\u00e9aliser un programme d\u2019espagnol dans une de nos \u00e9coles membres. De nombreuses \u00e9coles de notre association offrent une formation sp\u00e9cifique qui s\u2019adresse aux professeurs europ\u00e9ens qui travaillent dans l\u2019enseignement de l\u2019espagnol comme langue \u00e9trang\u00e8re. Toutes les \u00e9coles associ\u00e9es sont des centres accr\u00e9dit\u00e9s par l\u2019Institut Cervantes et elles garantissent une formation qualifi\u00e9e.<\/p>\n<p>Si vous d\u00e9sirez que vos employ\u00e9s r\u00e9alisent une formation dans un de nos centres ou si vous avez besoin d\u2019aide pour le processus de sollicitude, n\u2019h\u00e9sitez pas \u00e0 nous contacter.<\/p>\n<p>[\/et_pb_text][\/et_pb_column_inner][\/et_pb_row_inner][\/et_pb_column][\/et_pb_section]<\/p>\n","protected":false},"excerpt":{"rendered":"<p>Programme Erasmus+En 2014, le programme Lifelong Learning (LLP) compos\u00e9 des programmes Comenius-Grundtving et L\u00e9onardo a \u00e9t\u00e9 remplac\u00e9 par le nouveau programme europ\u00e9en Erasmus+. Les bourses sont destin\u00e9es aux r\u00e9sidents des pays membres de l\u2019Union Europ\u00e9enne, Islande, Lichtenstein, Norv\u00e8ge, Turquie et Mac\u00e9doine. Erasmus+ se concentre sur l\u2019apprentissage formel et informel dans l\u2019objectif d\u2019am\u00e9liorer les capacit\u00e9s \u00e9ducatives [&hellip;]<\/p>\n","protected":false},"author":6,"featured_media":0,"parent":1554,"menu_order":0,"comment_status":"open","ping_status":"open","template":"","meta":{"_et_pb_use_builder":"on","_et_pb_old_content":"","_et_gb_content_width":"","_monsterinsights_skip_tracking":false,"_monsterinsights_sitenote_active":false,"_monsterinsights_sitenote_note":"","_monsterinsights_sitenote_category":0,"_joinchat":[],"footnotes":""},"class_list":["post-1552","page","type-page","status-publish","hentry"],"yoast_head":"<!-- This site is optimized with the Yoast SEO plugin v27.4 - https:\/\/yoast.com\/product\/yoast-seo-wordpress\/ -->\n<title>Programme Erasmus+ - Asociaci\u00f3n Espa\u00f1ol en Andalucia<\/title>\n<meta name=\"robots\" content=\"index, follow, max-snippet:-1, max-image-preview:large, max-video-preview:-1\" \/>\n<link rel=\"canonical\" href=\"https:\/\/aeea.org\/fr\/eea-quest-ce-que-cest-2\/programme-erasmus\/\" \/>\n<meta property=\"og:locale\" content=\"fr_FR\" \/>\n<meta property=\"og:type\" content=\"article\" \/>\n<meta property=\"og:title\" content=\"Programme Erasmus+ - Asociaci\u00f3n Espa\u00f1ol en Andalucia\" \/>\n<meta property=\"og:description\" content=\"Programme Erasmus+En 2014, le programme Lifelong Learning (LLP) compos\u00e9 des programmes Comenius-Grundtving et L\u00e9onardo a \u00e9t\u00e9 remplac\u00e9 par le nouveau programme europ\u00e9en Erasmus+. Les bourses sont destin\u00e9es aux r\u00e9sidents des pays membres de l\u2019Union Europ\u00e9enne, Islande, Lichtenstein, Norv\u00e8ge, Turquie et Mac\u00e9doine. Erasmus+ se concentre sur l\u2019apprentissage formel et informel dans l\u2019objectif d\u2019am\u00e9liorer les capacit\u00e9s \u00e9ducatives [&hellip;]\" \/>\n<meta property=\"og:url\" content=\"https:\/\/aeea.org\/fr\/eea-quest-ce-que-cest-2\/programme-erasmus\/\" \/>\n<meta property=\"og:site_name\" content=\"Asociaci\u00f3n Espa\u00f1ol en Andalucia\" \/>\n<meta property=\"article:modified_time\" content=\"2021-08-04T13:12:21+00:00\" \/>\n<meta name=\"twitter:card\" content=\"summary_large_image\" \/>\n<meta name=\"twitter:label1\" content=\"Dur\u00e9e de lecture estim\u00e9e\" \/>\n\t<meta name=\"twitter:data1\" content=\"4 minutes\" \/>\n<script type=\"application\/ld+json\" class=\"yoast-schema-graph\">{\"@context\":\"https:\\\/\\\/schema.org\",\"@graph\":[{\"@type\":\"WebPage\",\"@id\":\"https:\\\/\\\/aeea.org\\\/fr\\\/eea-quest-ce-que-cest-2\\\/programme-erasmus\\\/\",\"url\":\"https:\\\/\\\/aeea.org\\\/fr\\\/eea-quest-ce-que-cest-2\\\/programme-erasmus\\\/\",\"name\":\"Programme Erasmus+ - Asociaci\u00f3n Espa\u00f1ol en Andalucia\",\"isPartOf\":{\"@id\":\"https:\\\/\\\/aeea.org\\\/#website\"},\"datePublished\":\"2014-07-09T12:32:05+00:00\",\"dateModified\":\"2021-08-04T13:12:21+00:00\",\"breadcrumb\":{\"@id\":\"https:\\\/\\\/aeea.org\\\/fr\\\/eea-quest-ce-que-cest-2\\\/programme-erasmus\\\/#breadcrumb\"},\"inLanguage\":\"fr-FR\",\"potentialAction\":[{\"@type\":\"ReadAction\",\"target\":[\"https:\\\/\\\/aeea.org\\\/fr\\\/eea-quest-ce-que-cest-2\\\/programme-erasmus\\\/\"]}]},{\"@type\":\"BreadcrumbList\",\"@id\":\"https:\\\/\\\/aeea.org\\\/fr\\\/eea-quest-ce-que-cest-2\\\/programme-erasmus\\\/#breadcrumb\",\"itemListElement\":[{\"@type\":\"ListItem\",\"position\":1,\"name\":\"Home\",\"item\":\"https:\\\/\\\/aeea.org\\\/fr\\\/\"},{\"@type\":\"ListItem\",\"position\":2,\"name\":\"EEA QU\u2019EST-CE QUE C\u2019EST ?\",\"item\":\"https:\\\/\\\/aeea.org\\\/fr\\\/eea-quest-ce-que-cest-2\\\/\"},{\"@type\":\"ListItem\",\"position\":3,\"name\":\"Programme Erasmus+\"}]},{\"@type\":\"WebSite\",\"@id\":\"https:\\\/\\\/aeea.org\\\/#website\",\"url\":\"https:\\\/\\\/aeea.org\\\/\",\"name\":\"Asociaci\u00f3n Espa\u00f1ol en Andalucia\",\"description\":\"\",\"potentialAction\":[{\"@type\":\"SearchAction\",\"target\":{\"@type\":\"EntryPoint\",\"urlTemplate\":\"https:\\\/\\\/aeea.org\\\/?s={search_term_string}\"},\"query-input\":{\"@type\":\"PropertyValueSpecification\",\"valueRequired\":true,\"valueName\":\"search_term_string\"}}],\"inLanguage\":\"fr-FR\"}]}<\/script>\n<!-- \/ Yoast SEO plugin. -->","yoast_head_json":{"title":"Programme Erasmus+ - Asociaci\u00f3n Espa\u00f1ol en Andalucia","robots":{"index":"index","follow":"follow","max-snippet":"max-snippet:-1","max-image-preview":"max-image-preview:large","max-video-preview":"max-video-preview:-1"},"canonical":"https:\/\/aeea.org\/fr\/eea-quest-ce-que-cest-2\/programme-erasmus\/","og_locale":"fr_FR","og_type":"article","og_title":"Programme Erasmus+ - Asociaci\u00f3n Espa\u00f1ol en Andalucia","og_description":"Programme Erasmus+En 2014, le programme Lifelong Learning (LLP) compos\u00e9 des programmes Comenius-Grundtving et L\u00e9onardo a \u00e9t\u00e9 remplac\u00e9 par le nouveau programme europ\u00e9en Erasmus+. Les bourses sont destin\u00e9es aux r\u00e9sidents des pays membres de l\u2019Union Europ\u00e9enne, Islande, Lichtenstein, Norv\u00e8ge, Turquie et Mac\u00e9doine. Erasmus+ se concentre sur l\u2019apprentissage formel et informel dans l\u2019objectif d\u2019am\u00e9liorer les capacit\u00e9s \u00e9ducatives [&hellip;]","og_url":"https:\/\/aeea.org\/fr\/eea-quest-ce-que-cest-2\/programme-erasmus\/","og_site_name":"Asociaci\u00f3n Espa\u00f1ol en Andalucia","article_modified_time":"2021-08-04T13:12:21+00:00","twitter_card":"summary_large_image","twitter_misc":{"Dur\u00e9e de lecture estim\u00e9e":"4 minutes"},"schema":{"@context":"https:\/\/schema.org","@graph":[{"@type":"WebPage","@id":"https:\/\/aeea.org\/fr\/eea-quest-ce-que-cest-2\/programme-erasmus\/","url":"https:\/\/aeea.org\/fr\/eea-quest-ce-que-cest-2\/programme-erasmus\/","name":"Programme Erasmus+ - Asociaci\u00f3n Espa\u00f1ol en Andalucia","isPartOf":{"@id":"https:\/\/aeea.org\/#website"},"datePublished":"2014-07-09T12:32:05+00:00","dateModified":"2021-08-04T13:12:21+00:00","breadcrumb":{"@id":"https:\/\/aeea.org\/fr\/eea-quest-ce-que-cest-2\/programme-erasmus\/#breadcrumb"},"inLanguage":"fr-FR","potentialAction":[{"@type":"ReadAction","target":["https:\/\/aeea.org\/fr\/eea-quest-ce-que-cest-2\/programme-erasmus\/"]}]},{"@type":"BreadcrumbList","@id":"https:\/\/aeea.org\/fr\/eea-quest-ce-que-cest-2\/programme-erasmus\/#breadcrumb","itemListElement":[{"@type":"ListItem","position":1,"name":"Home","item":"https:\/\/aeea.org\/fr\/"},{"@type":"ListItem","position":2,"name":"EEA QU\u2019EST-CE QUE C\u2019EST ?","item":"https:\/\/aeea.org\/fr\/eea-quest-ce-que-cest-2\/"},{"@type":"ListItem","position":3,"name":"Programme Erasmus+"}]},{"@type":"WebSite","@id":"https:\/\/aeea.org\/#website","url":"https:\/\/aeea.org\/","name":"Asociaci\u00f3n Espa\u00f1ol en Andalucia","description":"","potentialAction":[{"@type":"SearchAction","target":{"@type":"EntryPoint","urlTemplate":"https:\/\/aeea.org\/?s={search_term_string}"},"query-input":{"@type":"PropertyValueSpecification","valueRequired":true,"valueName":"search_term_string"}}],"inLanguage":"fr-FR"}]}},"_links":{"self":[{"href":"https:\/\/aeea.org\/fr\/wp-json\/wp\/v2\/pages\/1552","targetHints":{"allow":["GET"]}}],"collection":[{"href":"https:\/\/aeea.org\/fr\/wp-json\/wp\/v2\/pages"}],"about":[{"href":"https:\/\/aeea.org\/fr\/wp-json\/wp\/v2\/types\/page"}],"author":[{"embeddable":true,"href":"https:\/\/aeea.org\/fr\/wp-json\/wp\/v2\/users\/6"}],"replies":[{"embeddable":true,"href":"https:\/\/aeea.org\/fr\/wp-json\/wp\/v2\/comments?post=1552"}],"version-history":[{"count":3,"href":"https:\/\/aeea.org\/fr\/wp-json\/wp\/v2\/pages\/1552\/revisions"}],"predecessor-version":[{"id":7624,"href":"https:\/\/aeea.org\/fr\/wp-json\/wp\/v2\/pages\/1552\/revisions\/7624"}],"up":[{"embeddable":true,"href":"https:\/\/aeea.org\/fr\/wp-json\/wp\/v2\/pages\/1554"}],"wp:attachment":[{"href":"https:\/\/aeea.org\/fr\/wp-json\/wp\/v2\/media?parent=1552"}],"curies":[{"name":"wp","href":"https:\/\/api.w.org\/{rel}","templated":true}]}}