{"id":1653,"date":"2014-07-11T13:06:29","date_gmt":"2014-07-11T13:06:29","guid":{"rendered":"http:\/\/aeea.org\/?page_id=1653"},"modified":"2014-07-11T13:06:29","modified_gmt":"2014-07-11T13:06:29","slug":"gadir-2","status":"publish","type":"page","link":"https:\/\/aeea.org\/fr\/ecoles\/cadix\/gadir-2\/","title":{"rendered":"Gadir"},"content":{"rendered":"<h1>Gadir &#8211; Escuela Internacional de Espa\u00f1ol<\/h1>\n<p>&nbsp;<\/p>\n<div class='one_half'>\n\t\t\t\t\t<p style=\"text-align: justify\">GADIR est une \u00e9cole de taille moyenne fond\u00e9e en 1989. Tous les \u00e9l\u00e8ves, professeurs et organisateurs se connaissent et s\u2019appellent par leur pr\u00e9nom d\u00e8s le premier jour. Notre principal objectif est de faire en sorte que ce s\u00e9jour parmi nous vous permette de parler, penser et ressentir les choses en espagnol.<\/p>\n\t\t\t\t<\/div>\n<div class='one_half et_column_last'>\n\t\t\t\t\t[callout font_size=\u00a0\u00bb13px\u00a0\u00bb style=\u00a0\u00bbskyblue\u00a0\u00bb]<img loading=\"lazy\" decoding=\"async\" class=\"alignleft size-full wp-image-494\" src=\"http:\/\/aeea.org\/wp-content\/uploads\/2014\/03\/pin71.png\" alt=\"pin7\" width=\"24\" height=\"24\" \/><a title=\"Ver mapa\" href=\"https:\/\/goo.gl\/maps\/7iIyq\">C\/ P\u00e9rgolas 5,\u00a011007, C\u00e1diz.<\/a><\/p>\n<p><img loading=\"lazy\" decoding=\"async\" class=\"alignleft size-full wp-image-496\" src=\"http:\/\/aeea.org\/wp-content\/uploads\/2014\/03\/telephone14.png\" alt=\"telephone14\" width=\"24\" height=\"24\" \/>(0034) 956 260 557<\/p>\n<p><a href=\"http:\/\/www.gadir.net\"><img loading=\"lazy\" decoding=\"async\" class=\"alignleft size-full wp-image-497\" src=\"http:\/\/aeea.org\/wp-content\/uploads\/2014\/03\/world15.png\" alt=\"world15\" width=\"24\" height=\"24\" \/>www.gadir.net<\/a><\/p>\n<p style=\"text-align: justify\"><img loading=\"lazy\" decoding=\"async\" class=\"alignleft size-full wp-image-499\" src=\"http:\/\/aeea.org\/wp-content\/uploads\/2014\/03\/black218.png\" alt=\"black218\" width=\"24\" height=\"24\" \/><a href=\"mailto:info@gadir.net\">info@gadir.net<\/a>[\/callout]<\/p>\n\t\t\t\t<\/div><div class='clear'><\/div>\n<p>[hr]<\/p>\n<div class='one_third'>\n\t\t\t\t\t[frame style=\u00a0\u00bbmodern\u00a0\u00bb image_path=\u00a0\u00bbhttp:\/\/aeea.org\/wp-content\/uploads\/2014\/03\/logogadir.jpg\u00a0\u00bb link_to_page=\u00a0\u00bbhttp:\/\/www.gadir.net\u00a0\u00bb target=\u00a0\u00bb\u00a0\u00bb description=\u00a0\u00bb\u00a0\u00bb float=\u00a0\u00bb\u00a0\u00bb lightbox=\u00a0\u00bb\u00a0\u00bb lightbox_group=\u00a0\u00bb\u00a0\u00bb size=\u00a0\u00bbthree_col_large\u00a0\u00bb]<\/p>\n\t\t\t\t<\/div>\n<div class='one_third'>\n\t\t\t\t\t[frame style=\u00a0\u00bbmodern\u00a0\u00bb image_path=\u00a0\u00bbhttp:\/\/aeea.org\/wp-content\/uploads\/2014\/03\/Gadir_Escuela_Internacional_de_Espa\u00f1ol_1.jpg\u00a0\u00bb link_to_page=\u00a0\u00bb\u00a0\u00bb target=\u00a0\u00bb\u00a0\u00bb description=\u00a0\u00bb\u00a0\u00bb float=\u00a0\u00bb\u00a0\u00bb lightbox=\u00a0\u00bbhttp:\/\/aeea.org\/wp-content\/uploads\/2014\/03\/Gadir_Escuela_Internacional_de_Espa\u00f1ol_1.jpg\u00a0\u00bb lightbox_group=\u00a0\u00bb\u00a0\u00bb size=\u00a0\u00bbthree_col_large\u00a0\u00bb]<\/p>\n\t\t\t\t<\/div>\n<div class='one_third et_column_last'>\n\t\t\t\t\t[frame style=\u00a0\u00bbmodern\u00a0\u00bb image_path=\u00a0\u00bbhttp:\/\/aeea.org\/wp-content\/uploads\/2014\/03\/Gadir_Escuela_Internacional_de_Espa\u00f1ol_2.jpg\u00a0\u00bb link_to_page=\u00a0\u00bb\u00a0\u00bb target=\u00a0\u00bb\u00a0\u00bb description=\u00a0\u00bb\u00a0\u00bb float=\u00a0\u00bb\u00a0\u00bb lightbox=\u00a0\u00bbhttp:\/\/aeea.org\/wp-content\/uploads\/2014\/03\/Gadir_Escuela_Internacional_de_Espa\u00f1ol_2.jpg\u00a0\u00bb lightbox_group=\u00a0\u00bb\u00a0\u00bb size=\u00a0\u00bbthree_col_large\u00a0\u00bb]<\/p>\n\t\t\t\t<\/div><div class='clear'><\/div>\n","protected":false},"excerpt":{"rendered":"<p>Gadir &#8211; Escuela Internacional de Espa\u00f1ol &nbsp; <div class='one_half'>\n\t\t\t\t\t\n\t\t\t\t<\/div> GADIR est une \u00e9cole de taille moyenne fond\u00e9e en 1989. Tous les \u00e9l\u00e8ves, professeurs et organisateurs se connaissent et s\u2019appellent par leur pr\u00e9nom d\u00e8s le premier jour. Notre principal objectif est de faire en sorte que ce s\u00e9jour parmi nous vous permette de parler, penser et ressentir [&hellip;]<\/p>\n","protected":false},"author":6,"featured_media":0,"parent":1235,"menu_order":0,"comment_status":"open","ping_status":"closed","template":"","meta":{"_et_pb_use_builder":"on","_et_pb_old_content":"","_et_gb_content_width":"","_monsterinsights_skip_tracking":false,"_monsterinsights_sitenote_active":false,"_monsterinsights_sitenote_note":"","_monsterinsights_sitenote_category":0,"_joinchat":[],"footnotes":""},"class_list":["post-1653","page","type-page","status-publish","hentry"],"yoast_head":"<!-- This site is optimized with the Yoast SEO plugin v27.4 - https:\/\/yoast.com\/product\/yoast-seo-wordpress\/ -->\n<title>Gadir - Asociaci\u00f3n Espa\u00f1ol en Andalucia<\/title>\n<meta name=\"robots\" content=\"index, follow, max-snippet:-1, max-image-preview:large, max-video-preview:-1\" \/>\n<link rel=\"canonical\" href=\"https:\/\/aeea.org\/fr\/ecoles\/cadix\/gadir-2\/\" \/>\n<meta property=\"og:locale\" content=\"fr_FR\" \/>\n<meta property=\"og:type\" content=\"article\" \/>\n<meta property=\"og:title\" content=\"Gadir - Asociaci\u00f3n Espa\u00f1ol en Andalucia\" \/>\n<meta property=\"og:description\" content=\"Gadir - Escuela Internacional de Espa\u00f1ol &nbsp; GADIR est une \u00e9cole de taille moyenne fond\u00e9e en 1989. Tous les \u00e9l\u00e8ves, professeurs et organisateurs se connaissent et s\u2019appellent par leur pr\u00e9nom d\u00e8s le premier jour. Notre principal objectif est de faire en sorte que ce s\u00e9jour parmi nous vous permette de parler, penser et ressentir [&hellip;]\" \/>\n<meta property=\"og:url\" content=\"https:\/\/aeea.org\/fr\/ecoles\/cadix\/gadir-2\/\" \/>\n<meta property=\"og:site_name\" content=\"Asociaci\u00f3n Espa\u00f1ol en Andalucia\" \/>\n<meta property=\"og:image\" content=\"http:\/\/aeea.org\/wp-content\/uploads\/2014\/03\/pin71.png\" \/>\n<meta name=\"twitter:card\" content=\"summary_large_image\" \/>\n<meta name=\"twitter:label1\" content=\"Dur\u00e9e de lecture estim\u00e9e\" \/>\n\t<meta name=\"twitter:data1\" content=\"1 minute\" \/>\n<script type=\"application\/ld+json\" class=\"yoast-schema-graph\">{\"@context\":\"https:\\\/\\\/schema.org\",\"@graph\":[{\"@type\":\"WebPage\",\"@id\":\"https:\\\/\\\/aeea.org\\\/fr\\\/ecoles\\\/cadix\\\/gadir-2\\\/\",\"url\":\"https:\\\/\\\/aeea.org\\\/fr\\\/ecoles\\\/cadix\\\/gadir-2\\\/\",\"name\":\"Gadir - Asociaci\u00f3n Espa\u00f1ol en Andalucia\",\"isPartOf\":{\"@id\":\"https:\\\/\\\/aeea.org\\\/#website\"},\"primaryImageOfPage\":{\"@id\":\"https:\\\/\\\/aeea.org\\\/fr\\\/ecoles\\\/cadix\\\/gadir-2\\\/#primaryimage\"},\"image\":{\"@id\":\"https:\\\/\\\/aeea.org\\\/fr\\\/ecoles\\\/cadix\\\/gadir-2\\\/#primaryimage\"},\"thumbnailUrl\":\"http:\\\/\\\/aeea.org\\\/wp-content\\\/uploads\\\/2014\\\/03\\\/pin71.png\",\"datePublished\":\"2014-07-11T13:06:29+00:00\",\"breadcrumb\":{\"@id\":\"https:\\\/\\\/aeea.org\\\/fr\\\/ecoles\\\/cadix\\\/gadir-2\\\/#breadcrumb\"},\"inLanguage\":\"fr-FR\",\"potentialAction\":[{\"@type\":\"ReadAction\",\"target\":[\"https:\\\/\\\/aeea.org\\\/fr\\\/ecoles\\\/cadix\\\/gadir-2\\\/\"]}]},{\"@type\":\"ImageObject\",\"inLanguage\":\"fr-FR\",\"@id\":\"https:\\\/\\\/aeea.org\\\/fr\\\/ecoles\\\/cadix\\\/gadir-2\\\/#primaryimage\",\"url\":\"http:\\\/\\\/aeea.org\\\/wp-content\\\/uploads\\\/2014\\\/03\\\/pin71.png\",\"contentUrl\":\"http:\\\/\\\/aeea.org\\\/wp-content\\\/uploads\\\/2014\\\/03\\\/pin71.png\"},{\"@type\":\"BreadcrumbList\",\"@id\":\"https:\\\/\\\/aeea.org\\\/fr\\\/ecoles\\\/cadix\\\/gadir-2\\\/#breadcrumb\",\"itemListElement\":[{\"@type\":\"ListItem\",\"position\":1,\"name\":\"Home\",\"item\":\"https:\\\/\\\/aeea.org\\\/fr\\\/\"},{\"@type\":\"ListItem\",\"position\":2,\"name\":\"\u00c9coles\",\"item\":\"https:\\\/\\\/aeea.org\\\/fr\\\/ecoles\\\/\"},{\"@type\":\"ListItem\",\"position\":3,\"name\":\"C\u00e1diz\",\"item\":\"https:\\\/\\\/aeea.org\\\/fr\\\/ecoles\\\/cadix\\\/\"},{\"@type\":\"ListItem\",\"position\":4,\"name\":\"Gadir\"}]},{\"@type\":\"WebSite\",\"@id\":\"https:\\\/\\\/aeea.org\\\/#website\",\"url\":\"https:\\\/\\\/aeea.org\\\/\",\"name\":\"Asociaci\u00f3n Espa\u00f1ol en Andalucia\",\"description\":\"\",\"potentialAction\":[{\"@type\":\"SearchAction\",\"target\":{\"@type\":\"EntryPoint\",\"urlTemplate\":\"https:\\\/\\\/aeea.org\\\/?s={search_term_string}\"},\"query-input\":{\"@type\":\"PropertyValueSpecification\",\"valueRequired\":true,\"valueName\":\"search_term_string\"}}],\"inLanguage\":\"fr-FR\"}]}<\/script>\n<!-- \/ Yoast SEO plugin. -->","yoast_head_json":{"title":"Gadir - Asociaci\u00f3n Espa\u00f1ol en Andalucia","robots":{"index":"index","follow":"follow","max-snippet":"max-snippet:-1","max-image-preview":"max-image-preview:large","max-video-preview":"max-video-preview:-1"},"canonical":"https:\/\/aeea.org\/fr\/ecoles\/cadix\/gadir-2\/","og_locale":"fr_FR","og_type":"article","og_title":"Gadir - Asociaci\u00f3n Espa\u00f1ol en Andalucia","og_description":"Gadir - Escuela Internacional de Espa\u00f1ol &nbsp; GADIR est une \u00e9cole de taille moyenne fond\u00e9e en 1989. Tous les \u00e9l\u00e8ves, professeurs et organisateurs se connaissent et s\u2019appellent par leur pr\u00e9nom d\u00e8s le premier jour. Notre principal objectif est de faire en sorte que ce s\u00e9jour parmi nous vous permette de parler, penser et ressentir [&hellip;]","og_url":"https:\/\/aeea.org\/fr\/ecoles\/cadix\/gadir-2\/","og_site_name":"Asociaci\u00f3n Espa\u00f1ol en Andalucia","og_image":[{"url":"http:\/\/aeea.org\/wp-content\/uploads\/2014\/03\/pin71.png","type":"","width":"","height":""}],"twitter_card":"summary_large_image","twitter_misc":{"Dur\u00e9e de lecture estim\u00e9e":"1 minute"},"schema":{"@context":"https:\/\/schema.org","@graph":[{"@type":"WebPage","@id":"https:\/\/aeea.org\/fr\/ecoles\/cadix\/gadir-2\/","url":"https:\/\/aeea.org\/fr\/ecoles\/cadix\/gadir-2\/","name":"Gadir - Asociaci\u00f3n Espa\u00f1ol en Andalucia","isPartOf":{"@id":"https:\/\/aeea.org\/#website"},"primaryImageOfPage":{"@id":"https:\/\/aeea.org\/fr\/ecoles\/cadix\/gadir-2\/#primaryimage"},"image":{"@id":"https:\/\/aeea.org\/fr\/ecoles\/cadix\/gadir-2\/#primaryimage"},"thumbnailUrl":"http:\/\/aeea.org\/wp-content\/uploads\/2014\/03\/pin71.png","datePublished":"2014-07-11T13:06:29+00:00","breadcrumb":{"@id":"https:\/\/aeea.org\/fr\/ecoles\/cadix\/gadir-2\/#breadcrumb"},"inLanguage":"fr-FR","potentialAction":[{"@type":"ReadAction","target":["https:\/\/aeea.org\/fr\/ecoles\/cadix\/gadir-2\/"]}]},{"@type":"ImageObject","inLanguage":"fr-FR","@id":"https:\/\/aeea.org\/fr\/ecoles\/cadix\/gadir-2\/#primaryimage","url":"http:\/\/aeea.org\/wp-content\/uploads\/2014\/03\/pin71.png","contentUrl":"http:\/\/aeea.org\/wp-content\/uploads\/2014\/03\/pin71.png"},{"@type":"BreadcrumbList","@id":"https:\/\/aeea.org\/fr\/ecoles\/cadix\/gadir-2\/#breadcrumb","itemListElement":[{"@type":"ListItem","position":1,"name":"Home","item":"https:\/\/aeea.org\/fr\/"},{"@type":"ListItem","position":2,"name":"\u00c9coles","item":"https:\/\/aeea.org\/fr\/ecoles\/"},{"@type":"ListItem","position":3,"name":"C\u00e1diz","item":"https:\/\/aeea.org\/fr\/ecoles\/cadix\/"},{"@type":"ListItem","position":4,"name":"Gadir"}]},{"@type":"WebSite","@id":"https:\/\/aeea.org\/#website","url":"https:\/\/aeea.org\/","name":"Asociaci\u00f3n Espa\u00f1ol en Andalucia","description":"","potentialAction":[{"@type":"SearchAction","target":{"@type":"EntryPoint","urlTemplate":"https:\/\/aeea.org\/?s={search_term_string}"},"query-input":{"@type":"PropertyValueSpecification","valueRequired":true,"valueName":"search_term_string"}}],"inLanguage":"fr-FR"}]}},"_links":{"self":[{"href":"https:\/\/aeea.org\/fr\/wp-json\/wp\/v2\/pages\/1653","targetHints":{"allow":["GET"]}}],"collection":[{"href":"https:\/\/aeea.org\/fr\/wp-json\/wp\/v2\/pages"}],"about":[{"href":"https:\/\/aeea.org\/fr\/wp-json\/wp\/v2\/types\/page"}],"author":[{"embeddable":true,"href":"https:\/\/aeea.org\/fr\/wp-json\/wp\/v2\/users\/6"}],"replies":[{"embeddable":true,"href":"https:\/\/aeea.org\/fr\/wp-json\/wp\/v2\/comments?post=1653"}],"version-history":[{"count":0,"href":"https:\/\/aeea.org\/fr\/wp-json\/wp\/v2\/pages\/1653\/revisions"}],"up":[{"embeddable":true,"href":"https:\/\/aeea.org\/fr\/wp-json\/wp\/v2\/pages\/1235"}],"wp:attachment":[{"href":"https:\/\/aeea.org\/fr\/wp-json\/wp\/v2\/media?parent=1653"}],"curies":[{"name":"wp","href":"https:\/\/api.w.org\/{rel}","templated":true}]}}