{"id":3560,"date":"2016-10-10T19:06:48","date_gmt":"2016-10-10T19:06:48","guid":{"rendered":"http:\/\/aeea.org\/fr\/?page_id=3560"},"modified":"2016-10-18T10:56:29","modified_gmt":"2016-10-18T10:56:29","slug":"rencontre-ele-france","status":"publish","type":"page","link":"https:\/\/aeea.org\/fr\/rencontre-ele-france\/","title":{"rendered":"Rencontre ELE (Espagnol Langue Etrang\u00e8re) France"},"content":{"rendered":"<h1 style=\"text-align: center;\">L\u2019ANDALOUSIE\u00a0: UNE DESTINATION PRIVIL\u00c9GI\u00c9E POUR L\u2019IMMERSION LINGUISQUE<\/h1>\n<h1 style=\"text-align: center;\">Rencontres professionnelles, culturelles et informatives pour les professeurs d\u2019espagnol en France<\/h1>\n<h2 style=\"text-align: center;\">21, 22 et 23 novembre 2016\u2028Lyon, Paris et Strasbourg<\/h2>\n<p>Il y a actuellement pr\u00e8s de 2000000 d\u2019\u00e9l\u00e8ves d\u2019espagnol en France en secondaire. Avec pr\u00e8s de 30000 \u00e9l\u00e8ves d\u2019espagnol langue \u00e9trang\u00e8re par an et 29 \u00e9coles accr\u00e9dit\u00e9es par l\u2019institut Cervantes, r\u00e9parties sur tout plusieurs villes, l\u2019Andalousie se positionne clairement comme une destination privil\u00e9gi\u00e9e pour les s\u00e9jours linguistiques d\u2019espagnol.<br \/>\nUne grande vari\u00e9t\u00e9 de paysages, un climat favorable et une richesse culturelle presque sans \u00e9gal contribuent largement au bon positionnement de l\u2019Andalousie.<br \/>\nN\u00e9anmoins, d\u2019autres aspects permettent cet essor\u00a0:<\/p>\n<ul>\n<li>La hausse du niveau de qualit\u00e9 de l\u2019enseignement<\/li>\n<li>Les investissements en mati\u00e8re de formation des professeurs<\/li>\n<li>L\u2019introduction et l\u2019usage des TIC en salle de classe<\/li>\n<li>Le rapport qualit\u00e9-prix des services<\/li>\n<\/ul>\n<p>Dans le but de faire mieux conna\u00eetre ces aspects diff\u00e9rentiateurs aux professeurs d\u2019espagnol en France, l\u2019association des \u00e9coles d\u2019espagnol en Andalousie,: EEA a d\u00e9cid\u00e9, avec l\u2019appui de l\u2019Office du Tourisme Espagnol \u00e0 Paris, la\u00a0Consejeria\u00a0d\u2019\u00e9ducation et l\u2019Institut Cervantes, d\u2019organiser des Journ\u00e9es de Formation et Promotion.<br \/>\nCes journ\u00e9es se tiendront \u00e0 Lyon, Paris et Strasbourg les 21, 22 et 23 novembre respectivement. Elles auront pour objectifs de\u00a0:<\/p>\n<ul>\n<li>Cr\u00e9er un espace de rencontre entre professeurs et op\u00e9rateurs dans le secteur de l\u2019enseignement de l\u2019espagnol.<\/li>\n<li>Favoriser la formation continue des enseignants et les \u00e9changes professionnels.\n<\/li>\n<li>Pr\u00e9senter les s\u00e9jours linguistiques disponibles dans les \u00e9coles andalouses pour groupes scolaires.<\/li>\n<li>Promouvoir l\u2019enseignement et l\u2019apprentissage de l\u2019espagnol en Andalousie.<\/li>\n<\/ul>\n<p>Calendrier et horaires des journ\u00e9es\u00a0:<br \/>\n[ultimatetables 4 \/]<\/p>\n<h2 class=\"mef_title\">PROGRAMME D\u00c9TAILL\u00c9 DES ACTIVIT\u00c9S<\/h2>\n<p>[ultimatetables 5 \/]<br \/>\n&nbsp;<br \/>\n&nbsp;<\/p>\n<div class=\"mef_contact_form\">\n<h2>FORMULAIRE D\u2019INSCRIPTION<\/h2>\n<p>[raw][contact-form subject=\u00a0\u00bbMisi\u00f3n ELE Francia Inscripci\u00f3n\u00a0\u00bb to=\u00a0\u00bbinfo@aeea.org\u00a0\u00bb]<br \/>\n[contact-field label=\u00a0\u00bbNom et pr\u00e9nom\u00a0\u00bb type=\u00a0\u00bbname\u00a0\u00bb required=\u00a0\u00bbtrue\u00a0\u00bb \/]<br \/>\n[contact-field label=\u00a0\u00bbNom de l\u2019\u00e9cole ou l\u2019institution o\u00f9 le professeur exerce:\u00a0\u00bb type=\u00a0\u00bbtext\u00a0\u00bb \/]<br \/>\n[contact-field label=\u00a0\u00bbNiveau d\u2019espagnol des \u00e9l\u00e8ves:\u00a0\u00bb type=\u00a0\u00bbtext\u00a0\u00bb \/]<br \/>\n[contact-field label=\u00a0\u00bbVille\u00a0\u00bb type=\u00a0\u00bbtext\u00a0\u00bb \/]<br \/>\n[contact-field label=\u00a0\u00bbEmail\u00a0\u00bb type=\u00a0\u00bbemail\u00a0\u00bb required=\u00a0\u00bbtrue\u00a0\u00bb \/]<br \/>\n[contact-field label=\u00a0\u00bbT\u00e9l\u00e9phone\u00a0\u00bb type=\u00a0\u00bbtext\u00a0\u00bb \/]<br \/>\nJourn\u00e9e \u00e0 laquelle vous souhaitez assister:<br \/>\n[contact-field label=\u00a0\u00bbLyon, le 21 novembre\u00a0\u00bb type=\u00a0\u00bbcheckbox\u00a0\u00bb \/]<br \/>\n[contact-field label=\u00a0\u00bbStrasbourg, le 22 novembre\u00a0\u00bb type=\u00a0\u00bbcheckbox\u00a0\u00bb \/]<br \/>\n[contact-field label=\u00a0\u00bbParis, le 23 novembre\u00a0\u00bb type=\u00a0\u00bbcheckbox\u00a0\u00bb \/]<br \/>\nAtelier de formation auquel vous souhaitez assister:<br \/>\n[contact-field label=\u00a0\u00bbAtelier didactique EEA\u00a0:\u00a0\u2028Les facteurs qui influencent l\u2019apprentissage.\u00a0\u00bb type=\u00a0\u00bbcheckbox\u00a0\u00bb \/]<br \/>\n[contact-field label=\u00a0\u00bbCampus Difusi\u00f3n ELE\u00a0: un nouvel outil num\u00e9rique polyvalent pour l\u2019enseignement, l\u2019apprentissage et la formation.\u00a0\u00bb type=\u00a0\u00bbcheckbox\u00a0\u00bb\/]<br \/>\n&nbsp;<br \/>\n[\/contact-form][\/raw]<br \/>\n&nbsp;\n<\/p><\/div>\n<p>&nbsp;<br \/>\nEn cas de question ou de doute, n\u2019h\u00e9sitez pas \u00e0 nous contacter via email\u00a0:\u00a0info@aeea.org<\/p>\n<h3>Avec la collaboration de:<\/h3>\n<div class=\"MEF_colaboradores\"><a href=\"http:\/\/aeea.org\/wp-content\/uploads\/2016\/10\/andalucia.png\"><img loading=\"lazy\" decoding=\"async\" class=\"alignnone size-medium wp-image-3527\" src=\"http:\/\/aeea.org\/wp-content\/uploads\/2016\/10\/andalucia-300x84.png\" alt=\"andalucia\" width=\"300\" height=\"100\" \/><\/a><\/div>\n<div class=\"MEF_colaboradores\"><a href=\"http:\/\/aeea.org\/wp-content\/uploads\/2016\/10\/CervantesLOGO.jpg\"><img loading=\"lazy\" decoding=\"async\" class=\"alignnone size-medium wp-image-3528\" src=\"http:\/\/aeea.org\/wp-content\/uploads\/2016\/10\/CervantesLOGO.jpg\" alt=\"CervantesLOGO\" width=\"146\" height=\"100\" \/><\/a><\/div>\n<div class=\"MEF_colaboradores\"><a href=\"http:\/\/aeea.org\/wp-content\/uploads\/2016\/10\/mision-des-langues.png\"><img loading=\"lazy\" decoding=\"async\" src=\"http:\/\/aeea.org\/wp-content\/uploads\/2016\/10\/mision-des-langues.png\" alt=\"mision-des-langues\" width=\"77\" height=\"89\" class=\"alignnone size-full wp-image-3655\" \/><\/a><\/div>\n<div class=\"MEF_colaboradores\"><a href=\"http:\/\/aeea.org\/wp-content\/uploads\/2016\/10\/Difusio\u0301n.jpg\"><img loading=\"lazy\" decoding=\"async\" class=\"alignnone size-medium wp-image-3529\" src=\"http:\/\/aeea.org\/wp-content\/uploads\/2016\/10\/Difusio\u0301n.jpg\" alt=\"Difusio\u0301n\" width=\"100\" height=\"100\" \/><\/a><\/div>\n<div class=\"MEF_colaboradores\"><a href=\"http:\/\/aeea.org\/wp-content\/uploads\/2016\/10\/embajada_francia.jpg\"><img loading=\"lazy\" decoding=\"async\" class=\"alignnone size-medium wp-image-3530\" src=\"http:\/\/aeea.org\/wp-content\/uploads\/2016\/10\/embajada_espana_francia.jpg\" alt=\"embajada_francia\" width=\"165\" height=\"100\" \/><\/a><\/div>\n<div class=\"MEF_colaboradores\"><a href=\"http:\/\/aeea.org\/wp-content\/uploads\/2016\/10\/Turespana-Francia.jpg\"><img loading=\"lazy\" decoding=\"async\" class=\"alignnone size-medium wp-image-3531\" src=\"http:\/\/aeea.org\/wp-content\/uploads\/2016\/10\/Turespana-Francia.jpg\" alt=\"Turespana-Francia\" width=\"261\" height=\"100\" \/><\/a><\/div>\n","protected":false},"excerpt":{"rendered":"<p>L\u2019ANDALOUSIE\u00a0: UNE DESTINATION PRIVIL\u00c9GI\u00c9E POUR L\u2019IMMERSION LINGUISQUE Rencontres professionnelles, culturelles et informatives pour les professeurs d\u2019espagnol en France 21, 22 et 23 novembre 2016\u2028Lyon, Paris et Strasbourg Il y a actuellement pr\u00e8s de 2000000 d\u2019\u00e9l\u00e8ves d\u2019espagnol en France en secondaire. Avec pr\u00e8s de 30000 \u00e9l\u00e8ves d\u2019espagnol langue \u00e9trang\u00e8re par an et 29 \u00e9coles accr\u00e9dit\u00e9es par [&hellip;]<\/p>\n","protected":false},"author":6,"featured_media":0,"parent":0,"menu_order":0,"comment_status":"closed","ping_status":"closed","template":"","meta":{"_et_pb_use_builder":"on","_et_pb_old_content":"","_et_gb_content_width":"","_monsterinsights_skip_tracking":false,"_monsterinsights_sitenote_active":false,"_monsterinsights_sitenote_note":"","_monsterinsights_sitenote_category":0,"_joinchat":[],"footnotes":""},"class_list":["post-3560","page","type-page","status-publish","hentry"],"yoast_head":"<!-- This site is optimized with the Yoast SEO plugin v27.4 - https:\/\/yoast.com\/product\/yoast-seo-wordpress\/ -->\n<title>Rencontre ELE (Espagnol Langue Etrang\u00e8re) France - Asociaci\u00f3n Espa\u00f1ol en Andalucia<\/title>\n<meta name=\"robots\" content=\"index, follow, max-snippet:-1, max-image-preview:large, max-video-preview:-1\" \/>\n<link rel=\"canonical\" href=\"https:\/\/aeea.org\/fr\/rencontre-ele-france\/\" \/>\n<meta property=\"og:locale\" content=\"fr_FR\" \/>\n<meta property=\"og:type\" content=\"article\" \/>\n<meta property=\"og:title\" content=\"Rencontre ELE (Espagnol Langue Etrang\u00e8re) France - Asociaci\u00f3n Espa\u00f1ol en Andalucia\" \/>\n<meta property=\"og:description\" content=\"L\u2019ANDALOUSIE\u00a0: UNE DESTINATION PRIVIL\u00c9GI\u00c9E POUR L\u2019IMMERSION LINGUISQUE Rencontres professionnelles, culturelles et informatives pour les professeurs d\u2019espagnol en France 21, 22 et 23 novembre 2016\u2028Lyon, Paris et Strasbourg Il y a actuellement pr\u00e8s de 2000000 d\u2019\u00e9l\u00e8ves d\u2019espagnol en France en secondaire. Avec pr\u00e8s de 30000 \u00e9l\u00e8ves d\u2019espagnol langue \u00e9trang\u00e8re par an et 29 \u00e9coles accr\u00e9dit\u00e9es par [&hellip;]\" \/>\n<meta property=\"og:url\" content=\"https:\/\/aeea.org\/fr\/rencontre-ele-france\/\" \/>\n<meta property=\"og:site_name\" content=\"Asociaci\u00f3n Espa\u00f1ol en Andalucia\" \/>\n<meta property=\"article:modified_time\" content=\"2016-10-18T10:56:29+00:00\" \/>\n<meta property=\"og:image\" content=\"http:\/\/aeea.org\/wp-content\/uploads\/2016\/10\/andalucia-300x84.png\" \/>\n<meta name=\"twitter:card\" content=\"summary_large_image\" \/>\n<meta name=\"twitter:label1\" content=\"Dur\u00e9e de lecture estim\u00e9e\" \/>\n\t<meta name=\"twitter:data1\" content=\"2 minutes\" \/>\n<script type=\"application\/ld+json\" class=\"yoast-schema-graph\">{\"@context\":\"https:\\\/\\\/schema.org\",\"@graph\":[{\"@type\":\"WebPage\",\"@id\":\"https:\\\/\\\/aeea.org\\\/fr\\\/rencontre-ele-france\\\/\",\"url\":\"https:\\\/\\\/aeea.org\\\/fr\\\/rencontre-ele-france\\\/\",\"name\":\"Rencontre ELE (Espagnol Langue Etrang\u00e8re) France - Asociaci\u00f3n Espa\u00f1ol en Andalucia\",\"isPartOf\":{\"@id\":\"https:\\\/\\\/aeea.org\\\/#website\"},\"primaryImageOfPage\":{\"@id\":\"https:\\\/\\\/aeea.org\\\/fr\\\/rencontre-ele-france\\\/#primaryimage\"},\"image\":{\"@id\":\"https:\\\/\\\/aeea.org\\\/fr\\\/rencontre-ele-france\\\/#primaryimage\"},\"thumbnailUrl\":\"http:\\\/\\\/aeea.org\\\/wp-content\\\/uploads\\\/2016\\\/10\\\/andalucia-300x84.png\",\"datePublished\":\"2016-10-10T19:06:48+00:00\",\"dateModified\":\"2016-10-18T10:56:29+00:00\",\"breadcrumb\":{\"@id\":\"https:\\\/\\\/aeea.org\\\/fr\\\/rencontre-ele-france\\\/#breadcrumb\"},\"inLanguage\":\"fr-FR\",\"potentialAction\":[{\"@type\":\"ReadAction\",\"target\":[\"https:\\\/\\\/aeea.org\\\/fr\\\/rencontre-ele-france\\\/\"]}]},{\"@type\":\"ImageObject\",\"inLanguage\":\"fr-FR\",\"@id\":\"https:\\\/\\\/aeea.org\\\/fr\\\/rencontre-ele-france\\\/#primaryimage\",\"url\":\"http:\\\/\\\/aeea.org\\\/wp-content\\\/uploads\\\/2016\\\/10\\\/andalucia-300x84.png\",\"contentUrl\":\"http:\\\/\\\/aeea.org\\\/wp-content\\\/uploads\\\/2016\\\/10\\\/andalucia-300x84.png\"},{\"@type\":\"BreadcrumbList\",\"@id\":\"https:\\\/\\\/aeea.org\\\/fr\\\/rencontre-ele-france\\\/#breadcrumb\",\"itemListElement\":[{\"@type\":\"ListItem\",\"position\":1,\"name\":\"Home\",\"item\":\"https:\\\/\\\/aeea.org\\\/fr\\\/\"},{\"@type\":\"ListItem\",\"position\":2,\"name\":\"Rencontre ELE (Espagnol Langue Etrang\u00e8re) France\"}]},{\"@type\":\"WebSite\",\"@id\":\"https:\\\/\\\/aeea.org\\\/#website\",\"url\":\"https:\\\/\\\/aeea.org\\\/\",\"name\":\"Asociaci\u00f3n Espa\u00f1ol en Andalucia\",\"description\":\"\",\"potentialAction\":[{\"@type\":\"SearchAction\",\"target\":{\"@type\":\"EntryPoint\",\"urlTemplate\":\"https:\\\/\\\/aeea.org\\\/?s={search_term_string}\"},\"query-input\":{\"@type\":\"PropertyValueSpecification\",\"valueRequired\":true,\"valueName\":\"search_term_string\"}}],\"inLanguage\":\"fr-FR\"}]}<\/script>\n<!-- \/ Yoast SEO plugin. -->","yoast_head_json":{"title":"Rencontre ELE (Espagnol Langue Etrang\u00e8re) France - Asociaci\u00f3n Espa\u00f1ol en Andalucia","robots":{"index":"index","follow":"follow","max-snippet":"max-snippet:-1","max-image-preview":"max-image-preview:large","max-video-preview":"max-video-preview:-1"},"canonical":"https:\/\/aeea.org\/fr\/rencontre-ele-france\/","og_locale":"fr_FR","og_type":"article","og_title":"Rencontre ELE (Espagnol Langue Etrang\u00e8re) France - Asociaci\u00f3n Espa\u00f1ol en Andalucia","og_description":"L\u2019ANDALOUSIE\u00a0: UNE DESTINATION PRIVIL\u00c9GI\u00c9E POUR L\u2019IMMERSION LINGUISQUE Rencontres professionnelles, culturelles et informatives pour les professeurs d\u2019espagnol en France 21, 22 et 23 novembre 2016\u2028Lyon, Paris et Strasbourg Il y a actuellement pr\u00e8s de 2000000 d\u2019\u00e9l\u00e8ves d\u2019espagnol en France en secondaire. Avec pr\u00e8s de 30000 \u00e9l\u00e8ves d\u2019espagnol langue \u00e9trang\u00e8re par an et 29 \u00e9coles accr\u00e9dit\u00e9es par [&hellip;]","og_url":"https:\/\/aeea.org\/fr\/rencontre-ele-france\/","og_site_name":"Asociaci\u00f3n Espa\u00f1ol en Andalucia","article_modified_time":"2016-10-18T10:56:29+00:00","og_image":[{"url":"http:\/\/aeea.org\/wp-content\/uploads\/2016\/10\/andalucia-300x84.png","type":"","width":"","height":""}],"twitter_card":"summary_large_image","twitter_misc":{"Dur\u00e9e de lecture estim\u00e9e":"2 minutes"},"schema":{"@context":"https:\/\/schema.org","@graph":[{"@type":"WebPage","@id":"https:\/\/aeea.org\/fr\/rencontre-ele-france\/","url":"https:\/\/aeea.org\/fr\/rencontre-ele-france\/","name":"Rencontre ELE (Espagnol Langue Etrang\u00e8re) France - Asociaci\u00f3n Espa\u00f1ol en Andalucia","isPartOf":{"@id":"https:\/\/aeea.org\/#website"},"primaryImageOfPage":{"@id":"https:\/\/aeea.org\/fr\/rencontre-ele-france\/#primaryimage"},"image":{"@id":"https:\/\/aeea.org\/fr\/rencontre-ele-france\/#primaryimage"},"thumbnailUrl":"http:\/\/aeea.org\/wp-content\/uploads\/2016\/10\/andalucia-300x84.png","datePublished":"2016-10-10T19:06:48+00:00","dateModified":"2016-10-18T10:56:29+00:00","breadcrumb":{"@id":"https:\/\/aeea.org\/fr\/rencontre-ele-france\/#breadcrumb"},"inLanguage":"fr-FR","potentialAction":[{"@type":"ReadAction","target":["https:\/\/aeea.org\/fr\/rencontre-ele-france\/"]}]},{"@type":"ImageObject","inLanguage":"fr-FR","@id":"https:\/\/aeea.org\/fr\/rencontre-ele-france\/#primaryimage","url":"http:\/\/aeea.org\/wp-content\/uploads\/2016\/10\/andalucia-300x84.png","contentUrl":"http:\/\/aeea.org\/wp-content\/uploads\/2016\/10\/andalucia-300x84.png"},{"@type":"BreadcrumbList","@id":"https:\/\/aeea.org\/fr\/rencontre-ele-france\/#breadcrumb","itemListElement":[{"@type":"ListItem","position":1,"name":"Home","item":"https:\/\/aeea.org\/fr\/"},{"@type":"ListItem","position":2,"name":"Rencontre ELE (Espagnol Langue Etrang\u00e8re) France"}]},{"@type":"WebSite","@id":"https:\/\/aeea.org\/#website","url":"https:\/\/aeea.org\/","name":"Asociaci\u00f3n Espa\u00f1ol en Andalucia","description":"","potentialAction":[{"@type":"SearchAction","target":{"@type":"EntryPoint","urlTemplate":"https:\/\/aeea.org\/?s={search_term_string}"},"query-input":{"@type":"PropertyValueSpecification","valueRequired":true,"valueName":"search_term_string"}}],"inLanguage":"fr-FR"}]}},"_links":{"self":[{"href":"https:\/\/aeea.org\/fr\/wp-json\/wp\/v2\/pages\/3560","targetHints":{"allow":["GET"]}}],"collection":[{"href":"https:\/\/aeea.org\/fr\/wp-json\/wp\/v2\/pages"}],"about":[{"href":"https:\/\/aeea.org\/fr\/wp-json\/wp\/v2\/types\/page"}],"author":[{"embeddable":true,"href":"https:\/\/aeea.org\/fr\/wp-json\/wp\/v2\/users\/6"}],"replies":[{"embeddable":true,"href":"https:\/\/aeea.org\/fr\/wp-json\/wp\/v2\/comments?post=3560"}],"version-history":[{"count":12,"href":"https:\/\/aeea.org\/fr\/wp-json\/wp\/v2\/pages\/3560\/revisions"}],"predecessor-version":[{"id":3660,"href":"https:\/\/aeea.org\/fr\/wp-json\/wp\/v2\/pages\/3560\/revisions\/3660"}],"wp:attachment":[{"href":"https:\/\/aeea.org\/fr\/wp-json\/wp\/v2\/media?parent=3560"}],"curies":[{"name":"wp","href":"https:\/\/api.w.org\/{rel}","templated":true}]}}