{"id":7529,"date":"2021-08-04T11:09:26","date_gmt":"2021-08-04T11:09:26","guid":{"rendered":"https:\/\/aeea.org\/malaga-education-week\/"},"modified":"2021-08-04T11:09:26","modified_gmt":"2021-08-04T11:09:26","slug":"malaga-education-week","status":"publish","type":"page","link":"https:\/\/aeea.org\/fr\/malaga-education-week\/","title":{"rendered":"M\u00e1laga Education Week"},"content":{"rendered":"<p>[et_pb_section fb_built=\u00a0\u00bb1&Prime; disabled_on=\u00a0\u00bboff|off|off\u00a0\u00bb admin_label=\u00a0\u00bbHeader Section\u00a0\u00bb _builder_version=\u00a0\u00bb4.6.3&Prime; use_background_color_gradient=\u00a0\u00bbon\u00a0\u00bb background_color_gradient_start=\u00a0\u00bbrgba(20,61,88,0.65)\u00a0\u00bb background_color_gradient_end=\u00a0\u00bbrgba(20,61,88,0.53)\u00a0\u00bb background_color_gradient_overlays_image=\u00a0\u00bbon\u00a0\u00bb background_image=\u00a0\u00bbhttp:\/\/aeea.org\/wp-content\/uploads\/2020\/09\/cabecera-evento.jpg\u00a0\u00bb custom_margin=\u00a0\u00bb|||\u00a0\u00bb custom_padding=\u00a0\u00bb2vw|0px|2vw|0px|true|\u00a0\u00bb bottom_divider_color=\u00a0\u00bbrgba(5,41,66,0.3)\u00a0\u00bb bottom_divider_height=\u00a0\u00bb20vw\u00a0\u00bb animation_style=\u00a0\u00bbslide\u00a0\u00bb animation_direction=\u00a0\u00bbtop\u00a0\u00bb animation_intensity_slide=\u00a0\u00bb3%\u00a0\u00bb animation_starting_opacity=\u00a0\u00bb100%\u00a0\u00bb][et_pb_row disabled_on=\u00a0\u00bboff|off|off\u00a0\u00bb module_class=\u00a0\u00bb et_pb_row_fullwidth\u00a0\u00bb _builder_version=\u00a0\u00bb3.25&Prime; width=\u00a0\u00bb89%\u00a0\u00bb width_tablet=\u00a0\u00bb80%\u00a0\u00bb width_phone=\u00a0\u00bb\u00a0\u00bb width_last_edited=\u00a0\u00bbon|desktop\u00a0\u00bb max_width=\u00a0\u00bb89%\u00a0\u00bb max_width_tablet=\u00a0\u00bb80%\u00a0\u00bb max_width_phone=\u00a0\u00bb\u00a0\u00bb max_width_last_edited=\u00a0\u00bbon|desktop\u00a0\u00bb custom_padding=\u00a0\u00bb|||\u00a0\u00bb make_fullwidth=\u00a0\u00bbon\u00a0\u00bb][et_pb_column type=\u00a0\u00bb4_4&Prime; _builder_version=\u00a0\u00bb3.25&Prime; custom_padding=\u00a0\u00bb|||\u00a0\u00bb custom_padding__hover=\u00a0\u00bb|||\u00a0\u00bb][et_pb_text disabled_on=\u00a0\u00bboff|off|off\u00a0\u00bb _builder_version=\u00a0\u00bb4.6.3&Prime; text_font=\u00a0\u00bbMontserrat||||||||\u00a0\u00bb text_font_size=\u00a0\u00bb22px\u00a0\u00bb text_line_height=\u00a0\u00bb1.8em\u00a0\u00bb header_font=\u00a0\u00bbMontserrat|600|||||||\u00a0\u00bb header_text_align=\u00a0\u00bbcenter\u00a0\u00bb header_font_size=\u00a0\u00bb40px\u00a0\u00bb header_line_height=\u00a0\u00bb1.5em\u00a0\u00bb text_orientation=\u00a0\u00bbcenter\u00a0\u00bb background_layout=\u00a0\u00bbdark\u00a0\u00bb custom_margin=\u00a0\u00bb|||\u00a0\u00bb hover_enabled=\u00a0\u00bb0&Prime; header_font_size_tablet=\u00a0\u00bb50px\u00a0\u00bb header_font_size_phone=\u00a0\u00bb\u00a0\u00bb header_font_size_last_edited=\u00a0\u00bbon|desktop\u00a0\u00bb header_line_height_tablet=\u00a0\u00bb1.1em\u00a0\u00bb header_line_height_phone=\u00a0\u00bb1.2em\u00a0\u00bb header_line_height_last_edited=\u00a0\u00bboff|desktop\u00a0\u00bb sticky_enabled=\u00a0\u00bb0&Prime;]<\/p>\n<h1>M\u00e1laga Education Week<\/h1>\n<p>[\/et_pb_text][\/et_pb_column][\/et_pb_row][\/et_pb_section][et_pb_section fb_built=\u00a0\u00bb1&Prime; admin_label=\u00a0\u00bbFeatured Services Section\u00a0\u00bb _builder_version=\u00a0\u00bb3.22&Prime; custom_padding=\u00a0\u00bb0px|0px|0px|0px\u00a0\u00bb][et_pb_row admin_label=\u00a0\u00bbrow\u00a0\u00bb _builder_version=\u00a0\u00bb3.25&Prime; background_size=\u00a0\u00bbinitial\u00a0\u00bb background_position=\u00a0\u00bbtop_left\u00a0\u00bb background_repeat=\u00a0\u00bbrepeat\u00a0\u00bb][et_pb_column type=\u00a0\u00bb4_4&Prime; _builder_version=\u00a0\u00bb3.25&Prime; custom_padding=\u00a0\u00bb|||\u00a0\u00bb custom_padding__hover=\u00a0\u00bb|||\u00a0\u00bb][et_pb_text admin_label=\u00a0\u00bbText\u00a0\u00bb _builder_version=\u00a0\u00bb3.27.4&Prime; background_size=\u00a0\u00bbinitial\u00a0\u00bb background_position=\u00a0\u00bbtop_left\u00a0\u00bb background_repeat=\u00a0\u00bbrepeat\u00a0\u00bb]<\/p>\n<h1 style=\"text-align: justify\"><img loading=\"lazy\" decoding=\"async\" class=\"aligncenter size-large wp-image-1093\" alt=\"logo MEW\" src=\"http:\/\/aeea.org\/wp-content\/uploads\/2017\/12\/Logo-MEW-cabecera-1-1.png\" width=\"960\" height=\"273\" \/><\/h1>\n<h1 style=\"text-align: center;\">LA SEMANA DEL ESPA\u00d1OL EN M\u00c1LAGA<\/h1>\n<p><strong>La semana del espa\u00f1ol en M\u00e1laga<\/strong> se celebra del 7 al 14 de enero de 2018 y reunir\u00e1 en M\u00e1laga a profesores de espa\u00f1ol, acad\u00e9micos superiores, representantes de instituciones regionales y locales, educadores internacionales y consultores educativos. Los principales objetivos de este evento es la promoci\u00f3n del sector de turismo idiom\u00e1tico, unir a los dos principales intermediarios de las escuelas de espa\u00f1ol: agentes y profesores de espa\u00f1ol de todo el mundo y posicionar M\u00e1laga como uno de los destinos l\u00edder en el sector de la ense\u00f1anza del espa\u00f1ol. <\/p>\n<p>Comprender\u00e1 3 eventos separados pero interrelacionados:<\/p>\n<li style=\"text-align: justify\"><strong>ECELE: Encuentro Internacional de Centros de Ense\u00f1anza de Espa\u00f1ol<\/strong>\n<p>Encuentro organizado por FEDELE, la Federaci\u00f3n Espa\u00f1ola de Asociaciones de Escuelas de Espa\u00f1ol para Extranjeros, con el objetivo de reunir a directores y responsables acad\u00e9micos de centros de secundaria y formaci\u00f3n profesional de todo el mundo la oferta de cursos de espa\u00f1ol en Espa\u00f1a. El evento cuenta con seminarios y ponencias, workshop entre las escuelas y los profesores participantes, visitas t\u00e9cnicas a las escuelas y actividades culturales y gastron\u00f3micas.<br \/>\nPara m\u00e1s informaci\u00f3n sobre este evento, visita <strong><a href=\"http:\/\/fedele.org\/eventos\/ecele\/\"> la p\u00e1gina web de FEDELE<\/a><\/strong>.<\/p>\n<li style=\"text-align: justify\"><strong>Congreso sobre el espa\u00f1ol como recurso econ\u00f3mico<\/strong>\n<p>El Congreso de M\u00e1laga tiene como objetivo reunir a los expertos del sector de la educaci\u00f3n, a las empresas y al gobierno para evaluar el valor y el impacto de la lengua espa\u00f1ola. El congreso contar\u00e1 con ponencias y mesas redondas con representantes de los ministerios del Gobierno de Espa\u00f1a a nivel nacional y regional, Directores del Instituto Cervantes, Rectores de universidades, expertos en la ense\u00f1anza del idioma y representantes de Editoriales. Este congreso va destinado a Instituciones p\u00fablicas y privadas de M\u00e1laga y Andaluc\u00eda, escuelas de espa\u00f1ol, profesores participantes en el evento ECELE, agentes y escuelas participantes en el evento de ALPHE, estudiantes de espa\u00f1ol y medios de comunicaci\u00f3n y prensa.<br \/>\nPara m\u00e1s informaci\u00f3n sobre este evento, visita <strong><a href=\"http:\/\/malagaeducationweek.org\"> la p\u00e1gina web de M\u00e1laga Education Week<\/a><\/strong>.<\/p>\n<li style=\"text-align: justify\"><strong>Alphe Conferences &#8211; Spain<\/strong>\n<p>Alphe Conferences se ha consolidado como uno de los workshops m\u00e1s relevantes para el sector de turismo de idiomas y re\u00fane a profesionales de m\u00e1s de 30 pa\u00edses diferentes. Se trata de un encuentro profesional entre agencias y centros de idiomas de todas partes del mundo. Principalmente son agencias ling\u00fc\u00edsticas y centros de ense\u00f1anza de idiomas que se re\u00fanen durante dos d\u00edas a trav\u00e9s de citas de 30 minutos. Alphe Conferences se celebra cada a\u00f1o en diferentes pa\u00edses: Espa\u00f1a, Taiwan, Brasil, Turqu\u00eda, Reino Unido, Rusia, Corea y Jap\u00f3n. <strong>Alphe Spain<\/strong> lleva celebr\u00e1ndose cuatro a\u00f1os consecutivos y ha elegido la ciudad de <strong>M\u00e1laga<\/strong> como sede del evento.<br \/>\nPara m\u00e1s informaci\u00f3n sobre este evento, visita <strong><a href=\"http:\/\/www.studytravel.network\/alphe\/conferences\/spain\/\"> la p\u00e1gina web de Alphe Conferences<\/a><\/strong>.<\/p>\n<p><strong>Malaga Education Week <\/strong>cuenta con la organizaci\u00f3n y colaboraci\u00f3n de <strong>EEA, NACEM, Turismo de Andaluc\u00eda, Fedele, \u00c1rea de Turismo del Ayuntamiento de M\u00e1laga, Turismo de Espa\u00f1a, Turismo Costa del Sol, Universidad de M\u00e1laga, C\u00e1mara de Comercio de M\u00e1laga, Confederaci\u00f3n de Empresarios de M\u00e1laga y Extenda<\/strong>.<\/p>\n<p>Descarga aqu\u00ed <strong><a href=\"http:\/\/malagaeducationweek.org\/wp-content\/uploads\/Programa-general-Ma%CC%81laga-Education-Week-2018-Act.septiembre-2017-7.pdf\"> el programa del evento<\/a><\/strong>.<br \/>\n[\/et_pb_text][\/et_pb_column][\/et_pb_row][\/et_pb_section]<\/p>\n","protected":false},"excerpt":{"rendered":"<p>M\u00e1laga Education Week LA SEMANA DEL ESPA\u00d1OL EN M\u00c1LAGA La semana del espa\u00f1ol en M\u00e1laga se celebra del 7 al 14 de enero de 2018 y reunir\u00e1 en M\u00e1laga a profesores de espa\u00f1ol, acad\u00e9micos superiores, representantes de instituciones regionales y locales, educadores internacionales y consultores educativos. Los principales objetivos de este evento es la promoci\u00f3n [&hellip;]<\/p>\n","protected":false},"author":3,"featured_media":0,"parent":0,"menu_order":0,"comment_status":"closed","ping_status":"closed","template":"","meta":{"_et_pb_use_builder":"on","_et_pb_old_content":"","_et_gb_content_width":"","_monsterinsights_skip_tracking":false,"_monsterinsights_sitenote_active":false,"_monsterinsights_sitenote_note":"","_monsterinsights_sitenote_category":0,"_joinchat":[],"footnotes":""},"class_list":["post-7529","page","type-page","status-publish","hentry"],"yoast_head":"<!-- This site is optimized with the Yoast SEO plugin v27.4 - https:\/\/yoast.com\/product\/yoast-seo-wordpress\/ -->\n<title>M\u00e1laga Education Week - Asociaci\u00f3n Espa\u00f1ol en Andalucia<\/title>\n<meta name=\"robots\" content=\"index, follow, max-snippet:-1, max-image-preview:large, max-video-preview:-1\" \/>\n<link rel=\"canonical\" href=\"https:\/\/aeea.org\/fr\/malaga-education-week\/\" \/>\n<meta property=\"og:locale\" content=\"fr_FR\" \/>\n<meta property=\"og:type\" content=\"article\" \/>\n<meta property=\"og:title\" content=\"M\u00e1laga Education Week - Asociaci\u00f3n Espa\u00f1ol en Andalucia\" \/>\n<meta property=\"og:description\" content=\"M\u00e1laga Education Week LA SEMANA DEL ESPA\u00d1OL EN M\u00c1LAGA La semana del espa\u00f1ol en M\u00e1laga se celebra del 7 al 14 de enero de 2018 y reunir\u00e1 en M\u00e1laga a profesores de espa\u00f1ol, acad\u00e9micos superiores, representantes de instituciones regionales y locales, educadores internacionales y consultores educativos. Los principales objetivos de este evento es la promoci\u00f3n [&hellip;]\" \/>\n<meta property=\"og:url\" content=\"https:\/\/aeea.org\/fr\/malaga-education-week\/\" \/>\n<meta property=\"og:site_name\" content=\"Asociaci\u00f3n Espa\u00f1ol en Andalucia\" \/>\n<meta property=\"og:image\" content=\"http:\/\/aeea.org\/wp-content\/uploads\/2017\/12\/Logo-MEW-cabecera-1-1.png\" \/>\n<meta name=\"twitter:card\" content=\"summary_large_image\" \/>\n<meta name=\"twitter:label1\" content=\"Dur\u00e9e de lecture estim\u00e9e\" \/>\n\t<meta name=\"twitter:data1\" content=\"4 minutes\" \/>\n<script type=\"application\/ld+json\" class=\"yoast-schema-graph\">{\"@context\":\"https:\\\/\\\/schema.org\",\"@graph\":[{\"@type\":\"WebPage\",\"@id\":\"https:\\\/\\\/aeea.org\\\/fr\\\/malaga-education-week\\\/\",\"url\":\"https:\\\/\\\/aeea.org\\\/fr\\\/malaga-education-week\\\/\",\"name\":\"M\u00e1laga Education Week - Asociaci\u00f3n Espa\u00f1ol en Andalucia\",\"isPartOf\":{\"@id\":\"https:\\\/\\\/aeea.org\\\/#website\"},\"primaryImageOfPage\":{\"@id\":\"https:\\\/\\\/aeea.org\\\/fr\\\/malaga-education-week\\\/#primaryimage\"},\"image\":{\"@id\":\"https:\\\/\\\/aeea.org\\\/fr\\\/malaga-education-week\\\/#primaryimage\"},\"thumbnailUrl\":\"http:\\\/\\\/aeea.org\\\/wp-content\\\/uploads\\\/2017\\\/12\\\/Logo-MEW-cabecera-1-1.png\",\"datePublished\":\"2021-08-04T11:09:26+00:00\",\"breadcrumb\":{\"@id\":\"https:\\\/\\\/aeea.org\\\/fr\\\/malaga-education-week\\\/#breadcrumb\"},\"inLanguage\":\"fr-FR\",\"potentialAction\":[{\"@type\":\"ReadAction\",\"target\":[\"https:\\\/\\\/aeea.org\\\/fr\\\/malaga-education-week\\\/\"]}]},{\"@type\":\"ImageObject\",\"inLanguage\":\"fr-FR\",\"@id\":\"https:\\\/\\\/aeea.org\\\/fr\\\/malaga-education-week\\\/#primaryimage\",\"url\":\"http:\\\/\\\/aeea.org\\\/wp-content\\\/uploads\\\/2017\\\/12\\\/Logo-MEW-cabecera-1-1.png\",\"contentUrl\":\"http:\\\/\\\/aeea.org\\\/wp-content\\\/uploads\\\/2017\\\/12\\\/Logo-MEW-cabecera-1-1.png\"},{\"@type\":\"BreadcrumbList\",\"@id\":\"https:\\\/\\\/aeea.org\\\/fr\\\/malaga-education-week\\\/#breadcrumb\",\"itemListElement\":[{\"@type\":\"ListItem\",\"position\":1,\"name\":\"Home\",\"item\":\"https:\\\/\\\/aeea.org\\\/fr\\\/\"},{\"@type\":\"ListItem\",\"position\":2,\"name\":\"M\u00e1laga Education Week\"}]},{\"@type\":\"WebSite\",\"@id\":\"https:\\\/\\\/aeea.org\\\/#website\",\"url\":\"https:\\\/\\\/aeea.org\\\/\",\"name\":\"Asociaci\u00f3n Espa\u00f1ol en Andalucia\",\"description\":\"\",\"potentialAction\":[{\"@type\":\"SearchAction\",\"target\":{\"@type\":\"EntryPoint\",\"urlTemplate\":\"https:\\\/\\\/aeea.org\\\/?s={search_term_string}\"},\"query-input\":{\"@type\":\"PropertyValueSpecification\",\"valueRequired\":true,\"valueName\":\"search_term_string\"}}],\"inLanguage\":\"fr-FR\"}]}<\/script>\n<!-- \/ Yoast SEO plugin. -->","yoast_head_json":{"title":"M\u00e1laga Education Week - Asociaci\u00f3n Espa\u00f1ol en Andalucia","robots":{"index":"index","follow":"follow","max-snippet":"max-snippet:-1","max-image-preview":"max-image-preview:large","max-video-preview":"max-video-preview:-1"},"canonical":"https:\/\/aeea.org\/fr\/malaga-education-week\/","og_locale":"fr_FR","og_type":"article","og_title":"M\u00e1laga Education Week - Asociaci\u00f3n Espa\u00f1ol en Andalucia","og_description":"M\u00e1laga Education Week LA SEMANA DEL ESPA\u00d1OL EN M\u00c1LAGA La semana del espa\u00f1ol en M\u00e1laga se celebra del 7 al 14 de enero de 2018 y reunir\u00e1 en M\u00e1laga a profesores de espa\u00f1ol, acad\u00e9micos superiores, representantes de instituciones regionales y locales, educadores internacionales y consultores educativos. Los principales objetivos de este evento es la promoci\u00f3n [&hellip;]","og_url":"https:\/\/aeea.org\/fr\/malaga-education-week\/","og_site_name":"Asociaci\u00f3n Espa\u00f1ol en Andalucia","og_image":[{"url":"http:\/\/aeea.org\/wp-content\/uploads\/2017\/12\/Logo-MEW-cabecera-1-1.png","type":"","width":"","height":""}],"twitter_card":"summary_large_image","twitter_misc":{"Dur\u00e9e de lecture estim\u00e9e":"4 minutes"},"schema":{"@context":"https:\/\/schema.org","@graph":[{"@type":"WebPage","@id":"https:\/\/aeea.org\/fr\/malaga-education-week\/","url":"https:\/\/aeea.org\/fr\/malaga-education-week\/","name":"M\u00e1laga Education Week - Asociaci\u00f3n Espa\u00f1ol en Andalucia","isPartOf":{"@id":"https:\/\/aeea.org\/#website"},"primaryImageOfPage":{"@id":"https:\/\/aeea.org\/fr\/malaga-education-week\/#primaryimage"},"image":{"@id":"https:\/\/aeea.org\/fr\/malaga-education-week\/#primaryimage"},"thumbnailUrl":"http:\/\/aeea.org\/wp-content\/uploads\/2017\/12\/Logo-MEW-cabecera-1-1.png","datePublished":"2021-08-04T11:09:26+00:00","breadcrumb":{"@id":"https:\/\/aeea.org\/fr\/malaga-education-week\/#breadcrumb"},"inLanguage":"fr-FR","potentialAction":[{"@type":"ReadAction","target":["https:\/\/aeea.org\/fr\/malaga-education-week\/"]}]},{"@type":"ImageObject","inLanguage":"fr-FR","@id":"https:\/\/aeea.org\/fr\/malaga-education-week\/#primaryimage","url":"http:\/\/aeea.org\/wp-content\/uploads\/2017\/12\/Logo-MEW-cabecera-1-1.png","contentUrl":"http:\/\/aeea.org\/wp-content\/uploads\/2017\/12\/Logo-MEW-cabecera-1-1.png"},{"@type":"BreadcrumbList","@id":"https:\/\/aeea.org\/fr\/malaga-education-week\/#breadcrumb","itemListElement":[{"@type":"ListItem","position":1,"name":"Home","item":"https:\/\/aeea.org\/fr\/"},{"@type":"ListItem","position":2,"name":"M\u00e1laga Education Week"}]},{"@type":"WebSite","@id":"https:\/\/aeea.org\/#website","url":"https:\/\/aeea.org\/","name":"Asociaci\u00f3n Espa\u00f1ol en Andalucia","description":"","potentialAction":[{"@type":"SearchAction","target":{"@type":"EntryPoint","urlTemplate":"https:\/\/aeea.org\/?s={search_term_string}"},"query-input":{"@type":"PropertyValueSpecification","valueRequired":true,"valueName":"search_term_string"}}],"inLanguage":"fr-FR"}]}},"_links":{"self":[{"href":"https:\/\/aeea.org\/fr\/wp-json\/wp\/v2\/pages\/7529","targetHints":{"allow":["GET"]}}],"collection":[{"href":"https:\/\/aeea.org\/fr\/wp-json\/wp\/v2\/pages"}],"about":[{"href":"https:\/\/aeea.org\/fr\/wp-json\/wp\/v2\/types\/page"}],"author":[{"embeddable":true,"href":"https:\/\/aeea.org\/fr\/wp-json\/wp\/v2\/users\/3"}],"replies":[{"embeddable":true,"href":"https:\/\/aeea.org\/fr\/wp-json\/wp\/v2\/comments?post=7529"}],"version-history":[{"count":1,"href":"https:\/\/aeea.org\/fr\/wp-json\/wp\/v2\/pages\/7529\/revisions"}],"predecessor-version":[{"id":7530,"href":"https:\/\/aeea.org\/fr\/wp-json\/wp\/v2\/pages\/7529\/revisions\/7530"}],"wp:attachment":[{"href":"https:\/\/aeea.org\/fr\/wp-json\/wp\/v2\/media?parent=7529"}],"curies":[{"name":"wp","href":"https:\/\/api.w.org\/{rel}","templated":true}]}}