{"id":7545,"date":"2021-08-04T11:47:54","date_gmt":"2021-08-04T11:47:54","guid":{"rendered":"https:\/\/aeea.org\/jornadas-docentes-de-espanol-en-escocia-2019\/"},"modified":"2021-08-04T11:47:54","modified_gmt":"2021-08-04T11:47:54","slug":"jornadas-docentes-de-espanol-en-escocia-2019","status":"publish","type":"page","link":"https:\/\/aeea.org\/fr\/jornadas-docentes-de-espanol-en-escocia-2019\/","title":{"rendered":"Jornadas Docentes de Espa\u00f1ol en Escocia 2019"},"content":{"rendered":"<p>[et_pb_section fb_built=\u00a0\u00bb1&Prime; disabled_on=\u00a0\u00bboff|off|off\u00a0\u00bb admin_label=\u00a0\u00bbHeader Section\u00a0\u00bb _builder_version=\u00a0\u00bb4.6.3&Prime; use_background_color_gradient=\u00a0\u00bbon\u00a0\u00bb background_color_gradient_start=\u00a0\u00bbrgba(20,61,88,0.65)\u00a0\u00bb background_color_gradient_end=\u00a0\u00bbrgba(20,61,88,0.53)\u00a0\u00bb background_color_gradient_overlays_image=\u00a0\u00bbon\u00a0\u00bb background_image=\u00a0\u00bbhttp:\/\/aeea.org\/wp-content\/uploads\/2020\/09\/cabecera-evento.jpg\u00a0\u00bb custom_margin=\u00a0\u00bb|||\u00a0\u00bb custom_padding=\u00a0\u00bb2vw|0px|2vw|0px|true|\u00a0\u00bb bottom_divider_color=\u00a0\u00bbrgba(5,41,66,0.3)\u00a0\u00bb bottom_divider_height=\u00a0\u00bb20vw\u00a0\u00bb animation_style=\u00a0\u00bbslide\u00a0\u00bb animation_direction=\u00a0\u00bbtop\u00a0\u00bb animation_intensity_slide=\u00a0\u00bb3%\u00a0\u00bb animation_starting_opacity=\u00a0\u00bb100%\u00a0\u00bb][et_pb_row disabled_on=\u00a0\u00bboff|off|off\u00a0\u00bb module_class=\u00a0\u00bb et_pb_row_fullwidth\u00a0\u00bb _builder_version=\u00a0\u00bb3.25&Prime; width=\u00a0\u00bb89%\u00a0\u00bb width_tablet=\u00a0\u00bb80%\u00a0\u00bb width_phone=\u00a0\u00bb\u00a0\u00bb width_last_edited=\u00a0\u00bbon|desktop\u00a0\u00bb max_width=\u00a0\u00bb89%\u00a0\u00bb max_width_tablet=\u00a0\u00bb80%\u00a0\u00bb max_width_phone=\u00a0\u00bb\u00a0\u00bb max_width_last_edited=\u00a0\u00bbon|desktop\u00a0\u00bb custom_padding=\u00a0\u00bb|||\u00a0\u00bb make_fullwidth=\u00a0\u00bbon\u00a0\u00bb][et_pb_column type=\u00a0\u00bb4_4&Prime; _builder_version=\u00a0\u00bb3.25&Prime; custom_padding=\u00a0\u00bb|||\u00a0\u00bb custom_padding__hover=\u00a0\u00bb|||\u00a0\u00bb][et_pb_text disabled_on=\u00a0\u00bboff|off|off\u00a0\u00bb _builder_version=\u00a0\u00bb4.6.3&Prime; text_font=\u00a0\u00bbMontserrat||||||||\u00a0\u00bb text_font_size=\u00a0\u00bb22px\u00a0\u00bb text_line_height=\u00a0\u00bb1.8em\u00a0\u00bb header_font=\u00a0\u00bbMontserrat|600|||||||\u00a0\u00bb header_text_align=\u00a0\u00bbcenter\u00a0\u00bb header_font_size=\u00a0\u00bb40px\u00a0\u00bb header_line_height=\u00a0\u00bb1.5em\u00a0\u00bb text_orientation=\u00a0\u00bbcenter\u00a0\u00bb background_layout=\u00a0\u00bbdark\u00a0\u00bb custom_margin=\u00a0\u00bb|||\u00a0\u00bb hover_enabled=\u00a0\u00bb0&Prime; header_font_size_tablet=\u00a0\u00bb50px\u00a0\u00bb header_font_size_phone=\u00a0\u00bb\u00a0\u00bb header_font_size_last_edited=\u00a0\u00bbon|desktop\u00a0\u00bb header_line_height_tablet=\u00a0\u00bb1.1em\u00a0\u00bb header_line_height_phone=\u00a0\u00bb1.2em\u00a0\u00bb header_line_height_last_edited=\u00a0\u00bboff|desktop\u00a0\u00bb sticky_enabled=\u00a0\u00bb0&Prime;]<\/p>\n<h1>Jornadas docentes ELE en Escocia 2019<\/h1>\n<p>[\/et_pb_text][\/et_pb_column][\/et_pb_row][\/et_pb_section][et_pb_section fb_built=\u00a0\u00bb1&Prime; admin_label=\u00a0\u00bbFeatured Services Section\u00a0\u00bb _builder_version=\u00a0\u00bb3.22&Prime; custom_padding=\u00a0\u00bb0px|0px|0px|0px\u00a0\u00bb][et_pb_row admin_label=\u00a0\u00bbrow\u00a0\u00bb _builder_version=\u00a0\u00bb3.25&Prime; background_size=\u00a0\u00bbinitial\u00a0\u00bb background_position=\u00a0\u00bbtop_left\u00a0\u00bb background_repeat=\u00a0\u00bbrepeat\u00a0\u00bb][et_pb_column type=\u00a0\u00bb4_4&Prime; _builder_version=\u00a0\u00bb3.25&Prime; custom_padding=\u00a0\u00bb|||\u00a0\u00bb custom_padding__hover=\u00a0\u00bb|||\u00a0\u00bb][et_pb_text admin_label=\u00a0\u00bbText\u00a0\u00bb _builder_version=\u00a0\u00bb4.6.3&Prime; background_size=\u00a0\u00bbinitial\u00a0\u00bb background_position=\u00a0\u00bbtop_left\u00a0\u00bb background_repeat=\u00a0\u00bbrepeat\u00a0\u00bb hover_enabled=\u00a0\u00bb0&Prime; sticky_enabled=\u00a0\u00bb0&Prime;]<\/p>\n<h2 style=\"text-align: center;\"><strong>Encuentro did\u00e1ctico, cultural e informativo\u00a0<\/strong><strong>para profesores\u00a0<\/strong><strong>de espa\u00f1ol en Escocia<\/strong><\/h2>\n<h2 style=\"text-align: center;\">Fecha de celebraci\u00f3n: 16 de noviembre de 2019<\/h2>\n<h2 style=\"text-align: center;\">Edimburgo<\/h2>\n<p>Le ense\u00f1anza del espa\u00f1ol es un fen\u00f3meno din\u00e1mico y en continuo crecimiento. Cada vez m\u00e1s, el espa\u00f1ol se est\u00e1 integrando en los planes educativos de muchos pa\u00edses gracias al gran inter\u00e9s que ha despertado siempre entre los pa\u00edses europeos.<\/p>\n<p>Actualmente, la popularidad entre el p\u00fablico marca su potencial para seguir expandi\u00e9ndose y crecer con fuerza. Seg\u00fan el Informe <strong>\u201cLa ense\u00f1anza del espa\u00f1ol en el Reino Unido\u201d<\/strong> elaborado por el <strong>Ministerio de Educaci\u00f3n y Formaci\u00f3n Profesional<\/strong>, los datos m\u00e1s recientes muestran que el espa\u00f1ol es la segunda lengua extranjera m\u00e1s popular en el Reino Unido. Asimismo, el <strong>Instituto Cervantes<\/strong> pone de manifiesto en el informe del a\u00f1o pasado titulado <strong>\u201cEl Espa\u00f1ol, una lengua viva\u201d <\/strong>un total de <strong>519.660 estudiantes de espa\u00f1ol<\/strong>.<\/p>\n<p><strong>EEA, la Asociaci\u00f3n de Escuelas de Espa\u00f1ol de Andaluc\u00eda<\/strong>, representa actualmente <strong>32 escuelas<\/strong> de espa\u00f1ol en diferentes lugares de Andaluc\u00eda, que ofrecen una gama variada de cursos y actividades para toda clase de estudiantes, tanto a grupos como a individuales, creando una inmersi\u00f3n en la cultura espa\u00f1ola para el estudiante, favoreciendo as\u00ed su aprendizaje. Todas nuestras escuelas cumplen con unos requisitos de calidad y est\u00e1n <strong>acreditadas por el Instituto Cervantes<\/strong>.<\/p>\n<p>Andaluc\u00eda se posiciona como un destino privilegiado para el estudio del espa\u00f1ol gracias a la variedad de paisajes, el clima y la riqueza cultural que son factores claves que constituyen un entorno de ensue\u00f1o para sus visitantes.<\/p>\n<p>El a\u00f1o pasado, s\u00f3lo las escuelas de EEA recibieron <strong>m\u00e1s de 38.000 estudiantes<\/strong> extranjeros, de los cuales m\u00e1s de 3800 proven\u00edan del Reino Unido. En los \u00faltimos a\u00f1os, el sector en Andaluc\u00eda ha incrementado la calidad de la ense\u00f1anza y ha invertido en la formaci\u00f3n del personal docente, lo que conlleva a este posicionamiento.<\/p>\n<p>Con el fin de dar a conocer estos aspectos a los profesores de espa\u00f1ol en Polonia, EEA organiza unas jornadas formativas y de promoci\u00f3n del espa\u00f1ol destinadas a profesores de espa\u00f1ol de diferentes centros de ense\u00f1anza de Polonia.<\/p>\n<p>Los principales objetivos de estas jornadas son:<\/p>\n<ul>\n<li>Crear un espacio de encuentro entre profesores de espa\u00f1ol para el intercambio de experiencias docentes.<\/li>\n<li>Favorecer la formaci\u00f3n continua del profesorado.<\/li>\n<li>Presentar la oferta de viajes ling\u00fc\u00edsticos que ofrecen las escuelas de EEA para estudiantes de espa\u00f1ol en Polonia.<\/li>\n<\/ul>\n<h3 class=\"mef_title\">DETALLES DE LAS JORNADAS:<\/h3>\n<ul>\n<li><strong>S\u00e1bado, 16 de noviembre\u00a02019<\/strong>, Universidad de Edimburgo, School of Languages, Literatures and Cultures.<\/li>\n<li><strong>Direcci\u00f3n<\/strong>: 50 George Square, EH8 9LH Edinburgh.<\/li>\n<\/ul>\n<p>Para ver el programa de las Jornadas, pincha aqu\u00ed:\u00a0<a href=\"http:\/\/aeea.org\/wp-content\/uploads\/2019\/10\/Programa-Jornadas-Docentes-Edimburgo.pdf\" target=\"_blank\" rel=\"noopener noreferrer\">Programa Jornadas Docentes de Espa\u00f1ol en Escocia<\/a><\/p>\n<p>ENTRE LOS PROFESORES ASISTENTES,\u00a0SE SORTEAR\u00c1N\u00a0<strong>BECAS<\/strong>\u00a0QUE INCLUYEN UN CURSO DE FORMACI\u00d3N EN UNA DE NUESTRAS ESCUELAS DE ANDALUC\u00cdA.<\/p>\n<p>&nbsp;<\/p>\n<h3>INSCRIPCI\u00d3N:<\/h3>\n<p>LA PARTICIPACI\u00d3N EN LAS JORNADAS FORMATIVAS ES GRATUITA. Si\u00a0deseas asistir, por favor, inscr\u00edbete pinchando\u00a0aqu\u00ed: <a href=\"https:\/\/espanolenedimburgo.eventbrite.co.uk\" target=\"_blank\" rel=\"noopener noreferrer\">Formulario de inscripci\u00f3n<\/a><\/p>\n<p>Para cualquier duda o consulta, puedes ponerte en contacto con la organizaci\u00f3n:\u00a0<strong>info@aeea.org<\/strong><\/p>\n<div class=\"MEF_colaboradores\"><a href=\"http:\/\/aeea.org\/wp-content\/uploads\/2019\/09\/Colegio-Maravillas_logo-300x117.jpg\"><\/a><\/div>\n<p>[\/et_pb_text][et_pb_text _builder_version=\u00a0\u00bb4.6.3&Prime; _module_preset=\u00a0\u00bbdefault\u00a0\u00bb]<\/p>\n<h3 style=\"text-align: center;\">Con la colaboraci\u00f3n de:<\/h3>\n<div class=\"MEF_colaboradores\"><\/div>\n<p>[\/et_pb_text][\/et_pb_column][\/et_pb_row][et_pb_row column_structure=\u00a0\u00bb1_6,1_6,1_6,1_6,1_6,1_6&Prime; _builder_version=\u00a0\u00bb4.6.3&Prime; _module_preset=\u00a0\u00bbdefault\u00a0\u00bb][et_pb_column type=\u00a0\u00bb1_6&Prime; _builder_version=\u00a0\u00bb4.6.3&Prime; _module_preset=\u00a0\u00bbdefault\u00a0\u00bb][et_pb_image src=\u00a0\u00bbhttp:\/\/aeea.org\/wp-content\/uploads\/2016\/10\/andalucia.png\u00a0\u00bb title_text=\u00a0\u00bbandalucia\u00a0\u00bb _builder_version=\u00a0\u00bb4.6.3&Prime; _module_preset=\u00a0\u00bbdefault\u00a0\u00bb][\/et_pb_image][\/et_pb_column][et_pb_column type=\u00a0\u00bb1_6&Prime; _builder_version=\u00a0\u00bb4.6.3&Prime; _module_preset=\u00a0\u00bbdefault\u00a0\u00bb][et_pb_image src=\u00a0\u00bbhttp:\/\/aeea.org\/wp-content\/uploads\/2019\/10\/39-1.jpg\u00a0\u00bb title_text=\u00a0\u00bb39-1&Prime; _builder_version=\u00a0\u00bb4.6.3&Prime; _module_preset=\u00a0\u00bbdefault\u00a0\u00bb hover_enabled=\u00a0\u00bb0&Prime; sticky_enabled=\u00a0\u00bb0&Prime;][\/et_pb_image][\/et_pb_column][et_pb_column type=\u00a0\u00bb1_6&Prime; _builder_version=\u00a0\u00bb4.6.3&Prime; _module_preset=\u00a0\u00bbdefault\u00a0\u00bb][et_pb_image src=\u00a0\u00bbhttp:\/\/aeea.org\/wp-content\/uploads\/2019\/10\/logo.png\u00a0\u00bb title_text=\u00a0\u00bblogo\u00a0\u00bb _builder_version=\u00a0\u00bb4.6.3&Prime; _module_preset=\u00a0\u00bbdefault\u00a0\u00bb hover_enabled=\u00a0\u00bb0&Prime; sticky_enabled=\u00a0\u00bb0&Prime;][\/et_pb_image][\/et_pb_column][et_pb_column type=\u00a0\u00bb1_6&Prime; _builder_version=\u00a0\u00bb4.6.3&Prime; _module_preset=\u00a0\u00bbdefault\u00a0\u00bb][et_pb_image src=\u00a0\u00bbhttp:\/\/aeea.org\/wp-content\/uploads\/2019\/10\/Logo-Bilingualism-Matters.png\u00a0\u00bb title_text=\u00a0\u00bbLogo Bilingualism Matters\u00a0\u00bb _builder_version=\u00a0\u00bb4.6.3&Prime; _module_preset=\u00a0\u00bbdefault\u00a0\u00bb hover_enabled=\u00a0\u00bb0&Prime; sticky_enabled=\u00a0\u00bb0&Prime;][\/et_pb_image][\/et_pb_column][et_pb_column type=\u00a0\u00bb1_6&Prime; _builder_version=\u00a0\u00bb4.6.3&Prime; _module_preset=\u00a0\u00bbdefault\u00a0\u00bb][et_pb_image src=\u00a0\u00bbhttp:\/\/aeea.org\/wp-content\/uploads\/2019\/10\/Clic-IH-Sevilla_logo.jpg\u00a0\u00bb title_text=\u00a0\u00bbClic IH Sevilla_logo\u00a0\u00bb _builder_version=\u00a0\u00bb4.6.3&Prime; _module_preset=\u00a0\u00bbdefault\u00a0\u00bb hover_enabled=\u00a0\u00bb0&Prime; sticky_enabled=\u00a0\u00bb0&Prime;][\/et_pb_image][\/et_pb_column][et_pb_column type=\u00a0\u00bb1_6&Prime; _builder_version=\u00a0\u00bb4.6.3&Prime; _module_preset=\u00a0\u00bbdefault\u00a0\u00bb][et_pb_image src=\u00a0\u00bbhttp:\/\/aeea.org\/wp-content\/uploads\/2020\/04\/Ten_logo2.jpg\u00a0\u00bb title_text=\u00a0\u00bbTen_logo2&Prime; _builder_version=\u00a0\u00bb4.6.3&Prime; _module_preset=\u00a0\u00bbdefault\u00a0\u00bb hover_enabled=\u00a0\u00bb0&Prime; sticky_enabled=\u00a0\u00bb0&Prime;][\/et_pb_image][\/et_pb_column][\/et_pb_row][et_pb_row column_structure=\u00a0\u00bb1_6,1_6,1_6,1_6,1_6,1_6&Prime; _builder_version=\u00a0\u00bb4.6.3&Prime; _module_preset=\u00a0\u00bbdefault\u00a0\u00bb][et_pb_column type=\u00a0\u00bb1_6&Prime; _builder_version=\u00a0\u00bb4.6.3&Prime; _module_preset=\u00a0\u00bbdefault\u00a0\u00bb][et_pb_image src=\u00a0\u00bbhttp:\/\/aeea.org\/wp-content\/uploads\/2019\/03\/Proyecto-Espa\u00f1ol_logo.jpg\u00a0\u00bb title_text=\u00a0\u00bbProyecto Espa\u00f1ol_logo\u00a0\u00bb _builder_version=\u00a0\u00bb4.6.3&Prime; _module_preset=\u00a0\u00bbdefault\u00a0\u00bb hover_enabled=\u00a0\u00bb0&Prime; sticky_enabled=\u00a0\u00bb0&Prime;][\/et_pb_image][\/et_pb_column][et_pb_column type=\u00a0\u00bb1_6&Prime; _builder_version=\u00a0\u00bb4.6.3&Prime; _module_preset=\u00a0\u00bbdefault\u00a0\u00bb][et_pb_image src=\u00a0\u00bbhttp:\/\/aeea.org\/wp-content\/uploads\/2019\/03\/EI-Cervantes_logo-e1587474045154.jpg\u00a0\u00bb title_text=\u00a0\u00bbEI Cervantes_logo\u00a0\u00bb _builder_version=\u00a0\u00bb4.6.3&Prime; _module_preset=\u00a0\u00bbdefault\u00a0\u00bb hover_enabled=\u00a0\u00bb0&Prime; sticky_enabled=\u00a0\u00bb0&Prime;][\/et_pb_image][\/et_pb_column][et_pb_column type=\u00a0\u00bb1_6&Prime; _builder_version=\u00a0\u00bb4.6.3&Prime; _module_preset=\u00a0\u00bbdefault\u00a0\u00bb][et_pb_image src=\u00a0\u00bbhttp:\/\/aeea.org\/wp-content\/uploads\/2019\/10\/Giralda_logo.png\u00a0\u00bb title_text=\u00a0\u00bbGiralda_logo\u00a0\u00bb _builder_version=\u00a0\u00bb4.6.3&Prime; _module_preset=\u00a0\u00bbdefault\u00a0\u00bb hover_enabled=\u00a0\u00bb0&Prime; sticky_enabled=\u00a0\u00bb0&Prime;][\/et_pb_image][\/et_pb_column][et_pb_column type=\u00a0\u00bb1_6&Prime; _builder_version=\u00a0\u00bb4.6.3&Prime; _module_preset=\u00a0\u00bbdefault\u00a0\u00bb][et_pb_image src=\u00a0\u00bbhttp:\/\/aeea.org\/wp-content\/uploads\/2019\/03\/Debla_logo.bmp\u00a0\u00bb title_text=\u00a0\u00bbDebla_logo\u00a0\u00bb _builder_version=\u00a0\u00bb4.6.3&Prime; _module_preset=\u00a0\u00bbdefault\u00a0\u00bb hover_enabled=\u00a0\u00bb0&Prime; sticky_enabled=\u00a0\u00bb0&Prime;][\/et_pb_image][\/et_pb_column][et_pb_column type=\u00a0\u00bb1_6&Prime; _builder_version=\u00a0\u00bb4.6.3&Prime; _module_preset=\u00a0\u00bbdefault\u00a0\u00bb][et_pb_image src=\u00a0\u00bbhttp:\/\/aeea.org\/wp-content\/uploads\/2014\/05\/malaca.jpg\u00a0\u00bb title_text=\u00a0\u00bbmalaca\u00a0\u00bb _builder_version=\u00a0\u00bb4.6.3&Prime; _module_preset=\u00a0\u00bbdefault\u00a0\u00bb hover_enabled=\u00a0\u00bb0&Prime; sticky_enabled=\u00a0\u00bb0&Prime;][\/et_pb_image][\/et_pb_column][et_pb_column type=\u00a0\u00bb1_6&Prime; _builder_version=\u00a0\u00bb4.6.3&Prime; _module_preset=\u00a0\u00bbdefault\u00a0\u00bb][et_pb_image src=\u00a0\u00bbhttp:\/\/aeea.org\/wp-content\/uploads\/2019\/09\/Colegio-Maravillas_logo.jpg\u00a0\u00bb title_text=\u00a0\u00bbColegio Maravillas_logo\u00a0\u00bb _builder_version=\u00a0\u00bb4.6.3&Prime; _module_preset=\u00a0\u00bbdefault\u00a0\u00bb hover_enabled=\u00a0\u00bb0&Prime; sticky_enabled=\u00a0\u00bb0&Prime;][\/et_pb_image][\/et_pb_column][\/et_pb_row][\/et_pb_section]<\/p>\n","protected":false},"excerpt":{"rendered":"<p>Jornadas docentes ELE en Escocia 2019 Encuentro did\u00e1ctico, cultural e informativo\u00a0para profesores\u00a0de espa\u00f1ol en Escocia Fecha de celebraci\u00f3n: 16 de noviembre de 2019 Edimburgo Le ense\u00f1anza del espa\u00f1ol es un fen\u00f3meno din\u00e1mico y en continuo crecimiento. Cada vez m\u00e1s, el espa\u00f1ol se est\u00e1 integrando en los planes educativos de muchos pa\u00edses gracias al gran inter\u00e9s [&hellip;]<\/p>\n","protected":false},"author":3,"featured_media":0,"parent":0,"menu_order":0,"comment_status":"closed","ping_status":"closed","template":"","meta":{"_et_pb_use_builder":"on","_et_pb_old_content":"","_et_gb_content_width":"","_monsterinsights_skip_tracking":false,"_monsterinsights_sitenote_active":false,"_monsterinsights_sitenote_note":"","_monsterinsights_sitenote_category":0,"_joinchat":[],"footnotes":""},"class_list":["post-7545","page","type-page","status-publish","hentry"],"yoast_head":"<!-- This site is optimized with the Yoast SEO plugin v27.4 - https:\/\/yoast.com\/product\/yoast-seo-wordpress\/ -->\n<title>Jornadas Docentes de Espa\u00f1ol en Escocia 2019 - Asociaci\u00f3n Espa\u00f1ol en Andalucia<\/title>\n<meta name=\"robots\" content=\"index, follow, max-snippet:-1, max-image-preview:large, max-video-preview:-1\" \/>\n<link rel=\"canonical\" href=\"https:\/\/aeea.org\/fr\/jornadas-docentes-de-espanol-en-escocia-2019\/\" \/>\n<meta property=\"og:locale\" content=\"fr_FR\" \/>\n<meta property=\"og:type\" content=\"article\" \/>\n<meta property=\"og:title\" content=\"Jornadas Docentes de Espa\u00f1ol en Escocia 2019 - Asociaci\u00f3n Espa\u00f1ol en Andalucia\" \/>\n<meta property=\"og:description\" content=\"Jornadas docentes ELE en Escocia 2019 Encuentro did\u00e1ctico, cultural e informativo\u00a0para profesores\u00a0de espa\u00f1ol en Escocia Fecha de celebraci\u00f3n: 16 de noviembre de 2019 Edimburgo Le ense\u00f1anza del espa\u00f1ol es un fen\u00f3meno din\u00e1mico y en continuo crecimiento. Cada vez m\u00e1s, el espa\u00f1ol se est\u00e1 integrando en los planes educativos de muchos pa\u00edses gracias al gran inter\u00e9s [&hellip;]\" \/>\n<meta property=\"og:url\" content=\"https:\/\/aeea.org\/fr\/jornadas-docentes-de-espanol-en-escocia-2019\/\" \/>\n<meta property=\"og:site_name\" content=\"Asociaci\u00f3n Espa\u00f1ol en Andalucia\" \/>\n<meta name=\"twitter:card\" content=\"summary_large_image\" \/>\n<meta name=\"twitter:label1\" content=\"Dur\u00e9e de lecture estim\u00e9e\" \/>\n\t<meta name=\"twitter:data1\" content=\"7 minutes\" \/>\n<script type=\"application\/ld+json\" class=\"yoast-schema-graph\">{\"@context\":\"https:\\\/\\\/schema.org\",\"@graph\":[{\"@type\":\"WebPage\",\"@id\":\"https:\\\/\\\/aeea.org\\\/fr\\\/jornadas-docentes-de-espanol-en-escocia-2019\\\/\",\"url\":\"https:\\\/\\\/aeea.org\\\/fr\\\/jornadas-docentes-de-espanol-en-escocia-2019\\\/\",\"name\":\"Jornadas Docentes de Espa\u00f1ol en Escocia 2019 - Asociaci\u00f3n Espa\u00f1ol en Andalucia\",\"isPartOf\":{\"@id\":\"https:\\\/\\\/aeea.org\\\/#website\"},\"datePublished\":\"2021-08-04T11:47:54+00:00\",\"breadcrumb\":{\"@id\":\"https:\\\/\\\/aeea.org\\\/fr\\\/jornadas-docentes-de-espanol-en-escocia-2019\\\/#breadcrumb\"},\"inLanguage\":\"fr-FR\",\"potentialAction\":[{\"@type\":\"ReadAction\",\"target\":[\"https:\\\/\\\/aeea.org\\\/fr\\\/jornadas-docentes-de-espanol-en-escocia-2019\\\/\"]}]},{\"@type\":\"BreadcrumbList\",\"@id\":\"https:\\\/\\\/aeea.org\\\/fr\\\/jornadas-docentes-de-espanol-en-escocia-2019\\\/#breadcrumb\",\"itemListElement\":[{\"@type\":\"ListItem\",\"position\":1,\"name\":\"Home\",\"item\":\"https:\\\/\\\/aeea.org\\\/fr\\\/\"},{\"@type\":\"ListItem\",\"position\":2,\"name\":\"Jornadas Docentes de Espa\u00f1ol en Escocia 2019\"}]},{\"@type\":\"WebSite\",\"@id\":\"https:\\\/\\\/aeea.org\\\/#website\",\"url\":\"https:\\\/\\\/aeea.org\\\/\",\"name\":\"Asociaci\u00f3n Espa\u00f1ol en Andalucia\",\"description\":\"\",\"potentialAction\":[{\"@type\":\"SearchAction\",\"target\":{\"@type\":\"EntryPoint\",\"urlTemplate\":\"https:\\\/\\\/aeea.org\\\/?s={search_term_string}\"},\"query-input\":{\"@type\":\"PropertyValueSpecification\",\"valueRequired\":true,\"valueName\":\"search_term_string\"}}],\"inLanguage\":\"fr-FR\"}]}<\/script>\n<!-- \/ Yoast SEO plugin. -->","yoast_head_json":{"title":"Jornadas Docentes de Espa\u00f1ol en Escocia 2019 - Asociaci\u00f3n Espa\u00f1ol en Andalucia","robots":{"index":"index","follow":"follow","max-snippet":"max-snippet:-1","max-image-preview":"max-image-preview:large","max-video-preview":"max-video-preview:-1"},"canonical":"https:\/\/aeea.org\/fr\/jornadas-docentes-de-espanol-en-escocia-2019\/","og_locale":"fr_FR","og_type":"article","og_title":"Jornadas Docentes de Espa\u00f1ol en Escocia 2019 - Asociaci\u00f3n Espa\u00f1ol en Andalucia","og_description":"Jornadas docentes ELE en Escocia 2019 Encuentro did\u00e1ctico, cultural e informativo\u00a0para profesores\u00a0de espa\u00f1ol en Escocia Fecha de celebraci\u00f3n: 16 de noviembre de 2019 Edimburgo Le ense\u00f1anza del espa\u00f1ol es un fen\u00f3meno din\u00e1mico y en continuo crecimiento. Cada vez m\u00e1s, el espa\u00f1ol se est\u00e1 integrando en los planes educativos de muchos pa\u00edses gracias al gran inter\u00e9s [&hellip;]","og_url":"https:\/\/aeea.org\/fr\/jornadas-docentes-de-espanol-en-escocia-2019\/","og_site_name":"Asociaci\u00f3n Espa\u00f1ol en Andalucia","twitter_card":"summary_large_image","twitter_misc":{"Dur\u00e9e de lecture estim\u00e9e":"7 minutes"},"schema":{"@context":"https:\/\/schema.org","@graph":[{"@type":"WebPage","@id":"https:\/\/aeea.org\/fr\/jornadas-docentes-de-espanol-en-escocia-2019\/","url":"https:\/\/aeea.org\/fr\/jornadas-docentes-de-espanol-en-escocia-2019\/","name":"Jornadas Docentes de Espa\u00f1ol en Escocia 2019 - Asociaci\u00f3n Espa\u00f1ol en Andalucia","isPartOf":{"@id":"https:\/\/aeea.org\/#website"},"datePublished":"2021-08-04T11:47:54+00:00","breadcrumb":{"@id":"https:\/\/aeea.org\/fr\/jornadas-docentes-de-espanol-en-escocia-2019\/#breadcrumb"},"inLanguage":"fr-FR","potentialAction":[{"@type":"ReadAction","target":["https:\/\/aeea.org\/fr\/jornadas-docentes-de-espanol-en-escocia-2019\/"]}]},{"@type":"BreadcrumbList","@id":"https:\/\/aeea.org\/fr\/jornadas-docentes-de-espanol-en-escocia-2019\/#breadcrumb","itemListElement":[{"@type":"ListItem","position":1,"name":"Home","item":"https:\/\/aeea.org\/fr\/"},{"@type":"ListItem","position":2,"name":"Jornadas Docentes de Espa\u00f1ol en Escocia 2019"}]},{"@type":"WebSite","@id":"https:\/\/aeea.org\/#website","url":"https:\/\/aeea.org\/","name":"Asociaci\u00f3n Espa\u00f1ol en Andalucia","description":"","potentialAction":[{"@type":"SearchAction","target":{"@type":"EntryPoint","urlTemplate":"https:\/\/aeea.org\/?s={search_term_string}"},"query-input":{"@type":"PropertyValueSpecification","valueRequired":true,"valueName":"search_term_string"}}],"inLanguage":"fr-FR"}]}},"_links":{"self":[{"href":"https:\/\/aeea.org\/fr\/wp-json\/wp\/v2\/pages\/7545","targetHints":{"allow":["GET"]}}],"collection":[{"href":"https:\/\/aeea.org\/fr\/wp-json\/wp\/v2\/pages"}],"about":[{"href":"https:\/\/aeea.org\/fr\/wp-json\/wp\/v2\/types\/page"}],"author":[{"embeddable":true,"href":"https:\/\/aeea.org\/fr\/wp-json\/wp\/v2\/users\/3"}],"replies":[{"embeddable":true,"href":"https:\/\/aeea.org\/fr\/wp-json\/wp\/v2\/comments?post=7545"}],"version-history":[{"count":2,"href":"https:\/\/aeea.org\/fr\/wp-json\/wp\/v2\/pages\/7545\/revisions"}],"predecessor-version":[{"id":7547,"href":"https:\/\/aeea.org\/fr\/wp-json\/wp\/v2\/pages\/7545\/revisions\/7547"}],"wp:attachment":[{"href":"https:\/\/aeea.org\/fr\/wp-json\/wp\/v2\/media?parent=7545"}],"curies":[{"name":"wp","href":"https:\/\/api.w.org\/{rel}","templated":true}]}}