{"id":7551,"date":"2021-08-04T11:48:41","date_gmt":"2021-08-04T11:48:41","guid":{"rendered":"https:\/\/aeea.org\/i-jornada-docente-eea\/"},"modified":"2021-08-04T11:48:41","modified_gmt":"2021-08-04T11:48:41","slug":"i-jornada-docente-eea","status":"publish","type":"page","link":"https:\/\/aeea.org\/fr\/i-jornada-docente-eea\/","title":{"rendered":"I Jornada Docente EEA"},"content":{"rendered":"<p>[et_pb_section fb_built=\u00a0\u00bb1&Prime; disabled_on=\u00a0\u00bboff|off|off\u00a0\u00bb admin_label=\u00a0\u00bbHeader Section\u00a0\u00bb _builder_version=\u00a0\u00bb4.6.3&Prime; use_background_color_gradient=\u00a0\u00bbon\u00a0\u00bb background_color_gradient_start=\u00a0\u00bbrgba(20,61,88,0.65)\u00a0\u00bb background_color_gradient_end=\u00a0\u00bbrgba(20,61,88,0.53)\u00a0\u00bb background_color_gradient_overlays_image=\u00a0\u00bbon\u00a0\u00bb background_image=\u00a0\u00bbhttp:\/\/aeea.org\/wp-content\/uploads\/2020\/09\/cabecera-evento.jpg\u00a0\u00bb custom_margin=\u00a0\u00bb|||\u00a0\u00bb custom_padding=\u00a0\u00bb2vw|0px|2vw|0px|true|\u00a0\u00bb bottom_divider_color=\u00a0\u00bbrgba(5,41,66,0.3)\u00a0\u00bb bottom_divider_height=\u00a0\u00bb20vw\u00a0\u00bb animation_style=\u00a0\u00bbslide\u00a0\u00bb animation_direction=\u00a0\u00bbtop\u00a0\u00bb animation_intensity_slide=\u00a0\u00bb3%\u00a0\u00bb animation_starting_opacity=\u00a0\u00bb100%\u00a0\u00bb][et_pb_row disabled_on=\u00a0\u00bboff|off|off\u00a0\u00bb module_class=\u00a0\u00bb et_pb_row_fullwidth\u00a0\u00bb _builder_version=\u00a0\u00bb3.25&Prime; width=\u00a0\u00bb89%\u00a0\u00bb width_tablet=\u00a0\u00bb80%\u00a0\u00bb width_phone=\u00a0\u00bb\u00a0\u00bb width_last_edited=\u00a0\u00bbon|desktop\u00a0\u00bb max_width=\u00a0\u00bb89%\u00a0\u00bb max_width_tablet=\u00a0\u00bb80%\u00a0\u00bb max_width_phone=\u00a0\u00bb\u00a0\u00bb max_width_last_edited=\u00a0\u00bbon|desktop\u00a0\u00bb custom_padding=\u00a0\u00bb|||\u00a0\u00bb make_fullwidth=\u00a0\u00bbon\u00a0\u00bb][et_pb_column type=\u00a0\u00bb4_4&Prime; _builder_version=\u00a0\u00bb3.25&Prime; custom_padding=\u00a0\u00bb|||\u00a0\u00bb custom_padding__hover=\u00a0\u00bb|||\u00a0\u00bb][et_pb_text disabled_on=\u00a0\u00bboff|off|off\u00a0\u00bb _builder_version=\u00a0\u00bb4.6.3&Prime; text_font=\u00a0\u00bbMontserrat||||||||\u00a0\u00bb text_font_size=\u00a0\u00bb22px\u00a0\u00bb text_line_height=\u00a0\u00bb1.8em\u00a0\u00bb header_font=\u00a0\u00bbMontserrat|600|||||||\u00a0\u00bb header_text_align=\u00a0\u00bbcenter\u00a0\u00bb header_font_size=\u00a0\u00bb40px\u00a0\u00bb header_line_height=\u00a0\u00bb1.5em\u00a0\u00bb text_orientation=\u00a0\u00bbcenter\u00a0\u00bb background_layout=\u00a0\u00bbdark\u00a0\u00bb custom_margin=\u00a0\u00bb|||\u00a0\u00bb hover_enabled=\u00a0\u00bb0&Prime; header_font_size_tablet=\u00a0\u00bb50px\u00a0\u00bb header_font_size_phone=\u00a0\u00bb\u00a0\u00bb header_font_size_last_edited=\u00a0\u00bbon|desktop\u00a0\u00bb header_line_height_tablet=\u00a0\u00bb1.1em\u00a0\u00bb header_line_height_phone=\u00a0\u00bb1.2em\u00a0\u00bb header_line_height_last_edited=\u00a0\u00bboff|desktop\u00a0\u00bb sticky_enabled=\u00a0\u00bb0&Prime;]<\/p>\n<h1>I Jornada docente EEA 2019<\/h1>\n<p>[\/et_pb_text][\/et_pb_column][\/et_pb_row][\/et_pb_section][et_pb_section fb_built=\u00a0\u00bb1&Prime; admin_label=\u00a0\u00bbFeatured Services Section\u00a0\u00bb _builder_version=\u00a0\u00bb3.22&Prime; custom_padding=\u00a0\u00bb0px|0px|0px|0px\u00a0\u00bb][et_pb_row admin_label=\u00a0\u00bbrow\u00a0\u00bb _builder_version=\u00a0\u00bb3.25&Prime; background_size=\u00a0\u00bbinitial\u00a0\u00bb background_position=\u00a0\u00bbtop_left\u00a0\u00bb background_repeat=\u00a0\u00bbrepeat\u00a0\u00bb][et_pb_column type=\u00a0\u00bb4_4&Prime; _builder_version=\u00a0\u00bb3.25&Prime; custom_padding=\u00a0\u00bb|||\u00a0\u00bb custom_padding__hover=\u00a0\u00bb|||\u00a0\u00bb][et_pb_text admin_label=\u00a0\u00bbText\u00a0\u00bb _builder_version=\u00a0\u00bb4.6.3&Prime; background_size=\u00a0\u00bbinitial\u00a0\u00bb background_position=\u00a0\u00bbtop_left\u00a0\u00bb background_repeat=\u00a0\u00bbrepeat\u00a0\u00bb hover_enabled=\u00a0\u00bb0&Prime; sticky_enabled=\u00a0\u00bb0&Prime;]<\/p>\n<h2 style=\"text-align: center;\">23 de marzo de 2019<br \/> Centro Universitario EUSA en Sevilla<\/h2>\n<h1 style=\"text-align: justify;\"><img loading=\"lazy\" decoding=\"async\" class=\"aligncenter size-large wp-image-1093\" alt=\"foto formaci\u00f3n\" src=\"http:\/\/aeea.org\/wp-content\/uploads\/2019\/03\/Foto-formaci\u00f3n_1.jpg\" width=\"960\" height=\"273\" \/><\/h1>\n<p>Durante el a\u00f1o 2018, <strong>m\u00e1s de 38.000 estudiantes<\/strong> han estudiado espa\u00f1ol en las escuelas de <strong>EEA, la Asociaci\u00f3n de Escuelas de Espa\u00f1ol para Extranjeros de Andaluc\u00eda<\/strong>, <strong>aumentando en un 15%<\/strong> el n\u00famero de estudiantes en el \u00faltimo a\u00f1o. La estancia media de un estudiante que estudia espa\u00f1ol en una escuela de Andaluc\u00eda est\u00e1 entre 2 y 3 semanas, realizando un curso intensivo de 20 horas de clases semanales.<\/p>\n<p>El principal prop\u00f3sito de las escuelas de EEA es ofrecer a los estudiantes <strong>una ense\u00f1anza y unos servicios de calidad<\/strong>. Por ello, EEA planifica cada a\u00f1o un <strong>programa formativo<\/strong> para los profesores de espa\u00f1ol de sus escuelas asociadas. A trav\u00e9s de estas acciones formativas, se fomenta la modernizaci\u00f3n del sector y el uso de las nuevas tecnolog\u00edas en la empresa para crear materiales did\u00e1cticos y nuevas herramientas de trabajo. Adem\u00e1s, evita el estancamiento y mejora la situaci\u00f3n laboral de los trabajadores, mejorando a su vez la calidad de las empresas y, de esta manera, la promoci\u00f3n y crecimiento del sector la ense\u00f1anza de espa\u00f1ol para extranjeros. Tambi\u00e9n, <strong>se fomenta la formaci\u00f3n continua<\/strong> de los profesionales para su actualizaci\u00f3n y mejora de la cualificaci\u00f3n, la competitividad y la innovaci\u00f3n, adem\u00e1s de potenciar la capacidad de cada uno.<\/p>\n<p><strong>Los principales objetivos de estas jornadas son: <\/strong><\/p>\n<ul>\n<li>Mejorar la competitividad y la adaptaci\u00f3n profesional de los trabajadores de las escuelas de espa\u00f1ol.<\/li>\n<li>Trabajar los aspectos m\u00e1s importantes de la ense\u00f1anza del espa\u00f1ol hoy en d\u00eda, como son la competencia intercultural y la conciencia ling\u00fc\u00edstica en la clase ELE.<\/li>\n<li>Crear un espacio de encuentro entre profesores de espa\u00f1ol para el intercambio de experiencias docentes.<\/li>\n<li>Favorecer la formaci\u00f3n continua del profesorado.<\/li>\n<\/ul>\n<h1 class=\"mef_title\">PROGRAMA DE LA JORNADA:<\/h1>\n<p>[ultimatetables 9 \/]<\/p>\n<p>Pincha aqu\u00ed para ver la <strong><a href=\"http:\/\/aeea.org\/wp-content\/uploads\/2019\/03\/Ponentes-Sevilla.pdf\" target=\"_blank\" rel=\"noopener noreferrer\">informaci\u00f3n sobre los ponentes<\/a>. <\/strong><\/p>\n<h1 class=\"mef_title\"><strong><a href=\"https:\/\/goo.gl\/forms\/JHzqkAcWLHtjqhmA3\">FORMULARIO DE INSCRIPCI\u00d3N<\/a><\/strong><\/h1>\n<p>LA PARTICIPACI\u00d3N EN ESTA JORNADA ES GRATIS PARA LOS PROFESORES DE ESPA\u00d1OL DE ESCUELAS EEA. PARA EL RESTO DE PROFESORES DE ESPA\u00d1OL QUE QUIERAN PARTICIPAR, TENDR\u00c1 UN COSTE DE 30\u20ac.<\/p>\n<p>Para cualquier duda o consulta, puedes ponerte en contacto con la organizaci\u00f3n: <strong>info@aeea.org<\/strong><\/p>\n<p>[\/et_pb_text][\/et_pb_column][\/et_pb_row][\/et_pb_section]<\/p>\n","protected":false},"excerpt":{"rendered":"<p>I Jornada docente EEA 2019 23 de marzo de 2019 Centro Universitario EUSA en Sevilla Durante el a\u00f1o 2018, m\u00e1s de 38.000 estudiantes han estudiado espa\u00f1ol en las escuelas de EEA, la Asociaci\u00f3n de Escuelas de Espa\u00f1ol para Extranjeros de Andaluc\u00eda, aumentando en un 15% el n\u00famero de estudiantes en el \u00faltimo a\u00f1o. La estancia [&hellip;]<\/p>\n","protected":false},"author":3,"featured_media":0,"parent":0,"menu_order":0,"comment_status":"closed","ping_status":"closed","template":"","meta":{"_et_pb_use_builder":"on","_et_pb_old_content":"","_et_gb_content_width":"","_monsterinsights_skip_tracking":false,"_monsterinsights_sitenote_active":false,"_monsterinsights_sitenote_note":"","_monsterinsights_sitenote_category":0,"_joinchat":[],"footnotes":""},"class_list":["post-7551","page","type-page","status-publish","hentry"],"yoast_head":"<!-- This site is optimized with the Yoast SEO plugin v27.4 - https:\/\/yoast.com\/product\/yoast-seo-wordpress\/ -->\n<title>I Jornada Docente EEA - Asociaci\u00f3n Espa\u00f1ol en Andalucia<\/title>\n<meta name=\"robots\" content=\"index, follow, max-snippet:-1, max-image-preview:large, max-video-preview:-1\" \/>\n<link rel=\"canonical\" href=\"https:\/\/aeea.org\/fr\/i-jornada-docente-eea\/\" \/>\n<meta property=\"og:locale\" content=\"fr_FR\" \/>\n<meta property=\"og:type\" content=\"article\" \/>\n<meta property=\"og:title\" content=\"I Jornada Docente EEA - Asociaci\u00f3n Espa\u00f1ol en Andalucia\" \/>\n<meta property=\"og:description\" content=\"I Jornada docente EEA 2019 23 de marzo de 2019 Centro Universitario EUSA en Sevilla Durante el a\u00f1o 2018, m\u00e1s de 38.000 estudiantes han estudiado espa\u00f1ol en las escuelas de EEA, la Asociaci\u00f3n de Escuelas de Espa\u00f1ol para Extranjeros de Andaluc\u00eda, aumentando en un 15% el n\u00famero de estudiantes en el \u00faltimo a\u00f1o. La estancia [&hellip;]\" \/>\n<meta property=\"og:url\" content=\"https:\/\/aeea.org\/fr\/i-jornada-docente-eea\/\" \/>\n<meta property=\"og:site_name\" content=\"Asociaci\u00f3n Espa\u00f1ol en Andalucia\" \/>\n<meta property=\"og:image\" content=\"http:\/\/aeea.org\/wp-content\/uploads\/2019\/03\/Foto-formaci\u00f3n_1.jpg\" \/>\n<meta name=\"twitter:card\" content=\"summary_large_image\" \/>\n<meta name=\"twitter:label1\" content=\"Dur\u00e9e de lecture estim\u00e9e\" \/>\n\t<meta name=\"twitter:data1\" content=\"3 minutes\" \/>\n<script type=\"application\/ld+json\" class=\"yoast-schema-graph\">{\"@context\":\"https:\\\/\\\/schema.org\",\"@graph\":[{\"@type\":\"WebPage\",\"@id\":\"https:\\\/\\\/aeea.org\\\/fr\\\/i-jornada-docente-eea\\\/\",\"url\":\"https:\\\/\\\/aeea.org\\\/fr\\\/i-jornada-docente-eea\\\/\",\"name\":\"I Jornada Docente EEA - Asociaci\u00f3n Espa\u00f1ol en Andalucia\",\"isPartOf\":{\"@id\":\"https:\\\/\\\/aeea.org\\\/#website\"},\"datePublished\":\"2021-08-04T11:48:41+00:00\",\"breadcrumb\":{\"@id\":\"https:\\\/\\\/aeea.org\\\/fr\\\/i-jornada-docente-eea\\\/#breadcrumb\"},\"inLanguage\":\"fr-FR\",\"potentialAction\":[{\"@type\":\"ReadAction\",\"target\":[\"https:\\\/\\\/aeea.org\\\/fr\\\/i-jornada-docente-eea\\\/\"]}]},{\"@type\":\"BreadcrumbList\",\"@id\":\"https:\\\/\\\/aeea.org\\\/fr\\\/i-jornada-docente-eea\\\/#breadcrumb\",\"itemListElement\":[{\"@type\":\"ListItem\",\"position\":1,\"name\":\"Home\",\"item\":\"https:\\\/\\\/aeea.org\\\/fr\\\/\"},{\"@type\":\"ListItem\",\"position\":2,\"name\":\"I Jornada Docente EEA\"}]},{\"@type\":\"WebSite\",\"@id\":\"https:\\\/\\\/aeea.org\\\/#website\",\"url\":\"https:\\\/\\\/aeea.org\\\/\",\"name\":\"Asociaci\u00f3n Espa\u00f1ol en Andalucia\",\"description\":\"\",\"potentialAction\":[{\"@type\":\"SearchAction\",\"target\":{\"@type\":\"EntryPoint\",\"urlTemplate\":\"https:\\\/\\\/aeea.org\\\/?s={search_term_string}\"},\"query-input\":{\"@type\":\"PropertyValueSpecification\",\"valueRequired\":true,\"valueName\":\"search_term_string\"}}],\"inLanguage\":\"fr-FR\"}]}<\/script>\n<!-- \/ Yoast SEO plugin. -->","yoast_head_json":{"title":"I Jornada Docente EEA - Asociaci\u00f3n Espa\u00f1ol en Andalucia","robots":{"index":"index","follow":"follow","max-snippet":"max-snippet:-1","max-image-preview":"max-image-preview:large","max-video-preview":"max-video-preview:-1"},"canonical":"https:\/\/aeea.org\/fr\/i-jornada-docente-eea\/","og_locale":"fr_FR","og_type":"article","og_title":"I Jornada Docente EEA - Asociaci\u00f3n Espa\u00f1ol en Andalucia","og_description":"I Jornada docente EEA 2019 23 de marzo de 2019 Centro Universitario EUSA en Sevilla Durante el a\u00f1o 2018, m\u00e1s de 38.000 estudiantes han estudiado espa\u00f1ol en las escuelas de EEA, la Asociaci\u00f3n de Escuelas de Espa\u00f1ol para Extranjeros de Andaluc\u00eda, aumentando en un 15% el n\u00famero de estudiantes en el \u00faltimo a\u00f1o. La estancia [&hellip;]","og_url":"https:\/\/aeea.org\/fr\/i-jornada-docente-eea\/","og_site_name":"Asociaci\u00f3n Espa\u00f1ol en Andalucia","og_image":[{"url":"http:\/\/aeea.org\/wp-content\/uploads\/2019\/03\/Foto-formaci\u00f3n_1.jpg","type":"","width":"","height":""}],"twitter_card":"summary_large_image","twitter_misc":{"Dur\u00e9e de lecture estim\u00e9e":"3 minutes"},"schema":{"@context":"https:\/\/schema.org","@graph":[{"@type":"WebPage","@id":"https:\/\/aeea.org\/fr\/i-jornada-docente-eea\/","url":"https:\/\/aeea.org\/fr\/i-jornada-docente-eea\/","name":"I Jornada Docente EEA - Asociaci\u00f3n Espa\u00f1ol en Andalucia","isPartOf":{"@id":"https:\/\/aeea.org\/#website"},"datePublished":"2021-08-04T11:48:41+00:00","breadcrumb":{"@id":"https:\/\/aeea.org\/fr\/i-jornada-docente-eea\/#breadcrumb"},"inLanguage":"fr-FR","potentialAction":[{"@type":"ReadAction","target":["https:\/\/aeea.org\/fr\/i-jornada-docente-eea\/"]}]},{"@type":"BreadcrumbList","@id":"https:\/\/aeea.org\/fr\/i-jornada-docente-eea\/#breadcrumb","itemListElement":[{"@type":"ListItem","position":1,"name":"Home","item":"https:\/\/aeea.org\/fr\/"},{"@type":"ListItem","position":2,"name":"I Jornada Docente EEA"}]},{"@type":"WebSite","@id":"https:\/\/aeea.org\/#website","url":"https:\/\/aeea.org\/","name":"Asociaci\u00f3n Espa\u00f1ol en Andalucia","description":"","potentialAction":[{"@type":"SearchAction","target":{"@type":"EntryPoint","urlTemplate":"https:\/\/aeea.org\/?s={search_term_string}"},"query-input":{"@type":"PropertyValueSpecification","valueRequired":true,"valueName":"search_term_string"}}],"inLanguage":"fr-FR"}]}},"_links":{"self":[{"href":"https:\/\/aeea.org\/fr\/wp-json\/wp\/v2\/pages\/7551","targetHints":{"allow":["GET"]}}],"collection":[{"href":"https:\/\/aeea.org\/fr\/wp-json\/wp\/v2\/pages"}],"about":[{"href":"https:\/\/aeea.org\/fr\/wp-json\/wp\/v2\/types\/page"}],"author":[{"embeddable":true,"href":"https:\/\/aeea.org\/fr\/wp-json\/wp\/v2\/users\/3"}],"replies":[{"embeddable":true,"href":"https:\/\/aeea.org\/fr\/wp-json\/wp\/v2\/comments?post=7551"}],"version-history":[{"count":2,"href":"https:\/\/aeea.org\/fr\/wp-json\/wp\/v2\/pages\/7551\/revisions"}],"predecessor-version":[{"id":7553,"href":"https:\/\/aeea.org\/fr\/wp-json\/wp\/v2\/pages\/7551\/revisions\/7553"}],"wp:attachment":[{"href":"https:\/\/aeea.org\/fr\/wp-json\/wp\/v2\/media?parent=7551"}],"curies":[{"name":"wp","href":"https:\/\/api.w.org\/{rel}","templated":true}]}}