{"id":7612,"date":"2021-08-04T13:09:35","date_gmt":"2021-08-04T13:09:35","guid":{"rendered":"https:\/\/aeea.org\/encuentro-ele-holanda-2018\/"},"modified":"2021-08-04T13:09:35","modified_gmt":"2021-08-04T13:09:35","slug":"encuentro-ele-holanda-2018","status":"publish","type":"page","link":"https:\/\/aeea.org\/fr\/encuentro-ele-holanda-2018\/","title":{"rendered":"Encuentro ELE Holanda 2018"},"content":{"rendered":"<p>[et_pb_section fb_built=\u00a0\u00bb1&Prime; disabled_on=\u00a0\u00bboff|off|off\u00a0\u00bb admin_label=\u00a0\u00bbHeader Section\u00a0\u00bb _builder_version=\u00a0\u00bb4.6.3&Prime; use_background_color_gradient=\u00a0\u00bbon\u00a0\u00bb background_color_gradient_start=\u00a0\u00bbrgba(20,61,88,0.65)\u00a0\u00bb background_color_gradient_end=\u00a0\u00bbrgba(20,61,88,0.53)\u00a0\u00bb background_color_gradient_overlays_image=\u00a0\u00bbon\u00a0\u00bb background_image=\u00a0\u00bbhttp:\/\/aeea.org\/wp-content\/uploads\/2020\/09\/cabecera-evento.jpg\u00a0\u00bb custom_margin=\u00a0\u00bb|||\u00a0\u00bb custom_padding=\u00a0\u00bb2vw|0px|2vw|0px|true|\u00a0\u00bb bottom_divider_color=\u00a0\u00bbrgba(5,41,66,0.3)\u00a0\u00bb bottom_divider_height=\u00a0\u00bb20vw\u00a0\u00bb animation_style=\u00a0\u00bbslide\u00a0\u00bb animation_direction=\u00a0\u00bbtop\u00a0\u00bb animation_intensity_slide=\u00a0\u00bb3%\u00a0\u00bb animation_starting_opacity=\u00a0\u00bb100%\u00a0\u00bb][et_pb_row disabled_on=\u00a0\u00bboff|off|off\u00a0\u00bb module_class=\u00a0\u00bb et_pb_row_fullwidth\u00a0\u00bb _builder_version=\u00a0\u00bb3.25&Prime; width=\u00a0\u00bb89%\u00a0\u00bb width_tablet=\u00a0\u00bb80%\u00a0\u00bb width_phone=\u00a0\u00bb\u00a0\u00bb width_last_edited=\u00a0\u00bbon|desktop\u00a0\u00bb max_width=\u00a0\u00bb89%\u00a0\u00bb max_width_tablet=\u00a0\u00bb80%\u00a0\u00bb max_width_phone=\u00a0\u00bb\u00a0\u00bb max_width_last_edited=\u00a0\u00bbon|desktop\u00a0\u00bb custom_padding=\u00a0\u00bb|||\u00a0\u00bb make_fullwidth=\u00a0\u00bbon\u00a0\u00bb][et_pb_column type=\u00a0\u00bb4_4&Prime; _builder_version=\u00a0\u00bb3.25&Prime; custom_padding=\u00a0\u00bb|||\u00a0\u00bb custom_padding__hover=\u00a0\u00bb|||\u00a0\u00bb][et_pb_text disabled_on=\u00a0\u00bboff|off|off\u00a0\u00bb _builder_version=\u00a0\u00bb4.6.3&Prime; text_font=\u00a0\u00bbMontserrat||||||||\u00a0\u00bb text_font_size=\u00a0\u00bb22px\u00a0\u00bb text_line_height=\u00a0\u00bb1.8em\u00a0\u00bb header_font=\u00a0\u00bbMontserrat|600|||||||\u00a0\u00bb header_text_align=\u00a0\u00bbcenter\u00a0\u00bb header_font_size=\u00a0\u00bb40px\u00a0\u00bb header_line_height=\u00a0\u00bb1.5em\u00a0\u00bb text_orientation=\u00a0\u00bbcenter\u00a0\u00bb background_layout=\u00a0\u00bbdark\u00a0\u00bb custom_margin=\u00a0\u00bb|||\u00a0\u00bb header_font_size_tablet=\u00a0\u00bb50px\u00a0\u00bb header_font_size_phone=\u00a0\u00bb\u00a0\u00bb header_font_size_last_edited=\u00a0\u00bbon|desktop\u00a0\u00bb header_line_height_tablet=\u00a0\u00bb1.1em\u00a0\u00bb header_line_height_phone=\u00a0\u00bb1.2em\u00a0\u00bb header_line_height_last_edited=\u00a0\u00bboff|desktop\u00a0\u00bb]<\/p>\n<h1>Encuentro ELE Holanda 2018<\/h1>\n<p>[\/et_pb_text][\/et_pb_column][\/et_pb_row][\/et_pb_section][et_pb_section fb_built=\u00a0\u00bb1&Prime; admin_label=\u00a0\u00bbFeatured Services Section\u00a0\u00bb _builder_version=\u00a0\u00bb3.22&Prime; custom_padding=\u00a0\u00bb0px|0px|0px|0px\u00a0\u00bb][et_pb_row admin_label=\u00a0\u00bbrow\u00a0\u00bb _builder_version=\u00a0\u00bb3.25&Prime; background_size=\u00a0\u00bbinitial\u00a0\u00bb background_position=\u00a0\u00bbtop_left\u00a0\u00bb background_repeat=\u00a0\u00bbrepeat\u00a0\u00bb][et_pb_column type=\u00a0\u00bb4_4&Prime; _builder_version=\u00a0\u00bb3.25&Prime; custom_padding=\u00a0\u00bb|||\u00a0\u00bb custom_padding__hover=\u00a0\u00bb|||\u00a0\u00bb][et_pb_text admin_label=\u00a0\u00bbText\u00a0\u00bb _builder_version=\u00a0\u00bb4.6.3&Prime; background_size=\u00a0\u00bbinitial\u00a0\u00bb background_position=\u00a0\u00bbtop_left\u00a0\u00bb background_repeat=\u00a0\u00bbrepeat\u00a0\u00bb]<\/p>\n<h1 style=\"text-align: center;\"><strong>Encuentro did\u00e1ctico, cultural e informativo para profesores de espa\u00f1ol en Holanda<\/strong><\/h1>\n<p>&nbsp;<\/p>\n<h2 style=\"text-align: center;\">26 de mayo de 2018<br \/> Instituto Cervantes de Utrecht<\/h2>\n<p>&nbsp;<\/p>\n<p>La ense\u00f1anza del espa\u00f1ol est\u00e1 creciendo e integr\u00e1ndose cada vez m\u00e1s en los planes educativos de muchos pa\u00edses y la cultura espa\u00f1ola siempre ha despertado un gran inter\u00e9s entre los europeos. Seg\u00fan el informe anual del Instituto Cervantes, <strong>\u201cEl Espa\u00f1ol, una lengua viva\u201d<\/strong>, el a\u00f1o pasado se registraron en los <strong>Pa\u00edses Bajos<\/strong> un total de <strong>55.432 estudiantes de espa\u00f1ol<\/strong> y, a pesar de ser la tercera lengua despu\u00e9s del ingl\u00e9s y el alem\u00e1n, el espa\u00f1ol est\u00e1 creando cada vez m\u00e1s inter\u00e9s entre los estudiantes europeos.<\/p>\n<p>&nbsp;<\/p>\n<p><strong>EEA, la Asociaci\u00f3n de Escuelas de Espa\u00f1ol de Andaluc\u00eda<\/strong>, representa actualmente 32 escuelas de espa\u00f1ol en diferentes lugares de Andaluc\u00eda, que ofrecen una gama variada de cursos y actividades para toda clase de estudiantes, tanto a grupos como a individuales, creando una inmersi\u00f3n cultural para el estudiante. Todas nuestras escuelas cumplen con unos requisitos de calidad y est\u00e1n <strong>acreditadas por el Instituto Cervantes<\/strong>. Andaluc\u00eda se posiciona como un destino privilegiado para el estudio del espa\u00f1ol, pues el a\u00f1o pasado, s\u00f3lo las escuelas de EEA recibieron <strong>m\u00e1s de 30.000 estudiantes extranjeros<\/strong>, de los cuales m\u00e1s de 1.100 proven\u00edan de Holanda. En los \u00faltimos a\u00f1os, el sector en Andaluc\u00eda ha incrementado la calidad de la ense\u00f1anza y ha invertido en la formaci\u00f3n del personal docente, lo que conlleva a este posicionamiento.<\/p>\n<p>&nbsp;<\/p>\n<p>Con el fin de dar a conocer estos aspectos a los profesores de espa\u00f1ol en Holanda, EEA, en colaboraci\u00f3n con <strong>Turismo de Andaluc\u00eda, la Consejer\u00eda de Educaci\u00f3n en Holanda y el Instituto Cervantes<\/strong>, organiza unas jornadas formativas y de promoci\u00f3n del espa\u00f1ol destinadas a la Asociaci\u00f3n de Profesores de Espa\u00f1ol de Holanda (VDSN).<br \/> <strong>Los principales objetivos de este encuentro son: <\/strong><\/p>\n<p>&nbsp;<\/p>\n<ul>\n<li>Crear un espacio de encuentro entre profesores de espa\u00f1ol para el intercambio de experiencias docentes.<\/li>\n<li>Favorecer la formaci\u00f3n continua del profesorado.<\/li>\n<li>Presentar la oferta de viajes ling\u00fc\u00edsticos que ofrecen las escuelas de EEA para estudiantes de espa\u00f1ol en Holanda.<\/li>\n<li>Promover la ense\u00f1anza y el aprendizaje del espa\u00f1ol a trav\u00e9s de una inmersi\u00f3n en la cultura espa\u00f1ola.<\/li>\n<\/ul>\n<p>&nbsp;<\/p>\n<h1 class=\"mef_title\">Programa del encuentro:<\/h1>\n<p>&nbsp;<\/p>\n<p>[ultimatetables 6 \/]<\/p>\n<p>&nbsp;<\/p>\n<p>Para cualquier duda o consulta, puedes ponerte en contacto con la organizaci\u00f3n: info@aeea.org<\/p>\n<p>&nbsp;<\/p>\n<div class=\"MEF_colaboradores\"><a href=\"http:\/\/aeea.org\/wp-content\/uploads\/2018\/04\/VDSN.png\"><\/a><\/div>\n<p>&nbsp;<\/p>\n<p>[\/et_pb_text][et_pb_text _builder_version=\u00a0\u00bb4.6.3&Prime; _module_preset=\u00a0\u00bbdefault\u00a0\u00bb]<\/p>\n<h3 style=\"text-align: center;\">Con la colaboraci\u00f3n de:<\/h3>\n<div class=\"MEF_colaboradores\"><\/div>\n<p>[\/et_pb_text][\/et_pb_column][\/et_pb_row][et_pb_row column_structure=\u00a0\u00bb1_3,1_3,1_3&Prime; _builder_version=\u00a0\u00bb4.6.3&Prime; _module_preset=\u00a0\u00bbdefault\u00a0\u00bb][et_pb_column type=\u00a0\u00bb1_3&Prime; _builder_version=\u00a0\u00bb4.6.3&Prime; _module_preset=\u00a0\u00bbdefault\u00a0\u00bb][et_pb_image src=\u00a0\u00bbhttp:\/\/aeea.org\/wp-content\/uploads\/2016\/10\/andalucia.png\u00a0\u00bb title_text=\u00a0\u00bbandalucia\u00a0\u00bb _builder_version=\u00a0\u00bb4.6.3&Prime; _module_preset=\u00a0\u00bbdefault\u00a0\u00bb][\/et_pb_image][\/et_pb_column][et_pb_column type=\u00a0\u00bb1_3&Prime; _builder_version=\u00a0\u00bb4.6.3&Prime; _module_preset=\u00a0\u00bbdefault\u00a0\u00bb][et_pb_image src=\u00a0\u00bbhttp:\/\/aeea.org\/wp-content\/uploads\/2016\/10\/CervantesLOGO.jpg\u00a0\u00bb title_text=\u00a0\u00bbCervantesLOGO\u00a0\u00bb align=\u00a0\u00bbcenter\u00a0\u00bb _builder_version=\u00a0\u00bb4.6.3&Prime; _module_preset=\u00a0\u00bbdefault\u00a0\u00bb][\/et_pb_image][\/et_pb_column][et_pb_column type=\u00a0\u00bb1_3&Prime; _builder_version=\u00a0\u00bb4.6.3&Prime; _module_preset=\u00a0\u00bbdefault\u00a0\u00bb][et_pb_image src=\u00a0\u00bbhttp:\/\/aeea.org\/wp-content\/uploads\/2018\/04\/VDSN.png\u00a0\u00bb title_text=\u00a0\u00bbVDSN\u00a0\u00bb _builder_version=\u00a0\u00bb4.6.3&Prime; _module_preset=\u00a0\u00bbdefault\u00a0\u00bb][\/et_pb_image][\/et_pb_column][\/et_pb_row][\/et_pb_section]<\/p>\n","protected":false},"excerpt":{"rendered":"<p>Encuentro ELE Holanda 2018Encuentro did\u00e1ctico, cultural e informativo para profesores de espa\u00f1ol en Holanda &nbsp; 26 de mayo de 2018 Instituto Cervantes de Utrecht &nbsp; La ense\u00f1anza del espa\u00f1ol est\u00e1 creciendo e integr\u00e1ndose cada vez m\u00e1s en los planes educativos de muchos pa\u00edses y la cultura espa\u00f1ola siempre ha despertado un gran inter\u00e9s entre los [&hellip;]<\/p>\n","protected":false},"author":3,"featured_media":0,"parent":0,"menu_order":0,"comment_status":"closed","ping_status":"closed","template":"","meta":{"_et_pb_use_builder":"on","_et_pb_old_content":"","_et_gb_content_width":"","_monsterinsights_skip_tracking":false,"_monsterinsights_sitenote_active":false,"_monsterinsights_sitenote_note":"","_monsterinsights_sitenote_category":0,"_joinchat":[],"footnotes":""},"class_list":["post-7612","page","type-page","status-publish","hentry"],"yoast_head":"<!-- This site is optimized with the Yoast SEO plugin v27.4 - https:\/\/yoast.com\/product\/yoast-seo-wordpress\/ -->\n<title>Encuentro ELE Holanda 2018 - Asociaci\u00f3n Espa\u00f1ol en Andalucia<\/title>\n<meta name=\"robots\" content=\"index, follow, max-snippet:-1, max-image-preview:large, max-video-preview:-1\" \/>\n<link rel=\"canonical\" href=\"https:\/\/aeea.org\/fr\/encuentro-ele-holanda-2018\/\" \/>\n<meta property=\"og:locale\" content=\"fr_FR\" \/>\n<meta property=\"og:type\" content=\"article\" \/>\n<meta property=\"og:title\" content=\"Encuentro ELE Holanda 2018 - Asociaci\u00f3n Espa\u00f1ol en Andalucia\" \/>\n<meta property=\"og:description\" content=\"Encuentro ELE Holanda 2018Encuentro did\u00e1ctico, cultural e informativo para profesores de espa\u00f1ol en Holanda &nbsp; 26 de mayo de 2018 Instituto Cervantes de Utrecht &nbsp; La ense\u00f1anza del espa\u00f1ol est\u00e1 creciendo e integr\u00e1ndose cada vez m\u00e1s en los planes educativos de muchos pa\u00edses y la cultura espa\u00f1ola siempre ha despertado un gran inter\u00e9s entre los [&hellip;]\" \/>\n<meta property=\"og:url\" content=\"https:\/\/aeea.org\/fr\/encuentro-ele-holanda-2018\/\" \/>\n<meta property=\"og:site_name\" content=\"Asociaci\u00f3n Espa\u00f1ol en Andalucia\" \/>\n<meta name=\"twitter:card\" content=\"summary_large_image\" \/>\n<meta name=\"twitter:label1\" content=\"Dur\u00e9e de lecture estim\u00e9e\" \/>\n\t<meta name=\"twitter:data1\" content=\"4 minutes\" \/>\n<script type=\"application\/ld+json\" class=\"yoast-schema-graph\">{\"@context\":\"https:\\\/\\\/schema.org\",\"@graph\":[{\"@type\":\"WebPage\",\"@id\":\"https:\\\/\\\/aeea.org\\\/fr\\\/encuentro-ele-holanda-2018\\\/\",\"url\":\"https:\\\/\\\/aeea.org\\\/fr\\\/encuentro-ele-holanda-2018\\\/\",\"name\":\"Encuentro ELE Holanda 2018 - Asociaci\u00f3n Espa\u00f1ol en Andalucia\",\"isPartOf\":{\"@id\":\"https:\\\/\\\/aeea.org\\\/#website\"},\"datePublished\":\"2021-08-04T13:09:35+00:00\",\"breadcrumb\":{\"@id\":\"https:\\\/\\\/aeea.org\\\/fr\\\/encuentro-ele-holanda-2018\\\/#breadcrumb\"},\"inLanguage\":\"fr-FR\",\"potentialAction\":[{\"@type\":\"ReadAction\",\"target\":[\"https:\\\/\\\/aeea.org\\\/fr\\\/encuentro-ele-holanda-2018\\\/\"]}]},{\"@type\":\"BreadcrumbList\",\"@id\":\"https:\\\/\\\/aeea.org\\\/fr\\\/encuentro-ele-holanda-2018\\\/#breadcrumb\",\"itemListElement\":[{\"@type\":\"ListItem\",\"position\":1,\"name\":\"Home\",\"item\":\"https:\\\/\\\/aeea.org\\\/fr\\\/\"},{\"@type\":\"ListItem\",\"position\":2,\"name\":\"Encuentro ELE Holanda 2018\"}]},{\"@type\":\"WebSite\",\"@id\":\"https:\\\/\\\/aeea.org\\\/#website\",\"url\":\"https:\\\/\\\/aeea.org\\\/\",\"name\":\"Asociaci\u00f3n Espa\u00f1ol en Andalucia\",\"description\":\"\",\"potentialAction\":[{\"@type\":\"SearchAction\",\"target\":{\"@type\":\"EntryPoint\",\"urlTemplate\":\"https:\\\/\\\/aeea.org\\\/?s={search_term_string}\"},\"query-input\":{\"@type\":\"PropertyValueSpecification\",\"valueRequired\":true,\"valueName\":\"search_term_string\"}}],\"inLanguage\":\"fr-FR\"}]}<\/script>\n<!-- \/ Yoast SEO plugin. -->","yoast_head_json":{"title":"Encuentro ELE Holanda 2018 - Asociaci\u00f3n Espa\u00f1ol en Andalucia","robots":{"index":"index","follow":"follow","max-snippet":"max-snippet:-1","max-image-preview":"max-image-preview:large","max-video-preview":"max-video-preview:-1"},"canonical":"https:\/\/aeea.org\/fr\/encuentro-ele-holanda-2018\/","og_locale":"fr_FR","og_type":"article","og_title":"Encuentro ELE Holanda 2018 - Asociaci\u00f3n Espa\u00f1ol en Andalucia","og_description":"Encuentro ELE Holanda 2018Encuentro did\u00e1ctico, cultural e informativo para profesores de espa\u00f1ol en Holanda &nbsp; 26 de mayo de 2018 Instituto Cervantes de Utrecht &nbsp; La ense\u00f1anza del espa\u00f1ol est\u00e1 creciendo e integr\u00e1ndose cada vez m\u00e1s en los planes educativos de muchos pa\u00edses y la cultura espa\u00f1ola siempre ha despertado un gran inter\u00e9s entre los [&hellip;]","og_url":"https:\/\/aeea.org\/fr\/encuentro-ele-holanda-2018\/","og_site_name":"Asociaci\u00f3n Espa\u00f1ol en Andalucia","twitter_card":"summary_large_image","twitter_misc":{"Dur\u00e9e de lecture estim\u00e9e":"4 minutes"},"schema":{"@context":"https:\/\/schema.org","@graph":[{"@type":"WebPage","@id":"https:\/\/aeea.org\/fr\/encuentro-ele-holanda-2018\/","url":"https:\/\/aeea.org\/fr\/encuentro-ele-holanda-2018\/","name":"Encuentro ELE Holanda 2018 - Asociaci\u00f3n Espa\u00f1ol en Andalucia","isPartOf":{"@id":"https:\/\/aeea.org\/#website"},"datePublished":"2021-08-04T13:09:35+00:00","breadcrumb":{"@id":"https:\/\/aeea.org\/fr\/encuentro-ele-holanda-2018\/#breadcrumb"},"inLanguage":"fr-FR","potentialAction":[{"@type":"ReadAction","target":["https:\/\/aeea.org\/fr\/encuentro-ele-holanda-2018\/"]}]},{"@type":"BreadcrumbList","@id":"https:\/\/aeea.org\/fr\/encuentro-ele-holanda-2018\/#breadcrumb","itemListElement":[{"@type":"ListItem","position":1,"name":"Home","item":"https:\/\/aeea.org\/fr\/"},{"@type":"ListItem","position":2,"name":"Encuentro ELE Holanda 2018"}]},{"@type":"WebSite","@id":"https:\/\/aeea.org\/#website","url":"https:\/\/aeea.org\/","name":"Asociaci\u00f3n Espa\u00f1ol en Andalucia","description":"","potentialAction":[{"@type":"SearchAction","target":{"@type":"EntryPoint","urlTemplate":"https:\/\/aeea.org\/?s={search_term_string}"},"query-input":{"@type":"PropertyValueSpecification","valueRequired":true,"valueName":"search_term_string"}}],"inLanguage":"fr-FR"}]}},"_links":{"self":[{"href":"https:\/\/aeea.org\/fr\/wp-json\/wp\/v2\/pages\/7612","targetHints":{"allow":["GET"]}}],"collection":[{"href":"https:\/\/aeea.org\/fr\/wp-json\/wp\/v2\/pages"}],"about":[{"href":"https:\/\/aeea.org\/fr\/wp-json\/wp\/v2\/types\/page"}],"author":[{"embeddable":true,"href":"https:\/\/aeea.org\/fr\/wp-json\/wp\/v2\/users\/3"}],"replies":[{"embeddable":true,"href":"https:\/\/aeea.org\/fr\/wp-json\/wp\/v2\/comments?post=7612"}],"version-history":[{"count":2,"href":"https:\/\/aeea.org\/fr\/wp-json\/wp\/v2\/pages\/7612\/revisions"}],"predecessor-version":[{"id":7614,"href":"https:\/\/aeea.org\/fr\/wp-json\/wp\/v2\/pages\/7612\/revisions\/7614"}],"wp:attachment":[{"href":"https:\/\/aeea.org\/fr\/wp-json\/wp\/v2\/media?parent=7612"}],"curies":[{"name":"wp","href":"https:\/\/api.w.org\/{rel}","templated":true}]}}